{"id":553,"date":"2017-10-21T16:47:47","date_gmt":"2017-10-21T16:47:47","guid":{"rendered":"https:\/\/africadeserttravel.com\/?page_id=553"},"modified":"2020-06-24T10:15:36","modified_gmt":"2020-06-24T10:15:36","slug":"8-giorni-nel-deserto-del-marocco-citta-imperiali","status":"publish","type":"page","link":"https:\/\/menaramoroccotours.com\/it\/8-giorni-nel-deserto-del-marocco-citta-imperiali\/","title":{"rendered":"8 Giorni nel deserto del Marocco citt\u00e0 imperiali da Casablanca"},"content":{"rendered":"<h4><span style=\"color: #ff6600;\"><strong>1\u00b0 Giorno: Casablanca Rabat&nbsp;Moulay Idiss Zarhoun&nbsp;Meknes Fes<\/strong><\/span><\/h4>\n<p>La strada per Fes via la capitale Rabat, ci conduce lungo un bel tratto di terreno dove le olive, grano, ortaggi e uve. Prima di arrivare a Fes, Meknes e visita&nbsp;Volubilis. Volubilis&nbsp;\u00e8 il sito delle famose rovine Romane dell\u2019Impero Romano avamposto pi\u00f9 meridionale. Meknes \u00e8 il sito della prima dinastia Araba, creato da&nbsp;Moulay&nbsp;Ismail, e include la&nbsp;Medersa Bou Inania&nbsp;e la Bab Mansour, la porta d\u2019accesso al&nbsp;&nbsp;Palazzo Moulay Ismail. Questo ci conduce alla&nbsp;Sehrij es-Souani , le scuderie e granai. Al primo piano \u00e8 un giardino sul tetto e un caffe\u2019 con una fantastica vista della citt\u00e0. Arrivare in Fes, check in all\u2019hotel.<\/p>\n<h4><span style=\"color: #ff6600;\"><strong>Giorno 2: visita della Fes<\/strong><\/span><\/h4>\n<p>Dopo la prima colazione, comincerete la vostra visita alla \u201cla pi\u00f9 antica Medina nel mondo\u201d con una guida ufficiale locale. Verr\u00e0 effettuata la visita della Medina con le sue \u201csouk\u201d (mercati), fermando i gateway del Palazzo Reale, la&nbsp;moschea Karouine \u2013 risale al 9\u00b0 secolo&nbsp;e l\u2019universit\u00e0. Potrete anche visitare la tomba del fondatore della citt\u00e0,&nbsp;Moulay Idriss&nbsp;II. Il pranzo sar\u00e0 presso uno dei ristoranti tradizionali nella vecchia Medina. Dopo il pranzo si continuer\u00e0 il tour per visitare la&nbsp;&nbsp;Fontana Najarine Harem, il vecchio giardino e il&nbsp;&nbsp;Museo Batha. Sulla via del ritorno in hotel, vi fermerete ad ammirare la vista panoramica sulla citt\u00e0.<\/p>\n<h4><span style=\"color: #ff6600;\"><strong>Giorno 3: Fes&nbsp;Azrou Midelt Ziz&nbsp;Valley&nbsp;Erfoud Rissani Merzouga<\/strong><\/span><\/h4>\n<p>In mattinata andremo in montagna, in una zona conosciuta come&nbsp;Imouzzer, che si colora di foreste di cedro, ginepro e quercia da sughero. La zona \u00e8 ben noto per la sua abbondante fauna e numerosi tipi di uccelli, cinghiali e macachi possono essere visti nella nostra scenic drive. La strada inizia a salire in Medio Atlante; le piste possono essere punteggiate con le tende e gli allevamenti di capra nomadi berberi che questo robusto regione home. Dopo un pranzo tardivo in Midelt, si prosegue lungo le strade di montagna che domina l\u2019ampio fluire Oued Ziz. Passando casbah&nbsp;e palmeti, si prosegue attraverso la adobe-colorata citt\u00e0 di&nbsp;Er-Rachidia&nbsp;e nel tardo pomeriggio arrivo a&nbsp;Merzouga, in una piccola cittadina alla periferia del Deserto del Sahara. Pernottamento a Merzouga.<\/p>\n<h4><span style=\"color: #ff6600;\"><strong>Giorno 4: Tour&nbsp;&nbsp; deserto Erg Chebbi<\/strong><\/span><\/h4>\n<p>Dopo la colazione in hotel, andiamo in giro per Erg&nbsp;Chebbi; si visiter\u00e0&nbsp;la casa e ascoltare un po\u2019&nbsp;&nbsp;musica gnaoua, originariamente dal Ghana, Sudan. Visiteremo alcune miniere abbandonate, berbere nomadi e un\u2019oasi di palme. Verso mezzogiorno ci ritorno a&nbsp;Merzouga. Dopo il pranzo e un po\u2019 di tempo per rilassarvi, troviamo i cammelli che sono in attesa&nbsp;per un\u2019avventura in dune di sabbia. Passeremo la notte in un attrezzato campeggio con tamburo musica in mezzo al Sahara; si tratta di una grande opportunit\u00e0 per fare bellissime foto dell\u2019alba e del tramonto. Quando siamo arrivati al camp, saliremo un alta duna per vedere il tramonto. Passeremo la notte in hotel con&nbsp;migliaia di&nbsp;stelle, una tenda Berbera, ma frizzante sky (pieno di stelle).<\/p>\n<h4><span style=\"color: #ff6600;\"><strong>Giorno 5: &nbsp;Merzouga Todra&nbsp;Gorges&nbsp;Dades&nbsp;valley<\/strong><\/span><\/h4>\n<p>Dopo aver preso visione del tramonto, torniamo sui cammelli a&nbsp;Merzouga. Dopo la prima colazione e una doccia in albergo, cominciamo il nostro viaggio in Dades&nbsp;valley. Attraversando il&nbsp;Rissane, Erfoud, una famosa citt\u00e0, conosciuta con le sue&nbsp;date. Si proceder\u00e0 quindi a&nbsp;Tinejdad, le splendide&nbsp;gole Todra e&nbsp;Dades&nbsp;valley con l\u2019enorme&nbsp;&nbsp;roccia colorati ovunque.<\/p>\n<h4><span style=\"color: #ff6600;\"><strong>Giorno 6: &nbsp;&nbsp;valle Dades&nbsp;Ouarzazate valle Rosa&nbsp; Marrakech<\/strong><\/span><\/h4>\n<p>Lasciando&nbsp;Dades&nbsp;Valley dopo la prima colazione, la guida verso&nbsp;Ouarzazate, Marocco Hollywood, sullo sfondo di molti film famosi, visita&nbsp;museo cinematografico, quindi al sito protetto dall\u2019UNESCO di Ait&nbsp;Benhaddou, la pi\u00f9 imponente kasbah e&nbsp;ben conservata fortezza in Marocco. Molti film sono stati girati qui, come il gladiatore. Ci saranno poi lasciare&nbsp;Ait Benhaddou&nbsp;e avviare verso il maestoso Atlas. Si attraversano i monti dell\u2019Atlante&nbsp;&nbsp;attraverso l\u2019alta strada in Marocco,&nbsp;Tizi n\u2019Tichka ad un\u2019,, 2260m di altezza e offrono viste impressionanti di valli, montagne e molti vicini villaggi berberi. Arriveremo a Marrakech in serata<\/p>\n<h4><span style=\"color: #ff6600;\"><strong>Giorno 7: visita Marrakech<\/strong><\/span><\/h4>\n<p>Una giornata di visita di Marrakech, che visita la&nbsp; Menara, una piscina circondata da aiuole che funziona come un sistema di irrigazione per i campi circostanti. Il tour comprender\u00e0 diversi luoghi di interesse: la moschea di Koutoubia,&nbsp;Giardini di Majorelle&nbsp;, Bahia Palace, Dar Si Said Palace museum di&nbsp;gioielli. Ci sar\u00e0 un pranzo facoltativo nella Medina, seguita da una passeggiata attraverso il colorato souk di Marrakech. Questo sar\u00e0 per noi un drink al tramonto si affaccia l\u2019emozionante Piazza Jamaa El Fna&nbsp;&nbsp;dalla terrazza di un caff\u00e8.&nbsp;Cena e pernottamento in hotel.<\/p>\n<h4><span style=\"color: #ff6600;\"><strong>Giorno 8: Marrakech&nbsp;Casablanca&nbsp; Trasferimento per l\u2019aeroporto:<\/strong><\/span><\/h4>\n<p>Lasciamo Marrakech al mattino, passando attraverso il Marocco citt\u00e0 imperiali\u2026<\/p>\n","protected":false},"excerpt":{"rendered":"<p>1\u00b0 Giorno: Casablanca Rabat&nbsp;Moulay Idiss Zarhoun&nbsp;Meknes Fes La strada per Fes via la capitale Rabat, ci conduce lungo un bel tratto di terreno dove le olive,<span class=\"excerpt-hellip\"> [\u2026]<\/span><\/p>\n","protected":false},"author":1,"featured_media":0,"parent":0,"menu_order":0,"comment_status":"closed","ping_status":"closed","template":"","meta":{"ngg_post_thumbnail":0,"footnotes":""},"class_list":["post-553","page","type-page","status-publish","hentry"],"_links":{"self":[{"href":"https:\/\/menaramoroccotours.com\/it\/wp-json\/wp\/v2\/pages\/553","targetHints":{"allow":["GET"]}}],"collection":[{"href":"https:\/\/menaramoroccotours.com\/it\/wp-json\/wp\/v2\/pages"}],"about":[{"href":"https:\/\/menaramoroccotours.com\/it\/wp-json\/wp\/v2\/types\/page"}],"author":[{"embeddable":true,"href":"https:\/\/menaramoroccotours.com\/it\/wp-json\/wp\/v2\/users\/1"}],"replies":[{"embeddable":true,"href":"https:\/\/menaramoroccotours.com\/it\/wp-json\/wp\/v2\/comments?post=553"}],"version-history":[{"count":3,"href":"https:\/\/menaramoroccotours.com\/it\/wp-json\/wp\/v2\/pages\/553\/revisions"}],"predecessor-version":[{"id":994,"href":"https:\/\/menaramoroccotours.com\/it\/wp-json\/wp\/v2\/pages\/553\/revisions\/994"}],"wp:attachment":[{"href":"https:\/\/menaramoroccotours.com\/it\/wp-json\/wp\/v2\/media?parent=553"}],"curies":[{"name":"wp","href":"https:\/\/api.w.org\/{rel}","templated":true}]}}