{"id":537,"date":"2017-10-21T16:41:35","date_gmt":"2017-10-21T16:41:35","guid":{"rendered":"https:\/\/africadeserttravel.com\/?page_id=537"},"modified":"2020-06-23T11:07:30","modified_gmt":"2020-06-23T11:07:30","slug":"5-giorni-fes-merzouga-marrakech","status":"publish","type":"page","link":"https:\/\/menaramoroccotours.com\/it\/5-giorni-fes-merzouga-marrakech\/","title":{"rendered":"5 Giorni Fes Merzouga Marrakech"},"content":{"rendered":"<h4><span style=\"color: #ff6600;\"><strong>1\u00b0 Giorno: Fes a Midelt&nbsp;\u2013&nbsp;Erfoud&nbsp;\u2013&nbsp;Merzouga&nbsp;Dunes<\/strong><\/span><\/h4>\n<p>La partenza da Riad&nbsp;\/Hotel sar\u00e0 a 8 am. Il viaggio di Erg Chebbi&nbsp;sand dunes durer\u00e0 8 ore in cui vedremo le Montagne dell\u2019Atlante e alcuni villaggi (Tafilalet, Erfoud&nbsp;e&nbsp;Rissani).&nbsp; Ci si fermer\u00e0 in alcune citt\u00e0 come a&nbsp;e&nbsp;Azrou&nbsp;per godere la vista del cedro boschi e scimmie che vi risiedono. Il pranzo sar\u00e0 servito in&nbsp;Midelt&nbsp;e poi si continua attraverso il&nbsp;Ziz&nbsp;valley con una bella vista della palme fino ad arrivare a Erg&nbsp;Chebbi&nbsp;dove faremo cammello&nbsp;vero che si deve camminare&nbsp;per raggiungere il deserto camp a trascorrere la notte in una tenda Berbera.<\/p>\n<h4><span style=\"color: #ff6600;\"><strong>Giorno 2 :&nbsp;&nbsp;Merzouga&nbsp;Deserto Erg Chebbi<\/strong><\/span><\/h4>\n<p>La mattina si ride cammelli presto per godere della vista del tramonto, la destinazione sar\u00e0 l\u2019albergo per la colazione e una doccia. Poi esploreremo la vita nomade e vedere tante piccole frazioni (Merzouga, Hassi Labied&nbsp;e&nbsp;Khamlia) verranno per 60 chilometri. Durante il pomeriggio, potrete godervi una nuotata in un hotel locale della piscina circondata da una splendida vista sulle montagne di sabbia.<\/p>\n<h4><span style=\"color: #ff6600;\"><strong>Giorno 3:&nbsp;&nbsp;Erg&nbsp;Chebbi Rissani Todra&nbsp;Gorges<\/strong><\/span><\/h4>\n<p>Dopo la prima colazione, attraversiamo il deserto nero (Hamada) per raggiungere&nbsp;Rissani&nbsp;e&nbsp;Erfoud&nbsp;la citt\u00e0 dei fossili dove visiteremo un fossile officina prima di visitare&nbsp;Todra&nbsp;Valle, il luogo preferito per gli amanti delle arrampicate. Si trekking prima di passare all\u2019hotel dove stiamo andando a cenare e trascorrere la notte.<\/p>\n<h4><span style=\"color: #ff6600;\"><strong>Giorno 4&nbsp;: Todra&nbsp;Gorges &nbsp;Dades&nbsp;Valley &nbsp;Skoura Ouarzazate<\/strong><\/span><\/h4>\n<p>Inizieremo la nostra giornata con la colazione in albergo,&nbsp;poi&nbsp;continuiamo il viaggio attraverso le vecchie casbah e la roccia di&nbsp;Dades&nbsp;Valley dove i nomadi vivono ancora nelle caverne. Passeremo un po\u2019 di tempo con una di queste famiglie che ancora vivono una vita semplice di sapere di pi\u00f9 sulla loro cultura. Successivamente, si visita la valle rosa noto per la semina e prodotti organici di rose per raggiungere&nbsp;Skoura&nbsp;palmeti. 45 Km di&nbsp;Ouarzazate&nbsp;dove passeremo la notte in un hotel locale.<\/p>\n<h4><span style=\"color: #ff6600;\"><strong>Giorno 5&nbsp;: Ouarzazate Ait Benhaddou&nbsp; Alta Atlas Marrakech<\/strong><\/span><\/h4>\n<p>La nostra avventura inizier\u00e0 dopo la prima colazione, cominceremo visitando gli studi cinematografici di Ouarzazate&nbsp;&nbsp;(Africa Hollywood).&nbsp; Quindi stiamo andando a visitare il sito del patrimonio globale di Ait&nbsp;Benhaddou&nbsp;Kasbah come \u00e8 stata nominata dall\u2019Unesco&nbsp;&nbsp;nel 1987. Pi\u00f9 di 20 film tra cui \u201cIl Gladiatore\u201d, \u201cAlexander\u201d, \u201cIndiana Jones\u201d e \u201cLawrence d\u2019Arabia\u201d sono stati girati in che citt\u00e0 fortificata. Ci fermiamo a Marrakech prendendo la strada attraverso l\u2019Alto Atlante e&nbsp;Tizi n\u2019tichka ad un\u2019&nbsp;e avremo il pranzo al centro delle Montagne dell\u2019Atlante prima di arrivare al&nbsp;riad&nbsp;o albergo di Marrakech.<\/p>\n","protected":false},"excerpt":{"rendered":"<p>1\u00b0 Giorno: Fes a Midelt&nbsp;\u2013&nbsp;Erfoud&nbsp;\u2013&nbsp;Merzouga&nbsp;Dunes La partenza da Riad&nbsp;\/Hotel sar\u00e0 a 8 am. Il viaggio di Erg Chebbi&nbsp;sand dunes durer\u00e0 8 ore in cui vedremo le<span class=\"excerpt-hellip\"> [\u2026]<\/span><\/p>\n","protected":false},"author":1,"featured_media":0,"parent":0,"menu_order":0,"comment_status":"closed","ping_status":"closed","template":"","meta":{"ngg_post_thumbnail":0,"footnotes":""},"class_list":["post-537","page","type-page","status-publish","hentry"],"_links":{"self":[{"href":"https:\/\/menaramoroccotours.com\/it\/wp-json\/wp\/v2\/pages\/537","targetHints":{"allow":["GET"]}}],"collection":[{"href":"https:\/\/menaramoroccotours.com\/it\/wp-json\/wp\/v2\/pages"}],"about":[{"href":"https:\/\/menaramoroccotours.com\/it\/wp-json\/wp\/v2\/types\/page"}],"author":[{"embeddable":true,"href":"https:\/\/menaramoroccotours.com\/it\/wp-json\/wp\/v2\/users\/1"}],"replies":[{"embeddable":true,"href":"https:\/\/menaramoroccotours.com\/it\/wp-json\/wp\/v2\/comments?post=537"}],"version-history":[{"count":1,"href":"https:\/\/menaramoroccotours.com\/it\/wp-json\/wp\/v2\/pages\/537\/revisions"}],"predecessor-version":[{"id":972,"href":"https:\/\/menaramoroccotours.com\/it\/wp-json\/wp\/v2\/pages\/537\/revisions\/972"}],"wp:attachment":[{"href":"https:\/\/menaramoroccotours.com\/it\/wp-json\/wp\/v2\/media?parent=537"}],"curies":[{"name":"wp","href":"https:\/\/api.w.org\/{rel}","templated":true}]}}