{"id":517,"date":"2017-10-21T16:34:14","date_gmt":"2017-10-21T16:34:14","guid":{"rendered":"https:\/\/africadeserttravel.com\/?page_id=517"},"modified":"2020-06-24T10:15:16","modified_gmt":"2020-06-24T10:15:16","slug":"10-giorno-citta-imperiali-e-deserto","status":"publish","type":"page","link":"https:\/\/menaramoroccotours.com\/it\/10-giorno-citta-imperiali-e-deserto\/","title":{"rendered":"10 Giorno citt\u00e0 imperiali e Deserto da Casablanca"},"content":{"rendered":"<h4><span style=\"color: #ff6600;\"><strong>1\u00b0 Giorno: Arrivo&nbsp;&nbsp;Casablanca:<\/strong><\/span><\/h4>\n<p>Al vostro arrivo in aeroporto di Casablanca, il nostro autista vi verr\u00e0 a prendere e vi porter\u00e0 al vostro hotel. Seguenti, potete vedere alcune delle attrazioni della citt\u00e0, il migliore \u00e8 la Moschea Hassan II.&nbsp;Pernottamento in hotel.<\/p>\n<h4><span style=\"color: #ff6600;\"><strong>Giorno 2: Casablanca Rabat:<\/strong><\/span><\/h4>\n<p>Dopo la prima colazione, inizia il viaggio verso la capitale del Marocco, Rabat \u00e8 la prima citt\u00e0 imperiale che visiterete. Possiamo organizzare una visita guidata con una guida ufficiale; visiterete&nbsp;&nbsp;Kasbah Oudayas, Torre Hassan &amp; Mausoleo di Mohammed V, insieme con il&nbsp;Chellah&nbsp;Gardens &amp; necropoli. Si trascorrer\u00e0 la notte a&nbsp;Riad.<\/p>\n<h4><span style=\"color: #ff6600;\"><strong>3\u00b0 Giorno: Rabat Meknes&nbsp;Volubilis&nbsp;Fes:<\/strong><\/span><\/h4>\n<p>Oggi si compie un viaggio a Meknes, una delle&nbsp;citt\u00e0 imperiali del Marocco. Potrete visitare la piazza e vedere uno dei pi\u00f9 imponenti del Marocco gateway, Bab Mansour. Dovrai quindi testa attraverso Volubilis&nbsp;. le rovine romane&nbsp;e poi a Fes per la notte.&nbsp;Notte a&nbsp;Riad.<\/p>\n<h4><span style=\"color: #ff6600;\"><strong>Giorno 4: Fes Tour guidato:<\/strong><\/span><\/h4>\n<p>A Fes, avrete una visita guidata con una guida ufficiale e sarete in grado di esplorare il patrimonio dell\u2019umanit\u00e0 dell\u2019UNESCO Fes Medina, Fes \u00e8 costituito da circa 9.000 strade e vicoli, il modo migliore per esplorare, con un esperto. Fes Medina \u00e8 la pi\u00f9 antica e la pi\u00f9 bella del Marocco, quasi immutato dal Medioevo e dichiarata Patrimonio Mondiale dell\u2019Umanit\u00e0 nel 1981. Le porte ci portano a un groviglio di vicoli attorno alla moschea&nbsp;Kairouine. La sua universit\u00e0 \u00e8 la pi\u00f9 antica del mondo. Visitare i dintorni del conciatori e scoprire una terrazza che si affaccia sulla conceria. Notte a Riad.<\/p>\n<h4><span style=\"color: #ff6600;\"><strong>5\u00b0 Giorno: Fes&nbsp;a Midelt&nbsp;Erg&nbsp;Chebbi:<\/strong><\/span><\/h4>\n<p>Il nostro autista vi verr\u00e0 a prendere per circa 9am verso l\u2019Erg&nbsp;Chebbi&nbsp;Dunes. Per il modo in cui passer\u00e0&nbsp;a&nbsp;prima proseguendo attraverso&nbsp;Midelt&nbsp;e&nbsp;Ziz&nbsp;Valley e sul deserto per la notte per un Sahara adventure. Arriverete a destinazione nel tardo pomeriggio. Cena e notte in un&nbsp;Auberge.<\/p>\n<h4><span style=\"color: #ff6600;\"><strong>Giorno 6: Erg&nbsp;Chebbi&nbsp;Sahara:<\/strong><\/span><\/h4>\n<p>Oggi, ci sar\u00e0 la giornata per esplorare l\u2019Erg&nbsp;Chebbi&nbsp;Deserto del Sahara. \u00c8 possibile visitare un villaggio musicale locale&nbsp;Khamlia, condividono un t\u00e8 con una famiglia nomade. Seguenti, preparare Camel Trekking nel deserto. Vi fermerete ad ammirare il tramonto. Una cena sotto le stelle seguita da una notte in una tenda in stile Berbero-.&nbsp;abbiamo un campo privato. Se non si desidera per campeggiare, andare Cammello Trekking di un\u2019ora per vedere il tramonto e trascorrere la notte all\u2019&nbsp;Auberge.<\/p>\n<h4><span style=\"color: #ff6600;\"><strong>Giorno 7: Erg&nbsp;Chebbi&nbsp;Valle Dades&nbsp;Ouarzazate:<\/strong><\/span><\/h4>\n<p>Questa mattina, sar\u00e0 possibile ammirare il tramonto e scattare alcune foto eccezionali prima Camel Trekking al&nbsp;Auberge. Dovrai quindi testa a Ouarzazate. Per il modo in cui si digressione Todra&nbsp;Gorge. Vi dirigerete quindi verso&nbsp;Ouarzazate e&nbsp;visita&nbsp;Taorirt&nbsp;Kasbah un tempo propriet\u00e0 della&nbsp;&nbsp;famiglia Glaouis Cena e notte a&nbsp;Riad.<\/p>\n<h4><span style=\"color: #ff6600;\"><strong>Giorno 8: Ouarzazate&nbsp;Ait&nbsp;ben Haddou&nbsp;&nbsp;Marrakech:<\/strong><\/span><\/h4>\n<p>Dopo aver lasciato&nbsp;Ouarzazate&nbsp;si sar\u00e0 fermata a patrimonio mondiale dell\u2019UNESCO a&nbsp;Ait&nbsp;ben Haddou&nbsp;. Quindi, ti Tiz&nbsp;n&nbsp;Tichka ad un\u2019&nbsp;, oltre l\u2019Alto Atlante e a Marrakech.&nbsp;Notte a&nbsp;Riad.<\/p>\n<h4><span style=\"color: #ff6600;\"><strong>Giorno 9: Marrakech Tour guidato:<\/strong><\/span><\/h4>\n<p>Oggi si dispone di un escursione guidata di Marrakech Medina con una guida ufficiale da Marrakech. Vedrete la famosa Moschea di&nbsp;Koutubia, la Medina e i suoi souk, ed esplorare alcuni pi\u00f9 di Marrakech, segreti: Ali Ben Youssef, la scuola coranica Saadiane&nbsp;il Palazzo Bahia e&nbsp;Giardini di Majorelle&nbsp;.&nbsp;Notte in un riad della&nbsp;&nbsp;Medina.<\/p>\n<h4><span style=\"color: #ff6600;\"><strong>Giorno 10: Partenza da Marrakech:<\/strong><\/span><\/h4>\n<p>Trasferimento in aeroporto per tempo del vostro&nbsp;volo. Ci auguriamo che&nbsp;aveva un meraviglioso viaggio.<\/p>\n","protected":false},"excerpt":{"rendered":"<p>1\u00b0 Giorno: Arrivo&nbsp;&nbsp;Casablanca: Al vostro arrivo in aeroporto di Casablanca, il nostro autista vi verr\u00e0 a prendere e vi porter\u00e0 al vostro hotel. Seguenti, potete vedere<span class=\"excerpt-hellip\"> [\u2026]<\/span><\/p>\n","protected":false},"author":1,"featured_media":0,"parent":0,"menu_order":0,"comment_status":"closed","ping_status":"closed","template":"","meta":{"ngg_post_thumbnail":0,"footnotes":""},"class_list":["post-517","page","type-page","status-publish","hentry"],"_links":{"self":[{"href":"https:\/\/menaramoroccotours.com\/it\/wp-json\/wp\/v2\/pages\/517","targetHints":{"allow":["GET"]}}],"collection":[{"href":"https:\/\/menaramoroccotours.com\/it\/wp-json\/wp\/v2\/pages"}],"about":[{"href":"https:\/\/menaramoroccotours.com\/it\/wp-json\/wp\/v2\/types\/page"}],"author":[{"embeddable":true,"href":"https:\/\/menaramoroccotours.com\/it\/wp-json\/wp\/v2\/users\/1"}],"replies":[{"embeddable":true,"href":"https:\/\/menaramoroccotours.com\/it\/wp-json\/wp\/v2\/comments?post=517"}],"version-history":[{"count":2,"href":"https:\/\/menaramoroccotours.com\/it\/wp-json\/wp\/v2\/pages\/517\/revisions"}],"predecessor-version":[{"id":992,"href":"https:\/\/menaramoroccotours.com\/it\/wp-json\/wp\/v2\/pages\/517\/revisions\/992"}],"wp:attachment":[{"href":"https:\/\/menaramoroccotours.com\/it\/wp-json\/wp\/v2\/media?parent=517"}],"curies":[{"name":"wp","href":"https:\/\/api.w.org\/{rel}","templated":true}]}}