{"id":405,"date":"2017-10-16T15:35:52","date_gmt":"2017-10-16T15:35:52","guid":{"rendered":"https:\/\/africadeserttravel.com\/?page_id=405"},"modified":"2020-06-23T11:34:00","modified_gmt":"2020-06-23T11:34:00","slug":"escursioni","status":"publish","type":"page","link":"https:\/\/menaramoroccotours.com\/it\/escursioni\/","title":{"rendered":"Escursioni"},"content":{"rendered":"<h4><strong><span style=\"color: #ff6600;\">ESCURSIONE AD ESSAOUIRA<\/span><\/strong><\/h4>\n<p>Costa atlantica del Marocco \u00e8 bellissima e, una volta che si visita, vuoi tornare.&nbsp;Essaouira, una rilassata citt\u00e0 3 ore da Marrakech, \u00e8 un Sito Patrimonio dell\u2019Umanit\u00e0 dell\u2019UNESCO \u2013 una citt\u00e0 protetta. I bastioni di Essaouira&nbsp;e il 16\u00b0 secolo citt\u00e0 murata offre incredibili vedute sull\u2019Oceano Atlantico. Una gita di un giorno a&nbsp;Essaouira&nbsp;\u2013 una delle pi\u00f9 affascinanti medine in tutto il Marocco \u2013 vi dar\u00e0 tutto il tempo per visitare i monumenti importanti, il vecchio mercato del pesce e il porto. Avrete inoltre l\u2019opportunit\u00e0 di guardare argento artigiani e scultori al lavoro.<\/p>\n<h4><strong><span style=\"color: #ff6600;\">Alto Atlante<\/span><\/strong><\/h4>\n<p>Pick up at 9am da Marrakech e corsa verso l\u2019Alto Atlante.&nbsp;Asni&nbsp;e circostanti villaggi Berberi&nbsp;&nbsp;delizioso spot per scappare dal caldo ed esotico attrazione di Marrakech a questo freddo e aspro paese casa Berbera. Un gruppo di villaggi attorno al&nbsp;rivervalley Moulay&nbsp;Ibrahim insieme in uno scenario spettacolare dell\u2019Alto Atlante con una vista fantastica della montagna pi\u00f9 alta del Marocco e del Nord Africa&nbsp;Djebel&nbsp;Toubkal.&nbsp;UN\u2019accogliente atmosfera di piccoli villaggi, su pendii scoscesi, cascate e lussureggianti giardini, fermata&nbsp;una delle case Berbere per un bicchiere di t\u00e8 alla menta. Se vi piace possibilit\u00e0 di prendere un breve trek a circa 20 minuti per le cascate di la&nbsp;OurikaValley, casa del Toubkal National Park. Rendimento atteso a circa 5pm.<\/p>\n<h4><strong><span style=\"color: #ff6600;\">CASCATE OUZOUD<\/span><\/strong><\/h4>\n<p>Immagini di&nbsp;Ouzoud&nbsp;sono presenti in quasi tutti marocchini brochure turistica. Le cascate sono a 3 ora di auto da Marrakech e si trovano nel mezzo della catena montuosa dell\u2019Atlante. Cadendo da una altezza superiore ai 100 metri, le cascate immergersi in una serie infinita di piscine. La gola del&nbsp;Ouzoud&nbsp;Waterfalls \u00e8 la casa di famiglia di macachi e una variet\u00e0 di specie di uccelli, un uccello&nbsp;watcher\u2019s delight! Molti visitatori in Marocco non aspettarsi questo tipo di \u201cesperienza naturale\u201d, per una visita alla bella&nbsp;Ouzoud&nbsp;proviene un rinfrescante sorpresa.<\/p>\n<h4><strong><span style=\"color: #ff6600;\">OURIKA VALLEY<\/span><\/strong><\/h4>\n<p>UNA fuga di un fine settimana per i nativi, ai marocchini l\u2019Ourika Valley&nbsp;&nbsp;si trova a 30 km da Marrakech, situata tra le colline delle Montagne dell\u2019Atlante. Una fuga dalla vita di citt\u00e0, la Valle attira visitatori con un\u2019atmosfera accogliente di piccoli villaggi, pendii ripidi, cascate e lussureggianti giardini. Non dimenticate di fermarvi e visitare i villaggi berberi.&nbsp;Ourika Valley&nbsp;pu\u00f2 essere visitata solo come tour di mezza giornata al posto dell\u2019intera giornata. \u00c8 possibile gustare la mattina con rientro a Marrakech dopo pranzo o, se preferite potete partire Marrakech, godetevi un pomeriggio nel&nbsp;Ourika&nbsp;e poi tornare a Marrakech dopo cena nella valle.<\/p>\n<h4><span style=\"color: #ff6600;\"><strong>OUARZAZATE (TELOUET &amp; AIT BEN HADDOU CASBAH)<\/strong><\/span><\/h4>\n<p>Questa escursione vi porter\u00e0 attraverso l\u2019Alto Atlante catena attraverso il&nbsp;Tizi N\u2019Tichka ad un\u2019&nbsp;\u2013 un\u2019imponente paesaggio di alta montagna e tradizionali villaggi berberi. La discesa lungo il lato est della catena offre un improvviso cambiamento nella lussureggiante paesaggio di un arido deserto panorama.&nbsp;Visita di Ouarzazate, la Kasbah di Ait&nbsp;ben Haddou&nbsp;&nbsp;e&nbsp;&nbsp;Kasbah Taourirt.&nbsp;Ait&nbsp;ben Haddou&nbsp;&nbsp;\u00e8 protetto dall\u2019UNESCO sito 11\u00b0 secolo che ha ispirato molti registi, Gladiator e Lawrence d\u2019Arabia \u00e8 stato filmato. Il panorama che si gode dall\u2019alto le altezze sono suggestive e vale la pena il necessario salire di stradine strette e tortuose.<\/p>\n<h4><strong><span style=\"color: #ff6600;\">MARRAKECH<\/span><\/strong><\/h4>\n<p>Marrakech visite turistiche e cose da fare e vedere a Marrakech&nbsp;.<\/p>\n<p>Come una qualsiasi sa Marrakech \u00e8 una delle pi\u00f9 antiche citt\u00e0 imperiali fondata intorno al&nbsp; 1060-1106) dal re Youssef Ibn Tachafine&nbsp;impero del Dinastia Berbera&nbsp;Almoravides&nbsp;(che si trova nella&nbsp;Hawz, una pianura agricola delimitata a sud e ad est dall\u2019Alto Atlante, e bagnata dal&nbsp;fiume, chiamato Tansift perle&nbsp;&nbsp;del sud, ha una splendida vista sulle cime innevate dell\u2019Alto Atlante circondato da palme e agricoltura migliaia i campi.<\/p>\n<p>Sotto la&nbsp;governance&nbsp;della&nbsp;&nbsp;dinastia Almaravides (1055- 1157) Marrakech&nbsp;divenne la base&nbsp;per il&nbsp;commercio e conquista del Marocco, porzioni del&nbsp;Maghrib e Andalusia.<\/p>\n<p>Il&nbsp;ampire&nbsp;ha ampliato nel tempo dalla spagna&nbsp;&nbsp;al senegal&nbsp;, Marrakech \u00e8 stata crocevia di antiche vie carovaniere da Timbuktu ha una destinazione chiave per il commercio e rinvio stanco africa subsahariana i commercianti di oro, sale e schiavi vincolati per l\u2019Europa.<\/p>\n","protected":false},"excerpt":{"rendered":"<p>ESCURSIONE AD ESSAOUIRA Costa atlantica del Marocco \u00e8 bellissima e, una volta che si visita, vuoi tornare.&nbsp;Essaouira, una rilassata citt\u00e0 3 ore da Marrakech, \u00e8 un<span class=\"excerpt-hellip\"> [\u2026]<\/span><\/p>\n","protected":false},"author":1,"featured_media":0,"parent":0,"menu_order":0,"comment_status":"closed","ping_status":"closed","template":"","meta":{"ngg_post_thumbnail":0,"footnotes":""},"class_list":["post-405","page","type-page","status-publish","hentry"],"_links":{"self":[{"href":"https:\/\/menaramoroccotours.com\/it\/wp-json\/wp\/v2\/pages\/405","targetHints":{"allow":["GET"]}}],"collection":[{"href":"https:\/\/menaramoroccotours.com\/it\/wp-json\/wp\/v2\/pages"}],"about":[{"href":"https:\/\/menaramoroccotours.com\/it\/wp-json\/wp\/v2\/types\/page"}],"author":[{"embeddable":true,"href":"https:\/\/menaramoroccotours.com\/it\/wp-json\/wp\/v2\/users\/1"}],"replies":[{"embeddable":true,"href":"https:\/\/menaramoroccotours.com\/it\/wp-json\/wp\/v2\/comments?post=405"}],"version-history":[{"count":1,"href":"https:\/\/menaramoroccotours.com\/it\/wp-json\/wp\/v2\/pages\/405\/revisions"}],"predecessor-version":[{"id":990,"href":"https:\/\/menaramoroccotours.com\/it\/wp-json\/wp\/v2\/pages\/405\/revisions\/990"}],"wp:attachment":[{"href":"https:\/\/menaramoroccotours.com\/it\/wp-json\/wp\/v2\/media?parent=405"}],"curies":[{"name":"wp","href":"https:\/\/api.w.org\/{rel}","templated":true}]}}