{"id":515,"date":"2017-10-21T16:32:50","date_gmt":"2017-10-21T16:32:50","guid":{"rendered":"https:\/\/africadeserttravel.com\/?page_id=515"},"modified":"2017-10-27T12:15:40","modified_gmt":"2017-10-27T12:15:40","slug":"circuit-desert-de-10-jours-depuis-tanger","status":"publish","type":"page","link":"https:\/\/menaramoroccotours.com\/fr\/circuit-desert-de-10-jours-depuis-tanger\/","title":{"rendered":"Circuit D\u00e9sert de 10 Jours depuis Tanger"},"content":{"rendered":"<h4><strong><span style=\"color: #ff6600;\">JOUR 1: TANGER &#8211; CHEFCHAOUEN<\/span><\/strong><\/h4>\n<p>Pendant le premier jour de votre voyage nous vous rencontrerons dans le port et conduirons \u00e0 travers les montagnes de rif et la ville de tetoun pour appr\u00e9cier les vues des belles montagnes jusqu&rsquo;\u00e0 ce que nous obtenions au chefchaouan un des villages renversants aux pieds des montagnes de rif. une place de style espagnol entour\u00e9e de nombreux magasins d&rsquo;art et d&rsquo;artisanat funky, de restaurants sur le toit et de caf\u00e9s o\u00f9 vous passerez la nuit dans un endroit agr\u00e9able pour profiter de la brise et de la beaut\u00e9 de la nature.<\/p>\n<h4><strong><span style=\"color: #ff6600;\">JOUR 2: CHEFCHAOUEN<\/span><\/strong><\/h4>\n<p>Les rues bleues de Chefchaouen profitent d&rsquo;une vue panoramique sur Chefchaouen en savourant un petit-d\u00e9jeuner compos\u00e9 de fruits frais, de confitures et de jus de fruits press\u00e9s provenant de la terrasse de votre h\u00f4tel. Apr\u00e8s le petit-d\u00e9jeuner, explorez et visitez Chefchaouen, la ville bleue (ancienne m\u00e9dina) \u00e0 pied avec votre guide qui partagera des histoires de l&rsquo;histoire de Chefchaouen.<\/p>\n<p>Commencez votre visite avec le mus\u00e9e de la kasbah dans la m\u00e9dina. La kasbah de Chefchaouen appartient au d\u00e9but du 18\u00e8me si\u00e8cle, et a \u00e9t\u00e9 construite par le l\u00e9gendaire dirigeant Moulay Ismail. Il est assez simple sans surprises architecturales mais il est entour\u00e9 de jardins \u00e0 l&rsquo;int\u00e9rieur et \u00e0 l&rsquo;ext\u00e9rieur. \u00c0 l&rsquo;int\u00e9rieur de la Kasbah, vous pouvez visiter le mus\u00e9e ethnographique contenant des armes anciennes, des instruments de musique et des photographies de la vieille ville. Apr\u00e8s avoir explor\u00e9 la m\u00e9dina, d\u00e9jeunez dans l&rsquo;un des restaurants locaux. Et dans l&rsquo;apr\u00e8s-midi nous retournons \u00e0 votre Riad.<\/p>\n<h4><strong><span style=\"color: #ff6600;\">JOUR 3: CHEFCHAOUEN &#8211; MIDELT<\/span><\/strong><\/h4>\n<p>Sur le chemin de Midelt, nous remonterons \u00e0 l&rsquo;\u00e9poque jusqu&rsquo;au 3\u00e8me si\u00e8cle en visitant le site arch\u00e9ologique le plus important du Maroc, Volubilis, qui pr\u00e9sente les ruines romaines les mieux conserv\u00e9es de cette partie de l&rsquo;Afrique du Nord. Ce n&rsquo;est donc pas un hasard si les ruines romaines de 1997 ont \u00e9t\u00e9 class\u00e9es au patrimoine mondial de l&rsquo;UNESCO. Une visite guid\u00e9e de 45 minutes est pr\u00e9vue ici.<\/p>\n<p>A partir de volubilis, nous continuons notre route vers Mekn\u00e8s qui porte le nom d&rsquo;une tribu berb\u00e8re connue sous le nom de Miknasa dans les sources m\u00e9di\u00e9vales d&rsquo;Afrique du Nord. Mekn\u00e8s \u00e9tait la capitale du Maroc sous le r\u00e8gne de Moulay Ismail (1672-1727). Il a construit dans les greniers ing\u00e9nieusement con\u00e7us, l&rsquo;architecture vraiment fascinante de minuscules fen\u00eatres, les murs massifs o\u00f9 il avait l&rsquo;habitude de stocker le grain et le foin pour nourrir ses 15.000 chevaux pas la nourriture pour les humains. Nous continuons notre chemin vers Midelt via Azrou et l&rsquo;atlas du milieu, Night at Midelt.<\/p>\n<h4><strong><span style=\"color: #ff6600;\">JOUR 4: FEZ &#8211; MIDELT &#8211; MERZOUGA<\/span><\/strong><\/h4>\n<p>De Midelt nous nous dirigeons vers les magnifiques Gorges de Ziz creus\u00e9es dans la roche volcanique, vous verrez des vues sur le plateau du Moyen-Atlas, en remarquant comment le paysage change pour r\u00e9v\u00e9ler des indices du d\u00e9sert \u00e0 l&rsquo;approche de la ville d&rsquo;Errachidia. Apr\u00e8s le d\u00e9jeuner, nous continuerons notre voyage \u00e0 travers la vall\u00e9e du Ziz Erfoud, Rissani et Merzouga. Apr\u00e8s un verre de th\u00e9 \u00e0 la menthe, nous laisserons nos bagages dans une chambre puis prendrons les chameaux dans un camp berb\u00e8re au milieu de l&rsquo;Erg Chebbi Sad Dunes. Longue de 20 km et large de 5 km, elle est \u00e9galement consid\u00e9r\u00e9e comme la plus haute dune de sable d&rsquo;Afrique du Nord. C&rsquo;est un environnement unique et diversifi\u00e9. Le trek \u00e0 dos de chameau prend environ 1h 30 de l&rsquo;h\u00f4tel au camp o\u00f9 nous continuons l&rsquo;esprit du style de vie nomade berb\u00e8re. L\u00e0, nous installons des tentes berb\u00e8res avec un restaurant et une cuisine suppl\u00e9mentaires, les dunes fournissant naturellement des \u00e9quipements de base. Les tentes sont bien \u00e9quip\u00e9es et nous fournissons des matelas, des couvertures et des coussins. Apr\u00e8s le d\u00eener, nous nous rassemblons autour du feu et profitons de la nuit du d\u00e9sert, peut-\u00eatre avec des tambours traditionnels berb\u00e8res.<\/p>\n<h4><strong><span style=\"color: #ff6600;\">JOUR 5: MERZOUGA<\/span><\/strong><\/h4>\n<p>Une journ\u00e9e compl\u00e8te dans le d\u00e9sert du Sahara vous attend! Vous serez dans un autre magnifique village berb\u00e8re du Sahara et \u00e9couterez la musique Gnaoua dans un village africain. Continuez \u00e0 voir les nomades du d\u00e9sert sous leurs tentes. Dans la soir\u00e9e, vous serez de retour \u00e0 votre h\u00f4tel.<\/p>\n<h4><strong><span style=\"color: #ff6600;\">JOUR 6: MERZOUGA &#8211; GORGES DE TODRA &#8211; GORGES DE DADES<\/span><\/strong><\/h4>\n<p>Apr\u00e8s le petit-d\u00e9jeuner, vous commencez \u00e0 vous rendre \u00e0 Erfoud et vous partez derri\u00e8re les montagnes du Haut Atlas en direction de la gorge de Todra, en passant par des nomades. Vous ferez une promenade dans les imposantes gorges du Todra (985 pieds de haut). Les pittoresques vall\u00e9es fluviales font un beau voyage vers le sud-est du Maroc. Puis continuez votre voyage vers une autre gorge impressionnante Dades en passant par d&rsquo;\u00e9tranges cr\u00e9ations rock de Tamnalt Hills.<\/p>\n<h4><strong><span style=\"color: #ff6600;\">JOUR 7: DORES GORGE &#8211; OUARZAZATE &#8211; MARRAKECH<\/span><\/strong><\/h4>\n<p>Apr\u00e8s le petit d\u00e9jeuner, vous commencez votre journ\u00e9e vers Ouarzazate via les montagnes du Haut Atlas. D\u00e9collez environ 25kms sur votre 4 \u00d7 4, vous d\u00e9couvrirez la vie nomade dans les grottes avant d&rsquo;arriver au centre des roses et produits roses marocains. Continuez votre voyage via la Route des Mille Kasbahs. Vous passerez devant l&rsquo;oasis de palmiers de Skoura juste avant d&rsquo;arriver \u00e0 Ouarzazate. Ici, vous visiterez le site du patrimoine mondial de l&rsquo;UNESCO, Kasbah Ait Benhaddou. \u00c0 la mode typiquement marocaine, les vrais tr\u00e9sors doivent \u00eatre recherch\u00e9s et d\u00e9couverts &#8230; habituellement hors des sentiers battus. En r\u00e9alit\u00e9, ce d\u00e9cor a \u00e9t\u00e9 utilis\u00e9 pour plus de films que n&rsquo;importe quel autre endroit au Maroc, y compris Lawrence d&rsquo;Arabie, J\u00e9sus de Nazareth, et r\u00e9cemment The Gladiator. Dans l&rsquo;apr\u00e8s-midi, vous serez d\u00e9pos\u00e9s \u00e0 votre riad \/ h\u00f4tel.<\/p>\n<h4><strong><span style=\"color: #ff6600;\">JOUR 8: MARRAKECH<\/span><\/strong><\/h4>\n<p>Apr\u00e8s le petit d\u00e9jeuner dans le riad, vous pouvez commencer \u00e0 explorer Marrakech &lsquo;la ville rouge du Maroc&rsquo;. Nous veillerons \u00e0 ce que vous voyiez les sites les plus importants d&rsquo;int\u00e9r\u00eat historique et culturel, y compris les jardins Majorelle, la tour Koutoubia, les tombeaux saadiens, le Bahia Palacel. Apr\u00e8s le d\u00e9jeuner dans un restaurant pr\u00e8s de la place, vous traverserez les souks et admirerez des centaines d&rsquo;objets d&rsquo;artisanat. L&rsquo;apr\u00e8s-midi, nous venons vous chercher \u00e0 votre Riad.<\/p>\n<h4><strong><span style=\"color: #ff6600;\">JOUR 9: MARRAKECH<\/span><\/strong><\/h4>\n<p>En ce jour, vous aurez du temps libre pour vous demander par vous-m\u00eame les autres parties de la ville.<\/p>\n<h4><strong><span style=\"color: #ff6600;\">JOUR 10: MARRAKECH \u00c0 L&rsquo;A\u00c9ROPORT:<\/span><\/strong><\/h4>\n<p>Vous d\u00e9poser \u00e0 l&rsquo;a\u00e9roport. Fin de nos services.<\/p>\n<p>Ce qui est inclu:<\/p>\n<p>\u25ba Prise en charge et retrait de l&rsquo;h\u00f4tel<br \/>\n\u25ba Transport par v\u00e9hicule climatis\u00e9. carburant et p\u00e9ages<br \/>\n\u25ba Droits d&rsquo;entr\u00e9e<br \/>\n\u25ba Services d&rsquo;un conducteur anglophone qualifi\u00e9<br \/>\n\u25ba 4 nuits H\u00e9bergement dans des h\u00f4tels bien recommand\u00e9s \/ Kasbahs \/ Riads<br \/>\n\u25ba petit-d\u00e9jeuner et d\u00eener tous les jours<\/p>\n<p>Ce qui n&rsquo;est pas inclus<\/p>\n<p>\u25ba D\u00e9jeuner et boissons<br \/>\n\u25ba Conseils et gratifications<br \/>\n\u25ba Point de rencontre<br \/>\n\u25ba Prise en charge depuis votre h\u00f4tel ou votre riad<\/p>\n","protected":false},"excerpt":{"rendered":"<p>JOUR 1: TANGER &#8211; CHEFCHAOUEN Pendant le premier jour de votre voyage nous vous rencontrerons dans le port et conduirons \u00e0 travers les montagnes de rif<span class=\"excerpt-hellip\"> [\u2026]<\/span><\/p>\n","protected":false},"author":1,"featured_media":0,"parent":0,"menu_order":0,"comment_status":"closed","ping_status":"closed","template":"","meta":{"ngg_post_thumbnail":0,"footnotes":""},"class_list":["post-515","page","type-page","status-publish","hentry"],"_links":{"self":[{"href":"https:\/\/menaramoroccotours.com\/fr\/wp-json\/wp\/v2\/pages\/515","targetHints":{"allow":["GET"]}}],"collection":[{"href":"https:\/\/menaramoroccotours.com\/fr\/wp-json\/wp\/v2\/pages"}],"about":[{"href":"https:\/\/menaramoroccotours.com\/fr\/wp-json\/wp\/v2\/types\/page"}],"author":[{"embeddable":true,"href":"https:\/\/menaramoroccotours.com\/fr\/wp-json\/wp\/v2\/users\/1"}],"replies":[{"embeddable":true,"href":"https:\/\/menaramoroccotours.com\/fr\/wp-json\/wp\/v2\/comments?post=515"}],"version-history":[{"count":3,"href":"https:\/\/menaramoroccotours.com\/fr\/wp-json\/wp\/v2\/pages\/515\/revisions"}],"predecessor-version":[{"id":766,"href":"https:\/\/menaramoroccotours.com\/fr\/wp-json\/wp\/v2\/pages\/515\/revisions\/766"}],"wp:attachment":[{"href":"https:\/\/menaramoroccotours.com\/fr\/wp-json\/wp\/v2\/media?parent=515"}],"curies":[{"name":"wp","href":"https:\/\/api.w.org\/{rel}","templated":true}]}}