{"id":513,"date":"2017-10-21T16:31:20","date_gmt":"2017-10-21T16:31:20","guid":{"rendered":"https:\/\/africadeserttravel.com\/?page_id=513"},"modified":"2017-10-27T12:14:01","modified_gmt":"2017-10-27T12:14:01","slug":"9-jours-de-fes-a-tanger","status":"publish","type":"page","link":"https:\/\/menaramoroccotours.com\/fr\/9-jours-de-fes-a-tanger\/","title":{"rendered":"9 Jours de F\u00e8s \u00e0 Tanger"},"content":{"rendered":"<h4><span style=\"color: #ff6600;\"><strong>Jour 1 : F\u00e8s<\/strong><\/span><\/h4>\n<p>\u00c0 votre arriv\u00e9e \u00e0 l\u2019A\u00e9roport de Fez, une personne de notre \u00e9quipe vous accueillera puis transfert \u00e0 votre lieu d\u2019h\u00e9bergement.<\/p>\n<h4><span style=\"color: #ff6600;\"><strong>Jour 2 : Visite de F\u00e8s<\/strong><\/span><\/h4>\n<p>Apr\u00e8s le petit-d\u00e9jeuner, une visite \u00e0 l\u2019un des c\u00e9l\u00e8bres villes du Maroc est tr\u00e8s important, la chance de visiter les monuments historiques et l\u2019ancienne m\u00e9dina avec ses belles rues \u00e9troites.<\/p>\n<h4><span style=\"color: #ff6600;\"><strong>Jour 3 : Fez \u00e0&nbsp;Ouad Laou<\/strong><\/span><\/h4>\n<p>Ce voyage nous conduira \u00e0 la magie du nord, de la magnifique ville de&nbsp;Ouad Laou, nich\u00e9e dans le nord du Maroc sur la c\u00f4te m\u00e9diterran\u00e9enne. Tr\u00e8s beaux paysages de jouir pendant la conduite du c\u00f4t\u00e9 de la mer le long du trajet.<\/p>\n<h4><span style=\"color: #ff6600;\"><strong>Jour 4 :&nbsp;Ouad Laou&nbsp;\u00e0&nbsp;Tanger&nbsp;via&nbsp;T\u00e9touan<\/strong><\/span><\/h4>\n<p>Apr\u00e8s le petit-d\u00e9jeuner, nous partirons pour la mari\u00e9e du nord comme le marocain pr\u00e9f\u00e8re appeler la ville de&nbsp;Tanger,&nbsp;y compris une visite de la belle ville de&nbsp;T\u00e9touan, larmes en langue berb\u00e8re local.<\/p>\n<h4><span style=\"color: #ff6600;\"><strong>Jour 5 :&nbsp;&nbsp;Visite de Tanger<\/strong><\/span><\/h4>\n<p>Mari\u00e9e&nbsp;ou la perle du nord qui vaut le d\u00e9tour pour ses monuments historiques et les sites naturels comme la grotte de Hercules. Le contraste de l\u2019ancienne et moderne est quelque chose \u00e0 observer nouvelles tout en marchant dans les rues de ce soul\u00e8vement ville.<\/p>\n<h4><span style=\"color: #ff6600;\"><strong>Jour 6 :&nbsp;Tanger&nbsp;\u00e0 Meknes<\/strong><\/span><\/h4>\n<p>Ce voyage nous ram\u00e8nent dans les villes imp\u00e9riales, pour visiter la ville qui est situ\u00e9 dans le centre du Maroc, la ville de Mekn\u00e8s. En cours de route, le vert et prosp\u00e9rer atterrit au Maroc peuvent \u00eatre observ\u00e9es.<\/p>\n<h4><span style=\"color: #ff6600;\"><strong>Jour 7 : Visite de Meknes<\/strong><\/span><\/h4>\n<p>Meknes est une ville avec un si grand nombre de portes qui entour\u00e9 avec d\u2019\u00e9normes murs, fond\u00e9e par l\u2019&nbsp;Ismailiyan. Les monuments historiques tels que le fameux Lahdim&nbsp;Square et le&nbsp;Qara&nbsp;Prison, la tombe de&nbsp;Moulay&nbsp;Ismail\u2026. \u00c7a vaut vraiment une visite.<\/p>\n<h4><span style=\"color: #ff6600;\"><strong>Jour 8 : Mekn\u00e8s pour F\u00e8s via&nbsp;Volubilis<\/strong><\/span><\/h4>\n<p>Apr\u00e8s le petit-d\u00e9jeuner, nous partirons visiter l\u2019Holly ville de&nbsp;Moulay Idriss Zerhoun&nbsp;dans notre chemin de retour \u00e0 F\u00e8s, aussi nous visiterons l\u2019ancienne ville romaine de&nbsp;Volubilis, de continuer notre chemin pour rejoindre la ville de F\u00e8s<\/p>\n<h4><span style=\"color: #ff6600;\"><strong>Jour 9 : Transfert de l\u2019A\u00e9roport de Fez<\/strong><\/span><\/h4>\n","protected":false},"excerpt":{"rendered":"<p>Jour 1 : F\u00e8s \u00c0 votre arriv\u00e9e \u00e0 l\u2019A\u00e9roport de Fez, une personne de notre \u00e9quipe vous accueillera puis transfert \u00e0 votre lieu d\u2019h\u00e9bergement. Jour 2<span class=\"excerpt-hellip\"> [\u2026]<\/span><\/p>\n","protected":false},"author":1,"featured_media":0,"parent":0,"menu_order":0,"comment_status":"closed","ping_status":"closed","template":"","meta":{"ngg_post_thumbnail":0,"footnotes":""},"class_list":["post-513","page","type-page","status-publish","hentry"],"_links":{"self":[{"href":"https:\/\/menaramoroccotours.com\/fr\/wp-json\/wp\/v2\/pages\/513","targetHints":{"allow":["GET"]}}],"collection":[{"href":"https:\/\/menaramoroccotours.com\/fr\/wp-json\/wp\/v2\/pages"}],"about":[{"href":"https:\/\/menaramoroccotours.com\/fr\/wp-json\/wp\/v2\/types\/page"}],"author":[{"embeddable":true,"href":"https:\/\/menaramoroccotours.com\/fr\/wp-json\/wp\/v2\/users\/1"}],"replies":[{"embeddable":true,"href":"https:\/\/menaramoroccotours.com\/fr\/wp-json\/wp\/v2\/comments?post=513"}],"version-history":[{"count":2,"href":"https:\/\/menaramoroccotours.com\/fr\/wp-json\/wp\/v2\/pages\/513\/revisions"}],"predecessor-version":[{"id":763,"href":"https:\/\/menaramoroccotours.com\/fr\/wp-json\/wp\/v2\/pages\/513\/revisions\/763"}],"wp:attachment":[{"href":"https:\/\/menaramoroccotours.com\/fr\/wp-json\/wp\/v2\/media?parent=513"}],"curies":[{"name":"wp","href":"https:\/\/api.w.org\/{rel}","templated":true}]}}