{"id":509,"date":"2017-10-21T16:30:09","date_gmt":"2017-10-21T16:30:09","guid":{"rendered":"https:\/\/africadeserttravel.com\/?page_id=509"},"modified":"2017-10-27T12:14:05","modified_gmt":"2017-10-27T12:14:05","slug":"8-jours-le-maroc-desert-villes-imperiales","status":"publish","type":"page","link":"https:\/\/menaramoroccotours.com\/fr\/8-jours-le-maroc-desert-villes-imperiales\/","title":{"rendered":"8 Jours Le Maroc d\u00e9sert villes imp\u00e9riales"},"content":{"rendered":"<h4><span style=\"color: #ff6600;\"><strong>Jour 1 : Casablanca Rabat&nbsp;Moulay Zarhoun Idiss&nbsp;Mekn\u00e8s Fes<\/strong><\/span><\/h4>\n<p>La route de F\u00e8s via la capitale Rabat, nous emm\u00e8ne le long d\u2019une belle \u00e9tendue de terres agricoles o\u00f9 les olives, c\u00e9r\u00e9ales, l\u00e9gumes et raisins sont cultiv\u00e9s. Avant d\u2019arriver \u00e0 Fes vous visiterez Mekn\u00e8s et&nbsp;Volubilis. Volubilis&nbsp;est le site du fameux ruines romaines \u00e0 gauche plus de l\u2019Empire Romain la plus australe Outpost. Meknes est le site de la premi\u00e8re dynastie arabe, cr\u00e9\u00e9e par&nbsp;Moulay&nbsp;Ismail, et inclut la&nbsp;Medersa Bou Inania&nbsp;et de la porte Bab Mansour, la passerelle de la&nbsp;&nbsp;palais de Moulay Ismail. Cela nous am\u00e8ne \u00e0 la&nbsp;Sehrij Es Souani, le cheval des \u00e9tables et des greniers. \u00c0 l\u2019\u00e9tage est un jardin sur le toit et un caf\u00e9 avec une vue superbe de la ville. Arriver en Fes, arriv\u00e9e \u00e0 l\u2019h\u00f4tel.<\/p>\n<h4><span style=\"color: #ff6600;\"><strong>Jour 2 : visite de F\u00e8s<\/strong><\/span><\/h4>\n<p>Apr\u00e8s le petit-d\u00e9jeuner, vous pourrez commencer votre visite de \u201d la plus vieille vivant dans le monde \u201d m\u00e9dina avec un guide touristique officiel local. Vous visiterez la m\u00e9dina avec ses \u201csouks\u201d (march\u00e9s), s\u2019arr\u00eatant \u00e0 la passerelle du Palais Royal, de la 9e si\u00e8cle&nbsp;Karouine&nbsp;mosqu\u00e9e et l\u2019universit\u00e9. Vous pourrez \u00e9galement visiter la tombe du fondateur de la ville,&nbsp;Moulay Idriss&nbsp;II. Le d\u00e9jeuner aura lieu \u00e0 l\u2019un des restaurants traditionnels dans la vieille m\u00e9dina. Apr\u00e8s le d\u00e9jeuner vous continuerez votre visite \u00e0 la&nbsp;&nbsp;fontaine Najarine, le vieux Harem Garden et du&nbsp;&nbsp;Mus\u00e9e Batha. Sur le chemin du retour \u00e0 l\u2019h\u00f4tel, vous pourrez vous arr\u00eater pour profiter d\u2019une vue panoramique sur la ville.<\/p>\n<h4><span style=\"color: #ff6600;\"><strong>Jour 3 : Fes&nbsp;Azrou Midelt&nbsp;Vall\u00e9e de Ziz&nbsp;Erfoud Rissani Merzouga<\/strong><\/span><\/h4>\n<p>Le matin nous irons dans les montagnes, d\u2019une r\u00e9gion connue comme&nbsp;Imouzzer, qui est recouverte de for\u00eats de c\u00e8dres, de gen\u00e9vriers et de ch\u00eane-li\u00e8ge. La r\u00e9gion est bien connue pour son abondante faune et flore, et de nombreux types d\u2019oiseaux, le sanglier et barbarie singes peuvent \u00eatre vu sur notre promenade panoramique. La route commence alors \u00e0 grimper dans les montagnes du Moyen Atlas; les pentes peuvent \u00eatre parsem\u00e9es de les tentes et les troupeaux de ch\u00e8vres des communaut\u00e9s nomades Berb\u00e8res qui appellent cette r\u00e9gion robuste maison. Apr\u00e8s un d\u00e9jeuner tardif \u00e0 Midelt, nous continuons le long des routes de montagne surplombant le vaste d\u00e9coulant de l\u2019Oued Ziz. Passant kasbahs&nbsp;et palmeraies, nous continuons \u00e0 travers la ville de couleur Adobe d\u2019&nbsp;Er-Rachidia&nbsp;et en fin d\u2019apr\u00e8s-midi Arriv\u00e9e \u00e0&nbsp;Merzouga, une petite ville \u00e0 la p\u00e9riph\u00e9rie du d\u00e9sert du Sahara. Du jour au lendemain \u00e0 Merzouga.<\/p>\n<h4><span style=\"color: #ff6600;\"><strong>Jour 4 : Excursion autour de l\u2019Erg&nbsp;Chebbi&nbsp; desert<\/strong><\/span><\/h4>\n<p>Apr\u00e8s le petit-d\u00e9jeuner dans l\u2019h\u00f4tel, nous allons faire une excursion autour de l\u2019Erg&nbsp;Chebbi; nous visiterons&nbsp;une chambre et d\u2019\u00e9couter certains&nbsp;Gnaoua&nbsp;music, originaire du Ghana et Soudan. Nous visiterons certaines mines d\u00e9serte, nomades Berb\u00e8res et une oasis de palmiers. Vers midi nous retournons \u00e0&nbsp;Merzouga. Apr\u00e8s le d\u00e9jeuner et d\u2019un moment de d\u00e9tente, nous trouvons les chameaux qui&nbsp;attendent de nous prendre sur une aventure dans les dunes de sable. Nous passerons la nuit dans un campement \u00e9quip\u00e9e avec musique de tambour dans le milieu du Sahara; c\u2019est une excellente occasion de prendre de belles photos de le coucher et le lever du soleil. Lorsque nous sommes arriv\u00e9s au camp, nous allons monter une haute dune pour voir le coucher de soleil. Nous allons passer la nuit dans l\u2019h\u00f4tel avec des&nbsp;milliers&nbsp;d\u2019\u00e9toiles, une tente berb\u00e8re, mais \u00e9tincelantes de ciel (plein d\u2019\u00e9toiles).<\/p>\n<h4><span style=\"color: #ff6600;\"><strong>Jour 5: &nbsp;Merzouga Todra&nbsp;Gorges&nbsp;&nbsp;vall\u00e9e du Dad\u00e8s<\/strong><\/span><\/h4>\n<p>Apr\u00e8s avoir regard\u00e9 le soleil se lever, nous revenons sur des chameaux \u00e0&nbsp;Merzouga. Apr\u00e8s le petit-d\u00e9jeuner et une douche dans l\u2019h\u00f4tel, nous allons commencer notre voyage vers&nbsp;la vall\u00e9e du DADES. Traverser la&nbsp;Rissane, Erfoud, une ville c\u00e9l\u00e8bre, connu avec ses&nbsp;dates. Nous proc\u00e9derons ensuite \u00e0&nbsp;Tinejdad, le superbe Todra&nbsp;gorges et&nbsp;&nbsp;vall\u00e9e du Dad\u00e8s avec la&nbsp;couleur pure&nbsp;rock partout.<\/p>\n<h4><span style=\"color: #ff6600;\"><strong>Jour 6 : &nbsp;&nbsp;la vall\u00e9e du Dad\u00e8s Rose Valley&nbsp;Ouarzazate&nbsp; Marrakech<\/strong><\/span><\/h4>\n<p>Quittant&nbsp;&nbsp;la vall\u00e9e du Dad\u00e8s Apr\u00e8s le petit-d\u00e9jeuner, conduite vers&nbsp;Ouarzazate, marocaine Hollywood, une toile de fond de nombreux films c\u00e9l\u00e8bres, nous visiterons le&nbsp;mus\u00e9e cin\u00e9matographique, puis au site prot\u00e9g\u00e9 par l\u2019UNESCO de&nbsp;Ait Benhaddou, la plus impressionnante kasbah&nbsp;et bien pr\u00e9serv\u00e9s de forteresse au Maroc. De nombreux films ont \u00e9t\u00e9 tourn\u00e9s ici, tels que Gladiator. Nous quittera ensuite&nbsp;Ait Benhaddou&nbsp;et commencer la rubrique vers le majestueux Mont Atlas. Nous allons traverser le Haut Atlas&nbsp;mountain&nbsp;via le plus haut col routier au Maroc, de&nbsp;Tizi n\u2019Tichka, 2260m de haut, offrant des vues impressionnantes de vall\u00e9es, montagnes et de nombreux \u00e0 proximit\u00e9 des villages berb\u00e8res. Nous arriverons en Marrakech en soir\u00e9e<\/p>\n<h4><span style=\"color: #ff6600;\"><strong>Jour 7 : visite Marrakech<\/strong><\/span><\/h4>\n<p>Une journ\u00e9e de visite de Marrakech, visitant&nbsp; la Menara, une piscine entour\u00e9e de fleurs qui fonctionnent comme un syst\u00e8me d\u2019irrigation pour les champs avoisinants. La visite portera sur plusieurs sites impressionnants : la&nbsp;mosqu\u00e9e de la Koutoubia,&nbsp;&nbsp;jardins Majorelle, palais Bahia et Mus\u00e9e du Palais Dar Si Said de&nbsp;bijoux. Il y aura un repas facultatif dans la m\u00e9dina, suivie par une promenade \u00e0 travers les souks color\u00e9s de Marrakech. Nous vous profitez d\u2019un coucher de soleil verre surplombant le passionnant place Jemaa&nbsp;El&nbsp;Fna&nbsp;\u00e0 partir de la terrasse d\u2019un caf\u00e9.&nbsp;D\u00eener et nuit \u00e0 l\u2019h\u00f4tel.<\/p>\n<h4><span style=\"color: #ff6600;\"><strong>Jour 8 :&nbsp;&nbsp; Transfert \u00e0 l\u2019a\u00e9roport de Casablanca de Marrakech :<\/strong><\/span><\/h4>\n<p>Nous allons laisser Marrakech dans la matin\u00e9e, en passant par les villes imp\u00e9riales marocaine\u2026<\/p>\n","protected":false},"excerpt":{"rendered":"<p>Jour 1 : Casablanca Rabat&nbsp;Moulay Zarhoun Idiss&nbsp;Mekn\u00e8s Fes La route de F\u00e8s via la capitale Rabat, nous emm\u00e8ne le long d\u2019une belle \u00e9tendue de terres agricoles<span class=\"excerpt-hellip\"> [\u2026]<\/span><\/p>\n","protected":false},"author":1,"featured_media":0,"parent":0,"menu_order":0,"comment_status":"closed","ping_status":"closed","template":"","meta":{"ngg_post_thumbnail":0,"footnotes":""},"class_list":["post-509","page","type-page","status-publish","hentry"],"_links":{"self":[{"href":"https:\/\/menaramoroccotours.com\/fr\/wp-json\/wp\/v2\/pages\/509","targetHints":{"allow":["GET"]}}],"collection":[{"href":"https:\/\/menaramoroccotours.com\/fr\/wp-json\/wp\/v2\/pages"}],"about":[{"href":"https:\/\/menaramoroccotours.com\/fr\/wp-json\/wp\/v2\/types\/page"}],"author":[{"embeddable":true,"href":"https:\/\/menaramoroccotours.com\/fr\/wp-json\/wp\/v2\/users\/1"}],"replies":[{"embeddable":true,"href":"https:\/\/menaramoroccotours.com\/fr\/wp-json\/wp\/v2\/comments?post=509"}],"version-history":[{"count":2,"href":"https:\/\/menaramoroccotours.com\/fr\/wp-json\/wp\/v2\/pages\/509\/revisions"}],"predecessor-version":[{"id":761,"href":"https:\/\/menaramoroccotours.com\/fr\/wp-json\/wp\/v2\/pages\/509\/revisions\/761"}],"wp:attachment":[{"href":"https:\/\/menaramoroccotours.com\/fr\/wp-json\/wp\/v2\/media?parent=509"}],"curies":[{"name":"wp","href":"https:\/\/api.w.org\/{rel}","templated":true}]}}