{"id":505,"date":"2017-10-21T16:28:58","date_gmt":"2017-10-21T16:28:58","guid":{"rendered":"https:\/\/africadeserttravel.com\/?page_id=505"},"modified":"2017-10-27T12:14:12","modified_gmt":"2017-10-27T12:14:12","slug":"7-jours-au-nord-du-maroc-tour-de-tanger","status":"publish","type":"page","link":"https:\/\/menaramoroccotours.com\/fr\/7-jours-au-nord-du-maroc-tour-de-tanger\/","title":{"rendered":"7 Jours au nord du Maroc Tour de Tanger"},"content":{"rendered":"<h4><strong><span style=\"color: #ff6600;\">JOUR 1: TANGER &#8211; ASILAH:<\/span><\/strong><\/h4>\n<p>Accueil au port ou \u00e0 l&rsquo;a\u00e9roport de Tanger. Route d&rsquo;Asilah nous avons visit\u00e9 le phare et souvenez-vous Spartel la mythologie grecque dans les grottes d&rsquo;Hercules compte d\u00e9jeuner dans certains des bars de la r\u00e9gion et profiter de leurs plages. Asilah a continu\u00e9 sur la route de la c\u00f4te, l&rsquo;arriv\u00e9e et la r\u00e9ception \u00e0 l&rsquo;h\u00f4tel. Nous fl\u00e2nons \u00e0 travers la petite m\u00e9dina d&rsquo;Asilah, blanche et bleue, le long des murs construits par les Almohades et des si\u00e8cles plus tard fortifi\u00e9s par les portugais qui occup\u00e8rent la ville pendant un si\u00e8cle, nous arrivons au cimeti\u00e8re baln\u00e9aire \u00e0 c\u00f4t\u00e9 du Marabout de Sidi Ibn Musa Ahmd . Nous avons quitt\u00e9 la m\u00e9dina Bab Homar o\u00f9 vous installez le march\u00e9. D\u00eener, h\u00e9bergement \u00e0 l&rsquo;h\u00f4tel.<\/p>\n<h4><strong><span style=\"color: #ff6600;\">JOUR 2: ASILAH &#8211; LARACHE &#8211; LIXUS:<\/span><\/strong><\/h4>\n<p>Apr\u00e8s le petit-d\u00e9jeuner, une derni\u00e8re promenade \u00e0 travers la m\u00e9dina et la plage d&rsquo;Asilah, avant de quitter la route voisine pour Larache, \u00e0 l&#8217;embouchure de la rivi\u00e8re Lucus, une ville tr\u00e8s espagnole, comme en t\u00e9moigne le ch\u00e2teau du ch\u00e2teau, fortification surplombant la baie, construite par le XVIIe si\u00e8cle espagnol. Nous trouvons \u00e9galement l&#8217;empreinte espagnole partout, de la Place de la Lib\u00e9ration, connue comme la Place d&rsquo;Espagne, aux menus de restaurant. L&rsquo;apr\u00e8s-midi, visite des ruines de l&rsquo;acropole romaine Lucus, fond\u00e9e par les Ph\u00e9niciens vers 1100 av. J.-C., peut-\u00eatre comme premier point de commerce en Afrique du Nord. D\u00eener et nuit \u00e0 l&rsquo;h\u00f4tel.<\/p>\n<h4><strong><span style=\"color: #ff6600;\">JOUR 3: LARACHE &#8211; CHAOUEN:<\/span><\/strong><\/h4>\n<p>Matin apr\u00e8s le petit d\u00e9jeuner nous dirgiremosa Chaouen, mais d&rsquo;abord faire un petit d\u00e9tour pour voir le Cromlech de Msoura avec ses 167 menhirs, l&rsquo;un des plus anciens restes humains dans la r\u00e9gion. Plus tard, prendre \u00e0 droite le Khemis Souk des Beni Arrous. Chaouen Arriv\u00e9e et accueil \u00e0 l&rsquo;h\u00f4tel. D\u00e9jeuner et temps libre pour d\u00e9couvrir la &lsquo;ville sainte des montagnes du Rif&rsquo;.<\/p>\n<h4><strong><span style=\"color: #ff6600;\">JOUR 4: CHAOUEN:<\/span><\/strong><\/h4>\n<p>Apr\u00e8s le petit d\u00e9jeuner, journ\u00e9e libre avec possibilit\u00e9 de visite guid\u00e9e de la ville. Chefchaouen, assise au pied du Jbel Tissouka, offre aux visiteurs un fascinant voyage \u00e0 travers un labyrinthe de ruelles, nous y sommes entr\u00e9s Bab al-Suiqa Harmum dans le quartier, le plus ancien de la ville avec ses artisans et marchands. Nous sommes arriv\u00e9s \u00e0 la place Hamman Uta abritant la source, la mosqu\u00e9e, la citadelle avec le mus\u00e9e local, le Funduq et de nombreuses terrasses de caf\u00e9s o\u00f9 les touristes et le Rif sont m\u00e9lang\u00e9s dans une atmosph\u00e8re d\u00e9tendue. Nous sommes entr\u00e9s dans le quartier andalou, construit pour accueillir la deuxi\u00e8me vague de Maures apr\u00e8s 1492, escaladant ses rues escarp\u00e9es et blanchies \u00e0 la chaux nous atteignons la limite de l&rsquo;enceinte fortifi\u00e9e, Bab al-Ansar, au-del\u00e0 du printemps Ras al-Ma de la m\u00e9dina et permet l&rsquo;op\u00e9ration d&rsquo;utilit\u00e9 publique et le moulin sur la gauche, et contourner pour atteindre un pont o\u00f9 juste voyage enchanteur. Profitez \u00e9galement de l&rsquo;artisanat original et superbe en cuir et autres produits qui font les artisans de la ville. D\u00eener et nuit \u00e0 l&rsquo;h\u00f4tel.<\/p>\n<h4><strong><span style=\"color: #ff6600;\">JOUR 5: TETUAN &#8211; TANGER:<\/span><\/strong><\/h4>\n<p>Matin temps libre pour visiter le mus\u00e9e arch\u00e9ologique, le mus\u00e9e des arts populaires et l&rsquo;\u00e9cole des arts et m\u00e9tiers. D\u00e9jeuner et transfert \u00e0 Tanger, exp\u00e9dition en milieu d&rsquo;apr\u00e8s-midi. Arriv\u00e9e \u00e0 Tanger o\u00f9 nous avons commenc\u00e9 la visite juste \u00e0 l&rsquo;ext\u00e9rieur du port, sur la &lsquo;route de la plage&rsquo; o\u00f9 nous avons trouv\u00e9 un des b\u00e2timents les plus pr\u00e9cieux de l&rsquo;\u00e9poque coloniale, le &lsquo;Teatro Cervantes&rsquo; dans un \u00e9tat lamentable de n\u00e9gligence. Puis nous arrivons au march\u00e9 du petit souk et \u00e0 la place du grand souk, le centre n\u00e9vralgique de la ville qui donne acc\u00e8s \u00e0 la m\u00e9dina avec ses rues bord\u00e9es d&rsquo;artisans, bazars, caf\u00e9s et \u00e9choppes de rue jusqu&rsquo;\u00e0 la casbah, nobles et haut de la m\u00e9dina o\u00f9 vous pourrez d\u00e9guster une cuisine traditionnelle en profitant de belles vues sur le d\u00e9troit de Tanger et sa baie. Chemin du Caf\u00e9 Hafa o\u00f9 nous prenons le th\u00e9 avec de la menthe rappelant Bowles et d&rsquo;autres, a visit\u00e9 la n\u00e9cropole ph\u00e9nicienne et le soir, d\u00eener et nuit.<\/p>\n<h4><strong><span style=\"color: #ff6600;\">JOUR 6: CHAOUEN &#8211; TETUAN:<\/span><\/strong><\/h4>\n<p>Nous sommes arriv\u00e9s \u00e0 T\u00e9touan, d\u00e9jeuner \u00e0 la m\u00e9dina en passant par Bab el-Rouah pr\u00e8s du palais royal, jusqu&rsquo;\u00e0 la rue Al-Mokaden, les commerces de la r\u00e9gion et les artisans sont arriv\u00e9s \u00e0 la Zawiya Sidi Ali Barka, au-dessus de Bab el-Mqbar. se dresse le mausol\u00e9e de Sidi al-Mandri Grenade qui reconstruisit la ville au XV\u00e8me si\u00e8cle. Nous avons commenc\u00e9 \u00e0 sortir de Bab el-Oqla, d\u00eener et nuit.<\/p>\n<h4><strong><span style=\"color: #ff6600;\">JOUR 7: TETUAN &#8211; TANGER<\/span><\/strong><\/h4>\n<p>Petit d\u00e9jeuner et transfert au port ou \u00e0 l&rsquo;a\u00e9roport comme heure de d\u00e9part, fin de nos services.<\/p>\n<p>Ce qui est inclu:<\/p>\n<p>\u25ba Prise en charge et retrait de l&rsquo;h\u00f4tel<br \/>\n\u25ba Transport par v\u00e9hicule climatis\u00e9. carburant et p\u00e9ages<br \/>\n\u25ba Droits d&rsquo;entr\u00e9e<br \/>\n\u25ba Services d&rsquo;un conducteur anglophone qualifi\u00e9<br \/>\n\u25ba 4 nuits H\u00e9bergement dans des h\u00f4tels bien recommand\u00e9s \/ Kasbahs \/ Riads<br \/>\n\u25ba petit-d\u00e9jeuner et d\u00eener tous les jours<\/p>\n<p>Ce qui n&rsquo;est pas inclus<\/p>\n<p>\u25ba D\u00e9jeuner et boissons<br \/>\n\u25ba Conseils et gratifications<br \/>\n\u25ba Point de rencontre<br \/>\n\u25ba Prise en charge depuis votre h\u00f4tel ou votre riad<\/p>\n","protected":false},"excerpt":{"rendered":"<p>JOUR 1: TANGER &#8211; ASILAH: Accueil au port ou \u00e0 l&rsquo;a\u00e9roport de Tanger. Route d&rsquo;Asilah nous avons visit\u00e9 le phare et souvenez-vous Spartel la mythologie grecque<span class=\"excerpt-hellip\"> [\u2026]<\/span><\/p>\n","protected":false},"author":1,"featured_media":0,"parent":0,"menu_order":0,"comment_status":"closed","ping_status":"closed","template":"","meta":{"ngg_post_thumbnail":0,"footnotes":""},"class_list":["post-505","page","type-page","status-publish","hentry"],"_links":{"self":[{"href":"https:\/\/menaramoroccotours.com\/fr\/wp-json\/wp\/v2\/pages\/505","targetHints":{"allow":["GET"]}}],"collection":[{"href":"https:\/\/menaramoroccotours.com\/fr\/wp-json\/wp\/v2\/pages"}],"about":[{"href":"https:\/\/menaramoroccotours.com\/fr\/wp-json\/wp\/v2\/types\/page"}],"author":[{"embeddable":true,"href":"https:\/\/menaramoroccotours.com\/fr\/wp-json\/wp\/v2\/users\/1"}],"replies":[{"embeddable":true,"href":"https:\/\/menaramoroccotours.com\/fr\/wp-json\/wp\/v2\/comments?post=505"}],"version-history":[{"count":3,"href":"https:\/\/menaramoroccotours.com\/fr\/wp-json\/wp\/v2\/pages\/505\/revisions"}],"predecessor-version":[{"id":756,"href":"https:\/\/menaramoroccotours.com\/fr\/wp-json\/wp\/v2\/pages\/505\/revisions\/756"}],"wp:attachment":[{"href":"https:\/\/menaramoroccotours.com\/fr\/wp-json\/wp\/v2\/media?parent=505"}],"curies":[{"name":"wp","href":"https:\/\/api.w.org\/{rel}","templated":true}]}}