{"id":503,"date":"2017-10-21T16:28:13","date_gmt":"2017-10-21T16:28:13","guid":{"rendered":"https:\/\/africadeserttravel.com\/?page_id=503"},"modified":"2017-10-27T12:14:09","modified_gmt":"2017-10-27T12:14:09","slug":"7-jours-de-marrakech-a-merzouga-via-ouzina-et-ouarzazate","status":"publish","type":"page","link":"https:\/\/menaramoroccotours.com\/fr\/7-jours-de-marrakech-a-merzouga-via-ouzina-et-ouarzazate\/","title":{"rendered":"7 Jours de Marrakech \u00e0 Merzouga via Ouzina et Ouarzazate"},"content":{"rendered":"<h4><span style=\"color: #ff6600;\"><strong>Jour 1 : Marrakech<\/strong><\/span><\/h4>\n<p>Arriver \u00e0&nbsp;&nbsp;l\u2019a\u00e9roport de Menara, Marrakech, et \u00eatre accueillis par votre guide qui vous accompagnera tout au long de votre excursion. Transfert \u00e0 l\u2019h\u00f4tel.&nbsp;Reste de la journ\u00e9e libre pour visiter les principales attractions de Marrakech.<\/p>\n<h4><span style=\"color: #ff6600;\"><strong>Jour 2 : Marrakech \u2013&nbsp;Ouarzazate<\/strong><\/span><\/h4>\n<p>Apr\u00e8s le caf\u00e9 du matin nous conduirons \u00e0 travers les&nbsp;montagnes du Haut Atlas, accessible via Tizi-n-Tichka&nbsp;\u00e0 une hauteur de 2,260m, o\u00f9 il y a des colonies de peuplement berb\u00e8re avec leurs maisons typiques construites d\u2019adobe et de la pierre.<\/p>\n<p>En poursuivant notre voyage nous visiterons la c\u00e9l\u00e8bre Kasbah de&nbsp;A\u00eft&nbsp;Ben&nbsp;Haddou, un site du patrimoine mondial. Dans la soir\u00e9e nous arrivons \u00e0 l\u2019H\u00f4tel \u00e0 Ouarzazate, la capitale du Sud, o\u00f9 vous passerez la nuit. C\u2019est o\u00f9 les voyageurs \u00e0 se pr\u00e9parer pour l\u2019exp\u00e9rience inoubliable de visiter les confins du d\u00e9sert. D\u00eener et nuit \u00e0 l\u2019h\u00f4tel.<\/p>\n<h4><span style=\"color: #ff6600;\"><strong>Jour 3 :&nbsp;Ouarzazate&nbsp;\u2013&nbsp;Ouzina<\/strong><\/span><\/h4>\n<p>Apr\u00e8s le petit-d\u00e9jeuner, nous nous sommes mis en route pour&nbsp;Ouzina. En route nous roulerons \u00e0 travers la&nbsp;vall\u00e9e du Dr\u00e2a et visitez la&nbsp;DRAA&nbsp;Palm Grove; les plus gros dans tout le Maroc, o\u00f9 le vert de sa v\u00e9g\u00e9tation luxuriante se m\u00e9lange avec le bleu \u00e9clatant du ciel.<\/p>\n<p>Nous continuons le long de l\u2019itin\u00e9raire du rallye Paris-Dakar,&nbsp;OUZINA, succinctement divers \u00e0 g\u00e9n\u00e9ralement construits sur la mani\u00e8re Berb\u00e8re villes. D\u00eener et nuit \u00e0 l\u2019h\u00f4tel.<\/p>\n<h4><span style=\"color: #ff6600;\"><strong>Jour 4 :&nbsp;Ouzina<\/strong><\/span><\/h4>\n<p>C\u2019est un jour libre vous donnant l\u2019occasion de visiter le village de&nbsp;Ouzina&nbsp;et ses environs; apprendre ses coutumes et l\u2019exp\u00e9rience de l\u2019hospitalit\u00e9 de ses habitants en partageant un whisky berb\u00e8re (th\u00e9 \u00e0 la menthe) avec eux.<\/p>\n<p>Au cours de votre visite, il y aura l\u2019occasion d\u2019avoir un beau&nbsp;&nbsp;tatouage Hennah (qui les femmes berb\u00e8res, afficher pour une vari\u00e9t\u00e9 de c\u00e9l\u00e9brations et de c\u00e9r\u00e9monies) appliqu\u00e9 par un expert.<\/p>\n<p>Dans la soir\u00e9e, nous allons traverser les dunes sur des chameaux pour voir le magnifique d\u00e9cor du soleil. La soir\u00e9e se poursuivra avec un d\u00e9licieux d\u00eener sous un auvent d\u2019\u00e9toiles, accompagn\u00e9 par la musique traditionnelle avant de passer la nuit dans une tente traditionnelle berb\u00e8re.<\/p>\n<h4><span style=\"color: #ff6600;\"><strong>Jour 5 :&nbsp;Ouzina&nbsp;\u2013&nbsp;Merzouga<\/strong><\/span><\/h4>\n<p>Nous allons vous r\u00e9veiller t\u00f4t pour voir le lever de soleil spectaculaire sur les dunes de l\u2019Erg&nbsp;Ouzina. Apr\u00e8s le petit d\u00e9jeuner nous partons Ouzina&nbsp;dans nos 4\u00d74 en direction de&nbsp;Taouz&nbsp;o\u00f9 nous prendrons un pas en arri\u00e8re dans le temps et visitez une n\u00e9cropole pr\u00e9historique et voir ses gravures anciennes.<\/p>\n<p>Notre prochain arr\u00eat sera le village de&nbsp;KHAMLIA, connu comme le village des Negros, et qui est habit\u00e9 par les descendants d\u2019anciens esclaves venus d\u2019Afrique subsaharienne.<\/p>\n<p>Apr\u00e8s avoir quitt\u00e9&nbsp;Khamlia&nbsp;nous allons prendre une voiture \u00e0 travers les magnifiques dunes de l\u2019Erg&nbsp;Chebbi&nbsp;en route vers les lacs;&nbsp;ce une&nbsp;zone de marais qui, pendant la saison des pluies, est toujours recouvert d\u2019eau. Ce secteur important est une halte r\u00e9guli\u00e8re pour les oiseaux migrateurs, en particulier les flamants roses.<\/p>\n<p>D\u00eener et nuit \u00e0 l\u2019h\u00f4tel.<\/p>\n<h4><span style=\"color: #ff6600;\"><strong>Jour 6:&nbsp;Merzouga&nbsp;\u2013&nbsp;&nbsp;Gorges du Dad\u00e8s<\/strong><\/span><\/h4>\n<p>Apr\u00e8s le petit-d\u00e9jeuner, nous quitter&nbsp;Merzouga&nbsp;et t\u00eate vers&nbsp;BOUMALNE DADES&nbsp;(Dades&nbsp;Gorge).<\/p>\n<p>En route nous nous arr\u00eaterons pour prendre une promenade autour de&nbsp;Rissani, la capitale de la&nbsp;r\u00e9gion, visitant ses Tafilalet march\u00e9 du b\u00e9tail et souk berb\u00e8re.<\/p>\n<p>Puis, nous continuerons \u00e0 travers la vall\u00e9e de&nbsp;Ziz&nbsp;vers&nbsp;Erfoud, pour visiter la carri\u00e8re aux fossiles et voir comment elles sont utilis\u00e9es pour cr\u00e9er de v\u00e9ritables oeuvres d\u2019art; des tables, des bassins de lavage et d\u2019autres morceaux digne de votre attention.<\/p>\n<p>Apr\u00e8s avoir quitt\u00e9&nbsp;Erfoud&nbsp;nous voyageons \u00e0 votre h\u00f4tel o\u00f9 vous pourrez d\u00eener et passer la nuit.<\/p>\n<h4><span style=\"color: #ff6600;\"><strong>Jour 7 :&nbsp;&nbsp;gorges du Dad\u00e8s \u2013 Marrakech<\/strong><\/span><\/h4>\n<p>Le matin, apr\u00e8s un petit d\u00e9jeuner tranquille, nous partons de l\u2019h\u00f4tel et la t\u00eate vers la fameuse&nbsp;&nbsp;gorge du DADES.<\/p>\n<p>Au cours de l\u2019entra\u00eenement via la gorge vous verrez le paysage d\u2019une beaut\u00e9 exceptionnelle, o\u00f9 un certain nombre d\u2019oasis verte sont aliment\u00e9s par la rivi\u00e8re&nbsp;dades. Peu \u00e0 peu la vall\u00e9e se r\u00e9tr\u00e9cit, ouvrant la voie \u00e0 une s\u00e9rie de larges blocs de calcaire avec c\u00f4t\u00e9s vertigineux \u2013 \u201d&nbsp;Gorges du Dad\u00e8s\u201d \u2013 un festin pour les yeux.<\/p>\n<p>12km plus loin sur la route, nous revenir via le col de montagne de&nbsp;Amgoun, la vall\u00e9e des Roses, la&nbsp;palmeraie de Skoura et kasbahs.<\/p>\n<p>Nous arriverons \u00e0 Marrakech au cours de l\u2019apr\u00e8s-midi et vous aurez le reste de la journ\u00e9e libre pour explorer les merveilles de Marrakech.&nbsp;D\u00eener et nuit \u00e0 votre h\u00f4tel.<\/p>\n<p>Enfin nous vous transf\u00e9rer vers l\u2019a\u00e9roport pour votre vol de retour \u00e0 la maison.<\/p>\n","protected":false},"excerpt":{"rendered":"<p>Jour 1 : Marrakech Arriver \u00e0&nbsp;&nbsp;l\u2019a\u00e9roport de Menara, Marrakech, et \u00eatre accueillis par votre guide qui vous accompagnera tout au long de votre excursion. Transfert \u00e0<span class=\"excerpt-hellip\"> [\u2026]<\/span><\/p>\n","protected":false},"author":1,"featured_media":0,"parent":0,"menu_order":0,"comment_status":"closed","ping_status":"closed","template":"","meta":{"ngg_post_thumbnail":0,"footnotes":""},"class_list":["post-503","page","type-page","status-publish","hentry"],"_links":{"self":[{"href":"https:\/\/menaramoroccotours.com\/fr\/wp-json\/wp\/v2\/pages\/503","targetHints":{"allow":["GET"]}}],"collection":[{"href":"https:\/\/menaramoroccotours.com\/fr\/wp-json\/wp\/v2\/pages"}],"about":[{"href":"https:\/\/menaramoroccotours.com\/fr\/wp-json\/wp\/v2\/types\/page"}],"author":[{"embeddable":true,"href":"https:\/\/menaramoroccotours.com\/fr\/wp-json\/wp\/v2\/users\/1"}],"replies":[{"embeddable":true,"href":"https:\/\/menaramoroccotours.com\/fr\/wp-json\/wp\/v2\/comments?post=503"}],"version-history":[{"count":2,"href":"https:\/\/menaramoroccotours.com\/fr\/wp-json\/wp\/v2\/pages\/503\/revisions"}],"predecessor-version":[{"id":757,"href":"https:\/\/menaramoroccotours.com\/fr\/wp-json\/wp\/v2\/pages\/503\/revisions\/757"}],"wp:attachment":[{"href":"https:\/\/menaramoroccotours.com\/fr\/wp-json\/wp\/v2\/media?parent=503"}],"curies":[{"name":"wp","href":"https:\/\/api.w.org\/{rel}","templated":true}]}}