{"id":495,"date":"2017-10-21T16:25:45","date_gmt":"2017-10-21T16:25:45","guid":{"rendered":"https:\/\/africadeserttravel.com\/?page_id=495"},"modified":"2017-10-27T12:15:39","modified_gmt":"2017-10-27T12:15:39","slug":"circuit-desert-de-5-jours-de-marrakech-a-marrakech","status":"publish","type":"page","link":"https:\/\/menaramoroccotours.com\/fr\/circuit-desert-de-5-jours-de-marrakech-a-marrakech\/","title":{"rendered":"Circuit D\u00e9sert de 5 Jours De Marrakech \u00e0 Marrakech"},"content":{"rendered":"<h4><span style=\"color: #ff6600;\"><strong>Jour 1: Marrakech &#8211; Ait Ben Haddou &#8211; Ouarzazate:<\/strong><\/span><\/h4>\n<p>D\u00e9part de Marrakech \u00e0 8h du matin pour traverser les magnifiques montagnes du Haut Atlas \u00e0 travers Tizi n&rsquo;Tichka (alt 2260 m). Nous nous arr\u00eaterons pour profiter de paysages impressionnants et visiterons la coop\u00e9rative p\u00e9troli\u00e8re d&rsquo;Argon. Apr\u00e8s le d\u00e9jeuner dans un restaurant local, nous aurons l&rsquo;apr\u00e8s-midi pour visiter le site du patrimoine mondial de l&rsquo;UNESCO, Ait Ben Haddou. Nous partirons \u00e0 Ouarzazate pour le d\u00eener et l&rsquo;h\u00e9bergement dans un h\u00f4tel traditionnel.<\/p>\n<h4><strong><span style=\"color: #ff6600;\">Jour 2: Ouarzazate &#8211; Vall\u00e9e du Draa &#8211; Merzouga:<\/span><\/strong><\/h4>\n<p>Apr\u00e8s une visite matinale \u00e0 la Kasbah de Taourirt, nous parcourrons la route panoramique qui longe les montagnes du Djebel Sarhro, les oasis et les casbahs de la vall\u00e9e du Dr\u00e2a et le long du Dr\u00e2a, le plus grand fleuve du Maroc en direction du d\u00e9sert. Nous traverserons de nombreux villages berb\u00e8res, notamment Agdz et N&rsquo;kob o\u00f9 nous nous arr\u00eaterons pour d\u00e9jeuner dans un restaurant local avant d&rsquo;arriver \u00e0 Merzouga. Nous d\u00eenerons et nous logerons dans un h\u00f4tel du d\u00e9sert<\/p>\n<h4><strong><span style=\"color: #ff6600;\">Jour 3: Merzouga &#8211; Khamlia &#8211; Rissani &#8211; Erg Chebbi (tente nomade nocturne):<\/span><\/strong><\/h4>\n<p>Aujourd&rsquo;hui, nous allons explorer la r\u00e9gion du d\u00e9sert. Nous ferons un tour des dunes du d\u00e9sert o\u00f9 vous aurez l&rsquo;occasion de voir le mode de vie des nomades et les \u00e9tonnants contrastes changeants du d\u00e9sert. Nous visiterons le \u00abvillage noir\u00bb de Khamlia pour voir les musiciens Gnawa. Nous aurons une pizza berb\u00e8re traditionnelle pour le d\u00e9jeuner dans l&rsquo;ancienne capitale de Rissani. Apr\u00e8s le d\u00e9jeuner, vous pourrez visiter les march\u00e9s traditionnels. L&rsquo;apr\u00e8s-midi nous retournerons \u00e0 l&rsquo;h\u00f4tel pour pr\u00e9parer le d\u00e9part des chameaux. Comme les couchers de soleil sur les dunes du d\u00e9sert Erg Chebbi, nous allons monter les chameaux 90 minutes au camp du d\u00e9sert. Nous aurons un d\u00eener tajine traditionnel et un d\u00e9licieux th\u00e9 \u00e0 la menthe en regardant les \u00e9toiles et la lune montante dans le d\u00e9sert. Nous passerons la nuit dans une tente nomade traditionnelle<\/p>\n<h4><strong><span style=\"color: #ff6600;\">Jour 4: Merzouga &#8211; Gorges du Todra &#8211; Gorges du Dad\u00e8s:<\/span><\/strong><\/h4>\n<p>Nous nous l\u00e8verons t\u00f4t pour voir le spectacle du lever du soleil sur les dunes du Sahara avant de rentrer \u00e0 l&rsquo;h\u00f4tel pour le petit d\u00e9jeuner et une douche. Apr\u00e8s le petit-d\u00e9jeuner, nous voyagerons via Erfoud, derri\u00e8re les montagnes du Haut Atlas, en direction des Gorges du Todra. Nous ferons une courte promenade dans les imposantes gorges du Todra avant de continuer le long des pittoresques vall\u00e9es fluviales en direction des gorges du Dad\u00e8s. Dans l&rsquo;apr\u00e8s-midi, vous pouvez vous promener dans les gorges du Dad\u00e8s. D\u00eener et logement dans un h\u00f4tel.<\/p>\n<h4><strong><span style=\"color: #ff6600;\">Jour 5: Gorges du Dad\u00e8s &#8211; Telouet &#8211; Marrakech:<\/span><\/strong><\/h4>\n<p>Nous prendrons une promenade matinale dans la gorge, nous suivrons la vall\u00e9e du Dad\u00e8s \u00e0 travers El Kelaa Magona et l&rsquo;oasis de Skoura. Apr\u00e8s le d\u00e9jeuner \u00e0 Ouarzazate nous descendrons les montagnes du Haut Atlas pour visiter Telouet et la Kasbah el Glaoui. Nous allons t\u00f4t en soir\u00e9e \u00e0 Marrakech.<\/p>\n<p>Ce qui est inclu:<\/p>\n<p>\u25ba Prise en charge et retrait de l&rsquo;h\u00f4tel<br \/>\n\u25ba Transport par v\u00e9hicule climatis\u00e9. carburant et p\u00e9ages<br \/>\n\u25ba Droits d&rsquo;entr\u00e9e<br \/>\n\u25ba Services d&rsquo;un conducteur anglophone qualifi\u00e9<br \/>\n\u25ba 4 nuits H\u00e9bergement dans des h\u00f4tels bien recommand\u00e9s \/ Kasbahs \/ Riads<br \/>\n\u25ba petit-d\u00e9jeuner et d\u00eener tous les jours<\/p>\n<p>Ce qui n&rsquo;est pas inclus<\/p>\n<p>\u25ba D\u00e9jeuner et boissons<br \/>\n\u25ba Conseils et gratifications<br \/>\n\u25ba Point de rencontre<br \/>\n\u25ba Prise en charge depuis votre h\u00f4tel ou votre riad<\/p>\n","protected":false},"excerpt":{"rendered":"<p>Jour 1: Marrakech &#8211; Ait Ben Haddou &#8211; Ouarzazate: D\u00e9part de Marrakech \u00e0 8h du matin pour traverser les magnifiques montagnes du Haut Atlas \u00e0 travers<span class=\"excerpt-hellip\"> [\u2026]<\/span><\/p>\n","protected":false},"author":1,"featured_media":0,"parent":0,"menu_order":0,"comment_status":"closed","ping_status":"closed","template":"","meta":{"ngg_post_thumbnail":0,"footnotes":""},"class_list":["post-495","page","type-page","status-publish","hentry"],"_links":{"self":[{"href":"https:\/\/menaramoroccotours.com\/fr\/wp-json\/wp\/v2\/pages\/495","targetHints":{"allow":["GET"]}}],"collection":[{"href":"https:\/\/menaramoroccotours.com\/fr\/wp-json\/wp\/v2\/pages"}],"about":[{"href":"https:\/\/menaramoroccotours.com\/fr\/wp-json\/wp\/v2\/types\/page"}],"author":[{"embeddable":true,"href":"https:\/\/menaramoroccotours.com\/fr\/wp-json\/wp\/v2\/users\/1"}],"replies":[{"embeddable":true,"href":"https:\/\/menaramoroccotours.com\/fr\/wp-json\/wp\/v2\/comments?post=495"}],"version-history":[{"count":2,"href":"https:\/\/menaramoroccotours.com\/fr\/wp-json\/wp\/v2\/pages\/495\/revisions"}],"predecessor-version":[{"id":767,"href":"https:\/\/menaramoroccotours.com\/fr\/wp-json\/wp\/v2\/pages\/495\/revisions\/767"}],"wp:attachment":[{"href":"https:\/\/menaramoroccotours.com\/fr\/wp-json\/wp\/v2\/media?parent=495"}],"curies":[{"name":"wp","href":"https:\/\/api.w.org\/{rel}","templated":true}]}}