{"id":490,"date":"2017-10-21T16:22:46","date_gmt":"2017-10-21T16:22:46","guid":{"rendered":"https:\/\/africadeserttravel.com\/?page_id=490"},"modified":"2017-10-27T12:12:23","modified_gmt":"2017-10-27T12:12:23","slug":"4-jours-fes-merzouga-marrakech-2","status":"publish","type":"page","link":"https:\/\/menaramoroccotours.com\/fr\/4-jours-fes-merzouga-marrakech-2\/","title":{"rendered":"4 Jours Fes\u00a0Merzouga\u00a0Marrakech"},"content":{"rendered":"<h4><span style=\"color: #ff6600;\"><strong>Jour 1 :&nbsp;Fes &nbsp;Ifrane Midelt Erfoud&nbsp;Dunes de Merzouga<\/strong><\/span><\/h4>\n<p>Le d\u00e9part du&nbsp;Riad\/h\u00f4tel sera \u00e0 8 Am. Le voyage de l\u2019Erg Chebbi&nbsp;dunes durera 8 heures dans lequel nous allons voir les montagnes de l\u2019Atlas et certains villages (Tafilalet,Erfoud&nbsp;et&nbsp;Rissani). Nous nous arr\u00eaterons dans certaines villes comme Ifrane&nbsp;et&nbsp;Azrou&nbsp;pour profiter de la vue sur le bois de c\u00e8dre et des singes qui y vivent. Le d\u00e9jeuner sera servi \u00e0&nbsp;Midelt&nbsp;, puis nous irons de l\u2019avant \u00e0 travers la&nbsp;&nbsp;vall\u00e9e de Ziz avec une belle vue sur les palmiers jusqu\u2019\u00e0 ce que nous arrivons \u00e0 l\u2019Erg&nbsp;Chebbi&nbsp;o\u00f9 nous ferons camel&nbsp;rack Treck&nbsp;pour atteindre le d\u00e9sert camp pour passer la nuit dans une tente berb\u00e8re.<\/p>\n<h4><span style=\"color: #ff6600;\"><strong>Jour 2: l\u2019Erg&nbsp;Chebbi Rissani Todra&nbsp;Gorges<\/strong><\/span><\/h4>\n<p>Apr\u00e8s le petit-d\u00e9jeuner, le chameau trek encore une fois \u00e0 l\u2019h\u00f4tel pour prendre une douche. Nous quittons le d\u00e9sert du Sahara se l\u00e8ve de l\u2019Erg&nbsp;Chebbi, un terrain accident\u00e9 dur au cours de la Hamada&nbsp;(d\u00e9sert noir) pour obtenir au Sahara ville de&nbsp;Rissani. Par la suite, nous nous dirigeons au nord vers Erfoud&nbsp;qui est connue pour les fossiles; ici nous pouvons arr\u00eater de visiter un atelier de fossiles avant que nous proc\u00e9dions \u00e0 l\u2019\u00e9tonnante&nbsp;Todra&nbsp;vall\u00e9e, connue pour l\u2019escalade de rocher, o\u00f9 vous pouvez vous promener avant de nous rendre \u00e0 l\u2019h\u00f4tel, d\u00eener et nuit.<\/p>\n<h4><span style=\"color: #ff6600;\"><strong>Jour 3 :&nbsp;Todra Gorges&nbsp;Vall\u00e9e du Dad\u00e8s &nbsp;Skoura Ouarzazate<\/strong><\/span><\/h4>\n<p>Petit d\u00e9jeuner \u00e0 l\u2019h\u00f4tel, nous commen\u00e7ons notre voyage le long de la voie de mille Kasbahs, puisqu\u2019il y sont colossaux&nbsp;kasbahs&nbsp;sur deux c\u00f4t\u00e9s de la rue. Certaines de ces vieilles maisons sont restaur\u00e9s mais renforc\u00e9 malheureusement&nbsp;une grande partie d\u2019entre eux sont des&nbsp;vestiges. Nous traversons&nbsp;&nbsp;la vall\u00e9e du Dad\u00e8s et continuer hors de la route, \u00e0 la&nbsp;r\u00e9gion rocheuse ,&nbsp;o\u00f9 de nombreux villages berb\u00e8res et beaucoup de nomades vivant dans des cavernes, ici nous aurons l\u2019occasion de visiter l\u2019un de cette famille et enqu\u00eater sur leur vie quotidienne et leur mouvement fondamental \u201cs\u2019occuper des groupes de ch\u00e8vres &amp; chirp\u201d. Nous allons \u00eatre stup\u00e9fait par les sc\u00e8nes de la brillante&nbsp;&nbsp;vall\u00e9e des roses avant de nous atteindre&nbsp;Skoura&nbsp;palmeraies. 45km plus loin, nous atteignons&nbsp;Ouarzazate&nbsp;pour la nuit dans un&nbsp;h\u00f4tel local .<\/p>\n<h4><span style=\"color: #ff6600;\"><strong>Jour 4 :&nbsp;Ouarzazate Ait Benhaddou&nbsp; Haut Atlas Marrakech<\/strong><\/span><\/h4>\n<p>Apr\u00e8s le petit-d\u00e9jeuner, nous allons commencer notre voyage par une visite des studios cin\u00e9matographiques trouv\u00e9 \u00e0&nbsp;Ouarzazate&nbsp;qui est consid\u00e9r\u00e9e comme Hollywood de l\u2019Afrique. Ensuite nous visiterons le&nbsp;&nbsp;site du patrimoine tout compris de&nbsp;Ait Benhaddou&nbsp;Kasbah comme il a \u00e9t\u00e9 nomm\u00e9 par&nbsp;l\u2019Unesco&nbsp;en 1987.&nbsp;Ait Benhaddou&nbsp;est le site du patrimoine mondial qui a \u00e9t\u00e9 utilis\u00e9 comme param\u00e8tre pour plus de 20 films incorporant des \u201cGladiator\u201d \u201d Indiana Jones \u201d et \u201d Lawrence d\u2019Arabie \u201c. Revel dans une promenade \u00e0 enqu\u00eater sur le style de construction marocaine universelle mod\u00e9lisation dans laquelle les Kasbahs sont construits. Nous&nbsp;passions&nbsp;notre approche \u00e0&nbsp;Marrakech \u00e0 travers les montagnes du Haut Atlas et&nbsp;Tizi N\u2019Tichka&nbsp;. Arr\u00eat pour le d\u00e9jeuner jusqu\u2019au centre de l\u2019Atlas. Retour \u00e0 votre&nbsp;riad&nbsp;\u00e0&nbsp;Marrakech ou \u00e0 l\u2019h\u00f4tel .<\/p>\n","protected":false},"excerpt":{"rendered":"<p>Jour 1 :&nbsp;Fes &nbsp;Ifrane Midelt Erfoud&nbsp;Dunes de Merzouga Le d\u00e9part du&nbsp;Riad\/h\u00f4tel sera \u00e0 8 Am. Le voyage de l\u2019Erg Chebbi&nbsp;dunes durera 8 heures dans lequel nous<span class=\"excerpt-hellip\"> [\u2026]<\/span><\/p>\n","protected":false},"author":1,"featured_media":0,"parent":0,"menu_order":0,"comment_status":"closed","ping_status":"closed","template":"","meta":{"ngg_post_thumbnail":0,"footnotes":""},"class_list":["post-490","page","type-page","status-publish","hentry"],"_links":{"self":[{"href":"https:\/\/menaramoroccotours.com\/fr\/wp-json\/wp\/v2\/pages\/490","targetHints":{"allow":["GET"]}}],"collection":[{"href":"https:\/\/menaramoroccotours.com\/fr\/wp-json\/wp\/v2\/pages"}],"about":[{"href":"https:\/\/menaramoroccotours.com\/fr\/wp-json\/wp\/v2\/types\/page"}],"author":[{"embeddable":true,"href":"https:\/\/menaramoroccotours.com\/fr\/wp-json\/wp\/v2\/users\/1"}],"replies":[{"embeddable":true,"href":"https:\/\/menaramoroccotours.com\/fr\/wp-json\/wp\/v2\/comments?post=490"}],"version-history":[{"count":2,"href":"https:\/\/menaramoroccotours.com\/fr\/wp-json\/wp\/v2\/pages\/490\/revisions"}],"predecessor-version":[{"id":752,"href":"https:\/\/menaramoroccotours.com\/fr\/wp-json\/wp\/v2\/pages\/490\/revisions\/752"}],"wp:attachment":[{"href":"https:\/\/menaramoroccotours.com\/fr\/wp-json\/wp\/v2\/media?parent=490"}],"curies":[{"name":"wp","href":"https:\/\/api.w.org\/{rel}","templated":true}]}}