{"id":486,"date":"2017-10-21T16:21:30","date_gmt":"2017-10-21T16:21:30","guid":{"rendered":"https:\/\/africadeserttravel.com\/?page_id=486"},"modified":"2017-10-27T12:11:21","modified_gmt":"2017-10-27T12:11:21","slug":"3-jours-voyage-au-maroc-de-marrakech","status":"publish","type":"page","link":"https:\/\/menaramoroccotours.com\/fr\/3-jours-voyage-au-maroc-de-marrakech\/","title":{"rendered":"3 Jours voyage au Maroc de Marrakech"},"content":{"rendered":"<h4><span style=\"color: #ff6600;\"><strong>Jour 1: Marrakech-OUARZAZATE-SKOURA-gorges du Dad\u00e8s.<\/strong><\/span><\/h4>\n<p>Matin D\u00e9part de Marrakech \u00e0&nbsp;dades.<\/p>\n<p>Sur le chemin, nous allons voir les belles montagnes de l\u2019Atlas&nbsp;&nbsp;et&nbsp;Tizi N\u2019Tichka&nbsp;\u00e0 une hauteur de 2260&nbsp;m\u00e8tres.<\/p>\n<p>Nous continuons \u00e0 travers de beaux paysages, jusqu\u2019\u00e0 ce que nous atteignions Kasbah&nbsp;Ait Benhaddou, c\u00e9l\u00e8bre pour sa structure solide et le film \u201cBabel\u201d. Nous aurons le temps de prendre quelques photos m\u00e9morables avant de poursuivre notre voyage \u00e0 Ouarzazate.<\/p>\n<p>Apr\u00e8s avoir quitter&nbsp;Ouarzazate, nous continuons \u00e0 travers les&nbsp;gorges du Dad\u00e8s le long de la \u201croute des kasbahs\u2019 \u00e0 votre h\u00f4tel, o\u00f9 vous pourrez d\u00eener et passer la nuit.<\/p>\n<h4><span style=\"color: #ff6600;\"><strong>Jour 2 : gorges du Dad\u00e8s-TODRA GORGES-MERZOUGA.<\/strong><\/span><\/h4>\n<p>Apr\u00e8s un petit-d\u00e9jeuner tranquille dans votre h\u00f4tel, nous nous dirigerons vers la&nbsp;Todra&nbsp;Gorge. Ici, nous allons faire une promenade le long du haut des murs, construite \u00e0 une hauteur de 200m, avant de continuer vers le<\/p>\n<p>D\u00e9sert \u00e0 travers le&nbsp;Tafilalet&nbsp;for\u00eat de palmiers&nbsp;.Peu de temps&nbsp;apr\u00e8s son arriv\u00e9e \u00e0 l\u2019h\u00f4tel dans le d\u00e9sert, nous ferons embarquer nos chameaux pour une promenade de quatre heures au coeur du d\u00e9sert d\u2019o\u00f9 nous allons regarder le magnifique coucher de soleil.<\/p>\n<p>Entour\u00e9 par des dunes de sable et d\u00e9tente majestueux sous une vaste baldaquin d\u2019\u00e9toiles scintillantes, nous allons profiter de la musique des tambours et boire du th\u00e9 marocain avec notre repas. Nous allons dormir dans les tentes de nomades.<\/p>\n<h4><span style=\"color: #ff6600;\"><strong>Jour 3:MERZOUGA-RISSANI-MARRAKECH.<\/strong><\/span><\/h4>\n<p>Nous interviendrons tr\u00e8s t\u00f4t le matin pour voir un autre grand spectacle \u00e0 travers les dunes du Sahara marocain : le lever de soleil spectaculaire.<\/p>\n<p>Nous retournons \u00e0 l\u2019h\u00f4tel sur des chameaux.<\/p>\n<p>Apr\u00e8s le petit-d\u00e9jeuner et une douche nous rejoindre la route et voyage \u00e0&nbsp;Rissani,&nbsp;o\u00f9 nous visiterons le souk. C\u2019est un march\u00e9 authentique marocain traditionnel et est le plus grand souk dans le sud du Maroc. Il les n\u00e9gociants vendent toutes sortes de l\u2019artisanat, la nourriture et les animaux.<\/p>\n<p>Nous avons donc maintenant laisser derri\u00e8re la magnifique&nbsp;&nbsp;Vall\u00e9e du Dr\u00e2a avec ses palmiers luxuriants et continuer notre retour \u00e0 Marrakech par le biais plus majestueux.<\/p>\n<p>Nous arrivons \u00e0 Marrakech dans la soir\u00e9e et transfert \u00e0 votre h\u00f4tel.<\/p>\n<p>Fin de&nbsp;nos&nbsp;services.<\/p>\n","protected":false},"excerpt":{"rendered":"<p>Jour 1: Marrakech-OUARZAZATE-SKOURA-gorges du Dad\u00e8s. Matin D\u00e9part de Marrakech \u00e0&nbsp;dades. Sur le chemin, nous allons voir les belles montagnes de l\u2019Atlas&nbsp;&nbsp;et&nbsp;Tizi N\u2019Tichka&nbsp;\u00e0 une hauteur de 2260&nbsp;m\u00e8tres.<span class=\"excerpt-hellip\"> [\u2026]<\/span><\/p>\n","protected":false},"author":1,"featured_media":0,"parent":0,"menu_order":0,"comment_status":"closed","ping_status":"closed","template":"","meta":{"ngg_post_thumbnail":0,"footnotes":""},"class_list":["post-486","page","type-page","status-publish","hentry"],"_links":{"self":[{"href":"https:\/\/menaramoroccotours.com\/fr\/wp-json\/wp\/v2\/pages\/486","targetHints":{"allow":["GET"]}}],"collection":[{"href":"https:\/\/menaramoroccotours.com\/fr\/wp-json\/wp\/v2\/pages"}],"about":[{"href":"https:\/\/menaramoroccotours.com\/fr\/wp-json\/wp\/v2\/types\/page"}],"author":[{"embeddable":true,"href":"https:\/\/menaramoroccotours.com\/fr\/wp-json\/wp\/v2\/users\/1"}],"replies":[{"embeddable":true,"href":"https:\/\/menaramoroccotours.com\/fr\/wp-json\/wp\/v2\/comments?post=486"}],"version-history":[{"count":2,"href":"https:\/\/menaramoroccotours.com\/fr\/wp-json\/wp\/v2\/pages\/486\/revisions"}],"predecessor-version":[{"id":748,"href":"https:\/\/menaramoroccotours.com\/fr\/wp-json\/wp\/v2\/pages\/486\/revisions\/748"}],"wp:attachment":[{"href":"https:\/\/menaramoroccotours.com\/fr\/wp-json\/wp\/v2\/media?parent=486"}],"curies":[{"name":"wp","href":"https:\/\/api.w.org\/{rel}","templated":true}]}}