{"id":484,"date":"2017-10-21T16:20:51","date_gmt":"2017-10-21T16:20:51","guid":{"rendered":"https:\/\/africadeserttravel.com\/?page_id=484"},"modified":"2017-10-27T12:11:11","modified_gmt":"2017-10-27T12:11:11","slug":"3-jours-tour-de-ouarzazate-vers-zagora","status":"publish","type":"page","link":"https:\/\/menaramoroccotours.com\/fr\/3-jours-tour-de-ouarzazate-vers-zagora\/","title":{"rendered":"3 Jours Tour De Ouarzazate vers Zagora"},"content":{"rendered":"<h4 id=\"tw-target-text\" class=\"tw-data-text vk_txt tw-ta tw-text-small\" dir=\"ltr\" data-placeholder=\"\u0627\u0644\u062a\u0631\u062c\u0645\u0629\"><span style=\"color: #ff6600;\"><strong><span lang=\"fr\">Jour 1: Ouarzazate \u2013 Agdez \u2013 Zagora.<\/span><\/strong><\/span><\/h4>\n<p class=\"tw-data-text vk_txt tw-ta tw-text-small\" dir=\"ltr\" data-placeholder=\"\u0627\u0644\u062a\u0631\u062c\u0645\u0629\"><span lang=\"fr\">Dans la matin\u00e9e, d\u00e9part vers Zagora \u00e0 travers le Tizi-n-Tinifift passer, pour atteindre Agdez puis la vall\u00e9e du Draa. Vous prendrez la route non goudronn\u00e9e \u00e0 partir de villages Tansikht \u00e0 travers la for\u00eat des palmiers vers l\u2019oasis de Zagora o\u00f9 vous arr\u00eater pour d\u00e9jeuner \u00e0 la Kasbah Asma. Apr\u00e8s le d\u00e9jeuner, vous visiterez les premi\u00e8res dunes de sable de Tinfou et la biblioth\u00e8que de Tamegroute m\u00e9di\u00e9vale avec ses vieux livres coraniques qui remontent au 11 \u00e8me si\u00e8cle. Enregistrement \u00e0 l\u2019h\u00f4tel \u00e0 Zagora.<\/span><\/p>\n<h4 class=\"tw-data-text vk_txt tw-ta tw-text-small\" dir=\"ltr\" data-placeholder=\"\u0627\u0644\u062a\u0631\u062c\u0645\u0629\"><span style=\"color: #ff6600;\"><strong><span lang=\"fr\">Jour 2: Zagora \u2013 Erfoud \u2013 dunes de Merzouga.<\/span><\/strong><\/span><\/h4>\n<p class=\"tw-data-text vk_txt tw-ta tw-text-small\" dir=\"ltr\" data-placeholder=\"\u0627\u0644\u062a\u0631\u062c\u0645\u0629\"><span lang=\"fr\">D\u00e9part pour Merzouga par le Tafilalet Djbl travers\u00e9e du d\u00e9sert de pierre sur l\u2019Anti-Atlas avec ses paysages lunaires. Vous vous arr\u00eaterez pour d\u00e9jeuner dans Tazarine. Dans ce domaine, il ya des paysages d\u00e9sertiques et villages fortifi\u00e9s, qui servent \u00e0 la vieille caravane route apportant de l\u2019or d\u2019Afrique du Sud d\u2019\u00e9changer pour le sucre et le sel. Vous continuerez \u00e0 les dunes de Merzouga et \u00e9changer votre 4 \u00d7 4 avec des chameaux et monter pour passer la nuit dans l\u2019oasis au c\u0153ur des dunes de l\u2019Erg Chebbi.<\/span><\/p>\n<h4 class=\"tw-data-text vk_txt tw-ta tw-text-small\" dir=\"ltr\" data-placeholder=\"\u0627\u0644\u062a\u0631\u062c\u0645\u0629\"><span style=\"color: #ff6600;\"><strong><span lang=\"fr\">Jour 3: Erfoud-Gorges de Todra-Vall\u00e9e des Roses-Ouarzazate.<\/span><\/strong><\/span><\/h4>\n<p class=\"tw-data-text vk_txt tw-ta tw-text-small\" dir=\"ltr\" data-placeholder=\"\u0627\u0644\u062a\u0631\u062c\u0645\u0629\"><span lang=\"fr\">Vous allez r\u00e9veiller t\u00f4t et de marcher \u00e0 travers les dunes pour voir le lever du soleil. Vous prendrez votre petit d\u00e9jeuner, ses valises et monter de nouveau \u00e0 o\u00f9 la voiture et le chauffeur vous attendent pour vous ramasser. Puis, visite du march\u00e9 berb\u00e8re de Rissani. Vous passerez \u00e0 travers le paysage de d\u00e9sert et de voir de nombreux villages fortifi\u00e9s dans les jardins de palmiers magnifiques sur la vall\u00e9e du Ziz. Arriv\u00e9e \u00e0 Tinghir. Vous vous arr\u00eaterez pour d\u00e9jeuner dans le coeur des spectaculaires gorges du Todra, avec ses immenses falaises rouges, \u00e0 couper le souffle. Roulons pour une promenade pour d\u00e9couvrir la palmeraie de Tinghir. Retour \u00e0 Ouarzazate le long de la route Mille Kasbahs et la vall\u00e9e Roses.<\/span><\/p>\n","protected":false},"excerpt":{"rendered":"<p>Jour 1: Ouarzazate \u2013 Agdez \u2013 Zagora. Dans la matin\u00e9e, d\u00e9part vers Zagora \u00e0 travers le Tizi-n-Tinifift passer, pour atteindre Agdez puis la vall\u00e9e du Draa.<span class=\"excerpt-hellip\"> [\u2026]<\/span><\/p>\n","protected":false},"author":1,"featured_media":0,"parent":0,"menu_order":0,"comment_status":"closed","ping_status":"closed","template":"","meta":{"ngg_post_thumbnail":0,"footnotes":""},"class_list":["post-484","page","type-page","status-publish","hentry"],"_links":{"self":[{"href":"https:\/\/menaramoroccotours.com\/fr\/wp-json\/wp\/v2\/pages\/484","targetHints":{"allow":["GET"]}}],"collection":[{"href":"https:\/\/menaramoroccotours.com\/fr\/wp-json\/wp\/v2\/pages"}],"about":[{"href":"https:\/\/menaramoroccotours.com\/fr\/wp-json\/wp\/v2\/types\/page"}],"author":[{"embeddable":true,"href":"https:\/\/menaramoroccotours.com\/fr\/wp-json\/wp\/v2\/users\/1"}],"replies":[{"embeddable":true,"href":"https:\/\/menaramoroccotours.com\/fr\/wp-json\/wp\/v2\/comments?post=484"}],"version-history":[{"count":2,"href":"https:\/\/menaramoroccotours.com\/fr\/wp-json\/wp\/v2\/pages\/484\/revisions"}],"predecessor-version":[{"id":747,"href":"https:\/\/menaramoroccotours.com\/fr\/wp-json\/wp\/v2\/pages\/484\/revisions\/747"}],"wp:attachment":[{"href":"https:\/\/menaramoroccotours.com\/fr\/wp-json\/wp\/v2\/media?parent=484"}],"curies":[{"name":"wp","href":"https:\/\/api.w.org\/{rel}","templated":true}]}}