{"id":479,"date":"2017-10-21T16:19:36","date_gmt":"2017-10-21T16:19:36","guid":{"rendered":"https:\/\/africadeserttravel.com\/?page_id=479"},"modified":"2017-10-27T12:11:05","modified_gmt":"2017-10-27T12:11:05","slug":"3-jours-de-ouarzazate-visite-du-desert-merzouga","status":"publish","type":"page","link":"https:\/\/menaramoroccotours.com\/fr\/3-jours-de-ouarzazate-visite-du-desert-merzouga\/","title":{"rendered":"3 Jours de Ouarzazate Visite du d\u00e9sert Merzouga"},"content":{"rendered":"<h4><span style=\"color: #ff6600;\"><strong>Jour 1 :&nbsp;Ouarzazate&nbsp;\u2013&nbsp;Merzouga<\/strong><\/span><\/h4>\n<p>Apr\u00e8s le petit-d\u00e9jeuner \u00e0 votre lieu d\u2019h\u00e9bergement \u00e0&nbsp;Ouarzazate, nous nous dirigeons pour la vall\u00e9e de Draa&nbsp;\u00e0 travers lequel s\u2019ex\u00e9cute l\u2019Oued Draa&nbsp;, une des plus longues au Maroc. Nous allons faire largement s\u2019arr\u00eate pour vous de profiter de la vue et prendre des photos du paysage naturel, l\u2019enchanteur kasbahs&nbsp;et les nombreux villages berb\u00e8res construit d\u2019adobe, de laquelle sont diss\u00e9min\u00e9es le long de notre route.<\/p>\n<p>Peu de temps apr\u00e8s une pause caf\u00e9 dans&nbsp;Alnif, nous arriverons \u00e0 l\u2019impressionnant des dunes de sable de Merzouga&nbsp;o\u00f9 nous allons prendre le th\u00e9 avec les habitants locaux durant la p\u00e9riode de repos apr\u00e8s le voyage.<\/p>\n<p>Une courte promenade dans les dunes nous placera dans une position id\u00e9ale pour regarder le cadre majestueux du soleil avant de retourner \u00e0 votre h\u00f4tel.<\/p>\n<h4><span style=\"color: #ff6600;\"><strong>2 \u00e8me jour : visite en 4\u00d74, Camel trek et nuit \u00e0&nbsp;Jaimas<\/strong><\/span><\/h4>\n<p>Apr\u00e8s un d\u00e9jeuner d\u00e9contract\u00e9 nous fera une tourn\u00e9e dans les oasis qui s\u2019\u00e9tend sur les dunes de l\u2019Erg&nbsp;Chebbi. Cela comprendra une visite au village de KHAMLIA, qui est peupl\u00e9e principalement par des personnes dont les anc\u00eatres ont \u00e9t\u00e9 amen\u00e9s au nord de l\u2019&nbsp;Afrique subsaharienne comme esclaves.<\/p>\n<p>Notre prochain arr\u00eat sera \u00e0 la ville d\u00e9sertique de&nbsp;m\u2019fis&nbsp;et plus tard nous viendrons \u00e0 travers de petits villages et habitations isol\u00e9es loin de la&nbsp;civilisation, avant de rencontrer des gens avec lesquels nomades accueillant nous allons boire le th\u00e9 habituels, avec ou sans menthe alors assis sous leur jaimas&nbsp;(traditionnel tentes berb\u00e8res).<\/p>\n<p>En fin d\u2019apr\u00e8s-midi vous aurez l\u2019option de trekking \u00e0 dos de chameaux au milieu de la mer de sable, \u00e0 regarder le cadre inoubliable du soleil avant de d\u00e9penser une soir\u00e9e magique de d\u00eener et hospitalit\u00e9 berb\u00e8re sous un auvent d\u2019\u00e9toiles. Vous passerez la nuit dans&nbsp;jaimas.<\/p>\n<h4><span style=\"color: #ff6600;\"><strong>Jour 3:&nbsp;Merzouga&nbsp;\u2013&nbsp;Ouarzazate<\/strong><\/span><\/h4>\n<p>Apr\u00e8s une hausse tr\u00e8s t\u00f4t afin d\u2019\u00eatre sur les chameaux dans le temps de regarder le lever du soleil, nous retournons \u00e0 l\u2019h\u00f4tel pour le petit-d\u00e9jeuner et d\u2019une douche.<\/p>\n<p>Nous allons prochaine visite&nbsp;Rissani, auparavant appel\u00e9 Sijilmassa, et qui \u00e9tait un principe arr\u00eater sur les routes caravani\u00e8res du Sahara dans le nord. C\u2019est o\u00f9 berb\u00e8res tenir leur march\u00e9 traditionnel 3 fois par semaine, vendant de tout, des v\u00eatements pour le b\u00e9tail.<\/p>\n<p>Continuant \u00e0 travers paysage semi-d\u00e9sertique nous arriver \u00e0 la ville oasis sur&nbsp;Tinghir, probablement l\u2019un des plus beaux endroits dans tout le Maroc. En suivant le fleuve&nbsp;en amont Todgha, nous arrivons \u00e0 l\u2019impressionnante&nbsp;Todra&nbsp;Gorge, qui est seulement \u00e0 10m de large \u00e0 certains endroits, mais les parois de la gorge sont jusqu\u2019\u00e0 160m de haut.<\/p>\n<p>Apr\u00e8s une courte halte dans la ville nous reprendre notre route le long de la route des kasbahs, 1000 jusqu\u2019\u00e0 ce que nous arrivons \u00e0&nbsp;&nbsp;gorges du Dad\u00e8s. Il y a certaines formations rocheuses exceptionnelles caus\u00e9es par l\u2019\u00e9rosion, ce qui en fait un endroit id\u00e9al pour certaines photos fantastique.<\/p>\n<p>Enfin nous revenir \u00e0&nbsp;Ouarzazate, une des villes les plus importante dans le sud du Maroc, qui est \u00e9galement c\u00e9l\u00e8bre en tant que lieu de tournage de plusieurs films de renomm\u00e9e internationale, tels que Gladiator, Troy et la momie, pour n\u2019en nommer que quelques-uns.<\/p>\n","protected":false},"excerpt":{"rendered":"<p>Jour 1 :&nbsp;Ouarzazate&nbsp;\u2013&nbsp;Merzouga Apr\u00e8s le petit-d\u00e9jeuner \u00e0 votre lieu d\u2019h\u00e9bergement \u00e0&nbsp;Ouarzazate, nous nous dirigeons pour la vall\u00e9e de Draa&nbsp;\u00e0 travers lequel s\u2019ex\u00e9cute l\u2019Oued Draa&nbsp;, une des<span class=\"excerpt-hellip\"> [\u2026]<\/span><\/p>\n","protected":false},"author":1,"featured_media":0,"parent":0,"menu_order":0,"comment_status":"closed","ping_status":"closed","template":"","meta":{"ngg_post_thumbnail":0,"footnotes":""},"class_list":["post-479","page","type-page","status-publish","hentry"],"_links":{"self":[{"href":"https:\/\/menaramoroccotours.com\/fr\/wp-json\/wp\/v2\/pages\/479","targetHints":{"allow":["GET"]}}],"collection":[{"href":"https:\/\/menaramoroccotours.com\/fr\/wp-json\/wp\/v2\/pages"}],"about":[{"href":"https:\/\/menaramoroccotours.com\/fr\/wp-json\/wp\/v2\/types\/page"}],"author":[{"embeddable":true,"href":"https:\/\/menaramoroccotours.com\/fr\/wp-json\/wp\/v2\/users\/1"}],"replies":[{"embeddable":true,"href":"https:\/\/menaramoroccotours.com\/fr\/wp-json\/wp\/v2\/comments?post=479"}],"version-history":[{"count":3,"href":"https:\/\/menaramoroccotours.com\/fr\/wp-json\/wp\/v2\/pages\/479\/revisions"}],"predecessor-version":[{"id":746,"href":"https:\/\/menaramoroccotours.com\/fr\/wp-json\/wp\/v2\/pages\/479\/revisions\/746"}],"wp:attachment":[{"href":"https:\/\/menaramoroccotours.com\/fr\/wp-json\/wp\/v2\/media?parent=479"}],"curies":[{"name":"wp","href":"https:\/\/api.w.org\/{rel}","templated":true}]}}