{"id":477,"date":"2017-10-21T16:18:55","date_gmt":"2017-10-21T16:18:55","guid":{"rendered":"https:\/\/africadeserttravel.com\/?page_id=477"},"modified":"2017-10-27T12:10:43","modified_gmt":"2017-10-27T12:10:43","slug":"10-jours-villes-imperiales-de-casablanca-et-desert","status":"publish","type":"page","link":"https:\/\/menaramoroccotours.com\/fr\/10-jours-villes-imperiales-de-casablanca-et-desert\/","title":{"rendered":"10 jours Villes imp\u00e9riales de Casablanca et d\u00e9sert"},"content":{"rendered":"<h4><span style=\"color: #ff6600;\"><strong>Jour 1:&nbsp;Arriv\u00e9e \u00e0&nbsp;Casablanca:<\/strong><\/span><\/h4>\n<p>D\u00e8s votre arriv\u00e9e \u00e0 l\u2019a\u00e9roport de Casablanca, notre chauffeur viendra vous chercher et vous d\u00e9poser \u00e0 votre h\u00f4tel. Apr\u00e8s, vous voudrez peut-\u00eatre voir certains des sites touristiques de la ville, le meilleur \u00e9tant la Mosqu\u00e9e Hassan II.&nbsp;Nuit dans un h\u00f4tel.<\/p>\n<h4><span style=\"color: #ff6600;\"><strong>Jour 2 : Casablanca Rabat :<\/strong><\/span><\/h4>\n<p>Apr\u00e8s le petit-d\u00e9jeuner, de commencer le voyage vers la capitale du Maroc, Rabat est la premi\u00e8re ville imp\u00e9riale que vous allez visiter. Nous pouvons vous organiser une visite guid\u00e9e avec un guide officiel; vous visiterez la&nbsp;&nbsp;Kasbah des Oudayas, la Tour Hassan &amp; Mausol\u00e9e Mohammed V, ainsi que les&nbsp;&nbsp;jardins de Chellah &amp; n\u00e9cropole. Vous passerez la nuit dans un&nbsp;Riad.<\/p>\n<h4><span style=\"color: #ff6600;\"><strong>Jour 3 : Rabat Mekn\u00e9s&nbsp;Volubilis&nbsp;Fes :<\/strong><\/span><\/h4>\n<p>Aujourd\u2019hui, vous vous rendrez \u00e0 Mekn\u00e8s,&nbsp;l\u2019une des ville imp\u00e9riale du Maroc. Vous visiterez la place et voir l\u2019un des plus impressionnants du Maroc passerelles, Bab Mansour. Vous aurez ensuite la t\u00eate gr\u00e2ce \u00e0 Volubilis&nbsp;. Les&nbsp;ruines romaines et puis \u00e0 la SEF pour la nuit.&nbsp;Nuit dans un&nbsp;Riad.<\/p>\n<h4><span style=\"color: #ff6600;\"><strong>Jour 4 : Visite guid\u00e9e de F\u00e8s:<\/strong><\/span><\/h4>\n<p>\u00c0 FES, vous aurez une visite guid\u00e9e avec un guide officiel et vous serez en mesure d\u2019explorer la M\u00e9dina de Fes prot\u00e9g\u00e9 par l\u2019UNESCO, Fes est constitu\u00e9 de 9 000 routes et des all\u00e9es et il est pr\u00e9f\u00e9rable de l\u2019explorer avec un expert. Fes Medina est la plus ancienne et la plus belle au Maroc, presque inchang\u00e9 depuis le Moyen Age et d\u00e9clar\u00e9e Patrimoine de l\u2019humanit\u00e9 en 1981. Les portes nous conduisent \u00e0 un enchev\u00eatrement de rues \u00e9troites et aux ruelles autour de la mosqu\u00e9e&nbsp;Kairouine. Son universit\u00e9 est la plus ancienne dans le monde. Visiter le quartier des tanneurs et d\u00e9couvrez une terrasse surplombant la tannerie. Nuit dans un Riad.<\/p>\n<h4><span style=\"color: #ff6600;\"><strong>Jour 5 : Fes&nbsp;Ifrane Midelt&nbsp;Erg&nbsp;Chebbi :<\/strong><\/span><\/h4>\n<p>Notre chauffeur viendra vous chercher autour de 9h vers les&nbsp;&nbsp;dunes de l\u2019Erg Chebbi. Sur la fa\u00e7on dont vous passerez&nbsp;Ifrane&nbsp;avant de poursuivre ensuite au reste de&nbsp;Midelt&nbsp;et la&nbsp;&nbsp;vall\u00e9e de Ziz et sur le d\u00e9sert pour la nuit pour un Sahara aventure. Arriver \u00e0 votre destination en fin d\u2019apr\u00e8s-midi. D\u00eener et nuit en&nbsp;auberge.<\/p>\n<h4><span style=\"color: #ff6600;\"><strong>Jour 6: l\u2019Erg&nbsp;Chebbi&nbsp;d\u00e9sert du Sahara :<\/strong><\/span><\/h4>\n<p>Aujourd\u2019hui, vous aurez la journ\u00e9e \u00e0 explorer le&nbsp;&nbsp;d\u00e9sert du Sahara Erg Chebbi. Vous pourrez visiter un village&nbsp;KHAMLIA musicale locale, partager un th\u00e9 avec une famille de nomades. Suite, se pr\u00e9parer \u00e0 chameau Trekking dans le d\u00e9sert. Vous vous arr\u00eaterez pour admirer le coucher du soleil. Le d\u00eener sous les \u00e9toiles suivie par une nuit dans une tente de style Berb\u00e8re.&nbsp;Nous avons notre propre camp. Si vous pr\u00e9f\u00e9rez ne pas camper, vous allez Camel Trekking pendant une heure pour voir le coucher du soleil et passer la nuit \u00e0 l\u2019&nbsp;auberge.<\/p>\n<h4><span style=\"color: #ff6600;\"><strong>Jour 7 : la&nbsp;&nbsp;vall\u00e9e du Dad\u00e8s Erg Chebbi&nbsp;Ouarzazate :<\/strong><\/span><\/h4>\n<p>Ce matin, vous pourrez admirer le coucher du soleil et prendre des photos exceptionnelles avant de chameau Trekking retour \u00e0 l\u2019&nbsp;auberge. Vous aurez ensuite la t\u00eate \u00e0 Ouarzazate. Sur le chemin, vous vous d\u00e9tour pour visiter Todra&nbsp;Gorge. Vous vous dirigerez alors vers&nbsp;Ouarzazate&nbsp;et visite&nbsp;Taorirt&nbsp;Kasbah ayant appartenu \u00e0 la&nbsp;&nbsp;famille Glaouis D\u00eener et nuit dans un&nbsp;Riad.<\/p>\n<h4><span style=\"color: #ff6600;\"><strong>Jour 8 :&nbsp;Ouarzazate A\u00eft&nbsp;Ben&nbsp;Haddou&nbsp;Marrakech :<\/strong><\/span><\/h4>\n<p>Apr\u00e8s son d\u00e9part de&nbsp;Ouarzazate&nbsp;vous sera s\u2019arr\u00eatant au site du patrimoine mondial de l\u2019UNESCO \u00e0&nbsp;l\u2019Ait&nbsp;Ben&nbsp;Haddou. Puis, vous allez traverser Tiz&nbsp;n&nbsp;Tichka&nbsp;, sur les montagnes du Haut Atlas et \u00e0 Marrakech.&nbsp;Nuit dans un&nbsp;Riad.<\/p>\n<h4><span style=\"color: #ff6600;\"><strong>Jour 9 : Visite guid\u00e9e de Marrakech :<\/strong><\/span><\/h4>\n<p>Aujourd\u2019hui aura une visite guid\u00e9e priv\u00e9e facultative de M\u00e9dina de Marrakech avec un guide officiel de Marrakech. Vous verrez la c\u00e9l\u00e8bre mosqu\u00e9e&nbsp;Koutubia, la m\u00e9dina et ses souks, et d\u2019explorer certains plus de Marrakech\u2019s secrets : Ali Ben Youssef \u00e9cole coranique, les Saadiens&nbsp;le palais Bahia et&nbsp;&nbsp;jardins Majorelle.&nbsp;Nuit dans un&nbsp;Riad&nbsp;de la m\u00e9dina.<\/p>\n<h4><span style=\"color: #ff6600;\"><strong>Jour 10 : D\u00e9part de Marrakech :<\/strong><\/span><\/h4>\n<p>Transfert \u00e0 l\u2019a\u00e9roport \u00e0 l\u2019heure de votre&nbsp;vol.Nous&nbsp;esp\u00e9rons que vous avez eu un merveilleux voyage.<\/p>\n","protected":false},"excerpt":{"rendered":"<p>Jour 1:&nbsp;Arriv\u00e9e \u00e0&nbsp;Casablanca: D\u00e8s votre arriv\u00e9e \u00e0 l\u2019a\u00e9roport de Casablanca, notre chauffeur viendra vous chercher et vous d\u00e9poser \u00e0 votre h\u00f4tel. Apr\u00e8s, vous voudrez peut-\u00eatre voir<span class=\"excerpt-hellip\"> [\u2026]<\/span><\/p>\n","protected":false},"author":1,"featured_media":0,"parent":0,"menu_order":0,"comment_status":"closed","ping_status":"closed","template":"","meta":{"ngg_post_thumbnail":0,"footnotes":""},"class_list":["post-477","page","type-page","status-publish","hentry"],"_links":{"self":[{"href":"https:\/\/menaramoroccotours.com\/fr\/wp-json\/wp\/v2\/pages\/477","targetHints":{"allow":["GET"]}}],"collection":[{"href":"https:\/\/menaramoroccotours.com\/fr\/wp-json\/wp\/v2\/pages"}],"about":[{"href":"https:\/\/menaramoroccotours.com\/fr\/wp-json\/wp\/v2\/types\/page"}],"author":[{"embeddable":true,"href":"https:\/\/menaramoroccotours.com\/fr\/wp-json\/wp\/v2\/users\/1"}],"replies":[{"embeddable":true,"href":"https:\/\/menaramoroccotours.com\/fr\/wp-json\/wp\/v2\/comments?post=477"}],"version-history":[{"count":2,"href":"https:\/\/menaramoroccotours.com\/fr\/wp-json\/wp\/v2\/pages\/477\/revisions"}],"predecessor-version":[{"id":743,"href":"https:\/\/menaramoroccotours.com\/fr\/wp-json\/wp\/v2\/pages\/477\/revisions\/743"}],"wp:attachment":[{"href":"https:\/\/menaramoroccotours.com\/fr\/wp-json\/wp\/v2\/media?parent=477"}],"curies":[{"name":"wp","href":"https:\/\/api.w.org\/{rel}","templated":true}]}}