{"id":399,"date":"2017-10-16T15:34:29","date_gmt":"2017-10-16T15:34:29","guid":{"rendered":"https:\/\/africadeserttravel.com\/?page_id=399"},"modified":"2017-10-27T12:09:07","modified_gmt":"2017-10-27T12:09:07","slug":"excusions","status":"publish","type":"page","link":"https:\/\/menaramoroccotours.com\/fr\/excusions\/","title":{"rendered":"Excusions"},"content":{"rendered":"<h4><strong><span style=\"color: #ff6600;\">EXCURSION ESSAOUIRA<\/span><\/strong><\/h4>\n<p>La c\u00f4te atlantique marocaine est magnifique et, une fois que vous visitez, vous souhaitez revenir en arri\u00e8re.&nbsp;Essaouira, une ville reposante set 3 heures de Marrakech, est un site du patrimoine mondial de l\u2019UNESCO \u2013 une ville prot\u00e9g\u00e9e. Les remparts d\u2019Essaouria&nbsp;et le 16e Si\u00e8cle ville fortifi\u00e9e offrent une vue \u00e9tonnante sur l\u2019oc\u00e9an Atlantique. Une excursion d\u2019une journ\u00e9e \u00e0&nbsp;Essaouria&nbsp;\u2013 l\u2019une des plus charmantes medinas dans tout le Maroc \u2013 vous donnera amplement le temps de visiter les monuments importants, les vieux march\u00e9s de poisson, et le port de mer. Vous aurez \u00e9galement la chance d\u2019observer des artisans d\u2019argent et des sculpteurs sur bois au travail.<\/p>\n<h4><span style=\"color: #ff6600;\"><strong>Atlas&nbsp;montagnes<\/strong><\/span><\/h4>\n<p>Ramassage \u00e0 9h de Marrakech et les voyages vers les montagnes du Haut Atlas.&nbsp;Asni&nbsp;et entourant&nbsp;les villages berb\u00e8res&nbsp;taches d\u00e9licieux de s\u2019\u00e9loigner de l\u2019attraction exotique et chaude de Marrakech \u00e0 ce froid et robuste maison de pays berb\u00e8re. Un groupe de villages autour de l\u2019&nbsp;rivervalley Moulay&nbsp;Ibrahim situ\u00e9 dans un cadre spectaculaire des montagnes du Haut Atlas avec de tr\u00e8s belles vues de la montagne la plus haute du Maroc et l\u2019Afrique du Nord&nbsp;Djebel&nbsp;Toubkal.&nbsp;Une atmosph\u00e8re accueillante de petits villages, des pentes raides, des cascades, et des jardins luxuriants.&nbsp;s\u2019arr\u00eater \u00e0 l\u2019un des foyers de Berb\u00e8res pour un verre de th\u00e9 \u00e0 la menthe. Si vous aimez la possibilit\u00e9 de prendre un trek court \u00e0 environ 20 minutes \u00e0 l\u2019eau des Cascades dans l\u2019&nbsp;OurikaValley, maison pour le Toubkal Parc National. Retour attendu \u00e0 environ 5h.<\/p>\n<h4><strong><span style=\"color: #ff6600;\">Cascades d\u2019OUZOUD<\/span><\/strong><\/h4>\n<p>Images d\u2019&nbsp;Ouzoud&nbsp;sont en vedette dans presque chaque brochure touristique marocaine. Les chutes d\u2019eau sont \u00e0 3 heures en voiture de Marrakech et se trouve au milieu de la cha\u00eene de montagnes de l\u2019Atlas. La chute d\u2019une hauteur de plus de 100 m\u00e8tres, les chutes plonger dans une interminable s\u00e9rie de pools. La gorge de la&nbsp;Cascades&nbsp;d\u2019Ouzoud est accueil aux familles de Barbarie singes et une vari\u00e9t\u00e9 d\u2019esp\u00e8ces aviaires indig\u00e8nes \u2013 un&nbsp;d\u00e9lice ornithologues! De nombreux visiteurs au Maroc ne vous attendez pas \u00e0 ce genre de \u201d l\u2019exp\u00e9rience naturelle\u201d, de sorte qu\u2019une visite \u00e0 la belle&nbsp;Ouzoud&nbsp;vient comme un rafra\u00eechissant surprise.<\/p>\n<h4><strong><span style=\"color: #ff6600;\">La vall\u00e9e Ourika<\/span><\/strong><\/h4>\n<p>Un week-end pr\u00e9f\u00e9r\u00e9 \u00e9chapper for native marocains, la&nbsp;&nbsp;vall\u00e9e de l\u2019Ourika est \u00e0 30 km de Marrakech et repose entre les contreforts de l\u2019Atlas. Une \u00e9vasion de la vie de la ville, la vall\u00e9e attire les visiteurs avec une atmosph\u00e8re accueillante de petits villages, des pentes raides, des cascades, et des jardins luxuriants. N\u2019oubliez pas d\u2019arr\u00eater et de visiter les villages berb\u00e8res sur la voie.&nbsp;La&nbsp;vall\u00e9e Ourika ne peut \u00eatre visit\u00e9 que comme demi-journ\u00e9e de visite au lieu d\u2019une journ\u00e9e compl\u00e8te. Vous pourrez le d\u00e9guster dans la matin\u00e9e avec retour \u00e0 Marrakech Apr\u00e8s le d\u00e9jeuner ou si vous pr\u00e9f\u00e9rez vous pouvez partir Marrakech, profiter de l\u2019apr\u00e8s-midi dans l\u2019&nbsp;Ourika&nbsp;puis retour \u00e0 Marrakech apr\u00e8s le d\u00eener dans la vall\u00e9e.<\/p>\n<h4><strong><span style=\"color: #ff6600;\">OUARZAZATE (TELOUET &amp; A\u00eft Ben Haddou KASBAHS)<\/span><\/strong><\/h4>\n<p>Cette excursion d\u2019une journ\u00e9e enti\u00e8re vous conduira \u00e0 travers la cha\u00eene \u00e0 travers le Haut Atlas&nbsp;Tizi N\u2019Tichka&nbsp;\u2013 un paysage grandiose de la haute montagne et traditionnel des villages berb\u00e8res. La descente le long de l\u2019east side de la cha\u00eene offre un changement soudain dans le paysage luxuriant \u00e0 un panorama aride, le d\u00e9sert. \u00c0&nbsp;Ouarzazate, visite de la Kasbah de A\u00eft&nbsp;Ben&nbsp;Haddou&nbsp;et&nbsp;Taourirt&nbsp;Kasbah.&nbsp;L\u2019Ait&nbsp;Ben&nbsp;Haddou&nbsp;est prot\u00e9g\u00e9 par l\u2019UNESCO site du 11\u00e8me si\u00e8cle qui a inspir\u00e9 plusieurs r\u00e9alisateurs, Gladiator et Lawrence d\u2019Arabie a \u00e9t\u00e9 film\u00e9 l\u00e0-bas. Les vues de la partie sup\u00e9rieure de hauteurs sont admirables et valent la mont\u00e9e requise de ruelles \u00e9troites et sinueuses.<\/p>\n<h4><strong><span style=\"color: #ff6600;\">MARRAKECH<\/span><\/strong><\/h4>\n<p>Marrakech activit\u00e9s touristiques et des choses \u00e0 voir et \u00e0 faire \u00e0&nbsp;Marrakech .<\/p>\n<p>Comme toute l\u2019un sait Marrakech est une des plus anciennes villes imp\u00e9riales fond\u00e9e autour de&nbsp; 1060-1106) par le roi Youssef Ibn Tachafine&nbsp;l\u2019empire de la dynastie des Berb\u00e8res&nbsp;Almoravides&nbsp;(, situ\u00e9 dans le&nbsp;Hawz, d\u2019une plaine agricole d\u00e9limit\u00e9e au sud et \u00e0 l\u2019est par les montagnes du Haut Atlas, et arros\u00e9e par le&nbsp;fleuve Tansift, appel\u00e9 la&nbsp;perle&nbsp;du sud, on a une vue imprenable sur le snow-capped Haut Atlas entour\u00e9 par des milliers de palmiers et des champs agricoles.<\/p>\n<p>Sous la&nbsp;gouvernance&nbsp;de&nbsp;&nbsp;dynastie Almaravides (1055-1157)Marrakech&nbsp;est devenu la base&nbsp;fo&nbsp;the trade &amp; conqu\u00eate du Maroc, des portions du&nbsp;Maghreb, et de l\u2019Andalousie.<\/p>\n<p>L\u2019&nbsp;ampire&nbsp;a \u00e9largi en ce moment d\u2019&nbsp;Espagne&nbsp;vers&nbsp;le S\u00e9n\u00e9gal, Marrakech, a \u00e9t\u00e9 le carrefour de l\u2019ancienne route des caravanes de Tombouctou a une destination cl\u00e9 pour le commerce et l\u2019association Reprieve pour las commer\u00e7ants subsaharienne transportant l\u2019or, de sel et d\u2019esclaves \u00e0 destination de l\u2019Europe.<\/p>\n","protected":false},"excerpt":{"rendered":"<p>EXCURSION ESSAOUIRA La c\u00f4te atlantique marocaine est magnifique et, une fois que vous visitez, vous souhaitez revenir en arri\u00e8re.&nbsp;Essaouira, une ville reposante set 3 heures de<span class=\"excerpt-hellip\"> [\u2026]<\/span><\/p>\n","protected":false},"author":1,"featured_media":0,"parent":0,"menu_order":0,"comment_status":"closed","ping_status":"closed","template":"","meta":{"ngg_post_thumbnail":0,"footnotes":""},"class_list":["post-399","page","type-page","status-publish","hentry"],"_links":{"self":[{"href":"https:\/\/menaramoroccotours.com\/fr\/wp-json\/wp\/v2\/pages\/399","targetHints":{"allow":["GET"]}}],"collection":[{"href":"https:\/\/menaramoroccotours.com\/fr\/wp-json\/wp\/v2\/pages"}],"about":[{"href":"https:\/\/menaramoroccotours.com\/fr\/wp-json\/wp\/v2\/types\/page"}],"author":[{"embeddable":true,"href":"https:\/\/menaramoroccotours.com\/fr\/wp-json\/wp\/v2\/users\/1"}],"replies":[{"embeddable":true,"href":"https:\/\/menaramoroccotours.com\/fr\/wp-json\/wp\/v2\/comments?post=399"}],"version-history":[{"count":3,"href":"https:\/\/menaramoroccotours.com\/fr\/wp-json\/wp\/v2\/pages\/399\/revisions"}],"predecessor-version":[{"id":831,"href":"https:\/\/menaramoroccotours.com\/fr\/wp-json\/wp\/v2\/pages\/399\/revisions\/831"}],"wp:attachment":[{"href":"https:\/\/menaramoroccotours.com\/fr\/wp-json\/wp\/v2\/media?parent=399"}],"curies":[{"name":"wp","href":"https:\/\/api.w.org\/{rel}","templated":true}]}}