{"id":375,"date":"2017-10-16T15:28:52","date_gmt":"2017-10-16T15:28:52","guid":{"rendered":"https:\/\/africadeserttravel.com\/?page_id=375"},"modified":"2017-10-27T12:09:39","modified_gmt":"2017-10-27T12:09:39","slug":"propos-maroc","status":"publish","type":"page","link":"https:\/\/menaramoroccotours.com\/fr\/propos-maroc\/","title":{"rendered":"Propos Maroc"},"content":{"rendered":"<p><strong>Le Maroc<\/strong> (en arabe&nbsp;: \u0627\u0644\u0645\u063a\u0631\u0628&nbsp;; en berb\u00e8re&nbsp;: \u2d4e\u2d53\u2d54\u2d30\u2d3d\u2d53\u2d5b), ou en forme longue officielle le Royaume du Maroc, est un \u00c9tat situ\u00e9 au nord-ouest de l\u2019Afrique du Nord. G\u00e9ographiquement, il est caract\u00e9ris\u00e9 par des zones montagneuses ou d\u00e9sertiques, et est l\u2019un des seuls pays (avec l\u2019Espagne et la France) \u00e0 comporter des rives sur la mer M\u00e9diterran\u00e9e d\u2019un c\u00f4t\u00e9 et l\u2019oc\u00e9an Atlantique de l\u2019autre. Sa capitale est Rabat et sa plus grande ville Casablanca.<\/p>\n<p>Il a une population de pr\u00e8s de 34 millions d\u2019habitants (recensement de 2014) et une superficie de 710&nbsp;850&nbsp;km\u00b28 (47,51 hab.\/km\u00b2), ou de 446&nbsp;550&nbsp;km\u00b2 quand on n\u2019y inclut pas le Sahara occidental \u2014 ex-\u00ab&nbsp;Sahara espagnol&nbsp;\u00bb, consid\u00e9r\u00e9 comme un territoire non autonome par l\u2019Organisation des Nations unies1 \u2014 dont il administre de facto environ 80&nbsp;% et qu\u2019il revendique dans sa totalit\u00e9, tout comme le Front Polisario. Sa culture est principalement berb\u00e8re, avec des influences africaines, arabes et europ\u00e9ennes, et les Marocains sont en majorit\u00e9 de culture berb\u00e8re avec des influences arabes et de confession musulmane.<\/p>\n<p>Par ailleurs, il fait partie de l\u2019Organisation des Nations unies, de la Ligue arabe, de l\u2019Union du Maghreb arabe, de l\u2019Organisation de la coop\u00e9ration islamique, de l\u2019Organisation internationale de la francophonie, du Groupe des 77 et de l\u2019Union pour la M\u00e9diterran\u00e9e.<\/p>\n","protected":false},"excerpt":{"rendered":"<p>Le Maroc (en arabe&nbsp;: \u0627\u0644\u0645\u063a\u0631\u0628&nbsp;; en berb\u00e8re&nbsp;: \u2d4e\u2d53\u2d54\u2d30\u2d3d\u2d53\u2d5b), ou en forme longue officielle le Royaume du Maroc, est un \u00c9tat situ\u00e9 au nord-ouest de l\u2019Afrique du<span class=\"excerpt-hellip\"> [\u2026]<\/span><\/p>\n","protected":false},"author":1,"featured_media":0,"parent":0,"menu_order":0,"comment_status":"closed","ping_status":"closed","template":"","meta":{"ngg_post_thumbnail":0,"footnotes":""},"class_list":["post-375","page","type-page","status-publish","hentry"],"_links":{"self":[{"href":"https:\/\/menaramoroccotours.com\/fr\/wp-json\/wp\/v2\/pages\/375","targetHints":{"allow":["GET"]}}],"collection":[{"href":"https:\/\/menaramoroccotours.com\/fr\/wp-json\/wp\/v2\/pages"}],"about":[{"href":"https:\/\/menaramoroccotours.com\/fr\/wp-json\/wp\/v2\/types\/page"}],"author":[{"embeddable":true,"href":"https:\/\/menaramoroccotours.com\/fr\/wp-json\/wp\/v2\/users\/1"}],"replies":[{"embeddable":true,"href":"https:\/\/menaramoroccotours.com\/fr\/wp-json\/wp\/v2\/comments?post=375"}],"version-history":[{"count":3,"href":"https:\/\/menaramoroccotours.com\/fr\/wp-json\/wp\/v2\/pages\/375\/revisions"}],"predecessor-version":[{"id":835,"href":"https:\/\/menaramoroccotours.com\/fr\/wp-json\/wp\/v2\/pages\/375\/revisions\/835"}],"wp:attachment":[{"href":"https:\/\/menaramoroccotours.com\/fr\/wp-json\/wp\/v2\/media?parent=375"}],"curies":[{"name":"wp","href":"https:\/\/api.w.org\/{rel}","templated":true}]}}