{"id":1065,"date":"2020-06-26T18:32:04","date_gmt":"2020-06-26T18:32:04","guid":{"rendered":"http:\/\/menaramoroccotours.com\/?page_id=1065\/"},"modified":"2020-06-27T09:44:59","modified_gmt":"2020-06-27T09:44:59","slug":"chameau-dans-le-desert-dagafay","status":"publish","type":"page","link":"https:\/\/menaramoroccotours.com\/fr\/chameau-dans-le-desert-dagafay\/","title":{"rendered":"Chameau dans le d\u00e9sert d&rsquo;Agafay"},"content":{"rendered":"<p><img loading=\"lazy\" decoding=\"async\" class=\"size-medium wp-image-1062 aligncenter\" src=\"http:\/\/menaramoroccotours.com\/wp-content\/uploads\/2020\/06\/AgafayDesertMorocco-300x200.jpg\" alt=\"\" width=\"300\" height=\"200\" srcset=\"https:\/\/menaramoroccotours.com\/wp-content\/uploads\/2020\/06\/AgafayDesertMorocco-300x200.jpg 300w, https:\/\/menaramoroccotours.com\/wp-content\/uploads\/2020\/06\/AgafayDesertMorocco-768x512.jpg 768w, https:\/\/menaramoroccotours.com\/wp-content\/uploads\/2020\/06\/AgafayDesertMorocco-219x146.jpg 219w, https:\/\/menaramoroccotours.com\/wp-content\/uploads\/2020\/06\/AgafayDesertMorocco-50x33.jpg 50w, https:\/\/menaramoroccotours.com\/wp-content\/uploads\/2020\/06\/AgafayDesertMorocco-112x75.jpg 112w, https:\/\/menaramoroccotours.com\/wp-content\/uploads\/2020\/06\/AgafayDesertMorocco.jpg 1000w\" sizes=\"auto, (max-width: 300px) 100vw, 300px\" \/>La visite du d\u00e9sert Agafay Marrakech \u00e0 dos de chameau et le d\u00eener commenceront d\u00e8s votre h\u00e9bergement \u00e0 Marrakech \u00e0 16h00. Notre chauffeur viendra vous chercher \u00e0 votre h\u00f4tel \u00e0 Marrakech et vous conduira en 40 minutes environ au d\u00e9sert Agafay, pr\u00e8s de Marrakech. Vous atteindrez le campement vers 16h40 et vous serez accueillis par un th\u00e9 \u00e0 la menthe marocaine, en vous relaxant et en profitant des environs jusqu&rsquo;\u00e0 ce que les chameaux soient pr\u00eats vers 17h30, puis vous monterez \u00e0 dos de chameau et partirez en randonn\u00e9e chameli\u00e8re pour voir le coucher de soleil qui se fera dans une des collines du d\u00e9sert Agafay.<\/p>\n<p>Apr\u00e8s avoir profit\u00e9 du coucher de soleil et de la vue sur les montagnes de l&rsquo;Atlas, vous monterez les chameaux pour revenir au campement o\u00f9 vous prendrez votre d\u00eener dans les tentes nomades au milieu du d\u00e9sert d&rsquo;Agafay, avec les \u00e9toiles et le silence.<\/p>\n","protected":false},"excerpt":{"rendered":"<p>La visite du d\u00e9sert Agafay Marrakech \u00e0 dos de chameau et le d\u00eener commenceront d\u00e8s votre h\u00e9bergement \u00e0 Marrakech \u00e0 16h00. Notre chauffeur viendra vous chercher<span class=\"excerpt-hellip\"> [\u2026]<\/span><\/p>\n","protected":false},"author":1,"featured_media":0,"parent":0,"menu_order":0,"comment_status":"closed","ping_status":"closed","template":"","meta":{"ngg_post_thumbnail":0,"footnotes":""},"class_list":["post-1065","page","type-page","status-publish","hentry"],"_links":{"self":[{"href":"https:\/\/menaramoroccotours.com\/fr\/wp-json\/wp\/v2\/pages\/1065","targetHints":{"allow":["GET"]}}],"collection":[{"href":"https:\/\/menaramoroccotours.com\/fr\/wp-json\/wp\/v2\/pages"}],"about":[{"href":"https:\/\/menaramoroccotours.com\/fr\/wp-json\/wp\/v2\/types\/page"}],"author":[{"embeddable":true,"href":"https:\/\/menaramoroccotours.com\/fr\/wp-json\/wp\/v2\/users\/1"}],"replies":[{"embeddable":true,"href":"https:\/\/menaramoroccotours.com\/fr\/wp-json\/wp\/v2\/comments?post=1065"}],"version-history":[{"count":2,"href":"https:\/\/menaramoroccotours.com\/fr\/wp-json\/wp\/v2\/pages\/1065\/revisions"}],"predecessor-version":[{"id":1142,"href":"https:\/\/menaramoroccotours.com\/fr\/wp-json\/wp\/v2\/pages\/1065\/revisions\/1142"}],"wp:attachment":[{"href":"https:\/\/menaramoroccotours.com\/fr\/wp-json\/wp\/v2\/media?parent=1065"}],"curies":[{"name":"wp","href":"https:\/\/api.w.org\/{rel}","templated":true}]}}