{"id":597,"date":"2017-10-22T14:54:37","date_gmt":"2017-10-22T14:54:37","guid":{"rendered":"https:\/\/africadeserttravel.com\/?page_id=597"},"modified":"2017-10-27T12:37:31","modified_gmt":"2017-10-27T12:37:31","slug":"9-dias-desde-fez-a-tanger","status":"publish","type":"page","link":"https:\/\/menaramoroccotours.com\/es\/9-dias-desde-fez-a-tanger\/","title":{"rendered":"9 D\u00edas desde Fez a\u00a0Tanger"},"content":{"rendered":"<h4><span style=\"color: #ff6600;\"><strong>D\u00eda 1: Fez<\/strong><\/span><\/h4>\n<p>A su llegada al aeropuerto de Fez uno de nuestro equipo le dar\u00e1 la bienvenida, a continuaci\u00f3n, llevar\u00e1 a su alojamiento.<\/p>\n<h4><span style=\"color: #ff6600;\"><strong>D\u00eda 2: Fez Visita<\/strong><\/span><\/h4>\n<p>Despu\u00e9s del desayuno visita a la una de las m\u00e1s famosas ciudades de Marruecos es muy importante, la oportunidad de visitar los monumentos hist\u00f3ricos y la antigua Medina con sus hermosas calles estrechas.<\/p>\n<h4><span style=\"color: #ff6600;\"><strong>D\u00eda 3: Fez de&nbsp;Ouad Laou<\/strong><\/span><\/h4>\n<p>Este viaje va a llevar a la magia del norte, a la hermosa ciudad de&nbsp;Ouad Laou, que anida en el norte de Marruecos en la Costa Mediterr\u00e1nea. Muy bellos paisajes para disfrutar mientras se conduce por el lado del mar a lo largo del recorrido.<\/p>\n<h4><span style=\"color: #ff6600;\"><strong>D\u00eda 4:&nbsp;Ouad Laou&nbsp;&nbsp;Tetu\u00e1n a T\u00e1nger a trav\u00e9s<\/strong><\/span><\/h4>\n<p>Despu\u00e9s del desayuno, saldremos con la novia del norte marroqu\u00ed como la prefieren llamar a la ciudad de&nbsp;T\u00e1nger&nbsp;incluye una visita a la hermosa ciudad de Tetu\u00e1n,&nbsp;las l\u00e1grimas de la lengua bereber.<\/p>\n<h4><span style=\"color: #ff6600;\"><strong>D\u00eda 5:&nbsp;T\u00e1nger&nbsp;Visita<\/strong><\/span><\/h4>\n<p>Novia o&nbsp;la perla del norte sin duda merece la pena una visita a sus monumentos hist\u00f3ricos y sitios naturales como el H\u00e9rcules Cueva. El contraste de las antiguas y nuevas y modernas es algo que hay que observar y que caminando por las calles de esa sublevaci\u00f3n ciudad.<\/p>\n<h4><span style=\"color: #ff6600;\"><strong>D\u00eda 6:&nbsp;T\u00e1nger&nbsp;a Meknes<\/strong><\/span><\/h4>\n<p>Este viaje nos llevar\u00e1 a las ciudades imperiales, a visitar la ciudad que se encuentra en el centro de Marruecos, la ciudad de Meknes. A lo largo del camino, los verdes y prosperar las tierras en Marruecos puede ser observado.<\/p>\n<h4><span style=\"color: #ff6600;\"><strong>D\u00eda 7: Meknes Visita<\/strong><\/span><\/h4>\n<p>Meknes es una ciudad con tantas puertas que rodeado de enormes murallas, fundada por los&nbsp;Ismailiyan. Monumentos Hist\u00f3ricos, como el famoso&nbsp;Plaza Lahdim&nbsp;Qara y la&nbsp;c\u00e1rcel, la tumba de&nbsp;Moulay Ismail&nbsp;\u2026. sin duda merece la pena una visita.<\/p>\n<h4><span style=\"color: #ff6600;\"><strong>D\u00eda 8: Fez Meknes a trav\u00e9s&nbsp;Volubilis<\/strong><\/span><\/h4>\n<p>Despu\u00e9s del desayuno, salida para visitar la ciudad santa de Moulay&nbsp;Idriss Zerhoun&nbsp;en nuestro camino de regreso a Fez, tambi\u00e9n visitaremos la antigua ciudad romana de Volubilis&nbsp;, para continuar el camino para unirse a la ciudad de Fez<\/p>\n<h4><span style=\"color: #ff6600;\"><strong>D\u00eda 9: Traslado aeropuerto de Fez<\/strong><\/span><\/h4>\n","protected":false},"excerpt":{"rendered":"<p>D\u00eda 1: Fez A su llegada al aeropuerto de Fez uno de nuestro equipo le dar\u00e1 la bienvenida, a continuaci\u00f3n, llevar\u00e1 a su alojamiento. D\u00eda 2:<span class=\"excerpt-hellip\"> [\u2026]<\/span><\/p>\n","protected":false},"author":1,"featured_media":0,"parent":0,"menu_order":0,"comment_status":"closed","ping_status":"closed","template":"","meta":{"ngg_post_thumbnail":0,"footnotes":""},"class_list":["post-597","page","type-page","status-publish","hentry"],"_links":{"self":[{"href":"https:\/\/menaramoroccotours.com\/es\/wp-json\/wp\/v2\/pages\/597","targetHints":{"allow":["GET"]}}],"collection":[{"href":"https:\/\/menaramoroccotours.com\/es\/wp-json\/wp\/v2\/pages"}],"about":[{"href":"https:\/\/menaramoroccotours.com\/es\/wp-json\/wp\/v2\/types\/page"}],"author":[{"embeddable":true,"href":"https:\/\/menaramoroccotours.com\/es\/wp-json\/wp\/v2\/users\/1"}],"replies":[{"embeddable":true,"href":"https:\/\/menaramoroccotours.com\/es\/wp-json\/wp\/v2\/comments?post=597"}],"version-history":[{"count":2,"href":"https:\/\/menaramoroccotours.com\/es\/wp-json\/wp\/v2\/pages\/597\/revisions"}],"predecessor-version":[{"id":814,"href":"https:\/\/menaramoroccotours.com\/es\/wp-json\/wp\/v2\/pages\/597\/revisions\/814"}],"wp:attachment":[{"href":"https:\/\/menaramoroccotours.com\/es\/wp-json\/wp\/v2\/media?parent=597"}],"curies":[{"name":"wp","href":"https:\/\/api.w.org\/{rel}","templated":true}]}}