{"id":593,"date":"2017-10-22T14:53:26","date_gmt":"2017-10-22T14:53:26","guid":{"rendered":"https:\/\/africadeserttravel.com\/?page_id=593"},"modified":"2017-10-27T12:36:10","modified_gmt":"2017-10-27T12:36:10","slug":"8-dias-desierto-marruecos-ciudades-imperiales","status":"publish","type":"page","link":"https:\/\/menaramoroccotours.com\/es\/8-dias-desierto-marruecos-ciudades-imperiales\/","title":{"rendered":"8 D\u00edas Desierto Marruecos ciudades imperiales"},"content":{"rendered":"<h4><span style=\"color: #ff6600;\"><strong>D\u00eda 1: Casablanca Rabat&nbsp;Moulay Idiss Zarhoun&nbsp;Meknes Fes<\/strong><\/span><\/h4>\n<p>La carretera a Fes a trav\u00e9s de la capital Rabat, nos lleva a lo largo de una hermosa campi\u00f1a donde las aceitunas, cereales, hortalizas y uva. Antes de llegar a Fez, Meknes y&nbsp;Volubilis visita. Volubilis&nbsp;es el sitio de las famosas ruinas romanas de la \u00e9poca del Imperio Romano la m\u00e1s meridional de avanzada. Meknes es el sitio de la primera dinast\u00eda \u00e1rabe, creado por Moulay&nbsp;&nbsp;Ismail, e incluye la&nbsp;Medersa Bou Inania&nbsp;y el Bab Mansour, la puerta de entrada al&nbsp;&nbsp;Palacio Moulay Ismail. Esto nos lleva a la&nbsp;Sehrij es-Souani, los establos y graneros. Planta superior se encuentra el jard\u00edn de la azotea y una cafeter\u00eda con una gran vista de la ciudad. Llegar a Fes, registrarse en el hotel.<\/p>\n<h4><span style=\"color: #ff6600;\"><strong>D\u00eda 2: Fes turismo<\/strong><\/span><\/h4>\n<p>Despu\u00e9s del desayuno, comenzar\u00e1 su visita \u201cde la vida m\u00e1s antigua Medina en el mundo\u201d con un funcionario local gu\u00eda de la excursi\u00f3n. Usted har\u00e1 un recorrido por la Medina con su \u201csouks\u201d (mercados), parando en la puerta de entrada al Palacio Real, el siglo 9&nbsp;Karouine&nbsp;mezquita y universidad. Tambi\u00e9n podr\u00e1 visitar la tumba de la ciudad fundadora, Moulay Idriss&nbsp;&nbsp;II. El almuerzo ser\u00e1 en uno de los restaurantes tradicionales de la antigua Medina. Despu\u00e9s del almuerzo usted va a continuar su tour para visitar las&nbsp;Najarine&nbsp;fuente, el antiguo Har\u00e9n Garden y el&nbsp;&nbsp;Museo Batha. En el camino de regreso al hotel, usted se detendr\u00e1 para disfrutar de una vista panor\u00e1mica de la ciudad.<\/p>\n<h4><span style=\"color: #ff6600;\"><strong>D\u00eda 3: Fez&nbsp;Azrou Midelt hizo una declaraci\u00f3n camino zigzagueante para Salir&nbsp;Valle&nbsp;Erfoud Rissani Merzouga<\/strong><\/span><\/h4>\n<p>En la ma\u00f1ana, iremos a las monta\u00f1as, a una regi\u00f3n conocida como&nbsp;Imouzzer, que se cubri\u00f3 en los bosques de cedro, enebro y alcornoques. La zona es muy conocida por su abundante vida salvaje, y muchos tipos de aves, jabal\u00edes y simios Barbary puede ser visto en nuestra ruta esc\u00e9nica. La carretera, a continuaci\u00f3n, empezar a subir a las monta\u00f1as del Atlas Medio; las laderas puede ser salpicada de las tiendas y los reba\u00f1os de cabras n\u00f3madas Bereberes que llame a esta regi\u00f3n escarpada casa. Despu\u00e9s de un almuerzo tard\u00edo en Midelt hizo una declaraci\u00f3n, continuamos por caminos de monta\u00f1a con vistas a la amplia corriente Oued camino zigzagueante para salir. Pasando kasbahs&nbsp;y palmeral, seguimos a trav\u00e9s de los adobe de color ciudad de&nbsp;Er-Rachidia&nbsp;y por la tarde llegar a&nbsp;Merzouga, una peque\u00f1a ciudad en las afueras de el desierto del Sahara. La Noche en Merzouga.<\/p>\n<h4><span style=\"color: #ff6600;\"><strong>D\u00eda 4: Recorrido por Erg&nbsp;Chebbi&nbsp; desierto<\/strong><\/span><\/h4>\n<p>Despu\u00e9s del desayuno en el hotel, vamos a ir a un tour por Erg&nbsp;Chebbi; vamos a visitar una&nbsp;casa y escuchar a algunos&nbsp;gnaoua&nbsp;m\u00fasica, originalmente de Ghana y el Sud\u00e1n. Vamos a visitar algunas minas abandonadas, los n\u00f3madas Bereberes y un oasis de palmeras. Hacia mediod\u00eda regresamos a&nbsp;Merzouga. Despu\u00e9s del almuerzo y tiempo libre para descansar, nos encontramos con el camello que est\u00e1n esperando&nbsp;para llevarnos a una aventura en las dunas de arena. Pasaremos la noche en un campamento equipado con frenos de tambor m\u00fasica en medio del Sahara; esta es una gran oportunidad de tomar hermosas fotos del atardecer y el amanecer. Cuando hemos llegado al campamento, vamos a subir una alta duna para ver la puesta de sol. Pasaremos la noche en el hotel de miles de&nbsp;&nbsp;estrellas, una tienda Bereber, pero brillante cielo (lleno de estrellas).<\/p>\n<h4><span style=\"color: #ff6600;\"><strong>D\u00eda 5: &nbsp;Merzouga&nbsp;&nbsp;valle Dades Gargantas Todra<\/strong><\/span><\/h4>\n<p>Despu\u00e9s de ver el amanecer, volvemos con los camellos en&nbsp;Merzouga. Despu\u00e9s del desayuno y una ducha en el hotel, comenzaremos nuestro viaje al&nbsp;valle dades. Cruzando el&nbsp;Rissane, Erfoud, una famosa ciudad, conocido con&nbsp;las fechas. Despu\u00e9s de lo cual procederemos a&nbsp;Tinejdad, las impresionantes&nbsp;gargantas Todra y Dades&nbsp;&nbsp;valle con la enorme&nbsp;roca color&nbsp;en todas partes.<\/p>\n<h4><span style=\"color: #ff6600;\"><strong>D\u00eda 6: &nbsp;Dades&nbsp;Rosa valle valle&nbsp;Ouarzazate&nbsp; Marrakech<\/strong><\/span><\/h4>\n<p>Dejando&nbsp;Dades&nbsp;Valle despu\u00e9s del desayuno, conducir hacia&nbsp;Ouarzazate, Marruecos Hollywood, un tel\u00f3n de fondo de muchas famosas pel\u00edculas, visitaremos&nbsp;museo cinematogr\u00e1fico, y luego al sitio protegido por la UNESCO de Ait Benhaddou&nbsp;, el m\u00e1s impresionante kasbah y&nbsp;bien conservada fortaleza en Marruecos. Muchas pel\u00edculas fueron filmadas aqu\u00ed, como Gladiator. Luego salimos&nbsp;Ait Benhaddou&nbsp;y comience a ir hacia el majestuoso monte Atlas. Cruzaremos&nbsp;las monta\u00f1as del Alto Atlas&nbsp;a trav\u00e9s de la carretera m\u00e1s alta de Marruecos, Tizi&nbsp;n\u2019Tichka, 2260m de altura, con impresionantes vistas de los valles, monta\u00f1as y muchos cercanos pueblos ber\u00e9beres. Llegaremos a Marrakech por la noche<\/p>\n<h4><span style=\"color: #ff6600;\"><strong>D\u00eda 7: Marrakech<\/strong><\/span><\/h4>\n<p>Un d\u00eda de excursi\u00f3n de Marrakech, visitar&nbsp; la Menara, una piscina rodeada de flores que funcionan como un sistema de riego de los campos circundantes. La excursi\u00f3n podr\u00e1 abarcar varios lugares impresionantes: La mezquita de Koutoubia&nbsp;,&nbsp;jardines Majorelle&nbsp;, Bahia Palace y Palacio Dar Si Said museo de&nbsp;joyas. Habr\u00e1 un almuerzo opcional en la Medina, seguido de un paseo a trav\u00e9s de los coloridos zocos de Marrakech. Podremos disfrutar de una copa con vistas al atardecer el emocionante Plaza Jemaa El Fna&nbsp;&nbsp;desde la terraza de un caf\u00e9.&nbsp;Cena y alojamiento en un hotel.<\/p>\n<h4><span style=\"color: #ff6600;\"><strong>D\u00eda 8:&nbsp;Marrakech Casablanca&nbsp; a la hora prevista, traslado al aeropuerto.<\/strong><\/span><\/h4>\n<p>Vamos a dejar Marrakech en la ma\u00f1ana, pasando por las ciudades imperiales marroqu\u00edes\u2026<\/p>\n","protected":false},"excerpt":{"rendered":"<p>D\u00eda 1: Casablanca Rabat&nbsp;Moulay Idiss Zarhoun&nbsp;Meknes Fes La carretera a Fes a trav\u00e9s de la capital Rabat, nos lleva a lo largo de una hermosa campi\u00f1a<span class=\"excerpt-hellip\"> [\u2026]<\/span><\/p>\n","protected":false},"author":1,"featured_media":0,"parent":0,"menu_order":0,"comment_status":"closed","ping_status":"closed","template":"","meta":{"ngg_post_thumbnail":0,"footnotes":""},"class_list":["post-593","page","type-page","status-publish","hentry"],"_links":{"self":[{"href":"https:\/\/menaramoroccotours.com\/es\/wp-json\/wp\/v2\/pages\/593","targetHints":{"allow":["GET"]}}],"collection":[{"href":"https:\/\/menaramoroccotours.com\/es\/wp-json\/wp\/v2\/pages"}],"about":[{"href":"https:\/\/menaramoroccotours.com\/es\/wp-json\/wp\/v2\/types\/page"}],"author":[{"embeddable":true,"href":"https:\/\/menaramoroccotours.com\/es\/wp-json\/wp\/v2\/users\/1"}],"replies":[{"embeddable":true,"href":"https:\/\/menaramoroccotours.com\/es\/wp-json\/wp\/v2\/comments?post=593"}],"version-history":[{"count":2,"href":"https:\/\/menaramoroccotours.com\/es\/wp-json\/wp\/v2\/pages\/593\/revisions"}],"predecessor-version":[{"id":812,"href":"https:\/\/menaramoroccotours.com\/es\/wp-json\/wp\/v2\/pages\/593\/revisions\/812"}],"wp:attachment":[{"href":"https:\/\/menaramoroccotours.com\/es\/wp-json\/wp\/v2\/media?parent=593"}],"curies":[{"name":"wp","href":"https:\/\/api.w.org\/{rel}","templated":true}]}}