{"id":589,"date":"2017-10-22T14:52:24","date_gmt":"2017-10-22T14:52:24","guid":{"rendered":"https:\/\/africadeserttravel.com\/?page_id=589"},"modified":"2017-10-27T12:36:15","modified_gmt":"2017-10-27T12:36:15","slug":"7-dias-al-norte-de-marruecos-tour-desde-tanger","status":"publish","type":"page","link":"https:\/\/menaramoroccotours.com\/es\/7-dias-al-norte-de-marruecos-tour-desde-tanger\/","title":{"rendered":"7 D\u00edas al norte de Marruecos Tour desde T\u00e1nger"},"content":{"rendered":"<h4><strong><span style=\"color: #ff6600;\">D\u00cdA 1: TANGER &#8211; ASILAH:<\/span><\/strong><\/h4>\n<p>Recepci\u00f3n en el puerto o aeropuerto de T\u00e1nger. Por la carretera de Asilah visitamos el faro y recordamos que la mitolog\u00eda griega de Spartel en las cuevas de H\u00e9rcules contar\u00e1 almorzando en algunos de los bares de la zona y disfrutar\u00e1 de sus playas. Asilah continu\u00f3 en la carretera hacia la costa, llegada y recepci\u00f3n en el hotel. Paseamos por la peque\u00f1a medina de Asilah, blanca y azul, a lo largo de los muros construidos por los almohades y siglos m\u00e1s tarde fortificados por los portugueses que ocuparon la ciudad durante un siglo, llegamos al cementerio costero junto al morabito de Sidi Ibn Musa Ahmd. . Salimos de la medina Bab Homar donde instalas el mercado. Cena, alojamiento en hotel.<\/p>\n<h4><strong><span style=\"color: #ff6600;\">D\u00cdA 2: ASILAH &#8211; LARACHE &#8211; LIXUS:<\/span><\/strong><\/h4>\n<p>Despu\u00e9s del desayuno, tiempo libre para dar un \u00faltimo paseo por la medina y la playa de Asilah, antes de dejar la carretera cercana a Larache, en la desembocadura del r\u00edo Lucus, una ciudad con un ambiente muy espa\u00f1ol, como lo demuestra el castillo de la tienda, fortificaci\u00f3n con vistas la bah\u00eda, construida por los espa\u00f1oles del siglo XVII. Tambi\u00e9n encontramos la huella espa\u00f1ola en todas partes, desde la Plaza de la Liberaci\u00f3n, conocida como la Plaza de Espa\u00f1a, hasta los men\u00fas de los restaurantes. Por la tarde visita a las ruinas de la acr\u00f3polis romana Lucus, fundada por los fenicios alrededor del a\u00f1o 1100 aC, posiblemente como primer punto de comercio en el norte de \u00c1frica. Cenar y pasar la noche en el hotel.<\/p>\n<h4><strong><span style=\"color: #ff6600;\">D\u00cdA 3: LARACHE &#8211; CHAOUEN:<\/span><\/strong><\/h4>\n<p>La ma\u00f1ana despu\u00e9s del desayuno nos dirigimos a Chaouen, pero primero hacemos un peque\u00f1o desv\u00edo para ver el Cromlech of Msoura con sus 167 menhires, uno de los restos humanos m\u00e1s antiguos de la zona. M\u00e1s tarde toma el giro a la derecha fue Khemis Souk des Beni Arrous. Chaouen Llegada y recepci\u00f3n en el hotel. Almuerzo y tiempo libre para descubrir la &#8216;ciudad santa de las monta\u00f1as Rif&#8217;.<\/p>\n<h4><strong><span style=\"color: #ff6600;\">D\u00cdA 4: CHAOUEN:<\/span><\/strong><\/h4>\n<p>Despu\u00e9s del desayuno, d\u00eda libre con la posibilidad de una visita guiada por la ciudad. Chefchaouen, sentado a los pies de Jbel Tissouka, ofrece a los visitantes un viaje fascinante a trav\u00e9s de un laberinto de calles estrechas, entramos en Bab al-Suiqa Harmum en el barrio, el m\u00e1s antiguo de la ciudad con sus artesanos y comerciantes. Llegamos a la plaza Hamman Uta que alberga la fuente, la mezquita, la ciudadela con el museo local, el Funduq y numerosas terrazas de caf\u00e9s donde los turistas y Rif se mezclan en un ambiente relajado. Entramos en el barrio andalus\u00ed, construido para albergar la segunda ola de moros despu\u00e9s de 1492, subiendo por sus empinadas calles y encalado llegamos al l\u00edmite del recinto fortificado, Bab al-Ansar, m\u00e1s all\u00e1 de la fuente &#8216;Ras al-Ma&#8217; que toma las fuentes de agua de la medina y permite la operaci\u00f3n de servicios p\u00fablicos y el molino a la izquierda, y dar la vuelta para llegar a un puente donde el viaje es encantador. Tambi\u00e9n disfrute de la artesan\u00eda original y excelente en cuero y otros productos que hacen los artesanos de la ciudad. Cenar y pasar la noche en el hotel.<\/p>\n<h4><strong><span style=\"color: #ff6600;\">D\u00cdA 6: TETUAN &#8211; TANGER:<\/span><\/strong><\/h4>\n<p>Ma\u00f1ana tiempo libre para visitar el museo arqueol\u00f3gico, el Museo de Artes Populares y la Escuela de Artes y Oficios. Almuerzo y traslado a T\u00e1nger, env\u00edo a media tarde. Llegada a T\u00e1nger donde comenzamos la visita a las afueras del puerto, por el &#8216;camino de la playa&#8217; donde encontramos los edificios m\u00e1s preciados de la \u00e9poca colonial, el &#8216;Teatro Cervantes&#8217; en lamentable estado de abandono. Luego llegamos al mercado del peque\u00f1o zoco y a la plaza del gran zoco, el centro neur\u00e1lgico de la ciudad que da entrada a la medina con sus calles bordeadas de artesanos, bazares, caf\u00e9s y puestos callejeros que se acercan a la kasbah, algunos nobles y altos de la medina donde puedes degustar la cocina tradicional con hermosas vistas del estrecho de T\u00e1nger y su bah\u00eda. Camino del Caf\u00e9 Hafa donde tomamos el t\u00e9 con menta recordando a Bowles y otros, visitamos la necr\u00f3polis fenicia y por la noche, cenamos y pernoctamos.<\/p>\n<h4><strong><span style=\"color: #ff6600;\">D\u00cdA 5: CHAOUEN &#8211; TETUAN:<\/span><\/strong><\/h4>\n<p>Llegamos a Tetu\u00e1n, almorzamos en la Medina entrando por Bab el-Rouah cerca del palacio real, por la calle Al-Mokaden, negocios del \u00e1rea y artesanos llegaron al Zawiya Sidi Ali Barka, sobre Bab el-Mqbar da un paso hacia el cementerio andaluz donde se encuentra el mausoleo de Sidi al-Mandri Granada que reconstruy\u00f3 la ciudad en el siglo XV. Empezamos a salir de Bab el-Oqla, cenamos y pasamos la noche.<\/p>\n<h4><strong><span style=\"color: #ff6600;\">D\u00cdA 7: TETUAN &#8211; TANGER<\/span><\/strong><\/h4>\n<p>Desayuno y traslado al puerto o aeropuerto como hora de salida, fin de nuestros servicios.<\/p>\n<p>Qu\u00e9 est\u00e1 incluido:<\/p>\n<p>\u25ba Recogida del hotel y entrega de<br \/>\n\u25ba Transporte en veh\u00edculo con aire acondicionado. combustible y peajes<br \/>\n\u25ba Entradas<br \/>\n\u25ba Servicios de un conductor calificado de habla inglesa<br \/>\n\u25ba 4 noches de alojamiento en hoteles recomendados \/ Kasbahs \/ Riads<br \/>\n\u25ba Desayuno y cena todos los d\u00edas<\/p>\n<p>Lo que no est\u00e1 incluido:<\/p>\n<p>\u25ba Almuerzo y bebidas<br \/>\n\u25ba Propinas y propinas<br \/>\n\u25ba Punto de encuentro<br \/>\n\u25ba Recogida en su hotel o riad<\/p>\n","protected":false},"excerpt":{"rendered":"<p>D\u00cdA 1: TANGER &#8211; ASILAH: Recepci\u00f3n en el puerto o aeropuerto de T\u00e1nger. Por la carretera de Asilah visitamos el faro y recordamos que la mitolog\u00eda<span class=\"excerpt-hellip\"> [\u2026]<\/span><\/p>\n","protected":false},"author":1,"featured_media":0,"parent":0,"menu_order":0,"comment_status":"closed","ping_status":"closed","template":"","meta":{"ngg_post_thumbnail":0,"footnotes":""},"class_list":["post-589","page","type-page","status-publish","hentry"],"_links":{"self":[{"href":"https:\/\/menaramoroccotours.com\/es\/wp-json\/wp\/v2\/pages\/589","targetHints":{"allow":["GET"]}}],"collection":[{"href":"https:\/\/menaramoroccotours.com\/es\/wp-json\/wp\/v2\/pages"}],"about":[{"href":"https:\/\/menaramoroccotours.com\/es\/wp-json\/wp\/v2\/types\/page"}],"author":[{"embeddable":true,"href":"https:\/\/menaramoroccotours.com\/es\/wp-json\/wp\/v2\/users\/1"}],"replies":[{"embeddable":true,"href":"https:\/\/menaramoroccotours.com\/es\/wp-json\/wp\/v2\/comments?post=589"}],"version-history":[{"count":3,"href":"https:\/\/menaramoroccotours.com\/es\/wp-json\/wp\/v2\/pages\/589\/revisions"}],"predecessor-version":[{"id":809,"href":"https:\/\/menaramoroccotours.com\/es\/wp-json\/wp\/v2\/pages\/589\/revisions\/809"}],"wp:attachment":[{"href":"https:\/\/menaramoroccotours.com\/es\/wp-json\/wp\/v2\/media?parent=589"}],"curies":[{"name":"wp","href":"https:\/\/api.w.org\/{rel}","templated":true}]}}