{"id":587,"date":"2017-10-22T14:51:22","date_gmt":"2017-10-22T14:51:22","guid":{"rendered":"https:\/\/africadeserttravel.com\/?page_id=587"},"modified":"2017-10-27T12:36:12","modified_gmt":"2017-10-27T12:36:12","slug":"7-dias-desde-marrakech-ouarzazate-y-desierto","status":"publish","type":"page","link":"https:\/\/menaramoroccotours.com\/es\/7-dias-desde-marrakech-ouarzazate-y-desierto\/","title":{"rendered":"7 D\u00edas desde Marrakech Ouarzazate y Desierto"},"content":{"rendered":"<h4><span style=\"color: #ff6600;\"><strong>D\u00eda 1: Marrakech<\/strong><\/span><\/h4>\n<p>Llegar al&nbsp;Aeropuerto Menara&nbsp;, Marrakech, y se encontrar\u00e1 con su gu\u00eda que le acompa\u00f1ar\u00e1 a lo largo del recorrido. Traslado al hotel.&nbsp;Resto del d\u00eda libre para visitar Marrakech, la mayor\u00eda de los monumentos m\u00e1s importantes.<\/p>\n<h4><span style=\"color: #ff6600;\"><strong>D\u00eda 2: Marrakech \u2013&nbsp;Ouarzazate<\/strong><\/span><\/h4>\n<p>Ma\u00f1ana despu\u00e9s de caf\u00e9 en las monta\u00f1as del Alto Atlas&nbsp;, a la que se accede mediante Tizi-N-Tichka a&nbsp;una altura de 2.260 m, donde hay asentamientos Bereberes con sus t\u00edpicas casas construidas de adobe y piedra.<\/p>\n<p>Continuando nuestro camino, visitaremos la famosa Kasbah de&nbsp;Ait Ben Haddou&nbsp;, un sitio del Patrimonio Mundial. Por la tarde llegamos al hotel en Ouarzazate, la capital del Sur, donde se van a pasar la noche. Este es el lugar donde los viajeros se preparan para disfrutar de una inolvidable experiencia de visitar el exterior del desierto. Cena y noche en el hotel.<\/p>\n<h4><span style=\"color: #ff6600;\"><strong>D\u00eda 3:&nbsp;Ouarzazate&nbsp;\u2013&nbsp;Ouzina<\/strong><\/span><\/h4>\n<p>Despu\u00e9s de desayunar, salimos de&nbsp;Ouzina. En el camino nos conduzca a trav\u00e9s del valle del Draa y&nbsp;visitar el&nbsp;Draa&nbsp;palm grove; la m\u00e1s grande de Marruecos, donde el verde de la vegetaci\u00f3n se mezcla con el azul intenso del cielo.<\/p>\n<p>Continuamos por la ruta de la Paris-Dakar , a&nbsp;Ouzina, pasando por diversas normalmente construidas de las ciudades Bereberes en el camino. Cena y noche en el hotel.<\/p>\n<h4><span style=\"color: #ff6600;\"><strong>D\u00eda 4:&nbsp;Ouzina<\/strong><\/span><\/h4>\n<p>Este es un d\u00eda libre que da la oportunidad de visitar el pueblo de&nbsp;Ouzina&nbsp;y sus alrededores; conocer sus costumbres y disfrutar de la hospitalidad de su gente por el hecho de compartir un whisky Bereber (t\u00e9 de menta) con ellos.<\/p>\n<p>Durante su visita se har\u00e1 la oportunidad de tener un hermoso&nbsp;&nbsp;tatuaje Hennah (que los ber\u00e9beres de las mujeres se muestran una gran variedad de celebraciones y ceremonias) aplicadas por un experto.<\/p>\n<p>Por la tarde, nos va a pasar por los m\u00e9danos en camellos para ver la hermosa puesta del sol. La noche continuar\u00e1 con una deliciosa cena con un manto de estrellas, acompa\u00f1ada con m\u00fasica tradicional antes de pasar la noche en una tienda tradicional bereber.<\/p>\n<h4><span style=\"color: #ff6600;\"><strong>D\u00eda 5:&nbsp;Ouzina&nbsp;\u2013&nbsp;Merzouga<\/strong><\/span><\/h4>\n<p>Vamos a despertar temprano para ver el amanecer espectacular sobre las dunas de Erg&nbsp;Ouzina. Despu\u00e9s del desayuno saldremos&nbsp;de Ouzina nuestro 4\u00d74 y dir\u00edjase hacia&nbsp;Taouz&nbsp;donde daremos un paso atr\u00e1s en el tiempo y visitar una necr\u00f3polis prehist\u00f3rica y de ver a sus antiguos grabados.<\/p>\n<p>Nuestra siguiente parada es en el pueblo de&nbsp;Khamlia, conocido como el pueblo de los Negros, y que est\u00e1 habitada por los descendientes de los antiguos esclavos que llegaron de \u00c1frica Subsahariana.<\/p>\n<p>Despu\u00e9s de dejar&nbsp;Khamlia&nbsp;, conducir a trav\u00e9s de la hermosa las dunas de Erg&nbsp;Chebbi&nbsp;en la ruta de los lagos;&nbsp;\u00e9sta es una zona de&nbsp;marismas que, en la \u00e9poca de lluvias, siempre est\u00e1 cubierto de agua. Esta importante zona es una parada regular para las aves migratorias, especialmente flamencos rosados.<\/p>\n<p>Cena y alojamiento en un hotel.<\/p>\n<h4><span style=\"color: #ff6600;\"><strong>D\u00eda 6:&nbsp;Merzouga&nbsp;\u2013&nbsp;Dades&nbsp;Gorge<\/strong><\/span><\/h4>\n<p>Despu\u00e9s del desayuno, dejamos&nbsp;Merzouga&nbsp;y cabeza hacia&nbsp;Boumalne Dades&nbsp;(Dades&nbsp;Gorge).<\/p>\n<p>En el camino nos detendremos para tomar un paseo por&nbsp;Rissani, la capital del Tafilalet&nbsp;regi\u00f3n, visitando su mercado de ganado y Bereber souk.<\/p>\n<p>A continuaci\u00f3n, nos dirigimos a trav\u00e9s del Valle de&nbsp;&nbsp;hacia&nbsp;Erfoud, para visitar la cantera f\u00f3siles y ver c\u00f3mo estos se utilizan para crear verdaderas obras de arte, cuadros, lavabos y otras piezas dignas de su atenci\u00f3n.<\/p>\n<p>Despu\u00e9s de dejar&nbsp;Erfoud&nbsp;viajar a su hotel donde podr\u00e1 cenar y pasar la noche.<\/p>\n<h4><span style=\"color: #ff6600;\"><strong>D\u00eda 7:&nbsp;Dades&nbsp;Gorge \u2013 Marrakech<\/strong><\/span><\/h4>\n<p>Por la ma\u00f1ana, luego del desayuno, dejamos el hotel y salida hacia el famoso&nbsp;Dades&nbsp;Gorge.<\/p>\n<p>Durante el trayecto a trav\u00e9s de la garganta, ver\u00e1 paisaje de extraordinaria belleza, donde una serie de oasis verdes son alimentados por el R\u00edo&nbsp;dades. Poco a poco el valle se estrecha, dando lugar a una serie de grandes bloques de piedra caliza con vertiginosas lados \u2013 \u201cDades&nbsp;Gorge\u201d \u2013 una fiesta para los ojos.<\/p>\n<p>12 Km a lo largo de la carretera, volvemos a trav\u00e9s del paso de monta\u00f1a de&nbsp;Amgoun, el Valle de las Rosas, el&nbsp;palmeral y Skoura Kasbahs.<\/p>\n<p>Llegaremos a Marrakech durante la tarde y usted tendr\u00e1 el resto del d\u00eda libre para explorar las maravillas de Marrakech.&nbsp;Cena y pernocte en hotel.<\/p>\n<p>Por \u00faltimo se realiza la transferencia al aeropuerto para su vuelo de regreso a casa.<\/p>\n","protected":false},"excerpt":{"rendered":"<p>D\u00eda 1: Marrakech Llegar al&nbsp;Aeropuerto Menara&nbsp;, Marrakech, y se encontrar\u00e1 con su gu\u00eda que le acompa\u00f1ar\u00e1 a lo largo del recorrido. Traslado al hotel.&nbsp;Resto del d\u00eda<span class=\"excerpt-hellip\"> [\u2026]<\/span><\/p>\n","protected":false},"author":1,"featured_media":0,"parent":0,"menu_order":0,"comment_status":"closed","ping_status":"closed","template":"","meta":{"ngg_post_thumbnail":0,"footnotes":""},"class_list":["post-587","page","type-page","status-publish","hentry"],"_links":{"self":[{"href":"https:\/\/menaramoroccotours.com\/es\/wp-json\/wp\/v2\/pages\/587","targetHints":{"allow":["GET"]}}],"collection":[{"href":"https:\/\/menaramoroccotours.com\/es\/wp-json\/wp\/v2\/pages"}],"about":[{"href":"https:\/\/menaramoroccotours.com\/es\/wp-json\/wp\/v2\/types\/page"}],"author":[{"embeddable":true,"href":"https:\/\/menaramoroccotours.com\/es\/wp-json\/wp\/v2\/users\/1"}],"replies":[{"embeddable":true,"href":"https:\/\/menaramoroccotours.com\/es\/wp-json\/wp\/v2\/comments?post=587"}],"version-history":[{"count":2,"href":"https:\/\/menaramoroccotours.com\/es\/wp-json\/wp\/v2\/pages\/587\/revisions"}],"predecessor-version":[{"id":810,"href":"https:\/\/menaramoroccotours.com\/es\/wp-json\/wp\/v2\/pages\/587\/revisions\/810"}],"wp:attachment":[{"href":"https:\/\/menaramoroccotours.com\/es\/wp-json\/wp\/v2\/media?parent=587"}],"curies":[{"name":"wp","href":"https:\/\/api.w.org\/{rel}","templated":true}]}}