{"id":579,"date":"2017-10-22T14:49:07","date_gmt":"2017-10-22T14:49:07","guid":{"rendered":"https:\/\/africadeserttravel.com\/?page_id=579"},"modified":"2017-10-27T12:33:45","modified_gmt":"2017-10-27T12:33:45","slug":"5-dias-por-el-desierto-desde-marrakech-a-marrakech","status":"publish","type":"page","link":"https:\/\/menaramoroccotours.com\/es\/5-dias-por-el-desierto-desde-marrakech-a-marrakech\/","title":{"rendered":"5 d\u00edas por el desierto desde Marrakech a Marrakech"},"content":{"rendered":"<h4><strong><span style=\"color: #ff6600;\">D\u00eda 1: Marrakech &#8211; Ait Ben Haddou &#8211; Ouarzazate:<\/span><\/strong><\/h4>\n<p>Salida de Marrakech a las 8 a.m. para viajar por las impresionantes monta\u00f1as del Alto Atlas a trav\u00e9s de Tizi n&#8217;Tichka (alt 2260 m). Nos detendremos para disfrutar paisajes impresionantes y visitaremos la cooperativa petrolera Argon. Despu\u00e9s del almuerzo en un restaurante local tendremos la tarde para visitar el sitio del Patrimonio Mundial de la UNESCO, Ait Ben Haddou. Saldremos a Ouarzazate para cenar y acomodarnos en un hotel tradicional.<\/p>\n<h4><strong><span style=\"color: #ff6600;\">D\u00eda 2: Ouarzazate &#8211; Valle del Draa &#8211; Merzouga:<\/span><\/strong><\/h4>\n<p>Despu\u00e9s de una visita matutina a la Kasbah de Taourirt, recorreremos la carretera esc\u00e9nica a lo largo de la cordillera de Djebel Sarhro, hasta los oasis y kasbahs del valle del Draa y a lo largo del Draa, el r\u00edo m\u00e1s grande de Marruecos en nuestro camino hacia el desierto. Pasaremos por muchos pueblos bereberes, incluidos Agdz y N&#8217;kob, donde pararemos para almorzar en un restaurante local antes de llegar a Merzouga. Tendremos cena y alojamiento en un hotel desierto<\/p>\n<h4><strong><span style=\"color: #ff6600;\">D\u00eda 3: Merzouga &#8211; Khamlia &#8211; Rissani &#8211; Erg Chebbi (Noche en tienda n\u00f3mada):<\/span><\/strong><\/h4>\n<p>Hoy exploraremos la regi\u00f3n del desierto. Haremos un circuito de las dunas del desierto donde tendr\u00e1s la oportunidad de ver la forma de vida del n\u00f3mada y los asombrosos y cambiantes contrastes del desierto. Visitaremos el &#8216;pueblo negro&#8217; de Khamlia para ver a los m\u00fasicos Gnawa. Tendremos una pizza bereber tradicional para almorzar en la antigua capital de Rissani. Despu\u00e9s del almuerzo, puede visitar los mercados tradicionales. Por la tarde regresaremos al Hotel para prepararnos para la salida de los camellos. A medida que los atardeceres sobre las dunas del desierto de Erg Chebbi subiremos a los camellos 90 minutos hasta el campamento del desierto. Tendremos una cena de taj\u00edn tradicional y un delicioso t\u00e9 a la menta mientras contemplamos las estrellas y la luna creciente en el incre\u00edble desierto. Pasaremos la noche en una carpa tradicional n\u00f3mada<\/p>\n<h4><strong><span style=\"color: #ff6600;\">D\u00eda 4: Merzouga &#8211; Todra Gorge &#8211; Dades Gorge:<\/span><\/strong><\/h4>\n<p>Nos levantaremos temprano para ver el espect\u00e1culo del amanecer sobre las dunas del Sahara antes de regresar al hotel para desayunar y tomar una ducha. Despu\u00e9s del desayuno, viajaremos a trav\u00e9s de Erfoud, detr\u00e1s de las monta\u00f1as del Alto Atlas en ruta hacia las Gargantas del Todra. Daremos un breve paseo por las imponentes gargantas del Todra antes de continuar por los pintorescos valles de los r\u00edos hacia Dades Gorge. Por la tarde puede dar un paseo en el desfiladero de Dades. Cena y alojamiento en un hotel.<\/p>\n<h4><strong><span style=\"color: #ff6600;\">D\u00eda 5: Dades Gorge &#8211; Telouet &#8211; Marrakech:<\/span><\/strong><\/h4>\n<p>Tomaremos una caminata por la ma\u00f1ana en el desfiladero, seguiremos el Valle de Dades a trav\u00e9s de El Kelaa Magona y el oasis de Skoura. Despu\u00e9s del almuerzo en Ouarzazate descenderemos las monta\u00f1as del Alto Atlas para visitar Telouet y la Kasbah el Glaoui. Nos temprano en la noche a Marrakech.<\/p>\n<p>Qu\u00e9 est\u00e1 incluido:<\/p>\n<p>\u25ba Recogida del hotel y entrega de<br \/>\n\u25ba Transporte en veh\u00edculo con aire acondicionado. combustible y peajes<br \/>\n\u25ba Entradas<br \/>\n\u25ba Servicios de un conductor calificado de habla inglesa<br \/>\n\u25ba 4 noches de alojamiento en hoteles recomendados \/ Kasbahs \/ Riads<br \/>\n\u25ba Desayuno y cena todos los d\u00edas<\/p>\n<p>Lo que no est\u00e1 incluido:<\/p>\n<p>\u25ba Almuerzo y bebidas<br \/>\n\u25ba Propinas y propinas<br \/>\n\u25ba Punto de encuentro<br \/>\n\u25ba Recogida en su hotel o riad<\/p>\n","protected":false},"excerpt":{"rendered":"<p>D\u00eda 1: Marrakech &#8211; Ait Ben Haddou &#8211; Ouarzazate: Salida de Marrakech a las 8 a.m. para viajar por las impresionantes monta\u00f1as del Alto Atlas a<span class=\"excerpt-hellip\"> [\u2026]<\/span><\/p>\n","protected":false},"author":1,"featured_media":0,"parent":0,"menu_order":0,"comment_status":"closed","ping_status":"closed","template":"","meta":{"ngg_post_thumbnail":0,"footnotes":""},"class_list":["post-579","page","type-page","status-publish","hentry"],"_links":{"self":[{"href":"https:\/\/menaramoroccotours.com\/es\/wp-json\/wp\/v2\/pages\/579","targetHints":{"allow":["GET"]}}],"collection":[{"href":"https:\/\/menaramoroccotours.com\/es\/wp-json\/wp\/v2\/pages"}],"about":[{"href":"https:\/\/menaramoroccotours.com\/es\/wp-json\/wp\/v2\/types\/page"}],"author":[{"embeddable":true,"href":"https:\/\/menaramoroccotours.com\/es\/wp-json\/wp\/v2\/users\/1"}],"replies":[{"embeddable":true,"href":"https:\/\/menaramoroccotours.com\/es\/wp-json\/wp\/v2\/comments?post=579"}],"version-history":[{"count":2,"href":"https:\/\/menaramoroccotours.com\/es\/wp-json\/wp\/v2\/pages\/579\/revisions"}],"predecessor-version":[{"id":806,"href":"https:\/\/menaramoroccotours.com\/es\/wp-json\/wp\/v2\/pages\/579\/revisions\/806"}],"wp:attachment":[{"href":"https:\/\/menaramoroccotours.com\/es\/wp-json\/wp\/v2\/media?parent=579"}],"curies":[{"name":"wp","href":"https:\/\/api.w.org\/{rel}","templated":true}]}}