{"id":573,"date":"2017-10-22T14:45:49","date_gmt":"2017-10-22T14:45:49","guid":{"rendered":"https:\/\/africadeserttravel.com\/?page_id=573"},"modified":"2017-10-27T12:33:51","modified_gmt":"2017-10-27T12:33:51","slug":"4-dias-fes-merzouga-marrakech-2","status":"publish","type":"page","link":"https:\/\/menaramoroccotours.com\/es\/4-dias-fes-merzouga-marrakech-2\/","title":{"rendered":"4 D\u00edas Fes Merzouga Marrakech"},"content":{"rendered":"<h4><span style=\"color: #ff6600;\"><strong>D\u00cdA 1:&nbsp;Fez &nbsp;Ifrane Midelt hizo una declaraci\u00f3n Erfoud Merzouga&nbsp;dunas<\/strong><\/span><\/h4>\n<p>La salida de la&nbsp;Riad\/Hotel ser\u00e1 a las 8 am. El viaje a Erg Chebbi&nbsp;dunas de arena durar\u00e1 8 horas en las que veremos las monta\u00f1as del Atlas y algunas aldeas (Tafilalet, Erfoud&nbsp;y&nbsp;Rissani).&nbsp; Nos detendremos en algunas ciudades como Ifrane y&nbsp;Azrou&nbsp;para disfrutar de la vista del bosque de El cedro y monos viven all\u00ed. El almuerzo ser\u00e1 servido en&nbsp;Midelt hizo una declaraci\u00f3n&nbsp;y, a continuaci\u00f3n, vamos a seguir pasando por el&nbsp;&nbsp;valle camino zigzagueante para salir con una hermosa vista de las palmeras hasta llegar a Erg&nbsp;Chebbi&nbsp;donde haremos lo&nbsp;pensar\u00eda dos veces antes&nbsp;de llegar a camellos del desierto campamento para pasar la noche en una tienda bereber.<\/p>\n<h4><span style=\"color: #ff6600;\"><strong>D\u00eda 2: Erg&nbsp;Chebbi&nbsp;Gargantas Todra Rissani<\/strong><\/span><\/h4>\n<p>Despu\u00e9s del desayuno, camel trek una vez m\u00e1s al hotel para disfrutar de una ducha. Dejamos el desierto del Sahara se eleva de Erg&nbsp;Chebbi, un terreno \u00e1spero de la hamada (&nbsp;desierto negro) para llegar a la ciudad de&nbsp;Rissani S\u00e1hara. Posteriormente, nos dirigimos al norte a Erfoud&nbsp;que es conocido por los f\u00f3siles; aqu\u00ed podemos visitar un f\u00f3sil taller antes de proceder a la incre\u00edble&nbsp;&nbsp;valle Todra, conocido para la escalada en roca, donde se puede caminar antes de ir en coche al hotel, cena y alojamiento.<\/p>\n<h4><span style=\"color: #ff6600;\"><strong>D\u00eda 3:&nbsp;&nbsp;Valle Dades Gargantas Todra &nbsp;Skoura Ouarzazate<\/strong><\/span><\/h4>\n<p>El desayuno en el hotel, empezamos nuestro viaje en el camino de las Mil Kasbahs, ya que son colosales&nbsp;kasbahs&nbsp;a ambos lados de la calle. Algunas de las mencionadas casas antiguas reforzarse sin embargo, lamentablemente se restauran&nbsp;una medida considerable de ellos quedan vestigios&nbsp;. Pasamos por&nbsp;Dades&nbsp;valle para continuar el camino hacia la zona rocosa&nbsp;, donde&nbsp;numerosos pueblos ber\u00e9beres y muchos n\u00f3madas que viven en cavernas, aqu\u00ed tendremos la oportunidad de visitar una de estas familias y investigar su vida y su movimiento fundamental \u201catender a grupos de cabras y claxon\u201d.&nbsp; Que se sorprender\u00e1n por las escenas de los brillantes&nbsp;rosas&nbsp;valle antes de conseguir&nbsp;Skoura&nbsp;palmeras. 45Km m\u00e1s lejos, podamos lograr&nbsp;Ouarzazate&nbsp;por la noche en un hotel local&nbsp;.<\/p>\n<h4><span style=\"color: #ff6600;\"><strong>D\u00eda 4:&nbsp;Ouarzazate Ait Benhaddou&nbsp; Alto Atlas Marrakech<\/strong><\/span><\/h4>\n<p>Despu\u00e9s del desayuno, iniciaremos nuestro viaje de una visita a los estudios cinematogr\u00e1ficos se encuentran en&nbsp;Ouarzazate&nbsp;que se considera como Hollywood de \u00c1frica. Posteriormente, visitaremos el&nbsp;todo incluido&nbsp;Sitio Patrimonio de Ait Benhaddou&nbsp;&nbsp;Kasbah como lo ha sido nombrada por la Unesco&nbsp;&nbsp;en 1987.&nbsp;Ait Benhaddou&nbsp;es el sitio de Patrimonio Mundial, que se ha utilizado como un valor de m\u00e1s de 20 pel\u00edculas que incorporen \u201cGladiator\u201d, \u201cIndiana Jones\u201d y \u201cLawrence de Arabia\u201d.&nbsp; Disfrute de un paseo a investigar el universal estilo Marroqu\u00ed de construcci\u00f3n modelos en los que se construyen las Kasbahs. Nos basamos&nbsp;&nbsp;nuestro enfoque a Marrakech&nbsp;a trav\u00e9s de las altas monta\u00f1as del Atlas y&nbsp;Tizi n\u2019tichka&nbsp;. Parada para el almuerzo en el centro de las Monta\u00f1as del Atlas. Traslado a su&nbsp;&nbsp;hotel o riad en Marrakech&nbsp;.<\/p>\n","protected":false},"excerpt":{"rendered":"<p>D\u00cdA 1:&nbsp;Fez &nbsp;Ifrane Midelt hizo una declaraci\u00f3n Erfoud Merzouga&nbsp;dunas La salida de la&nbsp;Riad\/Hotel ser\u00e1 a las 8 am. El viaje a Erg Chebbi&nbsp;dunas de arena durar\u00e1<span class=\"excerpt-hellip\"> [\u2026]<\/span><\/p>\n","protected":false},"author":1,"featured_media":0,"parent":0,"menu_order":0,"comment_status":"closed","ping_status":"closed","template":"","meta":{"ngg_post_thumbnail":0,"footnotes":""},"class_list":["post-573","page","type-page","status-publish","hentry"],"_links":{"self":[{"href":"https:\/\/menaramoroccotours.com\/es\/wp-json\/wp\/v2\/pages\/573","targetHints":{"allow":["GET"]}}],"collection":[{"href":"https:\/\/menaramoroccotours.com\/es\/wp-json\/wp\/v2\/pages"}],"about":[{"href":"https:\/\/menaramoroccotours.com\/es\/wp-json\/wp\/v2\/types\/page"}],"author":[{"embeddable":true,"href":"https:\/\/menaramoroccotours.com\/es\/wp-json\/wp\/v2\/users\/1"}],"replies":[{"embeddable":true,"href":"https:\/\/menaramoroccotours.com\/es\/wp-json\/wp\/v2\/comments?post=573"}],"version-history":[{"count":2,"href":"https:\/\/menaramoroccotours.com\/es\/wp-json\/wp\/v2\/pages\/573\/revisions"}],"predecessor-version":[{"id":803,"href":"https:\/\/menaramoroccotours.com\/es\/wp-json\/wp\/v2\/pages\/573\/revisions\/803"}],"wp:attachment":[{"href":"https:\/\/menaramoroccotours.com\/es\/wp-json\/wp\/v2\/media?parent=573"}],"curies":[{"name":"wp","href":"https:\/\/api.w.org\/{rel}","templated":true}]}}