{"id":569,"date":"2017-10-22T14:44:58","date_gmt":"2017-10-22T14:44:58","guid":{"rendered":"https:\/\/africadeserttravel.com\/?page_id=569"},"modified":"2017-10-27T12:32:00","modified_gmt":"2017-10-27T12:32:00","slug":"3-dias-de-viaje-desde-marrakech","status":"publish","type":"page","link":"https:\/\/menaramoroccotours.com\/es\/3-dias-de-viaje-desde-marrakech\/","title":{"rendered":"3 D\u00edas de viaje desde Marrakech"},"content":{"rendered":"<h4><span style=\"color: #ff6600;\"><strong>D\u00cdA 1: MARRAKECH y OURZAZATE de SKOURA gargantas de dades.<\/strong><\/span><\/h4>\n<p>Salida por la ma\u00f1ana desde Marrakech a&nbsp;rectificaci\u00f3n.<\/p>\n<p>En el camino, veremos los Altas y hermosas monta\u00f1as del Atlas y&nbsp;&nbsp;Tizi N\u2019Tichka&nbsp;a una altura de 2260&nbsp;metros.<\/p>\n<p>Continuamos por hermosos paisajes, hasta llegar a Kasbah&nbsp;Ait Benhaddou, famosa por su estructura s\u00f3lida y la pel\u00edcula \u2018Babel\u2019.&nbsp; Tendremos tiempo para tomar unas fotos memorables antes de continuar nuestro viaje hacia Ouarzazate.<\/p>\n<p>Despu\u00e9s de dejar&nbsp;Ouarzazate, seguimos a trav\u00e9s del Dades&nbsp;Gargantas a lo largo de la Ruta de Kasbahs\u201d a su hotel, donde usted tendr\u00e1 la cena y pasar la noche.<\/p>\n<h4><span style=\"color: #ff6600;\"><strong>D\u00cdA 2: DADES gargantas de TODRA GORGES de MERZOUGA.<\/strong><\/span><\/h4>\n<p>Despu\u00e9s de un agradable desayuno en su hotel, para el&nbsp;Todra&nbsp;Gorge. Aqu\u00ed nos vamos a tomar un paseo a lo largo de la paredes altas, construido a una altura de 200m, antes de continuar en la<\/p>\n<p>Desierto a trav\u00e9s del&nbsp;Tafilalet&nbsp;bosque de palmeras&nbsp;.Poco despu\u00e9s de llegar&nbsp;al hotel en el desierto, abordaremos los camellos de cuatro horas de caminata al coraz\u00f3n del desierto de donde podremos ver las maravillosas puestas de sol.<\/p>\n<p>Rodeado de majestuosas dunas de arena y relajante bajo una amplia cubierta de titilantes estrellas, disfrutaremos de las m\u00fasica de tambores y beber t\u00e9 Marroqu\u00ed con nuestra comida. Dormimos en tiendas n\u00f3madas.<\/p>\n<h4><span style=\"color: #ff6600;\"><strong>D\u00cdA 3: MERZOUGA, RISSANI de MARRAKECH.<\/strong><\/span><\/h4>\n<p>Nos pondremos en contacto desde muy temprano en la ma\u00f1ana para ver otro gran espect\u00e1culo de las dunas del Sahara Marroqu\u00ed: el amanecer espectacular.<\/p>\n<p>Regreso al hotel en camellos.<\/p>\n<p>Despu\u00e9s del desayuno y una ducha que reincorporarse a la carretera y viajar a&nbsp;Rissani&nbsp;donde tendremos una visita al zoco. Este es un hotel tradicional y aut\u00e9ntica de Marruecos y es el mercado m\u00e1s grande en el sur de Marruecos zoco. All\u00ed los comerciantes se venden todo tipo de artesan\u00edas, comida y animales.<\/p>\n<p>As\u00ed que ahora dejan detr\u00e1s de la hermosa&nbsp;valle del Draa&nbsp;con sus exuberantes palmeras y continuar con nuestro regreso a Marrakech a trav\u00e9s de m\u00e1s majestuoso paisaje.<\/p>\n<p>Llegamos a Marrakech en la noche y llevarlo a su hotel.<\/p>\n<p>Fin de nuestros servicios.<\/p>\n","protected":false},"excerpt":{"rendered":"<p>D\u00cdA 1: MARRAKECH y OURZAZATE de SKOURA gargantas de dades. Salida por la ma\u00f1ana desde Marrakech a&nbsp;rectificaci\u00f3n. En el camino, veremos los Altas y hermosas monta\u00f1as<span class=\"excerpt-hellip\"> [\u2026]<\/span><\/p>\n","protected":false},"author":1,"featured_media":0,"parent":0,"menu_order":0,"comment_status":"closed","ping_status":"closed","template":"","meta":{"ngg_post_thumbnail":0,"footnotes":""},"class_list":["post-569","page","type-page","status-publish","hentry"],"_links":{"self":[{"href":"https:\/\/menaramoroccotours.com\/es\/wp-json\/wp\/v2\/pages\/569","targetHints":{"allow":["GET"]}}],"collection":[{"href":"https:\/\/menaramoroccotours.com\/es\/wp-json\/wp\/v2\/pages"}],"about":[{"href":"https:\/\/menaramoroccotours.com\/es\/wp-json\/wp\/v2\/types\/page"}],"author":[{"embeddable":true,"href":"https:\/\/menaramoroccotours.com\/es\/wp-json\/wp\/v2\/users\/1"}],"replies":[{"embeddable":true,"href":"https:\/\/menaramoroccotours.com\/es\/wp-json\/wp\/v2\/comments?post=569"}],"version-history":[{"count":2,"href":"https:\/\/menaramoroccotours.com\/es\/wp-json\/wp\/v2\/pages\/569\/revisions"}],"predecessor-version":[{"id":796,"href":"https:\/\/menaramoroccotours.com\/es\/wp-json\/wp\/v2\/pages\/569\/revisions\/796"}],"wp:attachment":[{"href":"https:\/\/menaramoroccotours.com\/es\/wp-json\/wp\/v2\/media?parent=569"}],"curies":[{"name":"wp","href":"https:\/\/api.w.org\/{rel}","templated":true}]}}