{"id":567,"date":"2017-10-22T14:43:46","date_gmt":"2017-10-22T14:43:46","guid":{"rendered":"https:\/\/africadeserttravel.com\/?page_id=567"},"modified":"2017-10-27T12:31:53","modified_gmt":"2017-10-27T12:31:53","slug":"3-dias-tour-desde-ouarzazate-a-zagora","status":"publish","type":"page","link":"https:\/\/menaramoroccotours.com\/es\/3-dias-tour-desde-ouarzazate-a-zagora\/","title":{"rendered":"3 D\u00edas Tour Desde Ouarzazate a Zagora"},"content":{"rendered":"<h4><span style=\"color: #ff6600;\"><strong>D\u00eda 1: Ouarzazate \u2013 Agdez \u2013 Zagora.<\/strong><\/span><\/h4>\n<p>Por la ma\u00f1ana salida hacia Zagora a trav\u00e9s del puerto de Tizi-n-Tinifift pasar, para llegar a Agdez luego el valle del Draa. Tendr\u00e1 que tomar el camino de tierra a partir de aldeas Tansikht por el bosque de los \u00e1rboles de palma hacia el oasis de Zagora, donde har\u00e1 una parada para almorzar en la kasbah Asma. Despu\u00e9s del almuerzo, visitaremos las primeras dunas de arena de Tinfou y la biblioteca medieval de Tamegroute con sus viejos libros del Cor\u00e1n que se remontan al siglo 11. Compruebe en el hotel en Zagora.<\/p>\n<h4><span style=\"color: #ff6600;\"><strong>D\u00eda 2: Zagora \u2013 Erfoud \u2013 dunas de Merzouga.<\/strong><\/span><\/h4>\n<p>Salida hacia Merzouga a trav\u00e9s de la Djbl Tafilalet cruzar el desierto de piedra sobre el Anti Atlas, con sus paisajes lunares. Usted har\u00e1 una parada para almorzar en Tazarine. En esta zona, hay paisajes des\u00e9rticos y pueblos fortificados, que sol\u00eda ser la antigua carretera caravana tra\u00eda oro de Sud\u00e1frica a cambio de az\u00facar y sal. Usted continuar\u00e1 a las dunas de Merzouga y el intercambio de su 4 \u00d7 4 con camellos y montar a pasar la noche en el oasis en el coraz\u00f3n de las dunas de Erg Chebi.<\/p>\n<h4><span style=\"color: #ff6600;\"><strong>D\u00eda 3: Erfoud-Gargantas del Todra-Valle de las Rosas-Ouarzazate.<\/strong><\/span><\/h4>\n<p>Usted se despierta temprano y caminar por las dunas para ver el hermoso amanecer. Usted tendr\u00e1 su desayuno, empacar tus cosas y montar de nuevo a donde el coche y el conductor est\u00e1n a la espera para que lo recoja. A continuaci\u00f3n, visitar el mercado bereber de Rissani. Usted va a conducir a trav\u00e9s del paisaje del desierto y ver muchos pueblos fortificados en los magn\u00edficos jardines de palmeras del Valle del Ziz. Llegue en Tinghir. Usted har\u00e1 una parada para almorzar en el coraz\u00f3n de las espectaculares gargantas del Todra, con sus enormes impresionantes acantilados, rojo. Paseo para una caminata para descubrir el palmeral de Tinghir. Volver a Ouarzazate a lo largo del camino de mil kasbahs y el valle de las rosas.<\/p>\n","protected":false},"excerpt":{"rendered":"<p>D\u00eda 1: Ouarzazate \u2013 Agdez \u2013 Zagora. Por la ma\u00f1ana salida hacia Zagora a trav\u00e9s del puerto de Tizi-n-Tinifift pasar, para llegar a Agdez luego el<span class=\"excerpt-hellip\"> [\u2026]<\/span><\/p>\n","protected":false},"author":1,"featured_media":0,"parent":0,"menu_order":0,"comment_status":"closed","ping_status":"closed","template":"","meta":{"ngg_post_thumbnail":0,"footnotes":""},"class_list":["post-567","page","type-page","status-publish","hentry"],"_links":{"self":[{"href":"https:\/\/menaramoroccotours.com\/es\/wp-json\/wp\/v2\/pages\/567","targetHints":{"allow":["GET"]}}],"collection":[{"href":"https:\/\/menaramoroccotours.com\/es\/wp-json\/wp\/v2\/pages"}],"about":[{"href":"https:\/\/menaramoroccotours.com\/es\/wp-json\/wp\/v2\/types\/page"}],"author":[{"embeddable":true,"href":"https:\/\/menaramoroccotours.com\/es\/wp-json\/wp\/v2\/users\/1"}],"replies":[{"embeddable":true,"href":"https:\/\/menaramoroccotours.com\/es\/wp-json\/wp\/v2\/comments?post=567"}],"version-history":[{"count":3,"href":"https:\/\/menaramoroccotours.com\/es\/wp-json\/wp\/v2\/pages\/567\/revisions"}],"predecessor-version":[{"id":800,"href":"https:\/\/menaramoroccotours.com\/es\/wp-json\/wp\/v2\/pages\/567\/revisions\/800"}],"wp:attachment":[{"href":"https:\/\/menaramoroccotours.com\/es\/wp-json\/wp\/v2\/media?parent=567"}],"curies":[{"name":"wp","href":"https:\/\/api.w.org\/{rel}","templated":true}]}}