{"id":563,"date":"2017-10-22T14:42:38","date_gmt":"2017-10-22T14:42:38","guid":{"rendered":"https:\/\/africadeserttravel.com\/?page_id=563"},"modified":"2017-10-27T12:31:57","modified_gmt":"2017-10-27T12:31:57","slug":"3-dias-desde-ouarzazate-merzouga","status":"publish","type":"page","link":"https:\/\/menaramoroccotours.com\/es\/3-dias-desde-ouarzazate-merzouga\/","title":{"rendered":"3 Dias desde Ouarzazate Merzouga"},"content":{"rendered":"<h4><span style=\"color: #ff6600;\"><strong>D\u00eda 1:&nbsp;Ouarzazate&nbsp;\u2013&nbsp;Merzouga<\/strong><\/span><\/h4>\n<p>Despu\u00e9s del desayuno en el hotel en Ouarzazate&nbsp;, nos dirigimos hacia el valle del Draa&nbsp;a trav\u00e9s del cual fluye el r\u00edo&nbsp;Draa, uno de los m\u00e1s largos de Marruecos. Vamos a hacer una gran parada para usted para disfrutar de las vistas y tomar fotos del paisaje natural, la encantadora kasbahs&nbsp;y de los muchos pueblos ber\u00e9beres construidas de adobe, que est\u00e1n repartidos por el camino.<\/p>\n<p>Poco tiempo despu\u00e9s de una pausa para el caf\u00e9 en&nbsp;Alnif, llegaremos a la impresionante dunas de arena de Merzouga&nbsp;donde vamos a tomar el t\u00e9 con los habitantes de la zona mientras se descansa despu\u00e9s del viaje.<\/p>\n<p>Un breve paseo por las dunas nos va a poner en la posici\u00f3n perfecta para ver la majestuosa puesta del sol antes de regresar a su hotel.<\/p>\n<h4><span style=\"color: #ff6600;\"><strong>D\u00eda 2:4 x4 Tour, Camel trek y Noche en&nbsp;Jaimas<\/strong><\/span><\/h4>\n<p>Despu\u00e9s de un relajado desayuno haremos un recorrido por el oasis que se extiende por las dunas de Erg&nbsp;Chebbi. Este incluir\u00e1 una visita al pueblo de Khamlia, que es poblada principalmente por personas cuyos antepasados fueron llevados al norte de \u00c1frica subsahariana&nbsp;como esclavos.<\/p>\n<p>Nuestra pr\u00f3xima parada ser\u00e1 en la ciudad del desierto de&nbsp;M\u2019fis&nbsp;y posteriormente se arribar\u00e1 a peque\u00f1as aldeas y viviendas aisladas de la civilizaci\u00f3n, mucho&nbsp;antes de la reuni\u00f3n con algunos hospitalario pueblo n\u00f3mada con quienes nos vamos a beber el t\u00e9 tradicional, con o sin menta, y sentarse bajo sus jaimas&nbsp;(tiendas de campa\u00f1a tradicionales).<\/p>\n<p>Por la tarde usted tendr\u00e1 la opci\u00f3n de trekking en camello en medio del mar de arena, a ver la inolvidable puesta del sol antes de pasar una noche m\u00e1gica de la cena y hospitalidad Bereber con un manto de estrellas. Usted pasar\u00e1 la noche en&nbsp;jaimas.<\/p>\n<h4><span style=\"color: #ff6600;\"><strong>D\u00eda 3:&nbsp;Merzouga&nbsp;\u2013 Ouarzazate<\/strong><\/span><\/h4>\n<p>Despu\u00e9s de aumentar muy temprano para estar en los camellos a tiempo para ver el amanecer, regreso al hotel para el desayuno y duchas.<\/p>\n<p>A continuaci\u00f3n visita&nbsp;Rissani, anteriormente conocido como Sijilmassa, y que es un principio de la rutas de las caravanas del S\u00e1hara al norte. Este es el lugar donde los Bereberes su tradicional mercado 3 veces a la semana, venden de todo, desde ropa a la ganader\u00eda.<\/p>\n<p>Continuando con semi-des\u00e9rtico paisaje, llegamos a la ciudad oasis de&nbsp;Tinghir, posiblemente uno de los lugares m\u00e1s bellos de todo Marruecos. Todgha siguiendo el r\u00edo&nbsp;aguas arriba, llegamos a la impresionante&nbsp;Todra&nbsp;Gorge, a s\u00f3lo 10 m de ancho en algunos lugares, pero las paredes de la garganta son de hasta 160 m. de altura.<\/p>\n<p>Despu\u00e9s de una breve parada en la ciudad podemos retomar nuestra ruta por la carretera de 1000 Kasbahs, hasta llegar a&nbsp;Dades&nbsp;Gorge. Hay algunos incre\u00edbles formaciones rocosas causadas por la erosi\u00f3n, lo que lo convierte en un lugar ideal para unas fant\u00e1sticas fotograf\u00edas.<\/p>\n<p>Por \u00faltimo, volver a Ouarzazate&nbsp;, una de las ciudades m\u00e1s importantes en el sur de Marruecos que es tambi\u00e9n conocido como un lugar para la filmaci\u00f3n de muchas pel\u00edculas conocidas internacionalmente, como Gladiator, Troya y el regreso de la momia, por nombrar s\u00f3lo algunos.<\/p>\n","protected":false},"excerpt":{"rendered":"<p>D\u00eda 1:&nbsp;Ouarzazate&nbsp;\u2013&nbsp;Merzouga Despu\u00e9s del desayuno en el hotel en Ouarzazate&nbsp;, nos dirigimos hacia el valle del Draa&nbsp;a trav\u00e9s del cual fluye el r\u00edo&nbsp;Draa, uno de los<span class=\"excerpt-hellip\"> [\u2026]<\/span><\/p>\n","protected":false},"author":1,"featured_media":0,"parent":0,"menu_order":0,"comment_status":"closed","ping_status":"closed","template":"","meta":{"ngg_post_thumbnail":0,"footnotes":""},"class_list":["post-563","page","type-page","status-publish","hentry"],"_links":{"self":[{"href":"https:\/\/menaramoroccotours.com\/es\/wp-json\/wp\/v2\/pages\/563","targetHints":{"allow":["GET"]}}],"collection":[{"href":"https:\/\/menaramoroccotours.com\/es\/wp-json\/wp\/v2\/pages"}],"about":[{"href":"https:\/\/menaramoroccotours.com\/es\/wp-json\/wp\/v2\/types\/page"}],"author":[{"embeddable":true,"href":"https:\/\/menaramoroccotours.com\/es\/wp-json\/wp\/v2\/users\/1"}],"replies":[{"embeddable":true,"href":"https:\/\/menaramoroccotours.com\/es\/wp-json\/wp\/v2\/comments?post=563"}],"version-history":[{"count":2,"href":"https:\/\/menaramoroccotours.com\/es\/wp-json\/wp\/v2\/pages\/563\/revisions"}],"predecessor-version":[{"id":797,"href":"https:\/\/menaramoroccotours.com\/es\/wp-json\/wp\/v2\/pages\/563\/revisions\/797"}],"wp:attachment":[{"href":"https:\/\/menaramoroccotours.com\/es\/wp-json\/wp\/v2\/media?parent=563"}],"curies":[{"name":"wp","href":"https:\/\/api.w.org\/{rel}","templated":true}]}}