{"id":561,"date":"2017-10-22T14:41:59","date_gmt":"2017-10-22T14:41:59","guid":{"rendered":"https:\/\/africadeserttravel.com\/?page_id=561"},"modified":"2017-10-27T12:32:02","modified_gmt":"2017-10-27T12:32:02","slug":"10-dias-viaje-por-el-desierto-desde-tanger","status":"publish","type":"page","link":"https:\/\/menaramoroccotours.com\/es\/10-dias-viaje-por-el-desierto-desde-tanger\/","title":{"rendered":"10 D\u00edas Viaje por el desierto desde T\u00e1nger"},"content":{"rendered":"<h4><strong><span style=\"color: #ff6600;\">D\u00cdA 1: TANGER &#8211; CHEFCHAOUEN<\/span><\/strong><\/h4>\n<p>Durante el primer d\u00eda de su viaje, nos encontraremos en el puerto y conduciremos a trav\u00e9s de las monta\u00f1as y la ciudad de tetoun para disfrutar de las vistas de las hermosas monta\u00f1as hasta llegar a chefchaouan uno de los pueblos impresionantes a los pies de las monta\u00f1as rif chefchaouen medina una plaza de estilo espa\u00f1ol rodeada de muchas tiendas de artes y artesan\u00edas, restaurantes en la azotea y cafeter\u00edas donde pasar\u00e1 la noche en un lugar agradable para disfrutar de la brisa y la belleza de la naturaleza.<\/p>\n<h4><strong><span style=\"color: #ff6600;\">D\u00cdA 2: CHEFCHAOUEN<\/span><\/strong><\/h4>\n<p>Blue-streets-of-chefchaouen disfruta de una vista panor\u00e1mica de Chefchaouen mientras disfruta del desayuno con frutas frescas, mermeladas y zumos naturales exprimidos desde la terraza de su hotel. Despu\u00e9s del desayuno, explore y visite a pie Chefchaouen, la ciudad azulada (antigua medina) junto con su gu\u00eda que compartir\u00e1 historias de la historia de Chefchaouen.<\/p>\n<p>Comience su recorrido con el museo de kasbah en la medina. La kasbah de Chefchaouen pertenece a principios del siglo XVIII y fue construida por el legendario gobernante Moulay Ismail. Es bastante simple sin sorpresas arquitect\u00f3nicas, sin embargo, est\u00e1 rodeado de jardines en el interior y el exterior. Dentro de la Kasbah, puede visitar el museo etnogr\u00e1fico que contiene armas antiguas, instrumentos musicales y fotograf\u00edas del casco antiguo. Despu\u00e9s de explorar la medina, almorzar en uno de los restaurantes locales. Y por la tarde volvemos a su Riad.<\/p>\n<h4><strong><span style=\"color: #ff6600;\">D\u00cdA 3: CHEFCHAOUEN &#8211; MIDELT<\/span><\/strong><\/h4>\n<p>En el camino a Midelt volveremos a tiempo al siglo 3 visitando el sitio arqueol\u00f3gico m\u00e1s importante de Marruecos Volubilis, que presenta las ruinas romanas mejor conservadas de esta parte del norte de \u00c1frica. Por lo tanto, no es casualidad que estas ruinas romanas en 1997 estuvieran catalogadas como Patrimonio de la Humanidad por la UNESCO. Una visita guiada de 45 minutos est\u00e1 programada aqu\u00ed.<\/p>\n<p>De Volubilis seguimos nuestro camino hacia Meknes, que lleva el nombre de una tribu bereber que se conoc\u00eda como Miknasa en las fuentes medievales del norte de \u00c1frica. Meknes fue la capital de Marruecos bajo el reinado de Moulay Ismail (1672-1727). \u00c9l construy\u00f3 en los graneros dise\u00f1ados ingeniosamente, la arquitectura realmente fascinante de ventanas diminutas, enormes paredes donde sol\u00eda almacenar granos y heno para alimentar a sus 15,000 caballos, no a los humanos. Continuamos nuestro camino hacia Midelt v\u00eda Azrou y el atlas medio, Noche en Midelt.<\/p>\n<h4><strong><span style=\"color: #ff6600;\">D\u00cdA 4: FEZ &#8211; MIDELT &#8211; MERZOUGA<\/span><\/strong><\/h4>\n<p>Desde Midelt nos dirigimos a las magn\u00edficas gargantas de Ziz esculpidas a trav\u00e9s de roca volc\u00e1nica, ver\u00e1 las vistas de la meseta del Medio Atlas, notando c\u00f3mo el paisaje cambia para revelar indicios del desierto a medida que se acerca a la ciudad de Errachidia. Despu\u00e9s del almuerzo, continuaremos nuestro viaje por el valle de Ziz Erfoud, Rissani y Merzouga. Despu\u00e9s de un vaso de t\u00e9 a la menta, dejaremos nuestro equipaje en una habitaci\u00f3n y luego llevaremos a los camellos a un campamento bereber en el medio de las dunas de Erg Chebbi Sad. Tiene 20 km de largo y 5 km de ancho y es tambi\u00e9n conocida como las dunas de arena m\u00e1s altas del norte de \u00c1frica. Es un entorno \u00fanico y diverso. La caminata en camello dura aproximadamente 1 hora y 30 minutos desde el hotel hasta el campamento donde continuamos con el esp\u00edritu del estilo de vida bereber n\u00f3mada. All\u00ed instalamos carpas bereberes con restaurante y cocina adicionales, y las dunas proporcionan naturalmente instalaciones b\u00e1sicas. Las tiendas est\u00e1n bien equipadas y ofrecemos colchones, mantas y cojines. Despu\u00e9s de la cena nos reunimos alrededor del fuego y disfrutamos de la noche del desierto tal vez con tambores bereberes tradicionales.<\/p>\n<h4><strong><span style=\"color: #ff6600;\">D\u00cdA 5: MERZOUGA<\/span><\/strong><\/h4>\n<p>\u00a1Un d\u00eda completo en el desierto del Sahara te espera! Estar\u00e1s en otro fabuloso pueblo bereber del Sahara y escuchar\u00e1s la m\u00fasica Gnaoua en un pueblo africano. Contin\u00faa hasta ver a los n\u00f3madas del desierto debajo de sus tiendas. Por la noche, volver\u00e1s a tu hotel.<\/p>\n<h4><strong><span style=\"color: #ff6600;\">D\u00cdA 6: MERZOUGA &#8211; TODOR GORGES &#8211; DADES GORGES<\/span><\/strong><\/h4>\n<p>Despu\u00e9s del desayuno, cuando empiece a viajar a Erfoud, se pondr\u00e1 detr\u00e1s de las monta\u00f1as del Alto Atlas en ruta hacia el desfiladero de Todra, pasando por la gente n\u00f3mada en el camino. Dar\u00e1s un paseo por las imponentes gargantas del Todra (985 pies de altura). Los pintorescos valles de los r\u00edos hacen un hermoso viaje hacia el sureste de Marruecos. Luego contin\u00fae su viaje hacia otra impresionante garganta Dades pasando por extra\u00f1as creaciones de roca de Tamnalt Hills.<\/p>\n<h4><strong><span style=\"color: #ff6600;\">D\u00cdA 7: DADES GORGE &#8211; OUARZAZATE &#8211; MARRAKECH<\/span><\/strong><\/h4>\n<p>Despu\u00e9s del desayuno, comienza el d\u00eda de viaje hacia Ouarzazate a trav\u00e9s de las monta\u00f1as del Alto Atlas. Salga de la carretera unos 25 km en su 4 \u00d7 4, descubrir\u00e1 la vida n\u00f3mada en cuevas antes de llegar al centro de rosas marroqu\u00edes y productos de rosas. Contin\u00faa tu viaje a trav\u00e9s del Camino de las Mil Kasbahs. Pasar\u00e1 por el oasis de palmeras de Skoura justo antes de llegar a Ouarzazate. Aqu\u00ed visitar\u00e1 Kasbah Ait Benhaddou, Patrimonio de la Humanidad de la UNESCO. En la moda t\u00edpica marroqu\u00ed, los verdaderos tesoros deben buscarse y descubrirse &#8230; por lo general fuera del camino trillado. En realidad, esta configuraci\u00f3n se ha utilizado para m\u00e1s pel\u00edculas que cualquier otra ubicaci\u00f3n en Marruecos, incluyendo Lawrence de Arabia, Jes\u00fas de Nazaret, y recientemente The Gladiator. Por la tarde, lo dejar\u00e1n en su riad \/ hotel.<\/p>\n<h4><strong><span style=\"color: #ff6600;\">D\u00cdA 8: MARRAKECH<\/span><\/strong><\/h4>\n<p>Despu\u00e9s del desayuno en el Riad, puede comenzar a explorar Marrakech &#8216;la ciudad roja de Marruecos&#8217;. Nos aseguraremos de que vea los sitios m\u00e1s importantes de inter\u00e9s hist\u00f3rico y cultural, incluidos los Jardines Majorelle, la Torre Koutoubia, las tumbas saad\u00edes, Bahia Palacel. Despu\u00e9s del almuerzo en un restaurante cerca de la plaza, caminar\u00e1 por los zocos y ver\u00e1 cientos de artesan\u00edas. Por la tarde, lo recogeremos de regreso a su Riad.<\/p>\n<h4><strong><span style=\"color: #ff6600;\">D\u00cdA 9: MARRAKECH<\/span><\/strong><\/h4>\n<p>En este d\u00eda tendr\u00e1 un poco de tiempo libre para preguntarse por s\u00ed mismo las otras partes de la ciudad.<\/p>\n<h4><strong><span style=\"color: #ff6600;\">D\u00cdA 10: MARRAKECH AL AEROPUERTO:<\/span><\/strong><\/h4>\n<p>Dejarte en el aeropuerto. Fin de nuestros servicios<\/p>\n<p>Qu\u00e9 est\u00e1 incluido:<\/p>\n<p>\u25ba Recogida del hotel y entrega de<br \/>\n\u25ba Transporte en veh\u00edculo con aire acondicionado. combustible y peajes<br \/>\n\u25ba Entradas<br \/>\n\u25ba Servicios de un conductor calificado de habla inglesa<br \/>\n\u25ba 4 noches de alojamiento en hoteles recomendados \/ Kasbahs \/ Riads<br \/>\n\u25ba Desayuno y cena todos los d\u00edas<\/p>\n<p>Lo que no est\u00e1 incluido:<\/p>\n<p>\u25ba Almuerzo y bebidas<br \/>\n\u25ba Propinas y propinas<br \/>\n\u25ba Punto de encuentro<br \/>\n\u25ba Recogida en su hotel o riad<\/p>\n","protected":false},"excerpt":{"rendered":"<p>D\u00cdA 1: TANGER &#8211; CHEFCHAOUEN Durante el primer d\u00eda de su viaje, nos encontraremos en el puerto y conduciremos a trav\u00e9s de las monta\u00f1as y la<span class=\"excerpt-hellip\"> [\u2026]<\/span><\/p>\n","protected":false},"author":1,"featured_media":0,"parent":0,"menu_order":0,"comment_status":"closed","ping_status":"closed","template":"","meta":{"ngg_post_thumbnail":0,"footnotes":""},"class_list":["post-561","page","type-page","status-publish","hentry"],"_links":{"self":[{"href":"https:\/\/menaramoroccotours.com\/es\/wp-json\/wp\/v2\/pages\/561","targetHints":{"allow":["GET"]}}],"collection":[{"href":"https:\/\/menaramoroccotours.com\/es\/wp-json\/wp\/v2\/pages"}],"about":[{"href":"https:\/\/menaramoroccotours.com\/es\/wp-json\/wp\/v2\/types\/page"}],"author":[{"embeddable":true,"href":"https:\/\/menaramoroccotours.com\/es\/wp-json\/wp\/v2\/users\/1"}],"replies":[{"embeddable":true,"href":"https:\/\/menaramoroccotours.com\/es\/wp-json\/wp\/v2\/comments?post=561"}],"version-history":[{"count":3,"href":"https:\/\/menaramoroccotours.com\/es\/wp-json\/wp\/v2\/pages\/561\/revisions"}],"predecessor-version":[{"id":795,"href":"https:\/\/menaramoroccotours.com\/es\/wp-json\/wp\/v2\/pages\/561\/revisions\/795"}],"wp:attachment":[{"href":"https:\/\/menaramoroccotours.com\/es\/wp-json\/wp\/v2\/media?parent=561"}],"curies":[{"name":"wp","href":"https:\/\/api.w.org\/{rel}","templated":true}]}}