{"id":559,"date":"2017-10-22T14:40:16","date_gmt":"2017-10-22T14:40:16","guid":{"rendered":"https:\/\/africadeserttravel.com\/?page_id=559"},"modified":"2017-10-27T12:32:03","modified_gmt":"2017-10-27T12:32:03","slug":"10-dias-ciudades-imperiales-y-desierto","status":"publish","type":"page","link":"https:\/\/menaramoroccotours.com\/es\/10-dias-ciudades-imperiales-y-desierto\/","title":{"rendered":"10 D\u00edas ciudades imperiales y Desierto"},"content":{"rendered":"<h4><span style=\"color: #ff6600;\"><strong>D\u00eda 1: Arribo&nbsp;&nbsp;Casablanca:<\/strong><\/span><\/h4>\n<p>A su llegada en el Aeropuerto de Casablanca, nuestro conductor le recoger\u00e1 y le llevar\u00e1 a su hotel. Despu\u00e9s, puede que desee ver algunos de los lugares de inter\u00e9s de la ciudad, el mejor lugar es la Mezquita de Hassan II.&nbsp;Noche en un hotel.<\/p>\n<h4><span style=\"color: #ff6600;\"><strong>D\u00eda 2: Casablanca Rabat:<\/strong><\/span><\/h4>\n<p>Despu\u00e9s del desayuno, inicio el viaje hacia la capital de Marruecos, Rabat es la primera ciudad Imperial que va a viajar. Podemos organizar una visita guiada con un gu\u00eda oficial; se visitar\u00e1 la&nbsp;plaza Oudayas&nbsp;Kasbah, Torre Hassan &amp; mausoleo Mohammed V, junto con el Chellah&nbsp;&nbsp;Jardines y Necr\u00f3polis. Usted pasar\u00e1 la noche en un Riad.<\/p>\n<h4><span style=\"color: #ff6600;\"><strong>D\u00eda 3: Rabat Meknes&nbsp;Volubilis&nbsp;Fes:<\/strong><\/span><\/h4>\n<p>Hoy en d\u00eda, podr\u00e1 viajar a Meknes, uno de&nbsp;Marruecos la Ciudad Imperial. Usted visitar\u00e1 la plaza y ver uno de Marruecos m\u00e1s impresionantes de las pasarelas, Bab Mansour. A continuaci\u00f3n, jefe de Volubilis&nbsp;. las Ruinas Romanas&nbsp;y, a continuaci\u00f3n, a Fes para la noche.&nbsp;Noche en un Riad.<\/p>\n<h4><span style=\"color: #ff6600;\"><strong>D\u00eda 4: Fes Visita guiada:<\/strong><\/span><\/h4>\n<p>En Fes, usted tendr\u00e1 una visita guiada con un gu\u00eda oficial y usted ser\u00e1 capaz de explorar el protegido por la UNESCO, la Fes Fes Medina se compone de 9.000 caminos y callejones y lo mejor es que explorar, con un experto. Fes Medina es la m\u00e1s antigua y la m\u00e1s bella en Marruecos, casi sin cambios desde la Edad Media y declarado Patrimonio Mundial de la Humanidad en 1981. Las puertas nos llevan a un laberinto de estrechas calles y callejones alrededor de la mezquita&nbsp;Kairouine. Su universidad es la m\u00e1s antigua del mundo. Visitar el barrio de los curtidores y descubrir una terraza con vistas a la tener\u00eda. Noche en un Riad.<\/p>\n<h4><span style=\"color: #ff6600;\"><strong>D\u00eda 5: Fez&nbsp;Ifrane Midelt hizo una declaraci\u00f3n&nbsp;Erg&nbsp;Chebbi:<\/strong><\/span><\/h4>\n<p>Nuestro conductor le recoger\u00e1 eso de las 9 de la ma\u00f1ana hacia&nbsp;&nbsp;Las Dunas del Erg Chebbi. En el camino, pasar\u00e1&nbsp;Ifrane&nbsp;antes de seguir adelante a trav\u00e9s&nbsp;&nbsp;del&nbsp;camino zigzagueante para Salir Midelt hizo una declaraci\u00f3n y&nbsp;Valle y en el desierto por la noche para un Sahara aventura. Llegar a su destino final de la tarde. Cena y noche en un&nbsp;albergue.<\/p>\n<h4><span style=\"color: #ff6600;\"><strong>D\u00eda 6: Erg&nbsp;Chebbi&nbsp;Desierto del Sahara:<\/strong><\/span><\/h4>\n<p>Hoy en d\u00eda, usted tendr\u00e1 el d\u00eda para explorar el Erg&nbsp;Chebbi&nbsp;Desierto del Sahara. Usted ser\u00e1 capaz de visitar una aldea local musical&nbsp;Khamlia, compartir un t\u00e9 con una familia n\u00f3mada. Despu\u00e9s, se preparan para paseos en camello por el desierto. Har\u00e1 una parada para admirar el atardecer. Cena bajo las estrellas seguida por una noche en una tienda de campa\u00f1a de estilo de Bereber.&nbsp;tenemos nuestra propia zona del campamento. Si prefiere no acampar, paseos en camello vaya durante una hora para ver la puesta del sol y pasar la noche en el albergue&nbsp;.<\/p>\n<h4><span style=\"color: #ff6600;\">D\u00eda 7: Erg&nbsp;Chebbi&nbsp;Ouarzazate Dades Valle:<\/span><\/h4>\n<p>Esta ma\u00f1ana, usted podr\u00e1 admirar al atardecer y tomar algunas fotograf\u00edas excepcionales antes de paseos en camello el Auberge.&nbsp;A continuaci\u00f3n, dir\u00edgete a Ouarzazate. En el camino se desvi\u00f3 para visitar Todra&nbsp;Gorge. Luego se dirigir\u00e1 hacia&nbsp;Ouarzazate&nbsp;&nbsp;Kasbah Taorirt y visita una vez propiedad de la&nbsp;&nbsp;familia Glaouis Cena y noche en un Riad.<\/p>\n<h4><span style=\"color: #ff6600;\"><strong>D\u00eda 8:&nbsp;Ouarzazate \u2013 Ait Ben Haddou&nbsp;&nbsp;Marrakech:<\/strong><\/span><\/h4>\n<p>Despu\u00e9s de dejar&nbsp;Ouarzazate&nbsp;se detiene en el sitio del patrimonio mundial de la UNESCO de&nbsp;Ait Ben&nbsp;Haddou. A continuaci\u00f3n, cruzar\u00e1 B\u00e1tiz&nbsp;n Tichka&nbsp;&nbsp;, en las monta\u00f1as del Alto Atlas y a Marrakech.&nbsp;Noche en un Riad.<\/p>\n<h4><span style=\"color: #ff6600;\"><strong>D\u00eda 9: Marrakech Visita guiada:<\/strong><\/span><\/h4>\n<p>Hoy tendr\u00e1 una excursi\u00f3n privada guiada de Marrakech Medina con un gu\u00eda oficial de Marrakech. Usted podr\u00e1 ver la famosa Mezquita&nbsp;Koutubia, la Medina y los zocos, y explorar un poco m\u00e1s de Marrakech de los secretos: Ali Ben Youssef escuela cor\u00e1nica, los Saadi&nbsp;el palacio Bahia y&nbsp;jardines Majorelle&nbsp;.&nbsp;Noche en un Riad&nbsp;&nbsp;en la Medina.<\/p>\n<h4><span style=\"color: #ff6600;\"><strong>D\u00eda 10: Salida de Marrakech:<\/strong><\/span><\/h4>\n<p>A la hora prevista, traslado al aeropuerto en el momento de su vuelo&nbsp;.Esperamos que hayas&nbsp;tenido un viaje maravilloso.<\/p>\n","protected":false},"excerpt":{"rendered":"<p>D\u00eda 1: Arribo&nbsp;&nbsp;Casablanca: A su llegada en el Aeropuerto de Casablanca, nuestro conductor le recoger\u00e1 y le llevar\u00e1 a su hotel. Despu\u00e9s, puede que desee ver<span class=\"excerpt-hellip\"> [\u2026]<\/span><\/p>\n","protected":false},"author":1,"featured_media":0,"parent":0,"menu_order":0,"comment_status":"closed","ping_status":"closed","template":"","meta":{"ngg_post_thumbnail":0,"footnotes":""},"class_list":["post-559","page","type-page","status-publish","hentry"],"_links":{"self":[{"href":"https:\/\/menaramoroccotours.com\/es\/wp-json\/wp\/v2\/pages\/559","targetHints":{"allow":["GET"]}}],"collection":[{"href":"https:\/\/menaramoroccotours.com\/es\/wp-json\/wp\/v2\/pages"}],"about":[{"href":"https:\/\/menaramoroccotours.com\/es\/wp-json\/wp\/v2\/types\/page"}],"author":[{"embeddable":true,"href":"https:\/\/menaramoroccotours.com\/es\/wp-json\/wp\/v2\/users\/1"}],"replies":[{"embeddable":true,"href":"https:\/\/menaramoroccotours.com\/es\/wp-json\/wp\/v2\/comments?post=559"}],"version-history":[{"count":2,"href":"https:\/\/menaramoroccotours.com\/es\/wp-json\/wp\/v2\/pages\/559\/revisions"}],"predecessor-version":[{"id":793,"href":"https:\/\/menaramoroccotours.com\/es\/wp-json\/wp\/v2\/pages\/559\/revisions\/793"}],"wp:attachment":[{"href":"https:\/\/menaramoroccotours.com\/es\/wp-json\/wp\/v2\/media?parent=559"}],"curies":[{"name":"wp","href":"https:\/\/api.w.org\/{rel}","templated":true}]}}