{"id":406,"date":"2017-10-16T15:36:09","date_gmt":"2017-10-16T15:36:09","guid":{"rendered":"https:\/\/africadeserttravel.com\/?page_id=406"},"modified":"2017-10-27T12:30:19","modified_gmt":"2017-10-27T12:30:19","slug":"excursiones","status":"publish","type":"page","link":"https:\/\/menaramoroccotours.com\/es\/excursiones\/","title":{"rendered":"Excursiones"},"content":{"rendered":"<h4><strong><span style=\"color: #ff6600;\">EXCURSI\u00d3N ESSAOUIRA<\/span><\/strong><\/h4>\n<p>Costa Atl\u00e1ntica de Marruecos es precioso y, una vez que usted visite, usted va a desear volver.&nbsp;Essaouira, un tranquilo pueblo situado a 3 horas de Marrakech, es un lugar de Patrimonio Mundial de la UNESCO \u2013 una ciudad protegida. Las murallas de Essaouria y&nbsp;la ciudad amurallada del siglo 16 ofrece impresionantes vistas del Oc\u00e9ano Atl\u00e1ntico. Un viaje de un d\u00eda a&nbsp;Essaouria&nbsp;, una de las m\u00e1s encantadoras de medinas todos de Marruecos, te dar\u00e1 tiempo suficiente para visitar los monumentos m\u00e1s importantes, los antiguos mercados de pescado, y el puerto mar\u00edtimo. Usted tambi\u00e9n tendr\u00e1 la oportunidad de ver plata artesanos y talladores de madera en el lugar de trabajo.<\/p>\n<h4><strong><span style=\"color: #ff6600;\">LAS MONTA\u00d1AS DEL ATLAS<\/span><\/strong><\/h4>\n<p>Recogida a las 9 de la ma\u00f1ana de Marrakech y viaje hacia las monta\u00f1as del Alto Atlas.&nbsp;Asni&nbsp;y sus alrededores pueblos ber\u00e9beres&nbsp;&nbsp;rincones para conseguir lejos de caliente y ex\u00f3tica atracci\u00f3n de Marrakech a este fr\u00edo y resistente casa bereber. Un conjunto de aldeas en torno a la&nbsp;rivervalley Moulay&nbsp;Ibrahim en un escenario espectacular de las monta\u00f1as del Alto Atlas con grandes vistas a la monta\u00f1a m\u00e1s alta de Marruecos y el Norte de \u00c1frica&nbsp;djebel Toubkal&nbsp;.&nbsp;Un ambiente acogedor de aldeas diminutas, laderas empinadas, saltos de agua, y verdes y exuberantes jardines.&nbsp;Parada en una de las casas de bereberes un vaso de t\u00e9 de menta. Si te gusta tomar un corto paseo de 20 minutos de las cataratas en el&nbsp;OurikaValley, el hogar de la monta\u00f1a Toubkal National Park. Rendimiento que se espera en torno a 5h.<\/p>\n<h4><strong><span style=\"color: #ff6600;\">CASCADAS DE OUZOUD CASCADAS<\/span><\/strong><\/h4>\n<p>Im\u00e1genes de&nbsp;cascadas de Ouzoud&nbsp;son marroqu\u00edes en casi todos folleto tur\u00edstico. Las cataratas se encuentran a 3 hora en autom\u00f3vil de Marrakech y se encuentran en el coraz\u00f3n de la cordillera del Atlas. Ca\u00edda de altura de m\u00e1s de 100 metros, las cataratas sumergirse en una serie interminable de las piscinas. La quebrada de las&nbsp;Cascadas de Ouzoud&nbsp;Cascadas es el hogar de las familias de simios Barbary y una gran variedad de especies end\u00e9micas, un observador de aves&nbsp;es un placer! Muchos de los visitantes que acuden al Marruecos no esperes que este tipo de \u201cexperiencia natural\u201d, por lo tanto, una visita a las hermosas&nbsp;cascadas de Ouzoud&nbsp;se presenta en una refrescante sorpresa.<\/p>\n<h4><strong><span style=\"color: #ff6600;\">VALLE DE OURIKA<\/span><\/strong><\/h4>\n<p>Escapada de fin de semana uno de los favoritos para los nativos los marroqu\u00edes, el Valle de Ourika&nbsp;&nbsp;est\u00e1 a 30 km de Marrakech y descansa entre las estribaciones de las Monta\u00f1as del Atlas. Un escape de la vida de la ciudad, el Valle atrae a visitantes con un ambiente de bienvenida de aldeas diminutas, las laderas escarpadas, cascadas y jardines. No te olvides de pasar y visitar los pueblos ber\u00e9beres en el camino.&nbsp;Valle de Ourika&nbsp;s\u00f3lo se puede visitar como excursi\u00f3n de medio d\u00eda en lugar de la jornada completa. Se puede desayunar en la ma\u00f1ana con el regreso a Marrakech despu\u00e9s de comer o si lo prefiere puede apartarse Marrakech, disfrutando de la tarde en la&nbsp;Ourika y&nbsp;, a continuaci\u00f3n, volver a Marrakech despu\u00e9s de la cena en el valle.<\/p>\n<h4><strong><span style=\"color: #ff6600;\">OUARZAZATE (TELOUET y AIT BEN HADDOU KASBAHS)<\/span><\/strong><\/h4>\n<p>Esta excursi\u00f3n de un d\u00eda completo le llevar\u00e1, a trav\u00e9s de la cadena del Alto Atlas a trav\u00e9s del&nbsp;Tizi N\u2019Tichka&nbsp;, un imponente paisaje de las altas monta\u00f1as y tradicionales pueblos ber\u00e9beres. El descenso a lo largo de la parte oriental de la cadena ofrece un cambio repentino en el exuberante paisaje de un \u00e1rido y desierto panorama. En Ouarzazate,&nbsp;visitar la Kasbah de Ait Ben Haddou&nbsp;&nbsp;y&nbsp;Taourirt Kasbah&nbsp;.&nbsp;Ait Ben Haddou&nbsp;&nbsp;es protegido por la UNESCO sitio siglo 11 que inspir\u00f3 a muchos directores de cine, Gladiator y Lawrence de Arabia fue filmada all\u00ed. Las vistas desde las alturas son impresionantes y vale la pena el necesario subir por calles estrechas y sinuosas.<\/p>\n<h4><strong><span style=\"color: #ff6600;\">MARRAKECH<\/span><\/strong><\/h4>\n<p>Marrakech Actividades Tur\u00edsticas y cosas para hacer y ver en Marrakech&nbsp;.<\/p>\n<p>Como cualquiera sabe Marrakech es una de las m\u00e1s antiguas ciudades imperiales fundada alrededor&nbsp; 1060-1106) por el rey Youssef Ibn Tachafine&nbsp;el imperio de la Dinast\u00eda Bereber&nbsp;&nbsp;(Almor\u00e1vides, situado en el&nbsp;Hawz, una llanura agr\u00edcola limita al sur y al este con las monta\u00f1as del Alto Atlas, y regado por el&nbsp;r\u00edo Tansift, llamada la&nbsp;perle&nbsp;de la zona sur, tiene una vista espectacular sobre las cumbres nevadas de las Monta\u00f1as del Atlas alto rodeado de miles las palmas agricultura y campos.<\/p>\n<p>En virtud de la&nbsp;gouvernance&nbsp;de&nbsp;Almaravides&nbsp;dinast\u00eda (1055- 1157)Marrakech&nbsp;se convirti\u00f3 en la base&nbsp;del&nbsp;comercio y conquista de Marruecos, porciones del Magreb,&nbsp;y Andaluc\u00eda.<\/p>\n<p>El&nbsp;ampire&nbsp;ha ampliado en ese momento desde Espa\u00f1a a&nbsp;&nbsp;senegal, Marruecos fue un cruce de caminos de antiguas rutas de caravanas de Tombuct\u00fa es un destino clave para el comercio y por consiguiente el indulto para los cansados del \u00c1frica Subsahariana comerciantes que llevan oro, sal y esclavos a Europa.<\/p>\n","protected":false},"excerpt":{"rendered":"<p>EXCURSI\u00d3N ESSAOUIRA Costa Atl\u00e1ntica de Marruecos es precioso y, una vez que usted visite, usted va a desear volver.&nbsp;Essaouira, un tranquilo pueblo situado a 3 horas<span class=\"excerpt-hellip\"> [\u2026]<\/span><\/p>\n","protected":false},"author":1,"featured_media":0,"parent":0,"menu_order":0,"comment_status":"closed","ping_status":"closed","template":"","meta":{"ngg_post_thumbnail":0,"footnotes":""},"class_list":["post-406","page","type-page","status-publish","hentry"],"_links":{"self":[{"href":"https:\/\/menaramoroccotours.com\/es\/wp-json\/wp\/v2\/pages\/406","targetHints":{"allow":["GET"]}}],"collection":[{"href":"https:\/\/menaramoroccotours.com\/es\/wp-json\/wp\/v2\/pages"}],"about":[{"href":"https:\/\/menaramoroccotours.com\/es\/wp-json\/wp\/v2\/types\/page"}],"author":[{"embeddable":true,"href":"https:\/\/menaramoroccotours.com\/es\/wp-json\/wp\/v2\/users\/1"}],"replies":[{"embeddable":true,"href":"https:\/\/menaramoroccotours.com\/es\/wp-json\/wp\/v2\/comments?post=406"}],"version-history":[{"count":3,"href":"https:\/\/menaramoroccotours.com\/es\/wp-json\/wp\/v2\/pages\/406\/revisions"}],"predecessor-version":[{"id":834,"href":"https:\/\/menaramoroccotours.com\/es\/wp-json\/wp\/v2\/pages\/406\/revisions\/834"}],"wp:attachment":[{"href":"https:\/\/menaramoroccotours.com\/es\/wp-json\/wp\/v2\/media?parent=406"}],"curies":[{"name":"wp","href":"https:\/\/api.w.org\/{rel}","templated":true}]}}