{"id":383,"date":"2017-10-16T15:31:58","date_gmt":"2017-10-16T15:31:58","guid":{"rendered":"https:\/\/africadeserttravel.com\/?page_id=383"},"modified":"2020-06-24T12:01:40","modified_gmt":"2020-06-24T12:01:40","slug":"quienes-somos","status":"publish","type":"page","link":"https:\/\/menaramoroccotours.com\/es\/quienes-somos\/","title":{"rendered":"Quienes Somos"},"content":{"rendered":"<p><strong><img loading=\"lazy\" decoding=\"async\" class=\"size-medium wp-image-931 alignleft\" src=\"http:\/\/menaramoroccotours.com\/wp-content\/uploads\/2020\/06\/a73824ca-fe8f-4f2a-879b-d9019596f736-300x201.jpg\" alt=\"\" width=\"300\" height=\"201\" srcset=\"https:\/\/menaramoroccotours.com\/wp-content\/uploads\/2020\/06\/a73824ca-fe8f-4f2a-879b-d9019596f736-300x201.jpg 300w, https:\/\/menaramoroccotours.com\/wp-content\/uploads\/2020\/06\/a73824ca-fe8f-4f2a-879b-d9019596f736-1024x685.jpg 1024w, https:\/\/menaramoroccotours.com\/wp-content\/uploads\/2020\/06\/a73824ca-fe8f-4f2a-879b-d9019596f736-768x514.jpg 768w, https:\/\/menaramoroccotours.com\/wp-content\/uploads\/2020\/06\/a73824ca-fe8f-4f2a-879b-d9019596f736-218x146.jpg 218w, https:\/\/menaramoroccotours.com\/wp-content\/uploads\/2020\/06\/a73824ca-fe8f-4f2a-879b-d9019596f736-50x33.jpg 50w, https:\/\/menaramoroccotours.com\/wp-content\/uploads\/2020\/06\/a73824ca-fe8f-4f2a-879b-d9019596f736-112x75.jpg 112w, https:\/\/menaramoroccotours.com\/wp-content\/uploads\/2020\/06\/a73824ca-fe8f-4f2a-879b-d9019596f736.jpg 1280w\" sizes=\"auto, (max-width: 300px) 100vw, 300px\" \/>Menara Morocco Tours<\/strong> es una organizaci\u00f3n que ofrece un servicio completo y variado. Nuestra agencia est\u00e1 especializada en organizar excursiones y tours en Marruecos en 4 x 4 y Minibuses, as\u00ed como la organizaci\u00f3n de acampadas y el senderismo.<\/p>\n<p>Marruecos, un pa\u00eds conocido por su hospitalidad ofrece una gran variedad de valiosas riquezas culturales y naturales.<\/p>\n<p><strong><img loading=\"lazy\" decoding=\"async\" class=\"size-medium wp-image-1047 alignright\" src=\"http:\/\/menaramoroccotours.com\/wp-content\/uploads\/2020\/06\/IMG-20200612-WA0015-1-225x300.jpg\" alt=\"\" width=\"225\" height=\"300\" srcset=\"https:\/\/menaramoroccotours.com\/wp-content\/uploads\/2020\/06\/IMG-20200612-WA0015-1-225x300.jpg 225w, https:\/\/menaramoroccotours.com\/wp-content\/uploads\/2020\/06\/IMG-20200612-WA0015-1-767x1024.jpg 767w, https:\/\/menaramoroccotours.com\/wp-content\/uploads\/2020\/06\/IMG-20200612-WA0015-1-768x1025.jpg 768w, https:\/\/menaramoroccotours.com\/wp-content\/uploads\/2020\/06\/IMG-20200612-WA0015-1-109x146.jpg 109w, https:\/\/menaramoroccotours.com\/wp-content\/uploads\/2020\/06\/IMG-20200612-WA0015-1-37x50.jpg 37w, https:\/\/menaramoroccotours.com\/wp-content\/uploads\/2020\/06\/IMG-20200612-WA0015-1-56x75.jpg 56w, https:\/\/menaramoroccotours.com\/wp-content\/uploads\/2020\/06\/IMG-20200612-WA0015-1.jpg 959w\" sizes=\"auto, (max-width: 225px) 100vw, 225px\" \/>Menara Morocco Tours<\/strong> Empresa de Transporte con su equipo de profesionales, que durante m\u00e1s de 13 a\u00f1os de su experiencia y sus conocimientos en el campo y ofrece servicios de primera clase seguridad, comodidad y calidad de servicio.<\/p>\n<p>Si usted est\u00e1 solo, con su familia, un grupo, un hombre de negocios, una agencia de viajes, una empresa o una asociaci\u00f3n; estamos seguros de que encontrar\u00e1 entre nuestros muchas ofertas, una atractiva propuesta para su siguiente viaje a Marruecos o a bordo de uno de nuestros c\u00f3modos veh\u00edculos de transporte tur\u00edstico que son conducidos por pilotos con experiencia y est\u00e1n familiarizados con la mayor\u00eda de sitios tur\u00edsticos.<\/p>\n","protected":false},"excerpt":{"rendered":"<p>Menara Morocco Tours es una organizaci\u00f3n que ofrece un servicio completo y variado. Nuestra agencia est\u00e1 especializada en organizar excursiones y tours en Marruecos en 4<span class=\"excerpt-hellip\"> [\u2026]<\/span><\/p>\n","protected":false},"author":1,"featured_media":0,"parent":0,"menu_order":0,"comment_status":"closed","ping_status":"closed","template":"","meta":{"ngg_post_thumbnail":0,"footnotes":""},"class_list":["post-383","page","type-page","status-publish","hentry"],"_links":{"self":[{"href":"https:\/\/menaramoroccotours.com\/es\/wp-json\/wp\/v2\/pages\/383","targetHints":{"allow":["GET"]}}],"collection":[{"href":"https:\/\/menaramoroccotours.com\/es\/wp-json\/wp\/v2\/pages"}],"about":[{"href":"https:\/\/menaramoroccotours.com\/es\/wp-json\/wp\/v2\/types\/page"}],"author":[{"embeddable":true,"href":"https:\/\/menaramoroccotours.com\/es\/wp-json\/wp\/v2\/users\/1"}],"replies":[{"embeddable":true,"href":"https:\/\/menaramoroccotours.com\/es\/wp-json\/wp\/v2\/comments?post=383"}],"version-history":[{"count":7,"href":"https:\/\/menaramoroccotours.com\/es\/wp-json\/wp\/v2\/pages\/383\/revisions"}],"predecessor-version":[{"id":1050,"href":"https:\/\/menaramoroccotours.com\/es\/wp-json\/wp\/v2\/pages\/383\/revisions\/1050"}],"wp:attachment":[{"href":"https:\/\/menaramoroccotours.com\/es\/wp-json\/wp\/v2\/media?parent=383"}],"curies":[{"name":"wp","href":"https:\/\/api.w.org\/{rel}","templated":true}]}}