{"id":377,"date":"2017-10-16T15:29:42","date_gmt":"2017-10-16T15:29:42","guid":{"rendered":"https:\/\/africadeserttravel.com\/?page_id=377"},"modified":"2017-10-27T12:30:12","modified_gmt":"2017-10-27T12:30:12","slug":"sobre-marruecos","status":"publish","type":"page","link":"https:\/\/menaramoroccotours.com\/es\/sobre-marruecos\/","title":{"rendered":"Sobre Marruecos"},"content":{"rendered":"<p><strong>Marruecos<\/strong> (en \u00e1rabe: \u0627\u0644\u0645\u063a\u0631\u0628 al-Ma\u0121rib, \u2018el pa\u00eds del occidente\u2019 o \u2018donde el sol se pone\u2019; en bereber: \u2d4e\u2d53\u2d54\u2d30\u2d3d\u2d53\u2d5b Muraku\u010d \u2018La tierra de Dios\u2019; ) \u2014oficialmente denominado Reino de Marruecos (en bereber: \u2d5c\u2d30\u2d33\u2d4d\u2d37\u2d49\u2d5c \u2d4f \u2d4e\u2d53\u2d54\u2d30\u2d3d\u2d53\u2d5b Tageldit-n-Muraku\u010d; en \u00e1rabe: \u0627\u0644\u0645\u0645\u0644\u0643\u0629 \u0627\u0644\u0645\u063a\u0631\u0628\u064a\u0629 al-Mamlaka al-Ma\u0121ribiyya)\u2014 es un pa\u00eds soberano situado en el Magreb, al norte de \u00c1frica, con costas en el oc\u00e9ano Atl\u00e1ntico y el mar Mediterr\u00e1neo.<\/p>\n<p>Se encuentra separado del continente europeo por el estrecho de Gibraltar. Limita con: Argelia al este (la frontera con Argelia se encuentra cerrada desde 1994), al oeste con el Sahara Occidental (territorio disputado) por el norte Espa\u00f1a, su principal socio comercial con el que comparte tanto fronteras mar\u00edtimas como terrestres (Ceuta, Melilla y el Pe\u00f1\u00f3n de V\u00e9lez de la Gomera) y finalmente, al sur con Mauritania. Existen tambi\u00e9n otros enclaves espa\u00f1oles en la costa del Mediterr\u00e1neo (Pe\u00f1\u00f3n de Alhucemas e Islas Chafarinas). Marruecos se atribuye a su territorio el territorio del Sahara Occidental, antigua colonia espa\u00f1ola, ocupado en 1975 por poblaci\u00f3n marroqu\u00ed, tras los Acuerdos de Madrid y la posterior renuncia de derechos y obligaciones espa\u00f1ola \u2014aunque en la actualidad la Organizaci\u00f3n de las Naciones Unidas no le reconoce derecho alguno sobre el territorio, considerando todav\u00eda territorio de soberan\u00eda espa\u00f1ola no aut\u00f3nomo por descolonizar\u2014.n. 1<\/p>\n<p>Es el \u00fanico pa\u00eds africano que actualmente no es miembro de la Uni\u00f3n Africana (UA). En 1984 la asamblea de la Organizaci\u00f3n para la Unidad Africana (OUA), instancia predecesora de la UA y de la cual Marruecos era miembro fundador, acept\u00f3 como miembro a la Rep\u00fablica \u00c1rabe Saharaui Democr\u00e1tica (RASD).7 Como respuesta, Marruecos se retir\u00f3 de la organizaci\u00f3n. Es miembro de la Liga \u00c1rabe, Uni\u00f3n del Magreb \u00c1rabe, la Francofon\u00eda, la Organizaci\u00f3n de la Conferencia Isl\u00e1mica, la Uni\u00f3n por el Mediterr\u00e1neo, la Uni\u00f3n Europea de Radiodifusi\u00f3n, el Grupo de los 77 y el Centro Norte-Sur. Es tambi\u00e9n un aliado importante no-OTAN de los Estados Unidos.<\/p>\n","protected":false},"excerpt":{"rendered":"<p>Marruecos (en \u00e1rabe: \u0627\u0644\u0645\u063a\u0631\u0628 al-Ma\u0121rib, \u2018el pa\u00eds del occidente\u2019 o \u2018donde el sol se pone\u2019; en bereber: \u2d4e\u2d53\u2d54\u2d30\u2d3d\u2d53\u2d5b Muraku\u010d \u2018La tierra de Dios\u2019; ) \u2014oficialmente denominado<span class=\"excerpt-hellip\"> [\u2026]<\/span><\/p>\n","protected":false},"author":1,"featured_media":0,"parent":0,"menu_order":0,"comment_status":"closed","ping_status":"closed","template":"","meta":{"ngg_post_thumbnail":0,"footnotes":""},"class_list":["post-377","page","type-page","status-publish","hentry"],"_links":{"self":[{"href":"https:\/\/menaramoroccotours.com\/es\/wp-json\/wp\/v2\/pages\/377","targetHints":{"allow":["GET"]}}],"collection":[{"href":"https:\/\/menaramoroccotours.com\/es\/wp-json\/wp\/v2\/pages"}],"about":[{"href":"https:\/\/menaramoroccotours.com\/es\/wp-json\/wp\/v2\/types\/page"}],"author":[{"embeddable":true,"href":"https:\/\/menaramoroccotours.com\/es\/wp-json\/wp\/v2\/users\/1"}],"replies":[{"embeddable":true,"href":"https:\/\/menaramoroccotours.com\/es\/wp-json\/wp\/v2\/comments?post=377"}],"version-history":[{"count":2,"href":"https:\/\/menaramoroccotours.com\/es\/wp-json\/wp\/v2\/pages\/377\/revisions"}],"predecessor-version":[{"id":837,"href":"https:\/\/menaramoroccotours.com\/es\/wp-json\/wp\/v2\/pages\/377\/revisions\/837"}],"wp:attachment":[{"href":"https:\/\/menaramoroccotours.com\/es\/wp-json\/wp\/v2\/media?parent=377"}],"curies":[{"name":"wp","href":"https:\/\/api.w.org\/{rel}","templated":true}]}}