{"id":1079,"date":"2020-06-26T18:36:52","date_gmt":"2020-06-26T18:36:52","guid":{"rendered":"http:\/\/menaramoroccotours.com\/?page_id=1079\/"},"modified":"2020-06-27T09:37:16","modified_gmt":"2020-06-27T09:37:16","slug":"quad-palmeraie-marrakech","status":"publish","type":"page","link":"https:\/\/menaramoroccotours.com\/es\/quad-palmeraie-marrakech\/","title":{"rendered":"Quad Palmeraie Marrakech"},"content":{"rendered":"<p><img loading=\"lazy\" decoding=\"async\" class=\"size-medium wp-image-1064 aligncenter\" src=\"http:\/\/menaramoroccotours.com\/wp-content\/uploads\/2020\/06\/quad-palmeraie-300x225.jpg\" alt=\"\" width=\"300\" height=\"225\" srcset=\"https:\/\/menaramoroccotours.com\/wp-content\/uploads\/2020\/06\/quad-palmeraie-300x225.jpg 300w, https:\/\/menaramoroccotours.com\/wp-content\/uploads\/2020\/06\/quad-palmeraie-195x146.jpg 195w, https:\/\/menaramoroccotours.com\/wp-content\/uploads\/2020\/06\/quad-palmeraie-50x37.jpg 50w, https:\/\/menaramoroccotours.com\/wp-content\/uploads\/2020\/06\/quad-palmeraie-100x75.jpg 100w, https:\/\/menaramoroccotours.com\/wp-content\/uploads\/2020\/06\/quad-palmeraie.jpg 550w\" sizes=\"auto, (max-width: 300px) 100vw, 300px\" \/>Es un buen d\u00eda para montar en bicicleta el Quad Palmerai de Marrakech.<\/p>\n<p>Si buscas un buen lugar de Qaud en la Ciudad Roja, te daremos el perfecto.<\/p>\n<p>con nuestra gu\u00eda puedes planear el mejor viaje desde tu ubicaci\u00f3n al viejo mundo de Marrakech. El mundo de los cuentos de hadas y las leyendas de Marrakech. Es uno de los mejores modos de viajar entre los palmerales y la vida \u00abbereber\u00bb del Amazonas.<\/p>\n<p>Para su primera visita a la palmeraie, venga a uno de los oasis hist\u00f3ricos m\u00e1s importantes de la ciudad, Atravesar los paisajes de palmeras y desiertos, por la Quad palmeraie Marrakech, es una actividad emocionante para las familias.<\/p>\n<p>Para que hoy en d\u00eda sea una actividad tur\u00edstica popular, est\u00e1 disponible durante las 4 estaciones del a\u00f1o, 7\/7 d\u00edas.<\/p>\n","protected":false},"excerpt":{"rendered":"<p>Es un buen d\u00eda para montar en bicicleta el Quad Palmerai de Marrakech. Si buscas un buen lugar de Qaud en la Ciudad Roja, te daremos<span class=\"excerpt-hellip\"> [\u2026]<\/span><\/p>\n","protected":false},"author":1,"featured_media":0,"parent":0,"menu_order":0,"comment_status":"closed","ping_status":"closed","template":"","meta":{"ngg_post_thumbnail":0,"footnotes":""},"class_list":["post-1079","page","type-page","status-publish","hentry"],"_links":{"self":[{"href":"https:\/\/menaramoroccotours.com\/es\/wp-json\/wp\/v2\/pages\/1079","targetHints":{"allow":["GET"]}}],"collection":[{"href":"https:\/\/menaramoroccotours.com\/es\/wp-json\/wp\/v2\/pages"}],"about":[{"href":"https:\/\/menaramoroccotours.com\/es\/wp-json\/wp\/v2\/types\/page"}],"author":[{"embeddable":true,"href":"https:\/\/menaramoroccotours.com\/es\/wp-json\/wp\/v2\/users\/1"}],"replies":[{"embeddable":true,"href":"https:\/\/menaramoroccotours.com\/es\/wp-json\/wp\/v2\/comments?post=1079"}],"version-history":[{"count":2,"href":"https:\/\/menaramoroccotours.com\/es\/wp-json\/wp\/v2\/pages\/1079\/revisions"}],"predecessor-version":[{"id":1132,"href":"https:\/\/menaramoroccotours.com\/es\/wp-json\/wp\/v2\/pages\/1079\/revisions\/1132"}],"wp:attachment":[{"href":"https:\/\/menaramoroccotours.com\/es\/wp-json\/wp\/v2\/media?parent=1079"}],"curies":[{"name":"wp","href":"https:\/\/api.w.org\/{rel}","templated":true}]}}