{"id":1073,"date":"2020-06-26T18:34:47","date_gmt":"2020-06-26T18:34:47","guid":{"rendered":"http:\/\/menaramoroccotours.com\/?page_id=1073\/"},"modified":"2020-06-27T09:37:20","modified_gmt":"2020-06-27T09:37:20","slug":"clases-de-cocina-en-marrakech","status":"publish","type":"page","link":"https:\/\/menaramoroccotours.com\/es\/clases-de-cocina-en-marrakech\/","title":{"rendered":"Clases de cocina en Marrakech"},"content":{"rendered":"<p><img loading=\"lazy\" decoding=\"async\" class=\"size-medium wp-image-1063 aligncenter\" src=\"http:\/\/menaramoroccotours.com\/wp-content\/uploads\/2020\/06\/image_processing20191030-4-1r69gg6-300x200.jpg\" alt=\"\" width=\"300\" height=\"200\" srcset=\"https:\/\/menaramoroccotours.com\/wp-content\/uploads\/2020\/06\/image_processing20191030-4-1r69gg6-300x200.jpg 300w, https:\/\/menaramoroccotours.com\/wp-content\/uploads\/2020\/06\/image_processing20191030-4-1r69gg6-768x511.jpg 768w, https:\/\/menaramoroccotours.com\/wp-content\/uploads\/2020\/06\/image_processing20191030-4-1r69gg6-219x146.jpg 219w, https:\/\/menaramoroccotours.com\/wp-content\/uploads\/2020\/06\/image_processing20191030-4-1r69gg6-50x33.jpg 50w, https:\/\/menaramoroccotours.com\/wp-content\/uploads\/2020\/06\/image_processing20191030-4-1r69gg6-113x75.jpg 113w, https:\/\/menaramoroccotours.com\/wp-content\/uploads\/2020\/06\/image_processing20191030-4-1r69gg6.jpg 960w\" sizes=\"auto, (max-width: 300px) 100vw, 300px\" \/>Una vez que est\u00e9s en Marrakech, hay varios platos para disfrutar comi\u00e9ndolo, te enamorar\u00e1s de los diferentes sabores de cada plato.<\/p>\n<p>Como resultado, ser\u00e1s adicto a ellos, lo que significa que te encantar\u00e1 saber c\u00f3mo lo preparan y cu\u00e1les son sus secretos. Por eso nuestra agencia le ofrece la oportunidad de aprender a cocinar una comida marroqu\u00ed (tajine, couscous o pastilla).<\/p>\n<p>Adem\u00e1s, saber cocinar es mejor que disfrutar de la comida hecha por un cocinero local, es otra sensaci\u00f3n cuando comes algo que has hecho t\u00fa mismo. En esta clase de cocina de medio d\u00eda, tendr\u00e1s la oportunidad de ser tu propio cocinero, y es hora de a\u00f1adir las comidas marroqu\u00edes a tu lista de men\u00fa, y luego disfrutar comiendo lo que tus propias manos han hecho con un grupo de personas.<\/p>\n<p>Este tour culinario comenzar\u00e1 con la recogida en tu alojamiento en Marrakech, y luego conocer\u00e1s a un simp\u00e1tico cocinero y a su equipo en un hermoso lugar. Despu\u00e9s, empezar\u00e1s a descubrir la cocina marroqu\u00ed y aprender\u00e1s a combinar tus recetas para impresionar a tu familia y amigos cuando vuelvas a casa.<\/p>\n<p>As\u00ed, esta actividad te ense\u00f1a una parte de la vida marroqu\u00ed y te empuja a dar un paso hacia la cultura marroqu\u00ed en general.<\/p>\n","protected":false},"excerpt":{"rendered":"<p>Una vez que est\u00e9s en Marrakech, hay varios platos para disfrutar comi\u00e9ndolo, te enamorar\u00e1s de los diferentes sabores de cada plato. Como resultado, ser\u00e1s adicto a<span class=\"excerpt-hellip\"> [\u2026]<\/span><\/p>\n","protected":false},"author":1,"featured_media":0,"parent":0,"menu_order":0,"comment_status":"closed","ping_status":"closed","template":"","meta":{"ngg_post_thumbnail":0,"footnotes":""},"class_list":["post-1073","page","type-page","status-publish","hentry"],"_links":{"self":[{"href":"https:\/\/menaramoroccotours.com\/es\/wp-json\/wp\/v2\/pages\/1073","targetHints":{"allow":["GET"]}}],"collection":[{"href":"https:\/\/menaramoroccotours.com\/es\/wp-json\/wp\/v2\/pages"}],"about":[{"href":"https:\/\/menaramoroccotours.com\/es\/wp-json\/wp\/v2\/types\/page"}],"author":[{"embeddable":true,"href":"https:\/\/menaramoroccotours.com\/es\/wp-json\/wp\/v2\/users\/1"}],"replies":[{"embeddable":true,"href":"https:\/\/menaramoroccotours.com\/es\/wp-json\/wp\/v2\/comments?post=1073"}],"version-history":[{"count":2,"href":"https:\/\/menaramoroccotours.com\/es\/wp-json\/wp\/v2\/pages\/1073\/revisions"}],"predecessor-version":[{"id":1133,"href":"https:\/\/menaramoroccotours.com\/es\/wp-json\/wp\/v2\/pages\/1073\/revisions\/1133"}],"wp:attachment":[{"href":"https:\/\/menaramoroccotours.com\/es\/wp-json\/wp\/v2\/media?parent=1073"}],"curies":[{"name":"wp","href":"https:\/\/api.w.org\/{rel}","templated":true}]}}