{"id":1067,"date":"2020-06-26T18:32:06","date_gmt":"2020-06-26T18:32:06","guid":{"rendered":"http:\/\/menaramoroccotours.com\/?page_id=1067\/"},"modified":"2020-06-27T09:37:29","modified_gmt":"2020-06-27T09:37:29","slug":"desierto-de-agafay","status":"publish","type":"page","link":"https:\/\/menaramoroccotours.com\/es\/desierto-de-agafay\/","title":{"rendered":"Desierto de Agafay"},"content":{"rendered":"<p><img loading=\"lazy\" decoding=\"async\" class=\"size-medium wp-image-1062 aligncenter\" src=\"http:\/\/menaramoroccotours.com\/wp-content\/uploads\/2020\/06\/AgafayDesertMorocco-300x200.jpg\" alt=\"\" width=\"300\" height=\"200\" srcset=\"https:\/\/menaramoroccotours.com\/wp-content\/uploads\/2020\/06\/AgafayDesertMorocco-300x200.jpg 300w, https:\/\/menaramoroccotours.com\/wp-content\/uploads\/2020\/06\/AgafayDesertMorocco-768x512.jpg 768w, https:\/\/menaramoroccotours.com\/wp-content\/uploads\/2020\/06\/AgafayDesertMorocco-219x146.jpg 219w, https:\/\/menaramoroccotours.com\/wp-content\/uploads\/2020\/06\/AgafayDesertMorocco-50x33.jpg 50w, https:\/\/menaramoroccotours.com\/wp-content\/uploads\/2020\/06\/AgafayDesertMorocco-112x75.jpg 112w, https:\/\/menaramoroccotours.com\/wp-content\/uploads\/2020\/06\/AgafayDesertMorocco.jpg 1000w\" sizes=\"auto, (max-width: 300px) 100vw, 300px\" \/>La excursi\u00f3n en camello por el desierto de Agafay Marrakech y la cena comenzar\u00e1n desde su alojamiento en Marrakech a las 16:00. Nuestro conductor le recoger\u00e1 en su hotel en Marrakech y conducir\u00e1 unos 40 minutos hasta el desierto de Agafay, cerca de Marrakech. Llegar\u00e1n al campamento alrededor de las 16:40 y ser\u00e1n recibidos por un t\u00e9 de menta marroqu\u00ed, relaj\u00e1ndose y disfrutando de los alrededores hasta que los camellos est\u00e9n listos alrededor de las 17:30, entonces montar\u00e1n sus camellos y har\u00e1n una excursi\u00f3n de senderismo en camello para ver la puesta de sol que se producir\u00e1 en una de las colinas del desierto de Agafay.<\/p>\n<p>Despu\u00e9s de disfrutar de la puesta de sol y de las vistas de las monta\u00f1as del Atlas, montar\u00e1s en los camellos y volver\u00e1s al campamento donde tendr\u00e1s y disfrutar\u00e1s de tu cena en las tiendas n\u00f3madas en medio del desierto de Agafay con estrellas llenas y silencio.<\/p>\n","protected":false},"excerpt":{"rendered":"<p>La excursi\u00f3n en camello por el desierto de Agafay Marrakech y la cena comenzar\u00e1n desde su alojamiento en Marrakech a las 16:00. Nuestro conductor le recoger\u00e1<span class=\"excerpt-hellip\"> [\u2026]<\/span><\/p>\n","protected":false},"author":1,"featured_media":0,"parent":0,"menu_order":0,"comment_status":"closed","ping_status":"closed","template":"","meta":{"ngg_post_thumbnail":0,"footnotes":""},"class_list":["post-1067","page","type-page","status-publish","hentry"],"_links":{"self":[{"href":"https:\/\/menaramoroccotours.com\/es\/wp-json\/wp\/v2\/pages\/1067","targetHints":{"allow":["GET"]}}],"collection":[{"href":"https:\/\/menaramoroccotours.com\/es\/wp-json\/wp\/v2\/pages"}],"about":[{"href":"https:\/\/menaramoroccotours.com\/es\/wp-json\/wp\/v2\/types\/page"}],"author":[{"embeddable":true,"href":"https:\/\/menaramoroccotours.com\/es\/wp-json\/wp\/v2\/users\/1"}],"replies":[{"embeddable":true,"href":"https:\/\/menaramoroccotours.com\/es\/wp-json\/wp\/v2\/comments?post=1067"}],"version-history":[{"count":3,"href":"https:\/\/menaramoroccotours.com\/es\/wp-json\/wp\/v2\/pages\/1067\/revisions"}],"predecessor-version":[{"id":1135,"href":"https:\/\/menaramoroccotours.com\/es\/wp-json\/wp\/v2\/pages\/1067\/revisions\/1135"}],"wp:attachment":[{"href":"https:\/\/menaramoroccotours.com\/es\/wp-json\/wp\/v2\/media?parent=1067"}],"curies":[{"name":"wp","href":"https:\/\/api.w.org\/{rel}","templated":true}]}}