{"id":557,"date":"2017-10-21T16:49:22","date_gmt":"2017-10-21T16:49:22","guid":{"rendered":"https:\/\/africadeserttravel.com\/?page_id=557"},"modified":"2020-06-23T11:11:54","modified_gmt":"2020-06-23T11:11:54","slug":"9-giorni-da-fez-tanger","status":"publish","type":"page","link":"http:\/\/menaramoroccotours.com\/it\/9-giorni-da-fez-tanger\/","title":{"rendered":"9 Giorni da Fez\u00a0Tanger"},"content":{"rendered":"<h4><span style=\"color: #ff6600;\"><strong>1\u00b0 Giorno: Fez<\/strong><\/span><\/h4>\n<p>Al vostro arrivo all\u2019Aeroporto di Fez un membro del nostro team vi accoglier\u00e0 e vi accompagner\u00e0 al vostro alloggio.<\/p>\n<h4><span style=\"color: #ff6600;\"><strong>Giorno 2: Fez visitare<\/strong><\/span><\/h4>\n<p>Dopo la colazione visita di una delle famose citt\u00e0 in Marocco \u00e8 molto importante, la possibilit\u00e0 di visitare i monumenti storici e la vecchia Medina con le sue bellissime stradine.<\/p>\n<h4><span style=\"color: #ff6600;\"><strong>Giorno 3: Fez a&nbsp;Ouad Laou<\/strong><\/span><\/h4>\n<p>Questo viaggio ci porter\u00e0 alla magia del nord, alla bellissima citt\u00e0 di&nbsp;Ouad Laou, che si accoccola nel nord del Marocco sulla costa mediterranea. Bellissimi panorami da gustare in riva al mare lungo il viaggio.<\/p>\n<h4><span style=\"color: #ff6600;\"><strong>Giorno 4:&nbsp;Ouad Laou&nbsp;a Tangeri&nbsp;&nbsp;via&nbsp;Tetouan<\/strong><\/span><\/h4>\n<p>Dopo la prima colazione, partenza per la sposa del nord del Marocco, preferisco chiamare la citt\u00e0 di&nbsp;Tanger&nbsp;inclusa una visita alla splendida citt\u00e0 di&nbsp;Tetouan, lacrime nella lingua locale.<\/p>\n<h4><span style=\"color: #ff6600;\"><strong>Giorno 5:&nbsp;&nbsp;Visita Tangeri<\/strong><\/span><\/h4>\n<p>Sposa&nbsp;o la perla del nord vale la pena di visitare i suoi monumenti storici e siti naturali come la Hercules Cave. Il contrasto di antica e nuova, moderna ed \u00e8 qualcosa a osservare mentre camminando per le strade di questa sollevazione della citt\u00e0.<\/p>\n<h4><span style=\"color: #ff6600;\"><strong>Giorno 6:&nbsp;Tanger&nbsp;a Meknes<\/strong><\/span><\/h4>\n<p>Questo viaggio ci porter\u00e0 a citt\u00e0 imperiali, per visitare la citt\u00e0 che si trova nel centro del Marocco, la citt\u00e0 di Meknes. Lungo la strada, il verde e prosperare sbarca in Marocco pu\u00f2 essere osservato.<\/p>\n<h4><span style=\"color: #ff6600;\"><strong>Giorno 7: Visita Meknes<\/strong><\/span><\/h4>\n<p>Meknes \u00e8 una citt\u00e0 con tante porte che circondato da enormi pareti, fondata da la&nbsp;Ismailiyan. Monumenti storici come la famosa&nbsp;Piazza Lahdim&nbsp;Qara e il&nbsp;carcere, la tomba di Moulay&nbsp;&nbsp;Ismail\u2026. merita certamente una visita.<\/p>\n<h4><span style=\"color: #ff6600;\"><strong>8\u00b0 Giorno: Meknes e Fez via&nbsp;Volubilis<\/strong><\/span><\/h4>\n<p>Dopo la colazione partenza per visitare la citt\u00e0 sacra di Moulay&nbsp;Idriss Zerhoun&nbsp;nel nostro modo di Fez, inoltre si potr\u00e0 visitare l\u2019antica citt\u00e0 romana di Volubilis&nbsp;, per continuare il nostro modo di entrare a far parte della citt\u00e0 di Fez<\/p>\n<h4><span style=\"color: #ff6600;\"><strong>Giorno 9: Trasferimento Aeroporto di Fez<\/strong><\/span><\/h4>\n","protected":false},"excerpt":{"rendered":"<p>1\u00b0 Giorno: Fez Al vostro arrivo all\u2019Aeroporto di Fez un membro del nostro team vi accoglier\u00e0 e vi accompagner\u00e0 al vostro alloggio. Giorno 2: Fez visitare<span class=\"excerpt-hellip\"> [\u2026]<\/span><\/p>\n","protected":false},"author":1,"featured_media":0,"parent":0,"menu_order":0,"comment_status":"closed","ping_status":"closed","template":"","meta":{"ngg_post_thumbnail":0,"footnotes":""},"class_list":["post-557","page","type-page","status-publish","hentry"],"_links":{"self":[{"href":"http:\/\/menaramoroccotours.com\/it\/wp-json\/wp\/v2\/pages\/557","targetHints":{"allow":["GET"]}}],"collection":[{"href":"http:\/\/menaramoroccotours.com\/it\/wp-json\/wp\/v2\/pages"}],"about":[{"href":"http:\/\/menaramoroccotours.com\/it\/wp-json\/wp\/v2\/types\/page"}],"author":[{"embeddable":true,"href":"http:\/\/menaramoroccotours.com\/it\/wp-json\/wp\/v2\/users\/1"}],"replies":[{"embeddable":true,"href":"http:\/\/menaramoroccotours.com\/it\/wp-json\/wp\/v2\/comments?post=557"}],"version-history":[{"count":1,"href":"http:\/\/menaramoroccotours.com\/it\/wp-json\/wp\/v2\/pages\/557\/revisions"}],"predecessor-version":[{"id":979,"href":"http:\/\/menaramoroccotours.com\/it\/wp-json\/wp\/v2\/pages\/557\/revisions\/979"}],"wp:attachment":[{"href":"http:\/\/menaramoroccotours.com\/it\/wp-json\/wp\/v2\/media?parent=557"}],"curies":[{"name":"wp","href":"https:\/\/api.w.org\/{rel}","templated":true}]}}