{"id":555,"date":"2017-10-21T16:48:46","date_gmt":"2017-10-21T16:48:46","guid":{"rendered":"https:\/\/africadeserttravel.com\/?page_id=555"},"modified":"2020-06-23T11:11:56","modified_gmt":"2020-06-23T11:11:56","slug":"9-giorni-da-casablanca-rabat-fes-marrakech","status":"publish","type":"page","link":"http:\/\/menaramoroccotours.com\/it\/9-giorni-da-casablanca-rabat-fes-marrakech\/","title":{"rendered":"9 Giorni da Casablanca Rabat Fes Marrakech"},"content":{"rendered":"<h4><span style=\"color: #ff6600;\"><strong>1\u00b0 Giorno: Casablanca<\/strong><\/span><\/h4>\n<p>Arrivare in aeroporto di Casablanca. Tour con guida locale vi condurr\u00e0 quindi al vostro hotel (a seconda dell\u2019ora di arrivo).&nbsp;Cena e pernottamento.<\/p>\n<h4><span style=\"color: #ff6600;\"><strong>Giorno 2: Casablanca&nbsp;Rabat<\/strong><\/span><\/h4>\n<p>Oggi dopo la prima colazione in hotel, avrete una breve visita della citt\u00e0 di Casablanca, la pi\u00f9 grande citt\u00e0 del Marocco; essa \u00e8 il cuore del commercio e dell\u2019industria, visiterete moschea Hassan II costruito sull\u2019acqua a fianco dell\u2019Oceano Atlantico. Successivamente, si partir\u00e0 a Rabat. Sosta per il pranzo, dopo una visita guidata della capitale amministrativa del Marocco. Potrete visitare il Palazzo Reale, il Mausoleo di Mohamed V e la Torre Hassan, il minareto della moschea incompleta&nbsp;degli Almohadi avviata dal&nbsp;righello,&nbsp;Yaacoub&nbsp;al-Mansour . \u00c8 anche possibile visitare la Kasbah des&nbsp;Oudaias, case bianche con parapetti verniciato blu situato vicino alla costa Atlantica. Cena e pernottamento in hotel.<\/p>\n<h4><span style=\"color: #ff6600;\"><strong>3\u00b0 Giorno:&nbsp;Rabat Meknes&nbsp; Fes<\/strong><\/span><\/h4>\n<p>Oggi dopo la prima colazione in hotel, potrete viaggiare a Meknes, la citt\u00e0 vicina Fes. Meknes \u00e8 la terza citt\u00e0 imperiale del Marocco con la sua famosa porta, \u00e8 noto come \u201cLa Versailles del Marocco. Esaminerai Bab El Mansour, una delle pi\u00f9 belle porte. Continuare la vostra gita visitando il Mausoleo di Moulay&nbsp;&nbsp;Ismail. Avrete tempo per il pranzo poi visita la vecchia e la nuova Medina. In seguito, visiterete il villaggio di Moulay&nbsp;Idriss Zerhoun&nbsp;, \u00e8 un luogo di pellegrinaggio per i marocchini. Poi scoprire le antiche rovine Romane di&nbsp;Volubulis. Infine al Fes.Godetevi&nbsp;la serata con cena tradizionale Marocchino .trascorrere la notte in un Riad&nbsp;&nbsp;o in Hotel.<\/p>\n<h4><strong><span style=\"color: #ff6600;\">4\u00b0 Giorno: Fes<\/span><\/strong><\/h4>\n<p>Oggi, dopo la colazione, una visita turistica alla scoperta della citt\u00e0 reale di&nbsp;F\u00e8s. La mattinata sar\u00e0 dedicata alla visita medievale Medina (citt\u00e0 vecchia) con i suoi bastioni e i vicoli che \u00e8 stato dichiarato Patrimonio dell\u2019Umanit\u00e0 dall\u2019UNESCO nel 1981. Vedrete il 16\u00b0 secolo Merinid&nbsp;Tombe rovine. Visiterete il&nbsp;Bouanania&nbsp;e&nbsp;Attarine Medersas&nbsp;costruita all\u2019inizio del 14\u00b0 secolo dal&nbsp;Merinides, la&nbsp;Moschea Karaouine (antico centro educativo dell\u2019&nbsp;&nbsp;apprendimento islamica), e la&nbsp;Nejjarine&nbsp;Fontana in marmo. Avrete una pausa per il pranzo in un tipico ristorante Marocchino. Proseguendo per la vostra visita, vista del gusto porta di Bab&nbsp;Boujeloud, il medioevale concerie, il Palazzo Reale e visita dei Souk (mercati locali) dove mercanti e artigiani vendono le loro oreficeria fatta a mano, pelletteria, alla dinanderie della e in ceramica. Cena e pernottamento in hotel.<\/p>\n<h4><strong><span style=\"color: #ff6600;\">5\u00b0 Giorno: Fes&nbsp;&nbsp;&nbsp;Ifran Azrou&nbsp;Cascate Ouzoud Beni Mellal Marrakech.<\/span><\/strong><\/h4>\n<p>Dopo la prima colazione in hotel, partenza per Marrakech (la perla del sud) attraverso il Centro&nbsp;Atlasvia Ifran, Azrou&nbsp;,&nbsp;Beni Mellal,&nbsp;Ifran&nbsp;noto come \u201cla Svizzera del Marocco\u201d, vedrete il leone di pietra prima di continuare la nostra volont\u00e0 di&nbsp;Azrou. In seguito, avrete la possibilit\u00e0 di visualizzare il vecchio albero (800 anni, chiamato Cedre Gouraud) e di soddisfare le scimmie nella foresta di cedri. Da qui attraversiamo Azrou, un Berbero cittadina nota per le sue verdi tetti di tegole. Raggiungeremo Beni Mellal&nbsp;dove potrete gustare il pranzo. Continuazione la nostra unit\u00e0, \u00e8 possibile visitare le suggestive&nbsp;&nbsp;Cascate Ouzoud prima di giungere a Marrakech dove potrete gustare la vostra cena e trascorrere la notte in un Riad&nbsp;&nbsp;o in hotel.<\/p>\n<h4><span style=\"color: #ff6600;\"><strong>Giorno 6: Marrakech<\/strong><\/span><\/h4>\n<p>Oggi pu\u00f2 essere dedicata alla visita di Marrakech, citt\u00e0 imperiale del Sud. Potrete visitare la Moschea di Koutoubia e&nbsp;&nbsp;ammirare la torre, il&nbsp;&nbsp;Giardino Majorelle, il giardino botanico con le sue piu\u2019 svariate piante, il 16\u00b0 secolo&nbsp;Tombe Saadiane&nbsp;; tutte decorate con colori vivaci&nbsp;&nbsp;piastrelle a mosaico, il 19\u00b0 secolo Bahia Palace, con le sue splendide architetture orientali. Avrete una pausa per il pranzo. Nel pomeriggio, avrete tempo per esplorare le affascinanti Souk e delle strette viuzze attorno alla&nbsp;&nbsp;piazza Djem\u00e2a El-Fna. La sera, sarete incantati e incantatori di serpenti, cantanti, acrobati, danzatori, narratori, \u2013 passando da un altro gruppo .gustate la vostra cena e trascorrere la notte in albergo o&nbsp;Riad.<\/p>\n<h4><span style=\"color: #ff6600;\"><strong>Giorno 7: Marrakech&nbsp;&nbsp;&nbsp;Essaouira<\/strong><\/span><\/h4>\n<p>Questa mattina dopo la colazione, lasciamo Marrakech \u201cla citta\u2019 rossa\u201d verso&nbsp;Essaouira. Si pu\u00f2 visitare una&nbsp;fabbrica Argan gestite da donne e conoscere il processo di fabbricazione di&nbsp;olio di Argan&nbsp;. Si esplorer\u00e0 la porta della citt\u00e0 turistiche costiere di Essaouira.&nbsp;Godetevi un pranzo a base di pesce fresco nella medina. Il pomeriggio \u00e8 a vostra disposizione per una personale esplorazione; potrete nuotare e rilassarvi in spiaggia. Godetevi il vostro pasto serale e passare la notte in un Riad&nbsp;o in hotel.<\/p>\n<h4><span style=\"color: #ff6600;\"><strong>8\u00b0 Giorno: Essaouira Safi &nbsp;Oualidia&nbsp; El Jadida Casablanca<\/strong><\/span><\/h4>\n<p>Oggi lasciamo&nbsp;Essaouira&nbsp;verso Casablanca \u201cil centro commerciale&nbsp;&nbsp;del Marocco\u201d attraverso la strada costiera&nbsp;&nbsp;ammirando i panorami. Passeremo da Safi quindi a&nbsp;Oualida&nbsp;dove potrete gustare deliziosi piatti di pesce in questo luogo meraviglioso. Dopo il pranzo si continuer\u00e0 a Casablanca passando per El Jadida&nbsp;&nbsp;(era noto con&nbsp;Mazagan); la vecchia medina \u00e8 stato istituito nel 1513 dal portoghese. Arrivo a Casablanca prima di cena, la cena e pernottamento in hotel.<\/p>\n<h4><span style=\"color: #ff6600;\"><strong>Giorno 9: Casablanca<\/strong><\/span><\/h4>\n<p>Dopo la prima colazione in hotel, trasferimento in aeroporto a seconda dell\u2019orario di partenza del volo.<\/p>\n","protected":false},"excerpt":{"rendered":"<p>1\u00b0 Giorno: Casablanca Arrivare in aeroporto di Casablanca. Tour con guida locale vi condurr\u00e0 quindi al vostro hotel (a seconda dell\u2019ora di arrivo).&nbsp;Cena e pernottamento. Giorno<span class=\"excerpt-hellip\"> [\u2026]<\/span><\/p>\n","protected":false},"author":1,"featured_media":0,"parent":0,"menu_order":0,"comment_status":"closed","ping_status":"closed","template":"","meta":{"ngg_post_thumbnail":0,"footnotes":""},"class_list":["post-555","page","type-page","status-publish","hentry"],"_links":{"self":[{"href":"http:\/\/menaramoroccotours.com\/it\/wp-json\/wp\/v2\/pages\/555","targetHints":{"allow":["GET"]}}],"collection":[{"href":"http:\/\/menaramoroccotours.com\/it\/wp-json\/wp\/v2\/pages"}],"about":[{"href":"http:\/\/menaramoroccotours.com\/it\/wp-json\/wp\/v2\/types\/page"}],"author":[{"embeddable":true,"href":"http:\/\/menaramoroccotours.com\/it\/wp-json\/wp\/v2\/users\/1"}],"replies":[{"embeddable":true,"href":"http:\/\/menaramoroccotours.com\/it\/wp-json\/wp\/v2\/comments?post=555"}],"version-history":[{"count":1,"href":"http:\/\/menaramoroccotours.com\/it\/wp-json\/wp\/v2\/pages\/555\/revisions"}],"predecessor-version":[{"id":980,"href":"http:\/\/menaramoroccotours.com\/it\/wp-json\/wp\/v2\/pages\/555\/revisions\/980"}],"wp:attachment":[{"href":"http:\/\/menaramoroccotours.com\/it\/wp-json\/wp\/v2\/media?parent=555"}],"curies":[{"name":"wp","href":"https:\/\/api.w.org\/{rel}","templated":true}]}}