{"id":547,"date":"2017-10-21T16:44:23","date_gmt":"2017-10-21T16:44:23","guid":{"rendered":"https:\/\/africadeserttravel.com\/?page_id=547"},"modified":"2020-06-23T11:12:00","modified_gmt":"2020-06-23T11:12:00","slug":"8-giorni-da-marrakech-agadir-essaouira","status":"publish","type":"page","link":"http:\/\/menaramoroccotours.com\/it\/8-giorni-da-marrakech-agadir-essaouira\/","title":{"rendered":"8 Giorni da Marrakech Agadir Essaouira"},"content":{"rendered":"<h4><span style=\"color: #ff6600;\"><strong>1\u00b0 Giorno: Marrakech<\/strong><\/span><\/h4>\n<p>All\u2019arrivo all\u2019Aeroporto di Marrakech Menara&nbsp;&nbsp;sarete accolti dal nostro personale e per la sistemazione di check-in. Dopo un breve riposo che verr\u00e0 adottata in un tour della citt\u00e0, compresa una visita a les Jardins&nbsp;&nbsp;de&nbsp;Majorelle e&nbsp;la famosa&nbsp;piazza Jemaa el Fna.<\/p>\n<h4><span style=\"color: #ff6600;\"><strong>Giorno 2: Marrakech \u2013&nbsp;Asni Ouirgane&nbsp;-Taroudant<\/strong><\/span><\/h4>\n<p>Lasciare Marrakech ci dirigiamo verso&nbsp;Taroudant&nbsp;in viaggio lungo la Valle dell\u2019&nbsp;Oued N\u2019Fis, la culla dei Almohades&nbsp;(Nord Africa Berbero&nbsp;&nbsp;Musulmano impero che ha dominato Spagna negli ultimi decenni del 12\u00b0 secolo).&nbsp; Poi la strada sale per 15 km fino a&nbsp;Tizi&nbsp;\u2018 n-Tichka , a 2600 metri sul livello del mare&nbsp;.<\/p>\n<p>C\u2019\u00e8 una vista mozzafiato sul deserto e una scala-come pendenza verso&nbsp;Taroudant, una bellissima citt\u00e0 fortificata. Nota come piccola Marrakech, Taroudant&nbsp;\u00e8 circondato da 7,5 km di mura costruita nel 16\u00b0 e 17\u00b0 secoli. Faremo un tour della medina (citt\u00e0 vecchia).&nbsp;Cena e pernottamento in hotel.<\/p>\n<h4><span style=\"color: #ff6600;\"><strong>Giorno 3:&nbsp;Taroudant&nbsp;\u2013&nbsp;Tafraoute<\/strong><\/span><\/h4>\n<p>Dopo una piacevole colazione in hotel, in una regione di ulivi e&nbsp;&nbsp;alberi da argan a&nbsp;Atlas. Questo \u00e8 il settore pi\u00f9 importante per l\u2019estrazione del rame che ha scambiato per secoli con la roulotte. Sulla strada vedrete una successione di minerali e paesaggi del deserto con una spettacolare esibizione di mandorli in fiore nel mese di febbraio, che coincide con il mandorlo Festival.<\/p>\n<h4><span style=\"color: #ff6600;\"><strong>Giorno 4:&nbsp;Tafraoute&nbsp;\u2013&nbsp;Sidi Ifni&nbsp;\u2013&nbsp;Legzira&nbsp;Beach<\/strong><\/span><\/h4>\n<p>Si attraversano il picco di&nbsp;Tizi Kerdous&nbsp;(1100 metri)&nbsp;e faremo una sosta per vedere le straordinarie vedute sull\u2019oceano e l\u2019Anti Atlante. Si scende a Guelmin&nbsp;un piccolo paese con un fiorente mercato di cammelli;.&nbsp;Di&nbsp;Guelmin&nbsp;seguiamo la strada costiera fino ad arrivare a&nbsp;Sidi Ifni&nbsp;dove avrete tempo libero per visitare il centro storico&nbsp;&nbsp;o godervi una passeggiata lungo la bellissima&nbsp;&nbsp;spiaggia Legzira con la sua celebre rocca arch.&nbsp;Cena e pernottamento in&nbsp;Legzira.<\/p>\n<h4><span style=\"color: #ff6600;\"><strong>Giorno 5:&nbsp;Legzira&nbsp;Beach \u2013&nbsp;Tiznit&nbsp;\u2013 Agadir \u2013 Essaouira<\/strong><\/span><\/h4>\n<p>Seguendo la strada, viaggiamo attraverso una vasta foresta e arrivare a&nbsp;Tiznit&nbsp;la citt\u00e0 famosa per i suoi gioielli in argento&nbsp;, pugnali e sciabole. Faremo una sosta nella medina.<\/p>\n<p>La nostra prossima tappa sar\u00e0 in Agadir sulla costa atlantica. Qui vi porteremo a Kasbah della collina da dove si sono viste spettacolari del porto, della marina e di Agadir town, prima della discesa per la spiaggia, dove \u00e8 possibile fare una passeggiata lungo la spiaggia o anche un veloce tuffo nel mare.<\/p>\n<p>Nel pomeriggio arriveremo a&nbsp;Essaouira e&nbsp;fare un tour dei bastioni e fortificazioni a protezione della citt\u00e0.&nbsp;Cena e pernottamento in hotel.<\/p>\n<h4><span style=\"color: #ff6600;\"><strong>Giorno 6: Esplora&nbsp;Essaouira, precedentemente noto come Mogador<\/strong><\/span><\/h4>\n<p>Avrete una rilassante giornata libera per lo shopping o per scoprire&nbsp;Essaouira&nbsp;a piedi; immergersi nei vicoli e stradine della medina o passeggiare per le mura fortificate e il porto. Trascorrere del tempo sulla lunga spiaggia di sabbia o di ricerca di affari intorno al&nbsp;coloratissimo&nbsp;souk.&nbsp;Cena e pernottamento in hotel.<\/p>\n<h4><span style=\"color: #ff6600;\"><strong>7\u00b0 Giorno:&nbsp;Essaouira&nbsp;\u2013 Marrakech<\/strong><\/span><\/h4>\n<p>Al mattino, cominciamo il nostro piacevole tornare a Marrakech passando per diversi villaggi e citt\u00e0. Dovremo attraversare la piana di El&nbsp;Haouz; una fantastica area dove \u00e8 comune vedere nidificazione delle gru e verdi&nbsp;alberi argan che capre arrampicarsi per raggiungere le succose foglie. Ci si arriva in citt\u00e0 nel tardo pomeriggio.&nbsp;Cena e pernottamento in hotel.<\/p>\n<h4><span style=\"color: #ff6600;\">Giorno 8: Marrakech &amp; Airport<\/span><\/h4>\n<p>Dopo la prima colazione nel vostro hotel o direttamente all\u2019aeroporto per il volo di andata e ritorno o, se il tempo lo permette, fare un giorno visita di&nbsp;Jemaa&nbsp;al&nbsp;Fna&nbsp;, le Tombe Saadiane&nbsp;&nbsp;.<\/p>\n","protected":false},"excerpt":{"rendered":"<p>1\u00b0 Giorno: Marrakech All\u2019arrivo all\u2019Aeroporto di Marrakech Menara&nbsp;&nbsp;sarete accolti dal nostro personale e per la sistemazione di check-in. Dopo un breve riposo che verr\u00e0 adottata in<span class=\"excerpt-hellip\"> [\u2026]<\/span><\/p>\n","protected":false},"author":1,"featured_media":0,"parent":0,"menu_order":0,"comment_status":"closed","ping_status":"closed","template":"","meta":{"ngg_post_thumbnail":0,"footnotes":""},"class_list":["post-547","page","type-page","status-publish","hentry"],"_links":{"self":[{"href":"http:\/\/menaramoroccotours.com\/it\/wp-json\/wp\/v2\/pages\/547","targetHints":{"allow":["GET"]}}],"collection":[{"href":"http:\/\/menaramoroccotours.com\/it\/wp-json\/wp\/v2\/pages"}],"about":[{"href":"http:\/\/menaramoroccotours.com\/it\/wp-json\/wp\/v2\/types\/page"}],"author":[{"embeddable":true,"href":"http:\/\/menaramoroccotours.com\/it\/wp-json\/wp\/v2\/users\/1"}],"replies":[{"embeddable":true,"href":"http:\/\/menaramoroccotours.com\/it\/wp-json\/wp\/v2\/comments?post=547"}],"version-history":[{"count":1,"href":"http:\/\/menaramoroccotours.com\/it\/wp-json\/wp\/v2\/pages\/547\/revisions"}],"predecessor-version":[{"id":982,"href":"http:\/\/menaramoroccotours.com\/it\/wp-json\/wp\/v2\/pages\/547\/revisions\/982"}],"wp:attachment":[{"href":"http:\/\/menaramoroccotours.com\/it\/wp-json\/wp\/v2\/media?parent=547"}],"curies":[{"name":"wp","href":"https:\/\/api.w.org\/{rel}","templated":true}]}}