{"id":545,"date":"2017-10-21T16:43:46","date_gmt":"2017-10-21T16:43:46","guid":{"rendered":"https:\/\/africadeserttravel.com\/?page_id=545"},"modified":"2020-06-23T11:12:12","modified_gmt":"2020-06-23T11:12:12","slug":"7-giorni-tour-nord-del-marocco-da-tangeri","status":"publish","type":"page","link":"http:\/\/menaramoroccotours.com\/it\/7-giorni-tour-nord-del-marocco-da-tangeri\/","title":{"rendered":"7 Giorni Tour Nord del Marocco Da Tangeri"},"content":{"rendered":"<h4><strong><span style=\"color: #ff6600;\">GIORNO 1: TANGER &#8211; ASILAH:<\/span><\/strong><\/h4>\n<p>Ricezione al porto o all&#8217;aeroporto di Tangeri. La strada di Asilah che abbiamo visitato il faro e ricordiamo la mitologia greca di Spartel nelle grotte del conta di Hercules avr\u00e0 il pranzo in alcuni dei bar della zona e godetevi le loro spiagge. Asilah ha continuato sulla strada per la costa, l&#8217;arrivo e la reception all&#8217;hotel. Abbiamo passeggiato attraverso la piccola medina di Asilah, bianca e blu, lungo le pareti costruite dall&#8217;Almohad e secoli dopo fortificata dai portoghesi che occupavano la citt\u00e0 per un secolo, siamo arrivati \u200b\u200bal cimitero di mare accanto alla Marabout di Sidi Ibn Musa Ahmd . Abbiamo lasciato la medina Bab Homar dove si installa il mercato. Cena, sistemazione in albergo.<\/p>\n<h4><strong><span style=\"color: #ff6600;\">GIORNO 2: ASILAH &#8211; LARACHE &#8211; LIXUS:<\/span><\/strong><\/h4>\n<p>Dopo la prima colazione il tempo libero per fare un&#8217;ultima passeggiata attraverso la medina e la spiaggia di Asilah, prima di lasciare la strada vicina a Larache, alla foce del fiume Lucus, una citt\u00e0 molto spagnola, come dimostra il castello Store, fortificazione affacciata la baia, costruita dallo spagnolo diciassettesimo secolo. Troviamo anche l&#8217;impronta spagnola ovunque, da Place de la Liberation, nota come Piazza di Spagna, ai menu del ristorante. Visita alle rovine dell&#8217;acropoli romana Lucus, fondata dai Fenici attorno al 1100 aC, probabilmente come primo punto di commercio in Nord Africa. Cena e pernottamento in hotel.<\/p>\n<h4><strong><span style=\"color: #ff6600;\">GIORNO 3: LARACHE &#8211; CHAOUEN:<\/span><\/strong><\/h4>\n<p>Mattina dopo la colazione dirgiremosa Chaouen, ma prima di fare una piccola deviazione per vedere la Cromlech di Msoura con i suoi 167 menhirs, uno dei pi\u00f9 antichi resti umani nella zona. Successivamente prendere la svolta a destra \u00e8 stato Khemis Souk des Beni Arrous. Chaouen Arrivo e ricevimento presso l&#8217;hotel. Pranzo e tempo libero per scoprire la &#8216;citt\u00e0 sacra delle montagne Rif&#8217;.<\/p>\n<h4><strong><span style=\"color: #ff6600;\">GIORNO 4: CHAOUEN:<\/span><\/strong><\/h4>\n<p>Dopo la prima colazione, giornata libera con possibilit\u00e0 di visita guidata della citt\u00e0. Chefchaouen, seduto ai piedi di Jbel Tissouka, offre ai visitatori un viaggio affascinante attraverso un labirinto di strade strette, siamo entrati Bab al-Suiqa Harmum nel quartiere, la pi\u00f9 antica della citt\u00e0 con i suoi artigiani e commercianti. Siamo arrivati \u200b\u200balla piazza Hamman Uta che ospita la fonte, la Moschea, la Cittadella con il museo locale, il Funduq e numerose terrazze di caff\u00e8 dove i turisti e il Rif sono mescolati in un&#8217;atmosfera rilassata. Siamo entrati nel quartiere andaluso, costruito per ospitare la seconda ondata dei Mori dopo il 1492, salendo le sue stradine ripide e affondate, raggiungendo il limite della recinzione fortificata, Bab al-Ansar, al di l\u00e0 della primavera &#8216;Ras al-Ma&#8217; della medina e permette il funzionamento dell&#8217;utilit\u00e0 pubblica e il mulino a sinistra, e si gira per raggiungere un ponte dove giusto viaggio incantevole. Godetevi anche l&#8217;originale e superba lavorazione artigianale in pelle e altri prodotti che fanno gli artigiani della citt\u00e0. Cena e pernottamento in hotel.<\/p>\n<h4><strong><span style=\"color: #ff6600;\">GIORNO 6: TETUAN &#8211; TANGER:<\/span><\/strong><\/h4>\n<p>Il tempo libero mattutino per visitare il museo archeologico, il museo delle arti popolari e la scuola delle arti e delle artigianato. Pranzo e trasferimento a Tangeri, spedizione a met\u00e0 pomeriggio. Arrivo a Tangeri dove abbiamo iniziato la visita appena fuori dal porto, sulla &#8216;strada sulla spiaggia&#8217; dove abbiamo trovato un edificio pi\u00f9 prezioso dell&#8217;era coloniale, il &#8216;Teatro Cervantes&#8217; in uno stato di negligenza lamentabile. Poi arriviamo al mercato di piccoli souk e piazza il grande souk, il centro nervoso della citt\u00e0 che d\u00e0 accesso alla medina con le sue strade allineate con artigiani, bazar, caff\u00e8 e bancarelle a piedi fino alla Kasbah, qualche nobile e superiore della medina dove si pu\u00f2 assaggiare la cucina tradizionale che gode di splendide viste dello Stretto a Tangeri e la sua baia. Via del Caf\u00e9 Hafa dove prendiamo il t\u00e8 con menta che ricorda Bowles e altri, ha visitato la necropoli fenicia e la sera, la cena e il pernottamento.<\/p>\n<h4><strong><span style=\"color: #ff6600;\">GIORNO 5: CHAOUEN &#8211; TETUAN:<\/span><\/strong><\/h4>\n<p>Siamo arrivati \u200b\u200ba Tetuan, pranzando presso la Medina entrando attraverso Bab el-Rouah vicino al palazzo reale, sulla strada Al-Mokaden, le imprese di zona e gli artigiani arrivati \u200b\u200balla Zawiya Sidi Ali Barka, sopra Bab el-Mqbar prende il passo al cimitero andaluso sorge il mausoleo di Sidi al-Mandri Granada che ha ricostruito la citt\u00e0 nel Quattrocento. Abbiamo iniziato a fare la nostra strada fuori da Bab el-Oqla, cena e pernottamento.<\/p>\n<h4><strong><span style=\"color: #ff6600;\">7 \u00b0 GIORNO: TETUAN &#8211; TANGER<\/span><\/strong><\/h4>\n<p>Colazione e trasferimento al porto o all&#8217;aeroporto come orario di partenza, fine dei nostri servizi.<\/p>\n<p>Cosa \u00e8 incluso:<\/p>\n<p>\u25ba Raccolta e goccia dell&#8217;albergo<br \/>\n\u25ba Trasporti con veicolo con aria condizionata. carburante e pedaggi<br \/>\n\u25ba Commissioni d&#8217;ingresso<br \/>\n\u25ba Servizi di un pilota qualificato inglese<br \/>\n\u25ba 4 notti Alloggio in hotel consigliati \/ Kasbahs \/ Riads<br \/>\n\u25ba Colazione e cena ogni giorno<\/p>\n<p>Che cosa non \u00e8 incluso:<\/p>\n<p>\u25ba Pranzo e bevande<br \/>\n\u25ba Consigli e mance<br \/>\n\u25ba Punto d&#8217;incontro<br \/>\n\u25ba Pick-up dal vostro hotel o riad<\/p>\n","protected":false},"excerpt":{"rendered":"<p>GIORNO 1: TANGER &#8211; ASILAH: Ricezione al porto o all&#8217;aeroporto di Tangeri. La strada di Asilah che abbiamo visitato il faro e ricordiamo la mitologia greca<span class=\"excerpt-hellip\"> [\u2026]<\/span><\/p>\n","protected":false},"author":1,"featured_media":0,"parent":0,"menu_order":0,"comment_status":"closed","ping_status":"closed","template":"","meta":{"ngg_post_thumbnail":0,"footnotes":""},"class_list":["post-545","page","type-page","status-publish","hentry"],"_links":{"self":[{"href":"http:\/\/menaramoroccotours.com\/it\/wp-json\/wp\/v2\/pages\/545","targetHints":{"allow":["GET"]}}],"collection":[{"href":"http:\/\/menaramoroccotours.com\/it\/wp-json\/wp\/v2\/pages"}],"about":[{"href":"http:\/\/menaramoroccotours.com\/it\/wp-json\/wp\/v2\/types\/page"}],"author":[{"embeddable":true,"href":"http:\/\/menaramoroccotours.com\/it\/wp-json\/wp\/v2\/users\/1"}],"replies":[{"embeddable":true,"href":"http:\/\/menaramoroccotours.com\/it\/wp-json\/wp\/v2\/comments?post=545"}],"version-history":[{"count":2,"href":"http:\/\/menaramoroccotours.com\/it\/wp-json\/wp\/v2\/pages\/545\/revisions"}],"predecessor-version":[{"id":986,"href":"http:\/\/menaramoroccotours.com\/it\/wp-json\/wp\/v2\/pages\/545\/revisions\/986"}],"wp:attachment":[{"href":"http:\/\/menaramoroccotours.com\/it\/wp-json\/wp\/v2\/media?parent=545"}],"curies":[{"name":"wp","href":"https:\/\/api.w.org\/{rel}","templated":true}]}}