{"id":543,"date":"2017-10-21T16:43:04","date_gmt":"2017-10-21T16:43:04","guid":{"rendered":"https:\/\/africadeserttravel.com\/?page_id=543"},"modified":"2020-06-23T11:12:06","modified_gmt":"2020-06-23T11:12:06","slug":"7-giorni-da-marrakech-ouarzazate-merzouga","status":"publish","type":"page","link":"http:\/\/menaramoroccotours.com\/it\/7-giorni-da-marrakech-ouarzazate-merzouga\/","title":{"rendered":"7 Giorni da Marrakech Ouarzazate Merzouga"},"content":{"rendered":"<h4><span style=\"color: #ff6600;\"><strong>1\u00b0 Giorno: Marrakech<\/strong><\/span><\/h4>\n<p>Arrivare in&nbsp;aeroporto di Menara&nbsp;, Marrakech, e con la vostra guida che vi accompagner\u00e0 per tutta la gita. Trasferimento in hotel.&nbsp;Resto della giornata libero per visitare Marrakech, le pi\u00f9 importanti attrazioni.<\/p>\n<h4><span style=\"color: #ff6600;\"><strong>Giorno 2: Marrakech \u2013&nbsp;Ouarzazate<\/strong><\/span><\/h4>\n<p>Dopo il caff\u00e8 ci guider\u00e0 attraverso l\u2019Alto Atlante&nbsp;, a cui si accede tramite Tizi- N-Tichka&nbsp;passare ad un\u2019altezza di 2.260 m, dove vi sono insediamenti Berberi con i loro tipici case costruite di adobe e di pietra.<\/p>\n<p>Proseguendo il nostro viaggio visiteremo la famosa Kasbah di&nbsp;Ait&nbsp;ben Haddou&nbsp;, Patrimonio dell\u2019Umanit\u00e0 dell\u2019Unesco. La sera siamo arrivati all\u2019hotel di Ouarzazate, la capitale del Sud, dove si trascorrer\u00e0 la notte. Questo \u00e8 ideale per i viaggiatori che desiderano prepararsi per l\u2019indimenticabile esperienza di visitare l\u2019esterno raggiunge del deserto. Cena e pernottamento in hotel.<\/p>\n<h4><span style=\"color: #ff6600;\"><strong>Giorno 3: Ouarzazate&nbsp;&nbsp;\u2013&nbsp;Ouzina<\/strong><\/span><\/h4>\n<p>Dopo la prima colazione, abbiamo stabilito di&nbsp;Ouzina. Lungo il percorso ci guida attraverso la Valle di Draa&nbsp;e visita del Draa&nbsp;&nbsp;palm grove, il pi\u00f9 grande in tutto il Marocco, dove il verde della sua lussureggiante vegetazione si mescola con l\u2019azzurro intenso del cielo.<\/p>\n<p>Continuiamo lungo il percorso della Parigi \u2013 Dakar,&nbsp;Ouzina, passando per diverse tipicamente costruito citt\u00e0 Berbera. Cena e pernottamento in hotel.<\/p>\n<h4><span style=\"color: #ff6600;\"><strong>Giorno 4:&nbsp;Ouzina<\/strong><\/span><\/h4>\n<p>Si tratta di un giorno libero per la possibilit\u00e0 di visitare il villaggio di&nbsp;Ouzina&nbsp;e dintorni; imparare i suoi costumi e l\u2019ospitalit\u00e0 della sua gente, condividendo un whisky Berbero (t\u00e8 di menta) con loro.<\/p>\n<p>Durante la vostra visita ci sar\u00e0 la possibilit\u00e0 di avere una bella&nbsp;Hennah&nbsp;tattoo (che le donne Berbere per una variet\u00e0 di celebrazioni e cerimonie) applicata da un esperto.<\/p>\n<p>La sera, andremo in attraverso le dune a dorso di cammello per vedere lo splendido tramonto del sole. La serata proseguir\u00e0 con una deliziosa cena sotto un baldacchino di stelle, accompagnato da musica tradizionale prima di trascorrere la notte in una tradizionale tenda Berbera.<\/p>\n<h4><span style=\"color: #ff6600;\"><strong>Giorno 5:&nbsp;Ouzina&nbsp;\u2013&nbsp;Merzouga<\/strong><\/span><\/h4>\n<p>Ci si sveglia presto per vedere la spettacolare alba sulle dune di Erg&nbsp;Ouzina. Dopo la colazione Ouzina&nbsp;nel nostro 4\u00d74 e dirigersi verso&nbsp;Taouz&nbsp;dove ci aspetta un passo indietro nel tempo e visitare una necropoli preistorica e vedere le sue antiche incisioni.<\/p>\n<p>La nostra prossima tappa \u00e8 il villaggio di&nbsp;Khamlia, noto come il paese dei Negri, e che \u00e8 abitata dai discendenti di ex schiavi che \u00e8 venuto dall\u2019Africa sub-sahariana.<\/p>\n<p>Dopo aver lasciato&nbsp;Khamlia&nbsp;prenderemo un\u2019unit\u00e0 attraverso le splendide dune di Erg&nbsp;Chebbi&nbsp;in rotta verso i laghi;&nbsp;questa \u00e8 una zona&nbsp;di paludi che, nella stagione delle piogge \u00e8 sempre coperto con acqua. Questo importante settore \u00e8 un arresto regolare per gli uccelli migratori, in particolare i fenicotteri rosa.<\/p>\n<p>Cena e pernottamento in hotel.<\/p>\n<h4><span style=\"color: #ff6600;\"><strong>Giorno 6:&nbsp;Merzouga&nbsp;\u2013&nbsp;&nbsp;Gole Dades<\/strong><\/span><\/h4>\n<p>Dopo la prima colazione, lasciamo&nbsp;Merzouga&nbsp;e dirigersi verso&nbsp;Boumalne Dades&nbsp;(Dades&nbsp;Gorge).<\/p>\n<p>Lungo il tragitto ci fermiamo a fare una passeggiata attorno&nbsp;Rissani, la capitale della&nbsp;regione del Tafilalet, visitare il mercato del bestiame e souk Berbero.<\/p>\n<p>Abbiamo poi proseguire attraverso la Valle di Ziz&nbsp;&nbsp;verso&nbsp;Erfoud, per visitare la cava fossili e vedere come questi vengono utilizzati per creare vere e proprie opere d\u2019arte; tavoli, lavabi e altri pezzi meritevoli della vostra attenzione.<\/p>\n<p>Dopo aver lasciato&nbsp;Erfoud&nbsp;viaggiamo al vostro hotel, dove potrete cenare e passare la notte.<\/p>\n<h4><span style=\"color: #ff6600;\"><strong>Giorno 7:&nbsp;Dades&nbsp;Gorge \u2013 Marrakech<\/strong><\/span><\/h4>\n<p>Al mattino, dopo aver gustato la prima colazione, lasciamo l\u2019hotel e la testa verso il famoso&nbsp;Dades&nbsp;Gorge.<\/p>\n<p>Durante il viaggio attraverso la gola vedrete paesaggi di straordinaria bellezza, dove un certo numero di oasi verdi sono alimentati dal Fiume&nbsp;Dades. A poco a poco la valle si restringe, dando luogo a una serie di blocchi di calcare con vertiginose pareti \u2013 \u201cDades&nbsp;Gorge\u201d \u2013 una festa per gli occhi.<\/p>\n<p>12Km lungo la strada, si ritorna attraverso il valico di&nbsp;Amgoun, la Valle delle Rose, il Skoura&nbsp;palm grove e Kasbahs.<\/p>\n<p>Arriveremo a Marrakech nel pomeriggio e si avr\u00e0 il resto della giornata libero per esplorare le meraviglie di Marrakech.&nbsp;Cena e pernottamento in hotel.<\/p>\n<p>Infine ci accompagner\u00e0 all aeroporto per il volo di ritorno.<\/p>\n","protected":false},"excerpt":{"rendered":"<p>1\u00b0 Giorno: Marrakech Arrivare in&nbsp;aeroporto di Menara&nbsp;, Marrakech, e con la vostra guida che vi accompagner\u00e0 per tutta la gita. Trasferimento in hotel.&nbsp;Resto della giornata libero<span class=\"excerpt-hellip\"> [\u2026]<\/span><\/p>\n","protected":false},"author":1,"featured_media":0,"parent":0,"menu_order":0,"comment_status":"closed","ping_status":"closed","template":"","meta":{"ngg_post_thumbnail":0,"footnotes":""},"class_list":["post-543","page","type-page","status-publish","hentry"],"_links":{"self":[{"href":"http:\/\/menaramoroccotours.com\/it\/wp-json\/wp\/v2\/pages\/543","targetHints":{"allow":["GET"]}}],"collection":[{"href":"http:\/\/menaramoroccotours.com\/it\/wp-json\/wp\/v2\/pages"}],"about":[{"href":"http:\/\/menaramoroccotours.com\/it\/wp-json\/wp\/v2\/types\/page"}],"author":[{"embeddable":true,"href":"http:\/\/menaramoroccotours.com\/it\/wp-json\/wp\/v2\/users\/1"}],"replies":[{"embeddable":true,"href":"http:\/\/menaramoroccotours.com\/it\/wp-json\/wp\/v2\/comments?post=543"}],"version-history":[{"count":1,"href":"http:\/\/menaramoroccotours.com\/it\/wp-json\/wp\/v2\/pages\/543\/revisions"}],"predecessor-version":[{"id":983,"href":"http:\/\/menaramoroccotours.com\/it\/wp-json\/wp\/v2\/pages\/543\/revisions\/983"}],"wp:attachment":[{"href":"http:\/\/menaramoroccotours.com\/it\/wp-json\/wp\/v2\/media?parent=543"}],"curies":[{"name":"wp","href":"https:\/\/api.w.org\/{rel}","templated":true}]}}