{"id":539,"date":"2017-10-21T16:42:11","date_gmt":"2017-10-21T16:42:11","guid":{"rendered":"https:\/\/africadeserttravel.com\/?page_id=539"},"modified":"2020-06-23T11:07:28","modified_gmt":"2020-06-23T11:07:28","slug":"5-giorni-tour-da-tangeri-nord-del-marocco","status":"publish","type":"page","link":"http:\/\/menaramoroccotours.com\/it\/5-giorni-tour-da-tangeri-nord-del-marocco\/","title":{"rendered":"5 Giorni Tour da Tangeri Nord del Marocco"},"content":{"rendered":"<h4><strong><span style=\"color: #ff6600;\">GIORNO 1: TANGIER &#8211; CHEFCHAWEN<\/span><\/strong><\/h4>\n<p>Il vostro consulente di viaggio e il trasporto privato vi incontreranno a Tangeri. Le vostre avventure iniziano mentre ci dirigiamo verso Chefchaouen conosciuta per la sua affascinante tavolozza di edifici blu e bianchi, una volta arrivati \u200b\u200bad abbracciare l&#8217;arte culinaria di questa regione e passeggiare per i suoi vicoli abbaglianti. Potrai trascorrere la notte in questa citt\u00e0 nel tuo hotel \/ riad dove puoi rilassarvi e riposarvi.<\/p>\n<h4><strong><span style=\"color: #ff6600;\">GIORNO 2: CHEFCHAWEN &#8211; VOLUBILIS &#8211; MEKNES &#8211; FES<\/span><\/strong><\/h4>\n<p>La mattina inizia con la fresca brezza della citt\u00e0 di Chefchaouen, in seguito, il nostro viaggio ci porter\u00e0 alle rovine archeologiche di Volubilis. Le rovine sono un esempio eccezionale dei diversi tipi di civilt\u00e0 che hanno reso la loro casa di Marocco e sono ancora presenti nelle tradizioni culturali del paese. Questo lo rende un luogo ideale per una passeggiata attraverso la sua bellezza e la sua storia. La nostra prossima fermata \u00e8 la citt\u00e0 imperiale di Meknes una volta casa del Sultanato marocchino Moulay Ismail, esplorerete questo luogo storico e rimarrai affascinato dalla sua magia. Infine, arriveremo alla citt\u00e0 antica di Fes, capitale culturale del Marocco, \u00e8 una delle citt\u00e0 islamiche medievali pi\u00f9 complete del mondo. La tua avventura per oggi finisce qui nel vostro hotel o riad \u00e8 stato possibile riposare e rinfrescare.<\/p>\n<h4><strong><span style=\"color: #ff6600;\">3 \u00b0 GIORNO: FES SIGHTSEEING<\/span><\/strong><\/h4>\n<p>Oggi la tua guida locale vi incontrer\u00e0 presso il tuo hotel e ti aiuter\u00e0 a scoprire i luoghi pi\u00f9 sorprendenti della citt\u00e0, come la medersa bou inania, la medersa el-attarine, il quartiere pi\u00f9 antico della citt\u00e0 e molti siti pi\u00f9 affascinanti di Fes el Bali notte nel vostro hotel o riad a Fes.<\/p>\n<h4><strong><span style=\"color: #ff6600;\">GIORNO 4: FES &#8211; RABAT SIGHTSEEING<\/span><\/strong><\/h4>\n<p>Dopo aver goduto la colazione nel vostro hotel, inizierai verso ovest verso la capitale del Marocco, a Rabat avrai la possibilit\u00e0 di scoprire luoghi come il mausoleo di Mohammed V, l&#8217;affascinante Kasbah dell&#8217;Oudaya con case tradizionali decorate con pareti bianche e blu o il Chellah, una vecchia citt\u00e0 romana e una delle attrazioni pi\u00f9 suggestive di Rabat. Oggi la citt\u00e0 abbandonata \u00e8 ricoperta da alberi da frutto e fiori selvatici il posto perfetto per una passeggiata prima di guidare al vostro Riad per la notte.<\/p>\n<h4><strong><span style=\"color: #ff6600;\">GIORNO 5: RABAT &#8211; ASSILA &#8211; TANGIER<\/span><\/strong><\/h4>\n<p>La giornata inizia presto dopo la prima colazione, la tua avventura continuer\u00e0 in direzione della citt\u00e0 di Assilah, una splendida citt\u00e0 murata bianca che vi far\u00e0 sentire come se foste in un&#8217;isola greca. Una volta arrivati \u200b\u200bpotrete sperimentare l&#8217;unica cultura esotica della citt\u00e0 un mix di tradizioni spagnole marocchine notevoli in tutte le attivit\u00e0 quotidiane. Sarai trascorrere la notte a Tangeri nel tuo hotel o nel riad.<\/p>\n<p>Cosa \u00e8 incluso:<\/p>\n<p>\u25ba Raccolta e goccia dell&#8217;albergo<br \/>\n\u25ba Trasporti con veicolo con aria condizionata. carburante e pedaggi<br \/>\n\u25ba Commissioni d&#8217;ingresso<br \/>\n\u25ba Servizi di un pilota qualificato inglese<br \/>\n\u25ba 4 notti Alloggio in hotel consigliati \/ Kasbahs \/ Riads<br \/>\n\u25ba Colazione e cena ogni giorno<\/p>\n<p>Che cosa non \u00e8 incluso:<\/p>\n<p>\u25ba Pranzo e bevande<br \/>\n\u25ba Consigli e mance<br \/>\n\u25ba Punto d&#8217;incontro<br \/>\n\u25ba Pick-up dal vostro hotel o riad<\/p>\n","protected":false},"excerpt":{"rendered":"<p>GIORNO 1: TANGIER &#8211; CHEFCHAWEN Il vostro consulente di viaggio e il trasporto privato vi incontreranno a Tangeri. Le vostre avventure iniziano mentre ci dirigiamo verso<span class=\"excerpt-hellip\"> [\u2026]<\/span><\/p>\n","protected":false},"author":1,"featured_media":0,"parent":0,"menu_order":0,"comment_status":"closed","ping_status":"closed","template":"","meta":{"ngg_post_thumbnail":0,"footnotes":""},"class_list":["post-539","page","type-page","status-publish","hentry"],"_links":{"self":[{"href":"http:\/\/menaramoroccotours.com\/it\/wp-json\/wp\/v2\/pages\/539","targetHints":{"allow":["GET"]}}],"collection":[{"href":"http:\/\/menaramoroccotours.com\/it\/wp-json\/wp\/v2\/pages"}],"about":[{"href":"http:\/\/menaramoroccotours.com\/it\/wp-json\/wp\/v2\/types\/page"}],"author":[{"embeddable":true,"href":"http:\/\/menaramoroccotours.com\/it\/wp-json\/wp\/v2\/users\/1"}],"replies":[{"embeddable":true,"href":"http:\/\/menaramoroccotours.com\/it\/wp-json\/wp\/v2\/comments?post=539"}],"version-history":[{"count":1,"href":"http:\/\/menaramoroccotours.com\/it\/wp-json\/wp\/v2\/pages\/539\/revisions"}],"predecessor-version":[{"id":971,"href":"http:\/\/menaramoroccotours.com\/it\/wp-json\/wp\/v2\/pages\/539\/revisions\/971"}],"wp:attachment":[{"href":"http:\/\/menaramoroccotours.com\/it\/wp-json\/wp\/v2\/media?parent=539"}],"curies":[{"name":"wp","href":"https:\/\/api.w.org\/{rel}","templated":true}]}}