{"id":533,"date":"2017-10-21T16:40:07","date_gmt":"2017-10-21T16:40:07","guid":{"rendered":"https:\/\/africadeserttravel.com\/?page_id=533"},"modified":"2020-06-23T11:07:38","modified_gmt":"2020-06-23T11:07:38","slug":"4-giorni-da-marrakech-a-erg-chegaga","status":"publish","type":"page","link":"http:\/\/menaramoroccotours.com\/it\/4-giorni-da-marrakech-a-erg-chegaga\/","title":{"rendered":"4 Giorni da Marrakech a Erg Chegaga"},"content":{"rendered":"<h4><strong><span style=\"color: #ff6600;\">GIORNO 1: MARRAKESH &#8211; MONTAGNE ATLAS &#8211; AIT BENHADDOU &#8211; OUARZAZATE<\/span><\/strong><\/h4>\n<p>Il tuo trasporto organizzato vi raccoglier\u00e0 nel vostro hotel a Marrakech, la mattina presto 8:00. Il viaggio inizia con la strada attraverso le montagne Atlas dove potrete apprezzare alcuni dei paesaggi pi\u00f9 belli e stupendi del Marocco. la strada ci porter\u00e0 a Ait Benhaddou, antica citt\u00e0, scenario per numerosi film di Hollywood a causa della sua incomparabile bellezza. Avrete l&#8217;opportunit\u00e0 di passeggiare attraverso i vicoli accattivanti e di esplorare la sua magia. Il nostro viaggio prosegue fino alla citt\u00e0 di Ouarzazate, citt\u00e0 di cultura vibrante e tradizioni artistiche. Ouarzazate \u00e8 una provincia tranquilla conosciuta per i suoi studi cinematografici, una volta raggiunta questa citt\u00e0 sarete in grado di camminare per le strade o visitare gli studi. Sarai trascorrere la notte nel vostro hotel, gustare la cena e riposare.<\/p>\n<h4><strong><span style=\"color: #ff6600;\">GIORNO 2: OUARZAZATE &#8211; VALLE DRAA &#8211; ZAGORA -ERG CHEGAGA<\/span><\/strong><\/h4>\n<p>La mattina inizia circondata dalla bellezza della citt\u00e0, dopo aver fatto colazione presso il vostro hotel, continueremo il viaggio verso la nostra prossima destinazione. Mentre facciamo la strada attraverso la bellezza della valle di Dra, passeremo varie localit\u00e0 berbere sorprendenti come l&#8217;oasi di Agdez, saremo in grado di ammirare autentici kasbah mudbrick. Arriveremo poi alla piccola citt\u00e0 del Sahara di Zagora, qui prenderemo le vostre necessit\u00e0 del deserto e dirigeremo verso il deserto di Chegaga. Una volta a Chegaga l&#8217;illuminazione al tramonto fornir\u00e0 un&#8217;esperienza surreale per il tuo cammello al campo berberese dove potrete godervi una tradizionale cena marocchina e dormire sotto le stelle o in tende completamente attrezzate.<\/p>\n<h4><strong><span style=\"color: #ff6600;\">GIORNO 3: CHEGAGA &#8211; FOU SGUID &#8211; OUARZAZATE<\/span><\/strong><\/h4>\n<p>Oggi sarete svegliati da un&#8217;alba sorprendente nel deserto e una tradizionale colazione marocchina, dopo di che ci ritroveremo sulla strada per la nostra prossima fermata, la citt\u00e0 di Ouarzazate percorrendo Zguit e il lago asciutto di Iriqui, questo lago oggi asciutto vi stupir\u00e0 con le sue piante esotiche del deserto arrivando finalmente a Ouarzazate, citt\u00e0 di una cultura vibrante e tradizioni artistiche. Ouarzazate \u00e8 una provincia tranquilla nota anche per i suoi studi cinematografici, una volta raggiunta questa citt\u00e0 sarete in grado di camminare per le strade o di esplorare i monolocali. Qui trascorrerete la notte nel vostro hotel, godetevi la cena e riposatevi.<\/p>\n<h4><strong><span style=\"color: #ff6600;\">GIORNO 4: OUARZAZATE &#8211; MARRAKECH<\/span><\/strong><\/h4>\n<p>La mattina inizia circondata dalla bellezza della citt\u00e0, dopo aver goduto la colazione presso il vostro hotel, continueremo il viaggio verso la nostra destinazione successiva e finale della citt\u00e0 di Marrakech. La tua avventura con noi finisce qui portandola al vostro hotel o riad.<\/p>\n<p>Cosa \u00e8 incluso:<\/p>\n<p>\u25ba Raccolta e goccia dell&#8217;albergo<br \/>\n\u25ba Trasporti con veicolo con aria condizionata. carburante e pedaggi<br \/>\n\u25ba Commissioni d&#8217;ingresso<br \/>\n\u25ba Servizi di un pilota qualificato inglese<br \/>\n\u25ba 4 notti Alloggio in hotel consigliati \/ Kasbahs \/ Riads<br \/>\n\u25ba Colazione e cena ogni giorno<\/p>\n<p>Che cosa non \u00e8 incluso:<\/p>\n<p>\u25ba Pranzo e bevande<br \/>\n\u25ba Consigli e mance<br \/>\n\u25ba Punto d&#8217;incontro<br \/>\n\u25ba Pick-up dal vostro hotel o riad<\/p>\n","protected":false},"excerpt":{"rendered":"<p>GIORNO 1: MARRAKESH &#8211; MONTAGNE ATLAS &#8211; AIT BENHADDOU &#8211; OUARZAZATE Il tuo trasporto organizzato vi raccoglier\u00e0 nel vostro hotel a Marrakech, la mattina presto 8:00.<span class=\"excerpt-hellip\"> [\u2026]<\/span><\/p>\n","protected":false},"author":1,"featured_media":0,"parent":0,"menu_order":0,"comment_status":"closed","ping_status":"closed","template":"","meta":{"ngg_post_thumbnail":0,"footnotes":""},"class_list":["post-533","page","type-page","status-publish","hentry"],"_links":{"self":[{"href":"http:\/\/menaramoroccotours.com\/it\/wp-json\/wp\/v2\/pages\/533","targetHints":{"allow":["GET"]}}],"collection":[{"href":"http:\/\/menaramoroccotours.com\/it\/wp-json\/wp\/v2\/pages"}],"about":[{"href":"http:\/\/menaramoroccotours.com\/it\/wp-json\/wp\/v2\/types\/page"}],"author":[{"embeddable":true,"href":"http:\/\/menaramoroccotours.com\/it\/wp-json\/wp\/v2\/users\/1"}],"replies":[{"embeddable":true,"href":"http:\/\/menaramoroccotours.com\/it\/wp-json\/wp\/v2\/comments?post=533"}],"version-history":[{"count":1,"href":"http:\/\/menaramoroccotours.com\/it\/wp-json\/wp\/v2\/pages\/533\/revisions"}],"predecessor-version":[{"id":976,"href":"http:\/\/menaramoroccotours.com\/it\/wp-json\/wp\/v2\/pages\/533\/revisions\/976"}],"wp:attachment":[{"href":"http:\/\/menaramoroccotours.com\/it\/wp-json\/wp\/v2\/media?parent=533"}],"curies":[{"name":"wp","href":"https:\/\/api.w.org\/{rel}","templated":true}]}}