{"id":531,"date":"2017-10-21T16:39:18","date_gmt":"2017-10-21T16:39:18","guid":{"rendered":"https:\/\/africadeserttravel.com\/?page_id=531"},"modified":"2020-06-23T11:07:34","modified_gmt":"2020-06-23T11:07:34","slug":"4-giorni-fes-merzouga-marrakech","status":"publish","type":"page","link":"http:\/\/menaramoroccotours.com\/it\/4-giorni-fes-merzouga-marrakech\/","title":{"rendered":"4 Giorni Fes Merzouga Marrakech"},"content":{"rendered":"<h4><span style=\"color: #ff6600;\"><strong>1\u00b0 GIORNO: Fes&nbsp;&nbsp;&nbsp;a Midelt Erfoud Merzouga&nbsp;Dunes<\/strong><\/span><\/h4>\n<p>La partenza da Riad&nbsp;\/Hotel sar\u00e0 a 8 am. Il viaggio di Erg Chebbi&nbsp;sand dunes durer\u00e0 8 ore in cui vedremo le Montagne dell\u2019Atlante e alcuni villaggi (Tafilalet, Erfoud&nbsp;e&nbsp;Rissani).&nbsp; Ci si fermer\u00e0 in alcune citt\u00e0 come a&nbsp;e&nbsp;Azrou&nbsp;per godere la vista del cedro boschi e scimmie che vi risiedono. Il pranzo sar\u00e0 servito in&nbsp;Midelt&nbsp;e poi si continua attraverso il&nbsp;Ziz&nbsp;valley con una bella vista della palme fino ad arrivare a Erg&nbsp;Chebbi&nbsp;dove faremo cammello&nbsp;vero che si deve camminare&nbsp;per raggiungere il deserto camp a trascorrere la notte in una tenda Berbera.<\/p>\n<h4><span style=\"color: #ff6600;\"><strong>Giorno 2: Erg&nbsp;Chebbi Rissani Todra&nbsp;Gorges<\/strong><\/span><\/h4>\n<p>Dopo la prima colazione, camel trek ancora una volta in hotel per una doccia. Lasciamo il deserto del Sahara si eleva di Erg&nbsp;Chebbi, a terreni accidentati della hamada&nbsp;(nero Deserto) per raggiungere il deserto del Sahara citt\u00e0 di&nbsp;Rissani. Successivamente, ci dirigiamo verso nord fino a Erfoud&nbsp;che \u00e8 noto per i fossili; qui ci si pu\u00f2 fermare a visitare un laboratorio fossili prima di procedere alla incredibile&nbsp;Todra&nbsp;valle, noto per l\u2019arrampicata su roccia, dove \u00e8 possibile camminare prima di arrivare in albergo, cena e pernottamento.<\/p>\n<h4><span style=\"color: #ff6600;\"><strong>Giorno 3:&nbsp;Todra Gorges Dades&nbsp;Valley &nbsp;Skoura Ouarzazate<\/strong><\/span><\/h4>\n<p>Prima colazione in albergo, iniziamo il nostro viaggio lungo la strada delle Mille Casbah, poich\u00e9 vi sono enormi&nbsp;kasbahs&nbsp;su entrambi i lati della strada. Alcuni dei suddetti vecchio rafforzato le case sono restaurate ma purtroppo&nbsp;un notevole misura sono&nbsp;vestigia. Si passa attraverso&nbsp;Dades&nbsp;valley e continuare sulla strada per la&nbsp;zona rocciosa,&nbsp;dove numerosi villaggi Berberi e molti nomadi vivono in caverne, qui avremo l\u2019opportunit\u00e0 di visitare uno di questa famiglia e studiare la loro vita e il loro movimento fondamentale \u201cgruppi di capre &amp; chirp\u201d.&nbsp; Ci sar\u00e0 rimasto stupito dalla scene del brillante&nbsp;rose&nbsp;valley prima di raggiungere&nbsp;Skoura&nbsp;palmeti. 45Km di distanza, possiamo raggiungere&nbsp;Ouarzazate&nbsp;per la notte in un hotel locale&nbsp;.<\/p>\n<h4><span style=\"color: #ff6600;\"><strong>Giorno 4: Ouarzazate&nbsp;Ait Benhaddou&nbsp; Alta Atlas Marrakech<\/strong><\/span><\/h4>\n<p>Dopo la prima colazione, inizieremo il nostro viaggio con la visita degli studi cinematografici in&nbsp;Ouarzazate&nbsp;, considerata Hollywood di Africa. Successivamente si visita il&nbsp;&nbsp;sito del Patrimonio all-inclusive di Ait&nbsp;Benhaddou&nbsp;Kasbah, \u00e8 stato nominato dall\u2019Unesco&nbsp;&nbsp;nel 1987.&nbsp;Ait Benhaddou&nbsp;\u00e8 il sito del Patrimonio Mondiale che \u00e8 stato utilizzato come ambientazione per pi\u00f9 di 20 film con \u201cIl Gladiatore\u201d, \u201cIndiana Jones\u201d e \u201cLawrence d\u2019Arabia\u201d.&nbsp; Revel in una passeggiata per investigare la universal stile Marocchino di costruzione modelli in cui la casbah sono costruiti. Procediamo&nbsp;&nbsp;il nostro approccio a Marrakech&nbsp;attraverso l\u2019Alto Atlante e&nbsp;Tizi n\u2019tichka ad un\u2019&nbsp;. Sosta per il pranzo al centro delle Montagne dell\u2019Atlante. Rientro al vostro&nbsp;riad&nbsp;o hotel di Marrakech&nbsp;.<\/p>\n","protected":false},"excerpt":{"rendered":"<p>1\u00b0 GIORNO: Fes&nbsp;&nbsp;&nbsp;a Midelt Erfoud Merzouga&nbsp;Dunes La partenza da Riad&nbsp;\/Hotel sar\u00e0 a 8 am. Il viaggio di Erg Chebbi&nbsp;sand dunes durer\u00e0 8 ore in cui vedremo<span class=\"excerpt-hellip\"> [\u2026]<\/span><\/p>\n","protected":false},"author":1,"featured_media":0,"parent":0,"menu_order":0,"comment_status":"closed","ping_status":"closed","template":"","meta":{"ngg_post_thumbnail":0,"footnotes":""},"class_list":["post-531","page","type-page","status-publish","hentry"],"_links":{"self":[{"href":"http:\/\/menaramoroccotours.com\/it\/wp-json\/wp\/v2\/pages\/531","targetHints":{"allow":["GET"]}}],"collection":[{"href":"http:\/\/menaramoroccotours.com\/it\/wp-json\/wp\/v2\/pages"}],"about":[{"href":"http:\/\/menaramoroccotours.com\/it\/wp-json\/wp\/v2\/types\/page"}],"author":[{"embeddable":true,"href":"http:\/\/menaramoroccotours.com\/it\/wp-json\/wp\/v2\/users\/1"}],"replies":[{"embeddable":true,"href":"http:\/\/menaramoroccotours.com\/it\/wp-json\/wp\/v2\/comments?post=531"}],"version-history":[{"count":1,"href":"http:\/\/menaramoroccotours.com\/it\/wp-json\/wp\/v2\/pages\/531\/revisions"}],"predecessor-version":[{"id":974,"href":"http:\/\/menaramoroccotours.com\/it\/wp-json\/wp\/v2\/pages\/531\/revisions\/974"}],"wp:attachment":[{"href":"http:\/\/menaramoroccotours.com\/it\/wp-json\/wp\/v2\/media?parent=531"}],"curies":[{"name":"wp","href":"https:\/\/api.w.org\/{rel}","templated":true}]}}