{"id":523,"date":"2017-10-21T16:36:28","date_gmt":"2017-10-21T16:36:28","guid":{"rendered":"https:\/\/africadeserttravel.com\/?page_id=523"},"modified":"2020-06-23T10:57:54","modified_gmt":"2020-06-23T10:57:54","slug":"3-giorni-fes-a-marrakech-deserto-merzouga","status":"publish","type":"page","link":"http:\/\/menaramoroccotours.com\/it\/3-giorni-fes-a-marrakech-deserto-merzouga\/","title":{"rendered":"3 Giorni Fes a Marrakech Deserto Merzouga"},"content":{"rendered":"<h4><span style=\"color: #ff6600;\"><strong>1\u00b0 Giorno: Fes a&nbsp;Merzouga&nbsp;via&nbsp;a Midelt&nbsp;e l\u2019atlante<\/strong><\/span><\/h4>\n<p>La partenza da Riad&nbsp;\/Hotel sar\u00e0 a 8 am. Il viaggio di Erg Chebbi&nbsp;sand dunes durer\u00e0 8 ore in cui vedremo le Montagne dell\u2019Atlante e alcuni villaggi (Tafilalet, Erfoud&nbsp;e&nbsp;Rissani).&nbsp; Ci si fermer\u00e0 in alcune citt\u00e0 come a&nbsp;e&nbsp;Azrou&nbsp;per godere la vista del cedro boschi e scimmie che vi risiedono. Il pranzo sar\u00e0 servito in&nbsp;Midelt&nbsp;e poi si continua attraverso il&nbsp;Ziz&nbsp;valley con una bella vista della palme fino ad arrivare a Erg&nbsp;Chebbi&nbsp;dove faremo cammello&nbsp;vero che si deve camminare&nbsp;per raggiungere il deserto camp a trascorrere la notte in una tenda Berbera.<\/p>\n<h4><span style=\"color: #ff6600;\"><strong>Giorno 2:&nbsp;Merzouga&nbsp;di&nbsp;Dades&nbsp;Todgha attraverso&nbsp;gole e&nbsp;Tinghir<\/strong><\/span><\/h4>\n<p>Dopo la prima colazione,&nbsp;lasciamo&nbsp;il deserto del Sahara deserto di Erg&nbsp;Chebbi, una off road il hamada&nbsp;(nero Deserto) per raggiungere il deserto del Sahara citt\u00e0 di&nbsp;Rissani. Successivamente, ci dirigiamo verso nord fino a Erfoud&nbsp;che \u00e8 noto per i ritrovamenti fossili; qui ci si pu\u00f2 fermare a visitare un laboratorio fossili prima di procedere alla incredibile&nbsp;Todra&nbsp;valle, noto per l\u2019arrampicata su roccia, dove \u00e8 possibile fare prima di arrivare a&nbsp;dades&nbsp;gorges per l\u2019Hotel, cena e pernottamento.<\/p>\n<h4><span style=\"color: #ff6600;\"><strong>Giorno 3: Marrakech, attraverso&nbsp;Ouarzazate, Ait benhaddou&nbsp;Kasbah<\/strong><\/span><\/h4>\n<p>Dopo la colazione in hotel&nbsp;, cominceremo&nbsp;il pi\u00f9 recente della nostra guida &nbsp;tramite cavo a&nbsp; mille&nbsp;kasbah&nbsp;road, rose&nbsp;valley, una visita a Skoura oisis&nbsp;con la sua credibile 17 secolo&nbsp;kasbah, una visita alla&nbsp;kasbah ait ben haddou&nbsp;(Ait Benhaddou&nbsp;\u00e8 il sito del Patrimonio Mondiale che \u00e8 stato utilizzato come ambientazione per pi\u00f9 di 20 film con \u201cIl Gladiatore\u201d, \u201cIndiana Jones\u201d e \u201cLawrence d\u2019Arabia\u201d . ), dopo il pranzo, 4 ore di guida&nbsp;&nbsp;via&nbsp;tizi ntichka&nbsp;passare con fermate lungo, arrivare a Marrakech, 6:00<\/p>\n","protected":false},"excerpt":{"rendered":"<p>1\u00b0 Giorno: Fes a&nbsp;Merzouga&nbsp;via&nbsp;a Midelt&nbsp;e l\u2019atlante La partenza da Riad&nbsp;\/Hotel sar\u00e0 a 8 am. Il viaggio di Erg Chebbi&nbsp;sand dunes durer\u00e0 8 ore in cui vedremo<span class=\"excerpt-hellip\"> [\u2026]<\/span><\/p>\n","protected":false},"author":1,"featured_media":0,"parent":0,"menu_order":0,"comment_status":"closed","ping_status":"closed","template":"","meta":{"ngg_post_thumbnail":0,"footnotes":""},"class_list":["post-523","page","type-page","status-publish","hentry"],"_links":{"self":[{"href":"http:\/\/menaramoroccotours.com\/it\/wp-json\/wp\/v2\/pages\/523","targetHints":{"allow":["GET"]}}],"collection":[{"href":"http:\/\/menaramoroccotours.com\/it\/wp-json\/wp\/v2\/pages"}],"about":[{"href":"http:\/\/menaramoroccotours.com\/it\/wp-json\/wp\/v2\/types\/page"}],"author":[{"embeddable":true,"href":"http:\/\/menaramoroccotours.com\/it\/wp-json\/wp\/v2\/users\/1"}],"replies":[{"embeddable":true,"href":"http:\/\/menaramoroccotours.com\/it\/wp-json\/wp\/v2\/comments?post=523"}],"version-history":[{"count":1,"href":"http:\/\/menaramoroccotours.com\/it\/wp-json\/wp\/v2\/pages\/523\/revisions"}],"predecessor-version":[{"id":969,"href":"http:\/\/menaramoroccotours.com\/it\/wp-json\/wp\/v2\/pages\/523\/revisions\/969"}],"wp:attachment":[{"href":"http:\/\/menaramoroccotours.com\/it\/wp-json\/wp\/v2\/media?parent=523"}],"curies":[{"name":"wp","href":"https:\/\/api.w.org\/{rel}","templated":true}]}}