{"id":521,"date":"2017-10-21T16:35:52","date_gmt":"2017-10-21T16:35:52","guid":{"rendered":"https:\/\/africadeserttravel.com\/?page_id=521"},"modified":"2020-06-23T11:03:15","modified_gmt":"2020-06-23T11:03:15","slug":"3-giorno-da-ouarzazate-merzouga","status":"publish","type":"page","link":"http:\/\/menaramoroccotours.com\/it\/3-giorno-da-ouarzazate-merzouga\/","title":{"rendered":"3 Giorno da Ouarzazate Merzouga"},"content":{"rendered":"<h4><strong><span style=\"color: #ff6600;\">1\u00b0 Giorno: Ouarzazate&nbsp;&nbsp;\u2013&nbsp;Merzouga<\/span><\/strong><\/h4>\n<p>Dopo la prima colazione presso il vostro alloggio in&nbsp;Ouarzazate, si prosegue per la Valle del Draa&nbsp;dove scorre il fiume&nbsp;Draa, una delle pi\u00f9 lunghe del Marocco. Faremo un ampio si ferma per ammirare il panorama e scattare delle foto del paesaggio naturale, l\u2019incantevole casbah&nbsp;e i numerosi villaggi Berberi di adobe, che sono disseminate lungo il nostro percorso.<\/p>\n<p>Poco dopo una pausa caff\u00e8 in&nbsp;Alnif, sar\u00e0 possibile giungere a imponenti dune di sabbia di Merzouga&nbsp;dove prendere il t\u00e8 con la popolazione locale durante il riposo dopo il viaggio.<\/p>\n<p>Una breve passeggiata sulle dune ci mette in una posizione ideale per osservare il maestoso tramonto del sole prima di tornare al vostro hotel.<\/p>\n<h4><strong><span style=\"color: #ff6600;\">Giorno 2: 4\u00d74 Tour, Camel trek e pernottamento a&nbsp;Jaimas<\/span><\/strong><\/h4>\n<p>Dopo una rilassante prima colazione faremo il giro dell\u2019oasi che si estende intorno al dune di Erg&nbsp;Chebbi. Questa comprende una visita al villaggio di Khamlia, che \u00e8 popolata principalmente da persone, i cui antenati sono stati portati dal nord Africa Subsahariana&nbsp;come schiavi.<\/p>\n<p>La nostra prossima tappa sar\u00e0 la citt\u00e0 nel deserto di M\u2019&nbsp;fis e&nbsp;poi venire attraverso piccoli villaggi e abitazioni isolate lontano dalla civilt\u00e0,&nbsp;prima di incontrare qualche ospitale popolo nomade con i quali dobbiamo bere il tradizionale t\u00e8, con o senza menta, seduti sotto la loro jaimas&nbsp;(tradizionale tende berbere).<\/p>\n<p>Nel tardo pomeriggio avrete la possibilit\u00e0 di trekking a dorso di cammello in mezzo al mare di sabbia, di guardare l indimenticabile tramonto del sole prima di trascorrere una magica serata di cena e ospitalit\u00e0 Berbera sotto un baldacchino di stelle. Passerete la notte in&nbsp;jaimas.<\/p>\n<h4><strong><span style=\"color: #ff6600;\">Giorno 3:&nbsp;Merzouga&nbsp;\u2013&nbsp;Ouarzazate<\/span><\/strong><\/h4>\n<p>Dopo la salita molto presto per essere sul cammelli in tempo per guardare l\u2019alba, ci ritorno in hotel per la colazione e doccia.<\/p>\n<p>Ci sar\u00e0 la prossima visita&nbsp;Rissani, precedentemente noto come Sijilmassa e che fu un principio fermo sul caravan percorsi dal Sahara al nord. Questo \u00e8 il punto in cui Berberi mantenere il loro tradizionale mercato 3 volte alla settimana, vendono di tutto, dai capi di bestiame.<\/p>\n<p>Continuando attraverso semi-deserto siamo arrivati all\u2019oasi di&nbsp;Tinghir, probabilmente uno dei luoghi pi\u00f9 belli di tutto il Marocco. Seguendo il fiume Todgha&nbsp;a monte, si arriva al suggestivo&nbsp;Todra&nbsp;Gorge, che si trova a soli 10m di larghezza, ma le pareti della gola sono fino a 160 m di altezza.<\/p>\n<p>Dopo una breve sosta nella citt\u00e0 di riprendere il nostro percorso lungo la strada del 1000 Kasbahs, fino ad arrivare a&nbsp;Dades&nbsp;Gorge. Ci sono alcune meravigliose formazioni rocciose causate da fenomeni di erosione, rendendo la sua posizione ideale per alcune foto fantastiche.<\/p>\n<p>Infine, possiamo tornare a Ouarzazate&nbsp;, una delle pi\u00f9 importanti citt\u00e0 del sud del Marocco, \u00e8 anche famosa come luogo per le riprese di molti film noti a livello internazionale, come Il Gladiatore, Troy e La mummia, solo per citarne alcuni.<\/p>\n","protected":false},"excerpt":{"rendered":"<p>1\u00b0 Giorno: Ouarzazate&nbsp;&nbsp;\u2013&nbsp;Merzouga Dopo la prima colazione presso il vostro alloggio in&nbsp;Ouarzazate, si prosegue per la Valle del Draa&nbsp;dove scorre il fiume&nbsp;Draa, una delle pi\u00f9 lunghe<span class=\"excerpt-hellip\"> [\u2026]<\/span><\/p>\n","protected":false},"author":1,"featured_media":0,"parent":0,"menu_order":0,"comment_status":"closed","ping_status":"closed","template":"","meta":{"ngg_post_thumbnail":0,"footnotes":""},"class_list":["post-521","page","type-page","status-publish","hentry"],"_links":{"self":[{"href":"http:\/\/menaramoroccotours.com\/it\/wp-json\/wp\/v2\/pages\/521","targetHints":{"allow":["GET"]}}],"collection":[{"href":"http:\/\/menaramoroccotours.com\/it\/wp-json\/wp\/v2\/pages"}],"about":[{"href":"http:\/\/menaramoroccotours.com\/it\/wp-json\/wp\/v2\/types\/page"}],"author":[{"embeddable":true,"href":"http:\/\/menaramoroccotours.com\/it\/wp-json\/wp\/v2\/users\/1"}],"replies":[{"embeddable":true,"href":"http:\/\/menaramoroccotours.com\/it\/wp-json\/wp\/v2\/comments?post=521"}],"version-history":[{"count":1,"href":"http:\/\/menaramoroccotours.com\/it\/wp-json\/wp\/v2\/pages\/521\/revisions"}],"predecessor-version":[{"id":970,"href":"http:\/\/menaramoroccotours.com\/it\/wp-json\/wp\/v2\/pages\/521\/revisions\/970"}],"wp:attachment":[{"href":"http:\/\/menaramoroccotours.com\/it\/wp-json\/wp\/v2\/media?parent=521"}],"curies":[{"name":"wp","href":"https:\/\/api.w.org\/{rel}","templated":true}]}}