{"id":519,"date":"2017-10-21T16:35:17","date_gmt":"2017-10-21T16:35:17","guid":{"rendered":"https:\/\/africadeserttravel.com\/?page_id=519"},"modified":"2020-06-23T10:55:12","modified_gmt":"2020-06-23T10:55:12","slug":"10-giorni-di-deserto-tour-da-tangieri","status":"publish","type":"page","link":"http:\/\/menaramoroccotours.com\/it\/10-giorni-di-deserto-tour-da-tangieri\/","title":{"rendered":"10 Giorni di Deserto Tour da Tangieri"},"content":{"rendered":"<h4><span style=\"color: #ff6600;\"><strong>GIORNO 1: TANGER &#8211; CHEFCHAOUEN<\/strong><\/span><\/h4>\n<p>Durante il primo giorno del vostro viaggio vi incontreremo nel porto e percorreremo le montagne rif e la citt\u00e0 di Tetoun per godere delle viste delle splendide montagne fino a raggiungere chefchaouan uno dei villaggi mozzafiato ai piedi delle montagne rif chefchaouen medina aveva una piazza in stile spagnolo circondata da numerosi negozi d&#8217;arte e artigianato, ristoranti e caffetterie sul tetto dove trascorrerete la notte in un bel posto per godervi la brezza e la bellezza della natura.<\/p>\n<h4><strong><span style=\"color: #ff6600;\">GIORNO 2: CHEFCHAOUEN<\/span><\/strong><\/h4>\n<p>Le blue-streets-of-chefchaouen godono di una vista panoramica su Chefchaouen mentre gustate la colazione con frutta fresca, marmellate e succhi di frutta naturali dalla terrazza dell&#8217;hotel. Dopo la colazione esplorare e visitare Chefchaouen, la citt\u00e0 lavata blu (vecchia medina) a piedi con la guida che condivider\u00e0 le storie della storia di Chefchaouen.<\/p>\n<p>Inizia il tuo tour con il museo kasbah nella medina. Il kasbah di Chefchaouen appartiene agli inizi del 18 \u00b0 secolo ed \u00e8 stato costruito dal leggendario governatore Moulay Ismail. \u00c8 abbastanza semplice senza sorprese architettoniche, tuttavia \u00e8 circondato da giardini interni ed esterni. All&#8217;interno della Kasbah \u00e8 possibile visitare il museo etnografico contenente armi antiche, strumenti musicali e fotografie del centro storico. Dopo aver esplorato la medina, pranzate in uno dei ristoranti locali. Nel pomeriggio torniamo al Riad.<\/p>\n<h4><strong><span style=\"color: #ff6600;\">GIORNO 3: CHEFCHAOUEN &#8211; MIDELT<\/span><\/strong><\/h4>\n<p>Sulla strada per Midelt ritorneremo in tempo al 3 \u00b0 secolo visitando il pi\u00f9 importante sito archeologico del Marocco Volubilis, che presenta le migliori rovine romane conservate in questa parte dell&#8217;Africa settentrionale. Quindi non \u00e8 un caso che queste rovine romane nel 1997 siano state elencate come patrimonio mondiale dell&#8217;UNESCO. Qui \u00e8 previsto un giro guidato di 45 minuti.<\/p>\n<p>Da volubilis andiamo verso Meknes che prende il nome da una trib\u00f9 berbera che era conosciuta come Miknasa nelle fonti medievali del Nord Africa. Meknes era la capitale del Marocco sotto il regno di Moulay Ismail (1672-1727). Ha costruito nei granai ingegnosamente progettati, architettura veramente affascinante di finestre minuscole, muri massicci dove ha usato per memorizzare grano e fieno per nutrire i suoi 15.000 cavalli non cibo per gli esseri umani. Continuiamo verso Midelt via Azrou e l&#8217;atlante medio, Night at Midelt.<\/p>\n<h4><strong><span style=\"color: #ff6600;\">GIORNO 4: FEZ &#8211; MIDELT &#8211; MERZOUGA<\/span><\/strong><\/h4>\n<p>Da Midelt ci dirigiamo verso le magnifiche gole di Ziz scolpite attraverso rocce vulcaniche, vedrete viste sull&#8217;altopiano medio-atlare, notando come il paesaggio cambia per rivelare le note del deserto mentre si avvicina alla citt\u00e0 Errachidia. Dopo pranzo, continueremo il nostro viaggio attraverso la valle Ziz Erfoud, Rissani e Merzouga. Dopo un bicchiere di t\u00e8 alla menta, lasciamo i nostri bagagli in una stanza, poi prendiamo i cammelli in un campo berbero in mezzo a Erg Chebbi Sad Dunes. 20 km di lunghezza e 5 km di larghezza \u00e8 anche considerato come le dune di sabbia pi\u00f9 alte in Nord Africa. \u00c8 un ambiente unico e diversificato. Il trekking di cammello dura circa 1 ora e 30 min dall&#8217;hotel al campo dove continuiamo lo spirito dello stile di vita berbale nomade. Qui ci prepariamo tende berbere con ristorante e cucina aggiuntiva con le dune che offrono naturalmente strutture di base. Le tende sono ben attrezzate e forniamo materassi, coperte e cuscini. Dopo cena ci raccogliamo intorno al fuoco e godetevi la notte del deserto forse con i tamburi berbero tradizionali.<\/p>\n<h4><strong><span style=\"color: #ff6600;\">5 \u00b0 GIORNO: MERZOUGA<\/span><\/strong><\/h4>\n<p>Vi aspetta una giornata piena nel deserto del Sahara! Sarai in un altro villaggio berbero berbero del Sahara e ascoltate la musica di Gnaoua in un villaggio africano. Continuate a vedere i nomadi del deserto sotto le loro tende. La sera sarai di nuovo al tuo hotel.<\/p>\n<h4><strong><span style=\"color: #ff6600;\">6 \u00b0 GIORNO: MERZOUGA &#8211; TODRA GORGES &#8211; DADES GORGES<\/span><\/strong><\/h4>\n<p>Dopo la colazione, mentre si inizia a viaggiare a Erfoud, si esegue dietro le montagne dell&#8217;Atlantico Alto sulla rotta per la gola di Todra, passando per persone nomade lungo la strada. Prenderai una passeggiata nelle imponenti Gole di Todra (alta 985 piedi). Le valli pittoresche del fiume fanno per un bel viaggio verso il sud-est del Marocco. Poi proseguire il viaggio verso un&#8217;altra imponente gola Dades passando da strane creazioni rock di Tamnalt Hills.<\/p>\n<h4><span style=\"color: #ff6600;\"><strong>GIORNO 7: DADES GORGE &#8211; OUARZAZATE &#8211; MARRAKECH<\/strong><\/span><\/h4>\n<p>Dopo la prima colazione, cominci il tuo viaggio di giorno verso Ouarzazate attraverso i monti High Atlas. Prendete la strada circa 25 km sulla vostra 4 \u00d7 4, scoprirete la vita dei nomadi in grotte prima di arrivare al centro delle rose marocchine e dei prodotti di rosa. Continuate il vostro viaggio attraverso la strada di una mille Kasbahs. Si passa per l&#8217;oasi di palme Skoura poco prima di arrivare a Ouarzazate. Qui, visiterete il patrimonio mondiale dell&#8217;UNESCO, Kasbah Ait Benhaddou. Nella tipica moda marocchina, i veri tesori devono essere scoperti e scoperti &#8230; solitamente fuori dal sentiero battuto. In realt\u00e0, questa impostazione \u00e8 stata utilizzata per pi\u00f9 film di qualsiasi altra posizione in Marocco, tra cui Lawrence of Arabia, Jesus of Nazareth, e recentemente The Gladiator. Nel pomeriggio, sarete lasciati fuori al vostro riad \/ hotel.<\/p>\n<h4><strong><span style=\"color: #ff6600;\">GIORNO 8: MARRAKECH<\/span><\/strong><\/h4>\n<p>Dopo la colazione nel riad, si pu\u00f2 iniziare a esplorare Marrakech &#8216;la citt\u00e0 rossa del Marocco&#8217;. Cercheremo di vedere i siti pi\u00f9 importanti di interesse storico e culturale, tra cui i giardini Majorelle, la torre Koutoubia, le tombe saadi, la Bahia Palacel. Dopo pranzo in un ristorante vicino alla piazza, passerai attraverso i souk e vedrai centinaia di artigianato. Nel pomeriggio, ti ritroveremo al tuo Riad.<\/p>\n<h4><strong><span style=\"color: #ff6600;\">GIORNO 9: MARRAKECH<\/span><\/strong><\/h4>\n<p>In questo giorno avrai tempo libero per meravigliarsi da soli le altre parti della citt\u00e0.<\/p>\n<h4><strong><span style=\"color: #ff6600;\">GIORNO 10: MARRAKECH ALL&#8217;AEROPORTO:<\/span><\/strong><\/h4>\n<p>Ti butti all&#8217;aeroporto. Fine dei nostri servizi.<\/p>\n<p>Cosa \u00e8 incluso:<\/p>\n<p>\u25ba Raccolta e goccia dell&#8217;albergo<br \/>\n\u25ba Trasporti con veicolo con aria condizionata. carburante e pedaggi<br \/>\n\u25ba Commissioni d&#8217;ingresso<br \/>\n\u25ba Servizi di un pilota qualificato inglese<br \/>\n\u25ba 4 notti Alloggio in hotel consigliati \/ Kasbahs \/ Riads<br \/>\n\u25ba Colazione e cena ogni giorno<\/p>\n<p>Che cosa non \u00e8 incluso:<\/p>\n<p>\u25ba Pranzo e bevande<br \/>\n\u25ba Consigli e mance<br \/>\n\u25ba Punto d&#8217;incontro<br \/>\n\u25ba Pick-up dal vostro hotel o riad<\/p>\n","protected":false},"excerpt":{"rendered":"<p>GIORNO 1: TANGER &#8211; CHEFCHAOUEN Durante il primo giorno del vostro viaggio vi incontreremo nel porto e percorreremo le montagne rif e la citt\u00e0 di Tetoun<span class=\"excerpt-hellip\"> [\u2026]<\/span><\/p>\n","protected":false},"author":1,"featured_media":0,"parent":0,"menu_order":0,"comment_status":"closed","ping_status":"closed","template":"","meta":{"ngg_post_thumbnail":0,"footnotes":""},"class_list":["post-519","page","type-page","status-publish","hentry"],"_links":{"self":[{"href":"http:\/\/menaramoroccotours.com\/it\/wp-json\/wp\/v2\/pages\/519","targetHints":{"allow":["GET"]}}],"collection":[{"href":"http:\/\/menaramoroccotours.com\/it\/wp-json\/wp\/v2\/pages"}],"about":[{"href":"http:\/\/menaramoroccotours.com\/it\/wp-json\/wp\/v2\/types\/page"}],"author":[{"embeddable":true,"href":"http:\/\/menaramoroccotours.com\/it\/wp-json\/wp\/v2\/users\/1"}],"replies":[{"embeddable":true,"href":"http:\/\/menaramoroccotours.com\/it\/wp-json\/wp\/v2\/comments?post=519"}],"version-history":[{"count":1,"href":"http:\/\/menaramoroccotours.com\/it\/wp-json\/wp\/v2\/pages\/519\/revisions"}],"predecessor-version":[{"id":963,"href":"http:\/\/menaramoroccotours.com\/it\/wp-json\/wp\/v2\/pages\/519\/revisions\/963"}],"wp:attachment":[{"href":"http:\/\/menaramoroccotours.com\/it\/wp-json\/wp\/v2\/media?parent=519"}],"curies":[{"name":"wp","href":"https:\/\/api.w.org\/{rel}","templated":true}]}}