{"id":426,"date":"2017-10-16T15:51:24","date_gmt":"2017-10-16T15:51:24","guid":{"rendered":"https:\/\/africadeserttravel.com\/?page_id=426"},"modified":"2020-06-23T11:33:58","modified_gmt":"2020-06-23T11:33:58","slug":"escursioni-su-cammelli","status":"publish","type":"page","link":"http:\/\/menaramoroccotours.com\/it\/escursioni-su-cammelli\/","title":{"rendered":"Escursioni Su Cammelli"},"content":{"rendered":"<h4 style=\"text-align: center;\"><span style=\"color: #ff6600;\"><strong>1 notte nel deserto da cammello<\/strong><\/span><\/h4>\n<p>Questo viaggio inizia la sera, organizziamo il cammello per la notte nel deserto, un&#8217;ora da cammello per ottenere il comodo campo in mezzo al deserto, i cammelli saranno ricchi di cibi, coperte e tutto il resto che avrete bisogno, il trekking partir\u00e0 direttamente nel deserto in 15: 30min, trascorreremo la notte nel campo tra le dune di sabbia del deserto erg chebbi,<br \/>\nQuesta \u00e8 una grande opportunit\u00e0 per fare delle belle foto del tramonto e dell&#8217;alba, quando arriviamo all&#8217;accampamento camminiamo alle alte dune di erg chebbi per vedere il tramonto, sar\u00e0 una notte magica quando il cielo \u00e8 privo di copertina e stelle brillare e brillare con intensit\u00e0, nella notte ci sar\u00e0 una meravigliosa cena Con il silenzio del deserto, passeremo la notte in tende nomade, la mattina si cammina fino alle dune per guardare l&#8217;alba, dopo che si torna a le tende per mangiare la prima colazione, pi\u00f9 tardi andremo a guidare i cammelli verso l&#8217;hotel per fare doccia e rilassarsi!<\/p>\n<p><strong>include<\/strong><\/p>\n<ul>\n<li>Una camera in hotel &#8211; Parcheggio per auto (se ne avete<\/li>\n<li>Tende Nomad (campo desertico)<\/li>\n<li>Cena e pausa<\/li>\n<li>Cammello ciascuno<\/li>\n<li>Acqua in bottiglia<\/li>\n<\/ul>\n<h4 style=\"text-align: center;\"><span style=\"color: #ff6600;\"><strong>1 notte e mezza dal cammello<\/strong><\/span><\/h4>\n<p>Si inizia alle 10:00 la mattina dopo un&#8217;ora e mezza da cammello, si visita un villaggio molto antico dietro le dune di Erg Chebbi dove una famiglia vive da solo.\u00c8 possibile vedere come gli abitanti originali del deserto vivono, nella tradizionale tende. Possiamo visitare le abitazioni berbere, vedere come vivono, guardare loro preparare pane fatto in casa e couscous o Tajine, Eath insieme a loro e bere t\u00e8 berbero. Poi andiamo in campo in mezzo alle dune di sabbia per guardare tramonto e cena gustosa, Dopo aver dormito o potete camminare nelle dune alla luce delle stelle se siete interessati alle stelle, mattina dopo l&#8217;alba. Avrete la colazione nello stesso posto, poi torniamo in hotel per una doccia e rilassarsi!<\/p>\n<p><strong>include<\/strong><\/p>\n<ul>\n<li>Una stanza in hotel. -Parcare per la tua auto (se avete)<\/li>\n<li>Tenda Nomade (campo desertico)<\/li>\n<li>Pranzo, cena, colazione<\/li>\n<li>Camel each \/ Guida<\/li>\n<li>Acqua, t\u00e8<\/li>\n<\/ul>\n<h4 style=\"text-align: center;\"><span style=\"color: #ff6600;\"><strong>2 Notti in deserto da cammello<\/strong><\/span><\/h4>\n<p>I cammelli saranno ricchi di cibi, coperte e tutto il necessario per noi. Il trekking partir\u00e0 nel deserto in 15: 30min, trascorreremo la notte in un campo di oasi di berber tra dune di sabbia dorate,<br \/>\nSar\u00e0 una grande opportunit\u00e0 per fare delle belle foto del tramonto e dell&#8217;alba, dopo due ore e mezza di cavalcando i cammelli, arriviamo al campo dell&#8217;oasi che passiamo alle alte dune di erg chebbi per vedere il tramonto. Sar\u00e0 un notte magica quando il cielo \u00e8 fuori dalla copertura e le stelle scintillano e brillano con intensit\u00e0. Durante la prima notte, ci sar\u00e0 una meravigliosa cena Con il silenzio del deserto, passeremo la notte in tende di oasi,<br \/>\n, Il giorno successivo La mattina dopo il breakfest nell&#8217;oasi andremo a camminare per camminare e pranzare con i popoli nomadi, dopo il relax e il pranzo con i popoli nomadi,, torneremo al cammino di cammino verso la cima delle dune per fare uno sci sund dopo che possiamo vedere l&#8217;alba e tornare alle tende per avere un t\u00e8, la cena, il sonno, il giorno successivo in mattinata dopo la prima colazione faremo il giro del cammello verso l&#8217;hotel per fare doccia e rilassarsi!<\/p>\n<p><strong>include<\/strong><\/p>\n<ul>\n<li>Una stanza in hotel. &#8211; Parcheggio per auto (se avete)<\/li>\n<li>Una notte nel campo dell&#8217;oasi \/ 1 notti nel campo deserto.<\/li>\n<li>Due cene + due pranzi + due panini<\/li>\n<li>Cammello ciascuno \/ guida<\/li>\n<li>L&#8217;acqua<\/li>\n<\/ul>\n<h4 style=\"text-align: center;\"><strong><span style=\"color: #ff6600;\">2 notti e giorno pieno da cammello<\/span><\/strong><\/h4>\n<p>Questo viaggio inizia a sera, un&#8217;ora da cammello per far entrare il campo in mezzo al deserto, I cammelli saranno ricchi di cibi, coperte e tutto il resto che avrete bisogno. Il trekking comincia direttamente nel deserto in 15: 30min. trascorrer\u00e0 la notte nel campo del deserto.<\/p>\n<p>Questa \u00e8 una grande opportunit\u00e0 per fare delle belle foto del tramonto e dell&#8217;alba, quando arriviamo all&#8217;oasi che passiamo alle alte dune di erg chebbi per vedere il tramonto. Sar\u00e0 una notte magica quando il cielo \u00e8 privo di copertina e stelle brillare e brillare con intensit\u00e0, nella notte ci sar\u00e0 una meravigliosa cena Con il silenzio del deserto, passeremo la notte in tende nomade, la mattina si cammina fino alle dune per guardare l&#8217;alba, dopo che si torna a le tende per mangiare la prima colazione, pi\u00f9 tardi andremo a camminare verso il deserto nero per visitare una famiglia nomade e pranzare con la pizza berber con loro, dopo il pranzo e prendere alcune immagini e ascoltare la vita narrativa nomade, seguiremo il fiume dove \u00e8 stato il modo di raduno paris dakar, dopo due ore siamo arrivati \u200b\u200bin un altro campo di vita nomade, per aver trascorso la notte l\u00ec, dopo cena sotto le stelle e il silenzio dormirete sonno nomadi, la mattina successiva prenderai una bella immagini e poi la rottura dopo, attraverseremo le dune di Erg Chebbi, poi guarderai la tua auto tra le dune di sabbia solo tu e il cielo con dune arancione. Dopo due ore di passeggiate sui cammelli arriviamo e una sosta per il pranzo di salsa di berber all&#8217;ombra di alberi di sahara, Dopo un po &#8216;di relax ritorneremo alla guest house sempre attraversando le dune di erg chebbi, in un&#8217;ora e mezza saremo in hotel nel pomeriggio per fare la doccia e rilassarsi!<\/p>\n<p><strong>include<\/strong><\/p>\n<ul>\n<li>Una stanza in hotel. &#8211; Parcheggio per auto (se avete.<\/li>\n<li>Tende Nomad + oasi desertiche.<\/li>\n<li>2 cene + 2 panini + 3 pranzi.<\/li>\n<li>Cammello ciascuno (Cammello per due notti e intera giornata.<\/li>\n<li>Acqua in bottiglia di due notti e giornata intera.<\/li>\n<\/ul>\n<h4 style=\"text-align: center;\"><strong><span style=\"color: #ff6600;\">3 notti e giornata intera: dai cammelli e trekking a piedi. Erg chebbi, Erg znigue.<\/span><\/strong><\/h4>\n<p>Tre notti diverse dagli altri, Un deserto diverso da Erg Chebbi chiamato Erg Znaigue!<\/p>\n<p>1 notte e piena giornata nel vecchio villaggio dietro il deserto di erg chebbi, misto con montagne del deserto 2 notti e 3 giorni nel deserto di erg znigue dal cammello, li Esplora in una visita al deserto marocchino.<\/p>\n<p><strong>Giorno 1: vecchio villaggio pi\u00f9 il deserto di Erg chebbi.<\/strong><\/p>\n<p>Dopo la colazione inizieremo il viaggio in 09:00 direttamente nel deserto da cammelli, per esplorare per cavalcare un cammello in dune di sabbia, un&#8217;ora e mezza per ottenere il vecchio villaggio dietro il deserto erg chebbi, avremo un pranzo con beduin persona in casa sua, tende e vecchie case, \u00e8 un grande momento per vivere una vita deserta quando vivrai in un mondo magico a Youssef, il pranzo sar\u00e0 con la pizza berber e avrai l&#8217;opportunit\u00e0 di vedere come il vero abitante di il deserto ha preparato il pane, il luogo \u00e8 un tesoro di vecchio patrimonio berbero! Dopo pranzo e relax, andremo a fare trekking, per visitare le montagne del deserto e i soldati marocchini che era per i soldati francesi nel tempo della guerra, potete fare una foto storica da quel luogo, poi torneremo a Youssef notte, il tramonto sar\u00e0 in viaggio, la cena sar\u00e0 con l&#8217;insalata del deserto insieme al cielo pieno di stelle,<br \/>\nDopo cena vi racconteremo una storia di deserto, anche da youssef il proprietario del patrimonio, e alcuni enigmi del deserto che sar\u00e0 divertente \ud83d\ude42 ti dormirai in tenda privata come popoli nomadi nella loro vecchia vita.<\/p>\n<p><strong>2 \u00b0 giorno: vecchio villaggio pi\u00f9 deserto nero pi\u00f9 erg merkigue.<\/strong><\/p>\n<p>Si sveglier\u00e0 per guardare l&#8217;alba in montagna con il confine algerino, In un posto si pu\u00f2 prendere le immagini dalla porta della tua tenda, Quando sarete pronti dopo la prima colazione possiamo cavalcare i cammelli o camminare, Diritto a Erg merkigue via deserto nero per tre ore, il nostro giorno sar\u00e0 mescolato tra dune di sabbia e montagne e pietre desertiche, il pranzo sar\u00e0 un&#8217;insalata berber sotto l&#8217;ombra degli alberi, ci si pu\u00f2 rilassare per un&#8217;ora per ascoltare la deserta selince, Befor il tramonto noi proseguir\u00e0 verso Erg merkigue, si cammina fino alle dune di sabbia per guardare il sole che scende, si dorme in tende dotate di un piccolo ristorante in cui avrai le vostre cene, oppure mangiate con stelle fuori dall&#8217;edificio, puoi anche prendere una doccia nello stesso posto fuori le tende per pochi metri.<\/p>\n<p><strong>3 \u00b0 GIORNO: Visita di Erg mandala da cammelli e trekking a piedi.<\/strong><\/p>\n<p>Dopo la prima colazione faremo un cammello per un bel giro in erg designo designo, il suo deserto pulito e silenzioso il nostro giorno sar\u00e0 tra le dune di sabbia e le montagne, guarderemo la vita nomade nel nostro modo per il pranzo, il nostro pranzo sar\u00e0 sotto l&#8217;ombra degli alberi con insalata rurale, dopo un bel relax ci cammineremo o ride i cammelli tornare a bivouac erg znigue per passare la notte, si cammina fino alle dune per guardare il tramonto, si torna a te trovare il t\u00e8 che ti aspetta sotto milioni di stelle fuori dalle tende, la cena e il sonno per la mattina successiva,<br \/>\nDopo la colazione saremo in cammino o cammini, saremo liberi di andare a camminare o camminare, dopo due ore saremo arrivati \u200b\u200balle persone nere del villaggio di Khamlia per ascoltare la musica africana, ballare e mangiare a pranzo villaggio africano,<\/p>\n<p>Nel pomeriggio cammineremo a piedi o cavalcare i cammelli all&#8217;hotel, alla fine!<\/p>\n<p><strong>Include:<\/strong><\/p>\n<ul>\n<li>Una stanza in hotel.<\/li>\n<li>Parcheggio per la tua auto (se avete)<\/li>\n<li>Pranzi.<\/li>\n<li>Camel Each \/ Guida.<\/li>\n<li>Acqua, t\u00e8.<\/li>\n<\/ul>\n<h4 style=\"text-align: center;\"><span style=\"color: #ff6600;\"><strong>Pieno giorno nel deserto da cammello<\/strong><\/span><\/h4>\n<p>Il viaggio comincer\u00e0 alle dune alle 10:00, si percorrer\u00e0 il cammello per un&#8217;ora e mezza esplora il deserto di erg chebbi, poi si arriva in un vecchio villaggio behand merzouga desert, dove due famiglie vive l\u00ec, per il pranzo di pizza berber con t\u00e8, Dopo il relax si godr\u00e0 il vostro tempo in quel piccolo paradiso del deserto, i cammelli saranno pronti a tornare in hotel, il tramonto nelle dune vicino al nostro villaggio,<\/p>\n<p><strong>include<\/strong><\/p>\n<ul>\n<li>Una stanza in albergo. -Parcare per la tua auto (se avete)<\/li>\n<li>Pranzo, Pizza di Berber<\/li>\n<li>Camel each \/ Guida,<\/li>\n<li>Acqua, t\u00e8<\/li>\n<\/ul>\n<h4 style=\"text-align: center;\"><span style=\"color: #ff6600;\"><strong>Sunrise Or Sunsite di Camel<\/strong><\/span><\/h4>\n<p>Passeggiate nel deserto da cammello circa 1 ora per godere l&#8217;incredibile alba o tramonto.<\/p>\n<p><strong>include<\/strong><\/p>\n<ul>\n<li>Parcheggio per la tua auto (se avete)<\/li>\n<li>Doccia + sala + t\u00e8 + acqua<\/li>\n<li>Camel each + Guide<\/li>\n<\/ul>\n","protected":false},"excerpt":{"rendered":"<p>1 notte nel deserto da cammello Questo viaggio inizia la sera, organizziamo il cammello per la notte nel deserto, un&#8217;ora da cammello per ottenere il comodo<span class=\"excerpt-hellip\"> [\u2026]<\/span><\/p>\n","protected":false},"author":1,"featured_media":0,"parent":0,"menu_order":0,"comment_status":"closed","ping_status":"closed","template":"","meta":{"ngg_post_thumbnail":0,"footnotes":""},"class_list":["post-426","page","type-page","status-publish","hentry"],"_links":{"self":[{"href":"http:\/\/menaramoroccotours.com\/it\/wp-json\/wp\/v2\/pages\/426","targetHints":{"allow":["GET"]}}],"collection":[{"href":"http:\/\/menaramoroccotours.com\/it\/wp-json\/wp\/v2\/pages"}],"about":[{"href":"http:\/\/menaramoroccotours.com\/it\/wp-json\/wp\/v2\/types\/page"}],"author":[{"embeddable":true,"href":"http:\/\/menaramoroccotours.com\/it\/wp-json\/wp\/v2\/users\/1"}],"replies":[{"embeddable":true,"href":"http:\/\/menaramoroccotours.com\/it\/wp-json\/wp\/v2\/comments?post=426"}],"version-history":[{"count":1,"href":"http:\/\/menaramoroccotours.com\/it\/wp-json\/wp\/v2\/pages\/426\/revisions"}],"predecessor-version":[{"id":989,"href":"http:\/\/menaramoroccotours.com\/it\/wp-json\/wp\/v2\/pages\/426\/revisions\/989"}],"wp:attachment":[{"href":"http:\/\/menaramoroccotours.com\/it\/wp-json\/wp\/v2\/media?parent=426"}],"curies":[{"name":"wp","href":"https:\/\/api.w.org\/{rel}","templated":true}]}}