{"id":376,"date":"2017-10-16T15:29:22","date_gmt":"2017-10-16T15:29:22","guid":{"rendered":"https:\/\/africadeserttravel.com\/?page_id=376"},"modified":"2020-06-23T11:33:54","modified_gmt":"2020-06-23T11:33:54","slug":"sul-marocco","status":"publish","type":"page","link":"http:\/\/menaramoroccotours.com\/it\/sul-marocco\/","title":{"rendered":"Sul Marocco"},"content":{"rendered":"<p><strong>El Maroco<\/strong>, ufisialmente Regno del Maroco (en arabo \u0627\u0644\u0645\u063a\u0631\u0628, Al-Mamlaka al-Maghribiyya) el xe on Stato del Nordafrica.<br \/>\nEl confina co i Stati de l\u2019Algeria a est e de \u0142a Mauritania a sud [2]; el confina a anca co \u0142e sit\u00e0 autonome de Ceuta e Melilla[3] e \u0142a plaza de soberan\u00eda de el Pe\u00f1\u00f3n de V\u00e9lez de la Gomera [4][5] tute soto sovranit\u00e0 spagnola[6]. El xe bagn\u00e1 da l\u2019Oceano Atlantico a nordovest e dal Mar Mediteraneo a nord.<\/p>\n","protected":false},"excerpt":{"rendered":"<p>El Maroco, ufisialmente Regno del Maroco (en arabo \u0627\u0644\u0645\u063a\u0631\u0628, Al-Mamlaka al-Maghribiyya) el xe on Stato del Nordafrica. El confina co i Stati de l\u2019Algeria a est<span class=\"excerpt-hellip\"> [\u2026]<\/span><\/p>\n","protected":false},"author":1,"featured_media":0,"parent":0,"menu_order":0,"comment_status":"closed","ping_status":"closed","template":"","meta":{"ngg_post_thumbnail":0,"footnotes":""},"class_list":["post-376","page","type-page","status-publish","hentry"],"_links":{"self":[{"href":"http:\/\/menaramoroccotours.com\/it\/wp-json\/wp\/v2\/pages\/376","targetHints":{"allow":["GET"]}}],"collection":[{"href":"http:\/\/menaramoroccotours.com\/it\/wp-json\/wp\/v2\/pages"}],"about":[{"href":"http:\/\/menaramoroccotours.com\/it\/wp-json\/wp\/v2\/types\/page"}],"author":[{"embeddable":true,"href":"http:\/\/menaramoroccotours.com\/it\/wp-json\/wp\/v2\/users\/1"}],"replies":[{"embeddable":true,"href":"http:\/\/menaramoroccotours.com\/it\/wp-json\/wp\/v2\/comments?post=376"}],"version-history":[{"count":1,"href":"http:\/\/menaramoroccotours.com\/it\/wp-json\/wp\/v2\/pages\/376\/revisions"}],"predecessor-version":[{"id":987,"href":"http:\/\/menaramoroccotours.com\/it\/wp-json\/wp\/v2\/pages\/376\/revisions\/987"}],"wp:attachment":[{"href":"http:\/\/menaramoroccotours.com\/it\/wp-json\/wp\/v2\/media?parent=376"}],"curies":[{"name":"wp","href":"https:\/\/api.w.org\/{rel}","templated":true}]}}