{"id":1078,"date":"2020-06-26T18:36:50","date_gmt":"2020-06-26T18:36:50","guid":{"rendered":"http:\/\/menaramoroccotours.com\/?page_id=1078\/"},"modified":"2020-06-27T09:39:15","modified_gmt":"2020-06-27T09:39:15","slug":"quad-palmeraie-marrakech","status":"publish","type":"page","link":"http:\/\/menaramoroccotours.com\/it\/quad-palmeraie-marrakech\/","title":{"rendered":"Quad Palmeraie Marrakech"},"content":{"rendered":"<p><img loading=\"lazy\" decoding=\"async\" class=\"size-medium wp-image-1064 aligncenter\" src=\"http:\/\/menaramoroccotours.com\/wp-content\/uploads\/2020\/06\/quad-palmeraie-300x225.jpg\" alt=\"\" width=\"300\" height=\"225\" srcset=\"http:\/\/menaramoroccotours.com\/wp-content\/uploads\/2020\/06\/quad-palmeraie-300x225.jpg 300w, http:\/\/menaramoroccotours.com\/wp-content\/uploads\/2020\/06\/quad-palmeraie-195x146.jpg 195w, http:\/\/menaramoroccotours.com\/wp-content\/uploads\/2020\/06\/quad-palmeraie-50x37.jpg 50w, http:\/\/menaramoroccotours.com\/wp-content\/uploads\/2020\/06\/quad-palmeraie-100x75.jpg 100w, http:\/\/menaramoroccotours.com\/wp-content\/uploads\/2020\/06\/quad-palmeraie.jpg 550w\" sizes=\"auto, (max-width: 300px) 100vw, 300px\" \/>E&#8217; una buona giornata per andare in bicicletta a Quad palmerai Marrakech.<\/p>\n<p>Se cercate una buona posizione di qaud nella Citt\u00e0 Rossa, noi vi daremo quella perfetta.<\/p>\n<p>Con la nostra guida potete pianificare il miglior viaggio dalla vostra posizione al vecchio mondo di Marrakech. Il mondo delle fiabe e delle leggende di Marrakech. \u00c8 una delle modalit\u00e0 pi\u00f9 belle per fare un viaggio tra i palmeti e la vita &#8220;berbera&#8221; di Amazern.<\/p>\n<p>Per la vostra prima visita alla palmeraie, venite in una delle pi\u00f9 importanti oasi storiche della citt\u00e0, Traversare i palmeti e i paesaggi desertici, da Quad palmeraie Marrakech, \u00e8 un&#8217;attivit\u00e0 emozionante per le famiglie.<\/p>\n<p>Cos\u00ec che oggi \u00e8 un&#8217;attivit\u00e0 turistica popolare, \u00e8 disponibile durante le 4 stagioni dell&#8217;anno, 7\/7 giorni su 7.<\/p>\n","protected":false},"excerpt":{"rendered":"<p>E&#8217; una buona giornata per andare in bicicletta a Quad palmerai Marrakech. Se cercate una buona posizione di qaud nella Citt\u00e0 Rossa, noi vi daremo quella<span class=\"excerpt-hellip\"> [\u2026]<\/span><\/p>\n","protected":false},"author":1,"featured_media":0,"parent":0,"menu_order":0,"comment_status":"closed","ping_status":"closed","template":"","meta":{"ngg_post_thumbnail":0,"footnotes":""},"class_list":["post-1078","page","type-page","status-publish","hentry"],"_links":{"self":[{"href":"http:\/\/menaramoroccotours.com\/it\/wp-json\/wp\/v2\/pages\/1078","targetHints":{"allow":["GET"]}}],"collection":[{"href":"http:\/\/menaramoroccotours.com\/it\/wp-json\/wp\/v2\/pages"}],"about":[{"href":"http:\/\/menaramoroccotours.com\/it\/wp-json\/wp\/v2\/types\/page"}],"author":[{"embeddable":true,"href":"http:\/\/menaramoroccotours.com\/it\/wp-json\/wp\/v2\/users\/1"}],"replies":[{"embeddable":true,"href":"http:\/\/menaramoroccotours.com\/it\/wp-json\/wp\/v2\/comments?post=1078"}],"version-history":[{"count":2,"href":"http:\/\/menaramoroccotours.com\/it\/wp-json\/wp\/v2\/pages\/1078\/revisions"}],"predecessor-version":[{"id":1136,"href":"http:\/\/menaramoroccotours.com\/it\/wp-json\/wp\/v2\/pages\/1078\/revisions\/1136"}],"wp:attachment":[{"href":"http:\/\/menaramoroccotours.com\/it\/wp-json\/wp\/v2\/media?parent=1078"}],"curies":[{"name":"wp","href":"https:\/\/api.w.org\/{rel}","templated":true}]}}