{"id":1066,"date":"2020-06-26T18:32:08","date_gmt":"2020-06-26T18:32:08","guid":{"rendered":"http:\/\/menaramoroccotours.com\/?page_id=1066\/"},"modified":"2020-06-27T09:39:25","modified_gmt":"2020-06-27T09:39:25","slug":"agafay-deserto-cammello","status":"publish","type":"page","link":"http:\/\/menaramoroccotours.com\/it\/agafay-deserto-cammello\/","title":{"rendered":"Agafay Deserto Cammello"},"content":{"rendered":"<p><img loading=\"lazy\" decoding=\"async\" class=\"size-medium wp-image-1062 aligncenter\" src=\"http:\/\/menaramoroccotours.com\/wp-content\/uploads\/2020\/06\/AgafayDesertMorocco-300x200.jpg\" alt=\"\" width=\"300\" height=\"200\" srcset=\"http:\/\/menaramoroccotours.com\/wp-content\/uploads\/2020\/06\/AgafayDesertMorocco-300x200.jpg 300w, http:\/\/menaramoroccotours.com\/wp-content\/uploads\/2020\/06\/AgafayDesertMorocco-768x512.jpg 768w, http:\/\/menaramoroccotours.com\/wp-content\/uploads\/2020\/06\/AgafayDesertMorocco-219x146.jpg 219w, http:\/\/menaramoroccotours.com\/wp-content\/uploads\/2020\/06\/AgafayDesertMorocco-50x33.jpg 50w, http:\/\/menaramoroccotours.com\/wp-content\/uploads\/2020\/06\/AgafayDesertMorocco-112x75.jpg 112w, http:\/\/menaramoroccotours.com\/wp-content\/uploads\/2020\/06\/AgafayDesertMorocco.jpg 1000w\" sizes=\"auto, (max-width: 300px) 100vw, 300px\" \/>Il tour del deserto Agafay Marrakech a dorso di cammello e la cena inizier\u00e0 direttamente dal vostro alloggio a Marrakech alle 16:00. Il nostro autista verr\u00e0 a prendervi dal vostro hotel a Marrakech e vi porter\u00e0 in macchina in circa 40 minuti nel deserto Agafay vicino a Marrakech. Raggiungerete il campo intorno alle 16:40 e sarete accolti da un t\u00e8 alla menta marocchina, rilassandovi e godendovi il giro fino a quando i cammelli saranno pronti intorno alle 17:30, poi cavalcherete i vostri cammelli e farete un tour di cammello trekking al tramonto per vedere il tramonto che sar\u00e0 in una delle colline nel deserto di Agafay.<\/p>\n<p>Dopo aver goduto della vista del tramonto e delle montagne dell&#8217;Atlante, cavalcherete i cammelli tornando al campo dove avrete e vi godrete la vostra cena nelle tende dei nomadi in mezzo al deserto dell&#8217;Agafay con stelle piene e silenzio.<\/p>\n","protected":false},"excerpt":{"rendered":"<p>Il tour del deserto Agafay Marrakech a dorso di cammello e la cena inizier\u00e0 direttamente dal vostro alloggio a Marrakech alle 16:00. Il nostro autista verr\u00e0<span class=\"excerpt-hellip\"> [\u2026]<\/span><\/p>\n","protected":false},"author":1,"featured_media":0,"parent":0,"menu_order":0,"comment_status":"closed","ping_status":"closed","template":"","meta":{"ngg_post_thumbnail":0,"footnotes":""},"class_list":["post-1066","page","type-page","status-publish","hentry"],"_links":{"self":[{"href":"http:\/\/menaramoroccotours.com\/it\/wp-json\/wp\/v2\/pages\/1066","targetHints":{"allow":["GET"]}}],"collection":[{"href":"http:\/\/menaramoroccotours.com\/it\/wp-json\/wp\/v2\/pages"}],"about":[{"href":"http:\/\/menaramoroccotours.com\/it\/wp-json\/wp\/v2\/types\/page"}],"author":[{"embeddable":true,"href":"http:\/\/menaramoroccotours.com\/it\/wp-json\/wp\/v2\/users\/1"}],"replies":[{"embeddable":true,"href":"http:\/\/menaramoroccotours.com\/it\/wp-json\/wp\/v2\/comments?post=1066"}],"version-history":[{"count":2,"href":"http:\/\/menaramoroccotours.com\/it\/wp-json\/wp\/v2\/pages\/1066\/revisions"}],"predecessor-version":[{"id":1138,"href":"http:\/\/menaramoroccotours.com\/it\/wp-json\/wp\/v2\/pages\/1066\/revisions\/1138"}],"wp:attachment":[{"href":"http:\/\/menaramoroccotours.com\/it\/wp-json\/wp\/v2\/media?parent=1066"}],"curies":[{"name":"wp","href":"https:\/\/api.w.org\/{rel}","templated":true}]}}